{"id":3599,"date":"2022-12-08T03:04:32","date_gmt":"2022-12-08T06:04:32","guid":{"rendered":"https:\/\/barzo.com.br\/shop\/?post_type=product&#038;p=3599"},"modified":"2022-12-08T03:04:32","modified_gmt":"2022-12-08T06:04:32","slug":"escova-secadora-mondial-es-28-1300w-3-velocidades","status":"publish","type":"product","link":"https:\/\/barzo.com.br\/shop\/produto\/escova-secadora-mondial-es-28-1300w-3-velocidades\/","title":{"rendered":"Escova Secadora Mondial ES-28 1300W 3 Velocidades"},"content":{"rendered":"<div class=\"product\">\n<div class=\"ptabs\">\n<div class=\"product-factsheet \" data-factsheet-id=\"228891300\">\n<div class=\"tab-content\">\n<div id=\"tab-descricao228891300\" class=\"tab-pane active\">\n<table class=\"tab descricao\">\n<tbody>\n<tr class=\"attribute level1\">\n<td>Nada como lavar os cabelos e ter a praticidade da Escova Secadora da Mondial com tecnologia Tourmaline \u00edon, com cerdas mistas, design oval, cabo girat\u00f3rio e seletor de temperatura. Tenha cabelos sempre alinhados e bem escovados, modelados e com mais brilho.<\/p>\n<p>A Tecnologia Tourmaline \u00cdon, libera \u00edons que selam as cut\u00edculas dos fios, garantindo mais brilho e menos frizz e seus 1300W de potencia garantem uma secagem r\u00e1pida e eficiente. O b\u00f4nus dessa escova \u00e9 que ela tem a fun\u00e7\u00e3o 3 em 1: permite que voc\u00ea alise, escove e modele o seu cabelo ao mesmo tempo. Design oval com ponta fria para ajudar na hora de escovar e o cabo girat\u00f3rio de 360} garante maior praticidade e autonomia de movimentos durante o uso.<\/p>\n<p>Escova Secadora Titanium Pro Mondial ES-28 bivolt possui tamb\u00e9m seletor de temperatura com 3 op\u00e7\u00f5es para voc\u00ea programar da melhor forma para o seu cabelo! Facilite seu dia e tenha cabelo de sal\u00e3o de beleza com a sua nova escova secadora na cor azul da Mondial.<\/td>\n<\/tr>\n<\/tbody>\n<\/table>\n<\/div>\n<\/div>\n<\/div>\n<\/div>\n<\/div>\n<div class=\"row-header\"><\/div>\n<div><\/div>\n<div>Ficha T\u00e9cnica:<\/div>\n<div>\n<div class=\"product\">\n<div class=\"ptabs\">\n<div class=\"product-factsheet \" data-factsheet-id=\"228891300\">\n<div class=\"tab-content\">\n<div id=\"tab-ficha-tecnica228891300\" class=\"tab-pane active\">\n<table class=\"tab ficha-tecnica\">\n<tbody>\n<tr class=\"attribute level1 odd\">\n<td class=\"name\">Marca<\/td>\n<td class=\"element\">Mondial<\/td>\n<\/tr>\n<tr class=\"attribute level1 even\">\n<td class=\"name\">Refer\u00eancia<\/td>\n<td class=\"element\">270647<\/td>\n<\/tr>\n<tr class=\"attribute level1 odd\">\n<td class=\"name\">Modelo<\/td>\n<td class=\"element\">ES-28<\/td>\n<\/tr>\n<tr class=\"attribute level1 even\">\n<td class=\"name\">Uso<\/td>\n<td class=\"element\">Dom\u00e9stico<\/td>\n<\/tr>\n<tr class=\"attribute level1 odd\">\n<td class=\"name\">Velocidades<\/td>\n<td class=\"element\">3 Velocidades<\/td>\n<\/tr>\n<tr class=\"attribute level1 even\">\n<td class=\"name\">N\u00edveis de temperatura<\/td>\n<td class=\"element\">3 N\u00edveis<\/td>\n<\/tr>\n<tr class=\"attribute level1 odd\">\n<td class=\"name\">Pot\u00eancia<\/td>\n<td class=\"element\">1300W<\/td>\n<\/tr>\n<tr class=\"attribute level1 even\">\n<td class=\"name\">Fun\u00e7\u00f5es<\/td>\n<td class=\"element\">Seca, alisa e modela<\/td>\n<\/tr>\n<tr class=\"attribute level1 odd\">\n<td class=\"name\">Caracter\u00edsticas<\/td>\n<td class=\"element\">Girat\u00f3rio 360\u00b0<\/td>\n<\/tr>\n<tr class=\"attribute level1 even\">\n<td class=\"name\">Utiliza\u00e7\u00e3o<\/td>\n<td class=\"element\">3 EM 1: Com o poder do secador \u00famido \u00e0 praticidade da escova<\/td>\n<\/tr>\n<tr class=\"attribute level1 odd\">\n<td class=\"name\">Cerdas<\/td>\n<td class=\"element\">Mistas<\/td>\n<\/tr>\n<tr class=\"attribute level1 even\">\n<td class=\"name\">Voltagem<\/td>\n<td class=\"element\">Bivolt<\/td>\n<\/tr>\n<tr class=\"attribute level1 odd\">\n<td class=\"name\">Consumo aproximado de energia<\/td>\n<td class=\"element\">1,3Kw\/h<\/td>\n<\/tr>\n<tr class=\"attribute level1 even\">\n<td class=\"name\">Cor<\/td>\n<td class=\"element\">Azul<\/td>\n<\/tr>\n<tr class=\"attribute level1 odd\">\n<td class=\"name\">Certifica\u00e7\u00f5es<\/td>\n<td class=\"element\">BRA21\/00503<\/td>\n<\/tr>\n<tr class=\"attribute level1 even\">\n<td class=\"name\">Peso do produto<\/td>\n<td class=\"element\">0,5g<\/td>\n<\/tr>\n<tr class=\"attribute level1 odd\">\n<td class=\"name\">Dimens\u00f5es do produto &#8211; Largura<\/td>\n<td class=\"element\">10,7cm<\/td>\n<\/tr>\n<tr class=\"attribute level1 even\">\n<td class=\"name\">Dimens\u00f5es do produto &#8211; Altura<\/td>\n<td class=\"element\">37,5cm<\/td>\n<\/tr>\n<tr class=\"attribute level1 odd\">\n<td class=\"name\">Dimens\u00f5es do produto &#8211; Profundidade<\/td>\n<td class=\"element\">8,5cm<\/td>\n<\/tr>\n<tr class=\"attribute level1 even\">\n<td class=\"name\">Prazo de garantia<\/td>\n<td class=\"element\">12 Meses<\/td>\n<\/tr>\n<tr class=\"attribute level1 odd\">\n<td class=\"name\">SAC do fornecedor<\/td>\n<td class=\"element\">sac@emondial.com<\/td>\n<\/tr>\n<tr class=\"attribute level1 even\">\n<td class=\"name\">Conte\u00fado da embalagem<\/td>\n<td class=\"element\">1 Escova Secadora<\/td>\n<\/tr>\n<\/tbody>\n<\/table>\n<\/div>\n<\/div>\n<\/div>\n<\/div>\n<\/div>\n<div class=\"row recomm-white-box recomm-cross\">\n<div class=\"row-fluid recomm-content\">\n<div class=\"row-header\"><\/div>\n<\/div>\n<\/div>\n<\/div>\n","protected":false},"excerpt":{"rendered":"<p>Nada como lavar os cabelos e ter a praticidade da Escova Secadora da Mondial com tecnologia Tourmaline \u00edon, com cerdas mistas, design oval, cabo girat\u00f3rio e seletor de temperatura. Tenha cabelos sempre alinhados e bem escovados, modelados e com mais brilho.<\/p>\n","protected":false},"featured_media":3600,"comment_status":"open","ping_status":"closed","template":"","meta":[],"product_brand":[],"product_cat":[605,16,433,606,420],"product_tag":[],"class_list":{"0":"post-3599","1":"product","2":"type-product","3":"status-publish","4":"has-post-thumbnail","6":"product_cat-lojas","7":"product_cat-beleza-bem-estar-e-saude","8":"product_cat-escovas-e-modeladores","9":"product_cat-magalu","10":"product_cat-salao-de-beleza-e-estetica","12":"first","13":"instock","14":"shipping-taxable","15":"product-type-external"},"_links":{"self":[{"href":"https:\/\/barzo.com.br\/shop\/wp-json\/wp\/v2\/product\/3599","targetHints":{"allow":["GET"]}}],"collection":[{"href":"https:\/\/barzo.com.br\/shop\/wp-json\/wp\/v2\/product"}],"about":[{"href":"https:\/\/barzo.com.br\/shop\/wp-json\/wp\/v2\/types\/product"}],"replies":[{"embeddable":true,"href":"https:\/\/barzo.com.br\/shop\/wp-json\/wp\/v2\/comments?post=3599"}],"wp:featuredmedia":[{"embeddable":true,"href":"https:\/\/barzo.com.br\/shop\/wp-json\/wp\/v2\/media\/3600"}],"wp:attachment":[{"href":"https:\/\/barzo.com.br\/shop\/wp-json\/wp\/v2\/media?parent=3599"}],"wp:term":[{"taxonomy":"product_brand","embeddable":true,"href":"https:\/\/barzo.com.br\/shop\/wp-json\/wp\/v2\/product_brand?post=3599"},{"taxonomy":"product_cat","embeddable":true,"href":"https:\/\/barzo.com.br\/shop\/wp-json\/wp\/v2\/product_cat?post=3599"},{"taxonomy":"product_tag","embeddable":true,"href":"https:\/\/barzo.com.br\/shop\/wp-json\/wp\/v2\/product_tag?post=3599"}],"curies":[{"name":"wp","href":"https:\/\/api.w.org\/{rel}","templated":true}]}}