{"id":3597,"date":"2022-12-08T03:00:24","date_gmt":"2022-12-08T06:00:24","guid":{"rendered":"https:\/\/barzo.com.br\/shop\/?post_type=product&#038;p=3597"},"modified":"2022-12-08T03:00:24","modified_gmt":"2022-12-08T06:00:24","slug":"copo-termico-stanley-para-cerveja-matte-black-473ml","status":"publish","type":"product","link":"https:\/\/barzo.com.br\/shop\/produto\/copo-termico-stanley-para-cerveja-matte-black-473ml\/","title":{"rendered":"Copo T\u00e9rmico Stanley para Cerveja &#8211; Matte Black 473ml"},"content":{"rendered":"<div class=\"product\">\n<div class=\"ptabs\">\n<div class=\"product-factsheet \" data-factsheet-id=\"230993600\">\n<div class=\"tab-content\">\n<div id=\"tab-descricao230993600\" class=\"tab-pane active\">\n<table class=\"tab descricao\">\n<tbody>\n<tr class=\"attribute level1\">\n<td>Passar agrad\u00e1veis momentos de descontra\u00e7\u00e3o na companhia dos amigos ou familiares \u00e9 sempre muito bom n\u00e3o \u00e9 mesmo? E para divers\u00e3o ser completa, contar com um copo t\u00e9rmico capaz de manter sua bebida gelada por muito tempo faz toda a diferen\u00e7a! Por isso vale a pena conferir o Copo T\u00e9rmico para Cerveja da Stanley. Feito em a\u00e7o inox, esse copo possui uma parede dupla de isolamento \u00e0 v\u00e1cuo que faz com que ele n\u00e3o transpire, permitindo uma maior conserva\u00e7\u00e3o t\u00e9rmica de sua bebida. Em uma charmosa cor preto matte, permitir\u00e1 que voc\u00ea saboreie sua cerveja gelada at\u00e9 o \u00faltimo gole.<\/td>\n<\/tr>\n<\/tbody>\n<\/table>\n<\/div>\n<\/div>\n<\/div>\n<\/div>\n<\/div>\n<div class=\"row-header\"><\/div>\n<div>Ficha T\u00e9cnica:<\/div>\n<div>\n<div class=\"product\">\n<div class=\"ptabs\">\n<div class=\"product-factsheet \" data-factsheet-id=\"230993600\">\n<div class=\"tab-content\">\n<div id=\"tab-ficha-tecnica230993600\" class=\"tab-pane active\">\n<table class=\"tab ficha-tecnica\">\n<tbody>\n<tr class=\"attribute level1 odd\">\n<td class=\"name\">Marca<\/td>\n<td class=\"element\">Stanley<\/td>\n<\/tr>\n<tr class=\"attribute level1 even\">\n<td class=\"name\">Refer\u00eancia<\/td>\n<td class=\"element\">8029<\/td>\n<\/tr>\n<tr class=\"attribute level1 odd\">\n<td class=\"name\">Modelo<\/td>\n<td class=\"element\">8029<\/td>\n<\/tr>\n<tr class=\"attribute level1 even\">\n<td class=\"name\">Linha<\/td>\n<td class=\"element\">8029<\/td>\n<\/tr>\n<tr class=\"attribute level1 odd\">\n<td class=\"name\">Material<\/td>\n<td class=\"element\">A\u00e7o inox<\/td>\n<\/tr>\n<tr class=\"attribute level1 even\">\n<td class=\"name\">Tipo de bebida<\/td>\n<td class=\"element\">Cerveja<\/td>\n<\/tr>\n<tr class=\"attribute level1 odd\">\n<td class=\"name\">Capacidade<\/td>\n<td class=\"element\">473ml<\/td>\n<\/tr>\n<tr class=\"attribute level1 even\">\n<td class=\"name\">Quantidade de pe\u00e7as<\/td>\n<td class=\"element\">1<\/td>\n<\/tr>\n<tr class=\"attribute level1 odd\">\n<td class=\"name\">Cor<\/td>\n<td class=\"element\">Preto Matte<\/td>\n<\/tr>\n<tr class=\"attribute level1 even\">\n<td class=\"name\">Tipo<\/td>\n<td class=\"element\">T\u00e9rmico<\/td>\n<\/tr>\n<tr class=\"attribute level1 odd\">\n<td class=\"name\">Caracter\u00edsticas<\/td>\n<td class=\"element\">Conserva\u00e7\u00e3o t\u00e9rmica de at\u00e9 4 horas<\/td>\n<\/tr>\n<tr class=\"attribute level1 even\">\n<td class=\"name\">Pode ir &#8211; \u00c0 lava-lou\u00e7as<\/td>\n<td class=\"element\">Sim<\/td>\n<\/tr>\n<tr class=\"attribute level1 odd\">\n<td class=\"name\">Classifica\u00e7\u00e3o<\/td>\n<td class=\"element\">Adulto<\/td>\n<\/tr>\n<tr class=\"attribute level1 even\">\n<td class=\"name\">Instru\u00e7\u00f5es de lavagem<\/td>\n<td class=\"element\">Utilizar \u00e1gua, detergente neutro e esponja suave<\/td>\n<\/tr>\n<tr class=\"attribute level1 odd\">\n<td class=\"name\">Dimens\u00f5es do produto &#8211; (D)<\/td>\n<td class=\"element\">8,5cm<\/td>\n<\/tr>\n<tr class=\"attribute level1 even\">\n<td class=\"name\">Dimens\u00f5es do produto &#8211; Altura<\/td>\n<td class=\"element\">17,2cm<\/td>\n<\/tr>\n<tr class=\"attribute level1 odd\">\n<td class=\"name\">Peso do produto<\/td>\n<td class=\"element\">220g<\/td>\n<\/tr>\n<tr class=\"attribute level1 even\">\n<td class=\"name\">Prazo de garantia<\/td>\n<td class=\"element\">Vital\u00edcia (3 meses de garantia legal e o restante de garantia especial concedida pelo fabricante contra defeitos de fabrica\u00e7\u00e3o)<\/td>\n<\/tr>\n<tr class=\"attribute level1 odd\">\n<td class=\"name\">Conte\u00fado da embalagem<\/td>\n<td class=\"element\">1 Copo<\/td>\n<\/tr>\n<\/tbody>\n<\/table>\n<\/div>\n<\/div>\n<\/div>\n<\/div>\n<\/div>\n<div class=\"row recomm-white-box recomm-cross\">\n<div class=\"row-fluid recomm-content\">\n<div class=\"row-header\"><\/div>\n<\/div>\n<\/div>\n<\/div>\n","protected":false},"excerpt":{"rendered":"<p>Passar agrad\u00e1veis momentos de descontra\u00e7\u00e3o na companhia dos amigos ou familiares \u00e9 sempre muito bom n\u00e3o \u00e9 mesmo? E para divers\u00e3o ser completa, contar com um copo t\u00e9rmico capaz de manter sua bebida gelada por muito tempo faz toda a diferen\u00e7a! Por isso vale a pena conferir o Copo T\u00e9rmico para Cerveja da Stanley.<\/p>\n","protected":false},"featured_media":3598,"comment_status":"open","ping_status":"closed","template":"","meta":[],"product_brand":[],"product_cat":[605,139,23,113,606,147,127],"product_tag":[],"class_list":{"0":"post-3597","1":"product","2":"type-product","3":"status-publish","4":"has-post-thumbnail","6":"product_cat-lojas","7":"product_cat-copos-tacas-e-canecas","8":"product_cat-esporte-e-lazer","9":"product_cat-garrafas-e-squeezes","10":"product_cat-magalu","11":"product_cat-utensilios-e-acessorios-domesticos","12":"product_cat-utilidades-domesticas","14":"first","15":"instock","16":"shipping-taxable","17":"product-type-external"},"_links":{"self":[{"href":"https:\/\/barzo.com.br\/shop\/wp-json\/wp\/v2\/product\/3597","targetHints":{"allow":["GET"]}}],"collection":[{"href":"https:\/\/barzo.com.br\/shop\/wp-json\/wp\/v2\/product"}],"about":[{"href":"https:\/\/barzo.com.br\/shop\/wp-json\/wp\/v2\/types\/product"}],"replies":[{"embeddable":true,"href":"https:\/\/barzo.com.br\/shop\/wp-json\/wp\/v2\/comments?post=3597"}],"wp:featuredmedia":[{"embeddable":true,"href":"https:\/\/barzo.com.br\/shop\/wp-json\/wp\/v2\/media\/3598"}],"wp:attachment":[{"href":"https:\/\/barzo.com.br\/shop\/wp-json\/wp\/v2\/media?parent=3597"}],"wp:term":[{"taxonomy":"product_brand","embeddable":true,"href":"https:\/\/barzo.com.br\/shop\/wp-json\/wp\/v2\/product_brand?post=3597"},{"taxonomy":"product_cat","embeddable":true,"href":"https:\/\/barzo.com.br\/shop\/wp-json\/wp\/v2\/product_cat?post=3597"},{"taxonomy":"product_tag","embeddable":true,"href":"https:\/\/barzo.com.br\/shop\/wp-json\/wp\/v2\/product_tag?post=3597"}],"curies":[{"name":"wp","href":"https:\/\/api.w.org\/{rel}","templated":true}]}}