{"id":3595,"date":"2022-12-08T02:53:48","date_gmt":"2022-12-08T05:53:48","guid":{"rendered":"https:\/\/barzo.com.br\/shop\/?post_type=product&#038;p=3595"},"modified":"2022-12-08T02:53:48","modified_gmt":"2022-12-08T05:53:48","slug":"sabao-liquido-ariel-suave-e-gentil-2l","status":"publish","type":"product","link":"https:\/\/barzo.com.br\/shop\/produto\/sabao-liquido-ariel-suave-e-gentil-2l\/","title":{"rendered":"Sab\u00e3o L\u00edquido Ariel Suave e Gentil 2L"},"content":{"rendered":"<div class=\"product\">\n<div class=\"ptabs\">\n<div class=\"product-factsheet \" data-factsheet-id=\"225520500\">\n<div class=\"tab-content\">\n<div id=\"tab-descricao225520500\" class=\"tab-pane active\">\n<table class=\"tab descricao\">\n<tbody>\n<tr class=\"attribute level1\">\n<td>O sab\u00e3o l\u00edquido Ariel Suave e Gentil \u00e9 hipoalerg\u00eanico, e por isso \u00e9 ideal para lavar roupas de beb\u00ea ou adicionar um cuidado extra caso algu\u00e9m da fam\u00edlia tenha pele delicada. Este \u00e9 um sab\u00e3o l\u00edquido que ajuda na remo\u00e7\u00e3o de manchas e n\u00e3o deixa res\u00edduos vis\u00edveis nos tecidos e nem na m\u00e1quina de lavar.<\/p>\n<p>\u00c9 recomendado por Pampers para o cuidado com as roupas dos beb\u00eas. Ariel Hipoalerg\u00eanico Suave e Gentil possui f\u00f3rmula sem corantes.<\/p>\n<p>Para utilizar o Ariel Suave e Gentil \u00e9 f\u00e1cil*: basta medir 80mL do produto, aplicar uma camada sobre as manchas, se for necess\u00e1rio, e despejar o restante no dispenser ou diretamente na m\u00e1quina.<\/p>\n<p>O Sab\u00e3o L\u00edquido Ariel Suave e Gentil \u00e9 hipoalerg\u00eanico e n\u00e3o possui corantes; Seguro para roupas de beb\u00eas e de pessoas com pele delicada;<\/p>\n<p>O Sab\u00e3o L\u00edquido Ariel Suave e Gentil de 2L rende at\u00e9 25 lavagens*;<\/p>\n<p>O Lava Roupas Ariel L\u00edquido Suave e Gentil n\u00e3o deixa res\u00edduos v\u00edsiveis na m\u00e1quina de lavar e nos tecidos; Ariel L\u00edquido ajuda a prevenir sinais de desgastes; Se combinado com Downy, marca N\u00ba1 de amaciantes do Brasil**, as roupas ficam leves e confort\u00e1veis.<\/p>\n<p>*Baseado em instru\u00e7\u00f5es de uso do fabricante<\/p>\n<p>**Baseado em dados Nielsen Brasil, para o ano de 2021<\/td>\n<\/tr>\n<\/tbody>\n<\/table>\n<\/div>\n<\/div>\n<\/div>\n<\/div>\n<\/div>\n<div class=\"row-header\"><\/div>\n<div>Ficha T\u00e9cnica:<\/div>\n<div>\n<div class=\"product\">\n<div class=\"ptabs\">\n<div class=\"product-factsheet \" data-factsheet-id=\"225520500\">\n<div class=\"tab-content\">\n<div id=\"tab-ficha-tecnica225520500\" class=\"tab-pane active\">\n<table class=\"tab ficha-tecnica\">\n<tbody>\n<tr class=\"attribute level1 odd\">\n<td class=\"name\">Marca<\/td>\n<td class=\"element\">Ariel<\/td>\n<\/tr>\n<tr class=\"attribute level1 even\">\n<td class=\"name\">Refer\u00eancia<\/td>\n<td class=\"element\">7500435156646<\/td>\n<\/tr>\n<tr class=\"attribute level1 odd\">\n<td class=\"name\">Modelo<\/td>\n<td class=\"element\">Suave e Gentil<\/td>\n<\/tr>\n<tr class=\"attribute level1 even\">\n<td class=\"name\">Linha<\/td>\n<td class=\"element\">Hipoalerg\u00eanico<\/td>\n<\/tr>\n<tr class=\"attribute level1 odd\">\n<td class=\"name\">Tipo de Produto<\/td>\n<td class=\"element\">Sab\u00e3o<\/td>\n<\/tr>\n<tr class=\"attribute level1 even\">\n<td class=\"name\">Uso<\/td>\n<td class=\"element\">Dom\u00e9stico<\/td>\n<\/tr>\n<tr class=\"attribute level1 odd\">\n<td class=\"name\">Indicado para<\/td>\n<td class=\"element\">Roupas<\/td>\n<\/tr>\n<tr class=\"attribute level1 even\">\n<td class=\"name\">Tipo<\/td>\n<td class=\"element\">L\u00edquido<\/td>\n<\/tr>\n<tr class=\"attribute level1 odd\">\n<td class=\"name\">Caracter\u00edsticas<\/td>\n<td class=\"element\">Concentrado<\/td>\n<\/tr>\n<tr class=\"attribute level1 even\">\n<td class=\"name\">Fragr\u00e2ncia<\/td>\n<td class=\"element\">Suave<\/td>\n<\/tr>\n<tr class=\"attribute level1 odd\">\n<td class=\"name\">Volume<\/td>\n<td class=\"element\">2L<\/td>\n<\/tr>\n<tr class=\"attribute level1 even\">\n<td class=\"name\">Quantidade<\/td>\n<td class=\"element\">1<\/td>\n<\/tr>\n<tr class=\"attribute level1 odd\">\n<td class=\"name\">Rendimento<\/td>\n<td class=\"element\">1 copo at\u00e9 m\u00e1quina de 8kg<br \/>\n3\/4 do copo para m\u00e1quinas de 9+kg<\/td>\n<\/tr>\n<tr class=\"attribute level1 even\">\n<td class=\"name\">Benef\u00edcios<\/td>\n<td class=\"element\">Ultra remo\u00e7\u00e3o de manchas sem agredir a pele<br \/>\nHipoalerg\u00eanico<br \/>\nBrancos e cores impec\u00e1veis<br \/>\nAjuda a prevenir sinais de desgaste<br \/>\nN\u00e3o deixa res\u00edduos vis\u00edveis nos tecidos<br \/>\nTestado dermatologicamente<\/td>\n<\/tr>\n<tr class=\"attribute level1 odd\">\n<td class=\"name\">Recomenda\u00e7\u00f5es de Uso<\/td>\n<td class=\"element\">Dosifique, meio copo para m\u00e1quinas de 4-8 kg; ou 3\/4 de copo para m\u00e1quinas de 9 kg ou mais, para melhores resultados adicione mais 1\/4 de copo, lave, adicione a quantidade restante na m\u00e1quina de lavar, no dispenser da m\u00e1quina ou balde e lave, pr\u00e9-trate, em caso de manchas aplique um pouco do lava roupas diretamente sobre as mesmas e deixe agir por at\u00e9 5 minutos.<\/td>\n<\/tr>\n<tr class=\"attribute level1 even\">\n<td class=\"name\">Contraindica\u00e7\u00f5es<\/td>\n<td class=\"element\">Conserve fora do alcance das crian\u00e7as, leia atentamente o r\u00f3tulo antes de usar o produto, mantenha fora do alcance de crian\u00e7as, n\u00e3o reutilize a embalagem, mantenha o produto em local fresco e seco, evite inala\u00e7\u00e3o ou aspira\u00e7\u00e3o e contato com os olhos, em caso de contato com os olhos, lave imediatamente com \u00e1gua em abund\u00e2ncia, n\u00e3o ingerir, em caso de ingest\u00e3o, n\u00e3o provoque v\u00f4mito e consulte imediatamente o centro de intoxica\u00e7\u00f5es ou o m\u00e9dico levando o r\u00f3tulo do produto, evite o contato prolongado com a pele, depois de utilizar este produto, lave e seque as m\u00e3os, n\u00e3o desperdice, o amaciante l\u00edquido pode aumentar a inflamabilidade de tecidos, usar mais do que o recomendado pode agravar este efeito, n\u00e3o use este produto em: roupas de crian\u00e7as para dormir ou roupas rotuladas como resistentes ao fogo, pois pode reduzir sua resist\u00eancia; roupas feitas com tecidos mais macios como l\u00e3, veludo, pel\u00facia e atoalhados.<\/td>\n<\/tr>\n<tr class=\"attribute level1 odd\">\n<td class=\"name\">Registro Anvisa N\u00famero<\/td>\n<td class=\"element\">25351.052322\/2020-37<\/td>\n<\/tr>\n<tr class=\"attribute level1 even\">\n<td class=\"name\">Peso do Produto com Embalagem<\/td>\n<td class=\"element\">2,4kg<\/td>\n<\/tr>\n<tr class=\"attribute level1 odd\">\n<td class=\"name\">Dimens\u00f5es do produto com embalagem &#8211; Largura<\/td>\n<td class=\"element\">16cm<\/td>\n<\/tr>\n<tr class=\"attribute level1 even\">\n<td class=\"name\">Dimens\u00f5es do produto com embalagem &#8211; Altura<\/td>\n<td class=\"element\">34cm<\/td>\n<\/tr>\n<tr class=\"attribute level1 odd\">\n<td class=\"name\">Dimens\u00f5es do produto com embalagem &#8211; Profundidade<\/td>\n<td class=\"element\">9cm<\/td>\n<\/tr>\n<tr class=\"attribute level1 even\">\n<td class=\"name\">Prazo de Garantia<\/td>\n<td class=\"element\">30 dias<\/td>\n<\/tr>\n<tr class=\"attribute level1 odd\">\n<td class=\"name\">Conte\u00fado da Embalagem<\/td>\n<td class=\"element\">&#8211; Sab\u00e3o L\u00edquido<\/td>\n<\/tr>\n<\/tbody>\n<\/table>\n<\/div>\n<\/div>\n<\/div>\n<\/div>\n<\/div>\n<div class=\"row recomm-white-box recomm-cross\">\n<div class=\"row-fluid recomm-content\">\n<div class=\"row-header\"><\/div>\n<\/div>\n<\/div>\n<\/div>\n","protected":false},"excerpt":{"rendered":"<p>O sab\u00e3o l\u00edquido Ariel Suave e Gentil \u00e9 hipoalerg\u00eanico, e por isso \u00e9 ideal para lavar roupas de beb\u00ea ou adicionar um cuidado extra caso algu\u00e9m da fam\u00edlia tenha pele delicada. Este \u00e9 um sab\u00e3o l\u00edquido que ajuda na remo\u00e7\u00e3o de manchas e n\u00e3o deixa res\u00edduos vis\u00edveis nos tecidos e nem na m\u00e1quina de lavar.<\/p>\n","protected":false},"featured_media":3596,"comment_status":"open","ping_status":"closed","template":"","meta":[],"product_brand":[],"product_cat":[605,171,181,175,606],"product_tag":[],"class_list":{"0":"post-3595","1":"product","2":"type-product","3":"status-publish","4":"has-post-thumbnail","6":"product_cat-lojas","7":"product_cat-higiene-e-limpeza","8":"product_cat-lava-roupas","9":"product_cat-limpeza-de-roupas","10":"product_cat-magalu","12":"first","13":"instock","14":"shipping-taxable","15":"product-type-external"},"_links":{"self":[{"href":"https:\/\/barzo.com.br\/shop\/wp-json\/wp\/v2\/product\/3595","targetHints":{"allow":["GET"]}}],"collection":[{"href":"https:\/\/barzo.com.br\/shop\/wp-json\/wp\/v2\/product"}],"about":[{"href":"https:\/\/barzo.com.br\/shop\/wp-json\/wp\/v2\/types\/product"}],"replies":[{"embeddable":true,"href":"https:\/\/barzo.com.br\/shop\/wp-json\/wp\/v2\/comments?post=3595"}],"wp:featuredmedia":[{"embeddable":true,"href":"https:\/\/barzo.com.br\/shop\/wp-json\/wp\/v2\/media\/3596"}],"wp:attachment":[{"href":"https:\/\/barzo.com.br\/shop\/wp-json\/wp\/v2\/media?parent=3595"}],"wp:term":[{"taxonomy":"product_brand","embeddable":true,"href":"https:\/\/barzo.com.br\/shop\/wp-json\/wp\/v2\/product_brand?post=3595"},{"taxonomy":"product_cat","embeddable":true,"href":"https:\/\/barzo.com.br\/shop\/wp-json\/wp\/v2\/product_cat?post=3595"},{"taxonomy":"product_tag","embeddable":true,"href":"https:\/\/barzo.com.br\/shop\/wp-json\/wp\/v2\/product_tag?post=3595"}],"curies":[{"name":"wp","href":"https:\/\/api.w.org\/{rel}","templated":true}]}}