{"id":3593,"date":"2022-12-08T02:46:17","date_gmt":"2022-12-08T05:46:17","guid":{"rendered":"https:\/\/barzo.com.br\/shop\/?post_type=product&#038;p=3593"},"modified":"2022-12-08T02:46:18","modified_gmt":"2022-12-08T05:46:18","slug":"balanca-digital-ate-180kg-multilaser-eastmart","status":"publish","type":"product","link":"https:\/\/barzo.com.br\/shop\/produto\/balanca-digital-ate-180kg-multilaser-eastmart\/","title":{"rendered":"Balan\u00e7a Digital at\u00e9 180kg Multilaser &#8211; Eastmart"},"content":{"rendered":"<div class=\"product\">\n<div class=\"ptabs\">\n<div class=\"product-factsheet \" data-factsheet-id=\"225288500\">\n<div class=\"tab-content\">\n<div id=\"tab-descricao225288500\" class=\"tab-pane active\">\n<table class=\"tab descricao\">\n<tbody>\n<tr class=\"attribute level1\">\n<td>Um dos maiores desafios no tratamento da obesidade \u00e9 a manuten\u00e7\u00e3o do peso perdido em longo prazo, o h\u00e1bito de se pesar \u00e9 um dos comportamentos mais adotados por aqueles que querem controlar o peso. Essa atitude pode permitir que a pessoa conhe\u00e7a situa\u00e7\u00f5es especificas ou padr\u00f5es alimentares ou mesmo h\u00e1bitos de exerc\u00edcio que est\u00e3o relacionados com mudan\u00e7as de peso. Assim, a balan\u00e7a pode ser muito \u00fatil no processo de manuten\u00e7\u00e3o do peso, sabendo disso a Multilaser conta com a Eastmart.<\/p>\n<p>Essa balan\u00e7a digital \u00e9 muito leve e f\u00e1cil de transportar e suporta at\u00e9 180 kg. O seu visor proporciona uma f\u00e1cil visualiza\u00e7\u00e3o, pois possui n\u00fameros grandes, que podem ser enxergados de longe. Tenha um vida mais saud\u00e1vel e para isso conte com a Multilaser.<\/td>\n<\/tr>\n<\/tbody>\n<\/table>\n<\/div>\n<\/div>\n<\/div>\n<\/div>\n<\/div>\n<div class=\"row-header\"><\/div>\n<div>Ficha T\u00e9cnica:<\/div>\n<div>\n<div class=\"product\">\n<div class=\"ptabs\">\n<div class=\"product-factsheet \" data-factsheet-id=\"225288500\">\n<div class=\"tab-content\">\n<div id=\"tab-ficha-tecnica225288500\" class=\"tab-pane active\">\n<table class=\"tab ficha-tecnica\">\n<tbody>\n<tr class=\"attribute level1 odd\">\n<td class=\"name\">Marca<\/td>\n<td class=\"element\">Multilaser<\/td>\n<\/tr>\n<tr class=\"attribute level1 even\">\n<td class=\"name\">Refer\u00eancia<\/td>\n<td class=\"element\">HC024<\/td>\n<\/tr>\n<tr class=\"attribute level1 odd\">\n<td class=\"name\">Modelo<\/td>\n<td class=\"element\">Eastmart<\/td>\n<\/tr>\n<tr class=\"attribute level1 even\">\n<td class=\"name\">Linha<\/td>\n<td class=\"element\">N\/A<\/td>\n<\/tr>\n<tr class=\"attribute level1 odd\">\n<td class=\"name\">Tecnologia<\/td>\n<td class=\"element\">Digital<\/td>\n<\/tr>\n<tr class=\"attribute level1 even\">\n<td class=\"name\">Tipo<\/td>\n<td class=\"element\">Tipo de acionamento: com o toque<\/td>\n<\/tr>\n<tr class=\"attribute level1 odd\">\n<td class=\"name\">Peso suportado<\/td>\n<td class=\"element\">180kg<\/td>\n<\/tr>\n<tr class=\"attribute level1 even\">\n<td class=\"name\">Aplicativos<\/td>\n<td class=\"element\">Sim<\/td>\n<\/tr>\n<tr class=\"attribute level1 odd\">\n<td class=\"name\">Voltagem<\/td>\n<td class=\"element\">Bateria<\/td>\n<\/tr>\n<tr class=\"attribute level1 even\">\n<td class=\"name\">Material<\/td>\n<td class=\"element\">Vidro temperado<\/td>\n<\/tr>\n<tr class=\"attribute level1 odd\">\n<td class=\"name\">Cor<\/td>\n<td class=\"element\">Preta<\/td>\n<\/tr>\n<tr class=\"attribute level1 even\">\n<td class=\"name\">Peso do produto<\/td>\n<td class=\"element\">80 gramas<\/td>\n<\/tr>\n<tr class=\"attribute level1 odd\">\n<td class=\"name\">Peso do produto com embalagem<\/td>\n<td class=\"element\">Largura: 26,7cm; Altura: 27cm; Profundidade: 3,8cm.<\/td>\n<\/tr>\n<tr class=\"attribute level1 even\">\n<td class=\"name\">Prazo de garantia<\/td>\n<td class=\"element\">01 ano (3 meses de garantia legal e mais 9 meses de garantia especial concedida pelo fabricante).<\/td>\n<\/tr>\n<tr class=\"attribute level1 odd\">\n<td class=\"name\">Conte\u00fado da embalagem<\/td>\n<td class=\"element\">&#8211; 1 Balan\u00e7a<\/td>\n<\/tr>\n<tr class=\"attribute level1 even\">\n<td class=\"name\">Fun\u00e7\u00e3o de zeragem autom\u00e1tica<\/td>\n<td class=\"element\">Sim<\/td>\n<\/tr>\n<tr class=\"attribute level1 odd\">\n<td class=\"name\">Desligamento autom\u00e1tico<\/td>\n<td class=\"element\">Sim<\/td>\n<\/tr>\n<tr class=\"attribute level1 even\">\n<td class=\"name\">Indicador de bateria<\/td>\n<td class=\"element\">Sim<\/td>\n<\/tr>\n<tr class=\"attribute level1 odd\">\n<td class=\"name\">Port\u00e1til<\/td>\n<td class=\"element\">Sim<\/td>\n<\/tr>\n<tr class=\"attribute level1 even\">\n<td class=\"name\">Antiderrapante<\/td>\n<td class=\"element\">Sim<\/td>\n<\/tr>\n<\/tbody>\n<\/table>\n<\/div>\n<\/div>\n<\/div>\n<\/div>\n<\/div>\n<div class=\"row recomm-white-box recomm-cross\">\n<div class=\"row-fluid recomm-content\">\n<div class=\"row-header\"><\/div>\n<\/div>\n<\/div>\n<\/div>\n","protected":false},"excerpt":{"rendered":"<p>Um dos maiores desafios no tratamento da obesidade \u00e9 a manuten\u00e7\u00e3o do peso perdido em longo prazo, o h\u00e1bito de se pesar \u00e9 um dos comportamentos mais adotados por aqueles que querem controlar o peso. Essa atitude pode permitir que a pessoa conhe\u00e7a situa\u00e7\u00f5es especificas ou padr\u00f5es alimentares ou mesmo h\u00e1bitos de exerc\u00edcio que est\u00e3o relacionados com mudan\u00e7as de peso. Assim, a balan\u00e7a pode ser muito \u00fatil no processo de manuten\u00e7\u00e3o do peso, sabendo disso a Multilaser conta com a Eastmart.<\/p>\n","protected":false},"featured_media":3594,"comment_status":"open","ping_status":"closed","template":"","meta":[],"product_brand":[],"product_cat":[605,78,19,606],"product_tag":[],"class_list":{"0":"post-3593","1":"product","2":"type-product","3":"status-publish","4":"has-post-thumbnail","6":"product_cat-lojas","7":"product_cat-banheiro","8":"product_cat-casa-e-jardim","9":"product_cat-magalu","11":"first","12":"instock","13":"shipping-taxable","14":"product-type-external"},"_links":{"self":[{"href":"https:\/\/barzo.com.br\/shop\/wp-json\/wp\/v2\/product\/3593","targetHints":{"allow":["GET"]}}],"collection":[{"href":"https:\/\/barzo.com.br\/shop\/wp-json\/wp\/v2\/product"}],"about":[{"href":"https:\/\/barzo.com.br\/shop\/wp-json\/wp\/v2\/types\/product"}],"replies":[{"embeddable":true,"href":"https:\/\/barzo.com.br\/shop\/wp-json\/wp\/v2\/comments?post=3593"}],"wp:featuredmedia":[{"embeddable":true,"href":"https:\/\/barzo.com.br\/shop\/wp-json\/wp\/v2\/media\/3594"}],"wp:attachment":[{"href":"https:\/\/barzo.com.br\/shop\/wp-json\/wp\/v2\/media?parent=3593"}],"wp:term":[{"taxonomy":"product_brand","embeddable":true,"href":"https:\/\/barzo.com.br\/shop\/wp-json\/wp\/v2\/product_brand?post=3593"},{"taxonomy":"product_cat","embeddable":true,"href":"https:\/\/barzo.com.br\/shop\/wp-json\/wp\/v2\/product_cat?post=3593"},{"taxonomy":"product_tag","embeddable":true,"href":"https:\/\/barzo.com.br\/shop\/wp-json\/wp\/v2\/product_tag?post=3593"}],"curies":[{"name":"wp","href":"https:\/\/api.w.org\/{rel}","templated":true}]}}