{"id":3591,"date":"2022-12-08T02:41:10","date_gmt":"2022-12-08T05:41:10","guid":{"rendered":"https:\/\/barzo.com.br\/shop\/?post_type=product&#038;p=3591"},"modified":"2022-12-08T02:41:11","modified_gmt":"2022-12-08T05:41:11","slug":"condicionador-johnsons-baby-regular-400ml","status":"publish","type":"product","link":"https:\/\/barzo.com.br\/shop\/produto\/condicionador-johnsons-baby-regular-400ml\/","title":{"rendered":"Condicionador Johnsons Baby Regular 400ml"},"content":{"rendered":"<div class=\"product\">\n<div class=\"ptabs\">\n<div class=\"product-factsheet \" data-factsheet-id=\"224226700\">\n<div class=\"tab-content\">\n<div id=\"tab-descricao224226700\" class=\"tab-pane active\">\n<table class=\"tab descricao\">\n<tbody>\n<tr class=\"attribute level1\">\n<td>Os cabelos finos e delicados do beb\u00ea pedem produtos especialmente feitos para ele. E de produtos para os pequenos a Johnson&#8217;s entende. O perfume prolongado do Condicionador Infantil Johnson&#8217;s Baby n\u00e3o sair\u00e1 da cabe\u00e7a do beb\u00ea e nem da sua. Seu beb\u00ea merece este cuidado especial.O modelo Regular traz uma f\u00f3rmula ainda mais suave, cuidando dos cabelos delicados do beb\u00ea e deixando-os macios, sedosos e protegidos.Pensando em um cuidado prolongado vem numa embalagem de 400ml.<\/td>\n<\/tr>\n<\/tbody>\n<\/table>\n<p>Ficha T\u00e9cnica:<\/p>\n<div class=\"product\">\n<div class=\"ptabs\">\n<div class=\"product-factsheet \" data-factsheet-id=\"224226700\">\n<div class=\"tab-content\">\n<div id=\"tab-ficha-tecnica224226700\" class=\"tab-pane active\">\n<table class=\"tab ficha-tecnica\">\n<tbody>\n<tr class=\"element level1 odd\">\n<td class=\"name\">Informa\u00e7\u00f5es t\u00e9cnicas<\/td>\n<td class=\"element\">\n<table>\n<tbody>\n<tr class=\"attribute level2 odd\">\n<td>Marca<\/td>\n<td>Johnson&#8217;s Baby<\/td>\n<\/tr>\n<tr class=\"attribute level2 even\">\n<td>Refer\u00eancia<\/td>\n<td>7891010877620<\/td>\n<\/tr>\n<tr class=\"attribute level2 odd\">\n<td>Modelo<\/td>\n<td>Regular<\/td>\n<\/tr>\n<\/tbody>\n<\/table>\n<\/td>\n<\/tr>\n<tr class=\"attribute level1 even\">\n<td class=\"name\">Tipo de cabelo<\/td>\n<td class=\"element\">&#8211; Todos os tipos de cabelos<\/td>\n<\/tr>\n<tr class=\"attribute level1 odd\">\n<td class=\"name\">Caracter\u00edsticas do cabelo<\/td>\n<td class=\"element\">&#8211; Cabelos Normais<\/td>\n<\/tr>\n<tr class=\"attribute level1 even\">\n<td class=\"name\">Tipo de tratamento<\/td>\n<td class=\"element\">&#8211; Maciez, Hidrata\u00e7\u00e3o e Brilho<\/td>\n<\/tr>\n<tr class=\"attribute level1 odd\">\n<td class=\"name\">Tipo<\/td>\n<td class=\"element\">&#8211; Sem parabenos, corantes e sulfatos<\/td>\n<\/tr>\n<tr class=\"attribute level1 even\">\n<td class=\"name\">Volume<\/td>\n<td class=\"element\">400ml<\/td>\n<\/tr>\n<tr class=\"attribute level1 odd\">\n<td class=\"name\">Classifica\u00e7\u00e3o<\/td>\n<td class=\"element\">&#8211; Infantil<\/td>\n<\/tr>\n<tr class=\"attribute level1 even\">\n<td class=\"name\">Benef\u00edcios<\/td>\n<td class=\"element\">&#8211; Desembara\u00e7a suavemente<\/td>\n<\/tr>\n<tr class=\"attribute level1 odd\">\n<td class=\"name\">Recomenda\u00e7\u00f5es de uso<\/td>\n<td class=\"element\">&#8211; Depois de usar o baby shampoo JOHNSON\u2019S, aplique o condicionador nos cabelos molhados, massageando-os suavemente.<br \/>\n&#8211; Deixe agir por alguns instantes e, em seguida, enx\u00e1gue bem.<br \/>\n&#8211; Adequado para o uso di\u00e1rio.<\/td>\n<\/tr>\n<tr class=\"attribute level1 even\">\n<td class=\"name\">Composi\u00e7\u00e3o<\/td>\n<td class=\"element\">&#8211; &#8220;Aqua, Cetearyl Alcohol, Glycerin, Hydroxyethylcellulose, Cetyl Esters,Sodium Benzoate, Parfum, Behentrimonium Chloride, Cetrimonium Chloride, Citric Acid.&#8221;<\/td>\n<\/tr>\n<tr class=\"attribute level1 odd\">\n<td class=\"name\">Contraindica\u00e7\u00f5es<\/td>\n<td class=\"element\">&#8211; Mantenha fora do alcance de crian\u00e7as.<br \/>\n&#8211; Deve ser aplicado por adulto ou sob sua supervis\u00e3o.<br \/>\n&#8211; Evitar contato com os olhos.<br \/>\n&#8211; Caso o produto entre em contato com os olhos, lavar com \u00e1gua corrente em abund\u00e2ncia e procurar um m\u00e9dico.<br \/>\n&#8211; N\u00e3o usar se o couro cabeludo estiver ferido ou irritado. Em caso de irrita\u00e7\u00e3o, suspender o uso e procurar um m\u00e9dico.<br \/>\n&#8211; Conservar em local fresco e ao abrigo da luz solar direta.<br \/>\n&#8211; Este produto foi formulado de maneira a minimizar poss\u00edvel surgimento de alergia.<\/td>\n<\/tr>\n<tr class=\"attribute level1 even\">\n<td class=\"name\">Armazenamento<\/td>\n<td class=\"element\">&#8211; Conservar em local fresco e ao abrigo da luz solar direta.<\/td>\n<\/tr>\n<tr class=\"attribute level1 odd\">\n<td class=\"name\">Registro Anvisa<\/td>\n<td class=\"element\">25351.731403\/2017-00<\/td>\n<\/tr>\n<tr class=\"element level1 even\">\n<td class=\"name\">Peso aproximado<\/td>\n<td class=\"element\">\n<table>\n<tbody>\n<tr class=\"attribute level2 even\">\n<td>\u00a0Peso do produto<\/td>\n<td>300g<\/td>\n<\/tr>\n<\/tbody>\n<\/table>\n<\/td>\n<\/tr>\n<tr class=\"element level1 odd\">\n<td class=\"name\">Dimens\u00f5es do produto<\/td>\n<td class=\"element\">\n<table>\n<tbody>\n<tr class=\"attribute level2 odd\">\n<td>\u00a0Largura<\/td>\n<td>7,34cm<\/td>\n<\/tr>\n<tr class=\"attribute level2 even\">\n<td>\u00a0Altura<\/td>\n<td>14,7cm<\/td>\n<\/tr>\n<tr class=\"attribute level2 odd\">\n<td>\u00a0Profundidade<\/td>\n<td>3,96cm<\/td>\n<\/tr>\n<\/tbody>\n<\/table>\n<\/td>\n<\/tr>\n<tr class=\"element level1 even\">\n<td class=\"name\">Garantia<\/td>\n<td class=\"element\">\n<table>\n<tbody>\n<tr class=\"attribute level2 even\">\n<td>Prazo de Garantia<\/td>\n<td>&#8211; O prazo de garantia aplic\u00e1vel \u00e9 de 30 dias<\/td>\n<\/tr>\n<\/tbody>\n<\/table>\n<\/td>\n<\/tr>\n<\/tbody>\n<\/table>\n<\/div>\n<\/div>\n<\/div>\n<\/div>\n<\/div>\n<\/div>\n<\/div>\n<\/div>\n<\/div>\n<\/div>\n<div class=\"row-header\"><\/div>\n<div>Itens inclusos:<\/div>\n<div>\n<div class=\"product\">\n<div class=\"ptabs\">\n<div class=\"product-factsheet \" data-factsheet-id=\"224226700\">\n<div class=\"tab-content\">\n<div id=\"tab-conteudo-da-embalagem224226700\" class=\"tab-pane active\">\n<table class=\"tab conteudo-da-embalagem\">\n<tbody>\n<tr class=\"attribute level1\">\n<td>&#8211; 01 Condicionador<\/td>\n<\/tr>\n<\/tbody>\n<\/table>\n<\/div>\n<\/div>\n<\/div>\n<\/div>\n<\/div>\n<div class=\"row recomm-white-box recomm-cross\">\n<div class=\"row-fluid recomm-content\">\n<div class=\"row-header\"><\/div>\n<\/div>\n<\/div>\n<\/div>\n<div class=\"row recomm-white-box recomm-cross\">\n<div class=\"row-fluid recomm-content\">\n<div class=\"row-header\"><\/div>\n<\/div>\n<\/div>\n","protected":false},"excerpt":{"rendered":"<p>Os cabelos finos e delicados do beb\u00ea pedem produtos especialmente feitos para ele. E de produtos para os pequenos a Johnson&#8217;s entende. O perfume prolongado do Condicionador Infantil Johnson&#8217;s Baby n\u00e3o sair\u00e1 da cabe\u00e7a do beb\u00ea&#8230;<\/p>\n","protected":false},"featured_media":3592,"comment_status":"open","ping_status":"closed","template":"","meta":[],"product_brand":[],"product_cat":[605,26,606],"product_tag":[],"class_list":{"0":"post-3591","1":"product","2":"type-product","3":"status-publish","4":"has-post-thumbnail","6":"product_cat-lojas","7":"product_cat-bebe-e-infantil","8":"product_cat-magalu","10":"first","11":"instock","12":"shipping-taxable","13":"product-type-external"},"_links":{"self":[{"href":"https:\/\/barzo.com.br\/shop\/wp-json\/wp\/v2\/product\/3591","targetHints":{"allow":["GET"]}}],"collection":[{"href":"https:\/\/barzo.com.br\/shop\/wp-json\/wp\/v2\/product"}],"about":[{"href":"https:\/\/barzo.com.br\/shop\/wp-json\/wp\/v2\/types\/product"}],"replies":[{"embeddable":true,"href":"https:\/\/barzo.com.br\/shop\/wp-json\/wp\/v2\/comments?post=3591"}],"wp:featuredmedia":[{"embeddable":true,"href":"https:\/\/barzo.com.br\/shop\/wp-json\/wp\/v2\/media\/3592"}],"wp:attachment":[{"href":"https:\/\/barzo.com.br\/shop\/wp-json\/wp\/v2\/media?parent=3591"}],"wp:term":[{"taxonomy":"product_brand","embeddable":true,"href":"https:\/\/barzo.com.br\/shop\/wp-json\/wp\/v2\/product_brand?post=3591"},{"taxonomy":"product_cat","embeddable":true,"href":"https:\/\/barzo.com.br\/shop\/wp-json\/wp\/v2\/product_cat?post=3591"},{"taxonomy":"product_tag","embeddable":true,"href":"https:\/\/barzo.com.br\/shop\/wp-json\/wp\/v2\/product_tag?post=3591"}],"curies":[{"name":"wp","href":"https:\/\/api.w.org\/{rel}","templated":true}]}}