{"id":3589,"date":"2022-12-08T02:36:39","date_gmt":"2022-12-08T05:36:39","guid":{"rendered":"https:\/\/barzo.com.br\/shop\/?post_type=product&#038;p=3589"},"modified":"2022-12-08T02:36:39","modified_gmt":"2022-12-08T05:36:39","slug":"sabao-liquido-omo-lavagem-perfeita-5l","status":"publish","type":"product","link":"https:\/\/barzo.com.br\/shop\/produto\/sabao-liquido-omo-lavagem-perfeita-5l\/","title":{"rendered":"Sab\u00e3o L\u00edquido Omo Lavagem Perfeita 5L"},"content":{"rendered":"<p>Imbat\u00edvel na limpeza e cuida do meio ambiente. 10x melhor no poder e no cuidado. Remove as manchas na primeira lavagem. Espuma de alta performance. Cuida das cores e dos tecidos. Perfume exclusivo que dura muito. OMO Lavagem Perfeita \u00e9 10x melhor no poder e cuidado com as suas roupas.<\/p>\n<p>A f\u00f3rmula do lava roupas OMO Lavagem Perfeita n\u00e3o deixa res\u00edduos, remove as manchas de primeira, brancura imbat\u00edvel, higieniza suas roupas, elimina o mau odor e possui perfume exclusivo que dura muito mais, isso tudo cuidando das cores e dos tecidos das suas roupas, da sua m\u00e1quina e do meio ambiente.<\/p>\n<p>Imbat\u00edvel na limpeza e cuida do meio ambiente, pois sua f\u00f3rmula cont\u00e9m ativo biodegrad\u00e1vel e n\u00e3o possui fosfato, ajudando a preservar rios e oceanos, al\u00e9m de economizar \u00e1gua, uma vez que precisa de apenas 1 enx\u00e1gue. Al\u00e9m disso, possui ativo concentrado, tecnologia que cuida do planeta. Menos CO2, menos polui\u00e7\u00e3o. Al\u00e9m disso, \u00e9 um produto sustent\u00e1vel e com rendimento eficiente pois necessita de apenas um enx\u00e1gue e permite lavar uma m\u00e1quina cheia com apenas uma tampa de sab\u00e3o.<\/p>\n<p>Perfeito para manter suas roupas impec\u00e1veis e seu dia a dia super pr\u00e1tico! Sua embalagem \u00e9 100% recicl\u00e1vel. Fa\u00e7a o descarte consciente. Quando voc\u00ea escolhe OMO, voc\u00ea escolhe um mundo melhor. Juntos, sOMOs a transforma\u00e7\u00e3o positiva para o meio ambiente. Mantenha o produto fora do alcance de crian\u00e7as e dos animais dom\u00e9sticos. Leia o r\u00f3tulo antes de usar o produto.<\/p>\n<p>&nbsp;<\/p>\n<p>Ficha T\u00e9cnica:<\/p>\n<table class=\"tab ficha-tecnica\">\n<tbody>\n<tr class=\"element level1 odd\">\n<td class=\"name\">Informa\u00e7\u00f5es t\u00e9cnicas<\/td>\n<td class=\"element\">\n<table>\n<tbody>\n<tr class=\"attribute level2 odd\">\n<td>Marca<\/td>\n<td>Omo<\/td>\n<\/tr>\n<tr class=\"attribute level2 even\">\n<td>Refer\u00eancia<\/td>\n<td>67762882<\/td>\n<\/tr>\n<tr class=\"attribute level2 odd\">\n<td>Modelo<\/td>\n<td>Lavagem Perfeita<\/td>\n<\/tr>\n<\/tbody>\n<\/table>\n<\/td>\n<\/tr>\n<tr class=\"attribute level1 even\">\n<td class=\"name\">Tipo<\/td>\n<td class=\"element\">L\u00edquido<\/td>\n<\/tr>\n<tr class=\"attribute level1 odd\">\n<td class=\"name\">Volume<\/td>\n<td class=\"element\">5L<\/td>\n<\/tr>\n<tr class=\"attribute level1 even\">\n<td class=\"name\">Quantidade<\/td>\n<td class=\"element\">1<\/td>\n<\/tr>\n<tr class=\"attribute level1 odd\">\n<td class=\"name\">Indica\u00e7\u00e3o de uso<\/td>\n<td class=\"element\">Lavagens de roupas brancas ou coloridas<\/td>\n<\/tr>\n<tr class=\"attribute level1 even\">\n<td class=\"name\">Registo Anvisa N\u00famero<\/td>\n<td class=\"element\">25351.731562\/2018-87<\/td>\n<\/tr>\n<tr class=\"element level1 odd\">\n<td class=\"name\">Peso aproximado<\/td>\n<td class=\"element\">\n<table>\n<tbody>\n<tr class=\"attribute level2 even\">\n<td>\u00a0Peso do produto<\/td>\n<td>5,3kg<\/td>\n<\/tr>\n<\/tbody>\n<\/table>\n<\/td>\n<\/tr>\n<tr class=\"element level1 even\">\n<td class=\"name\">Dimens\u00f5es do produto com embalagem<\/td>\n<td class=\"element\">\n<table>\n<tbody>\n<tr class=\"attribute level2 odd\">\n<td>\u00a0Largura<\/td>\n<td>20cm<\/td>\n<\/tr>\n<tr class=\"attribute level2 even\">\n<td>\u00a0Altura<\/td>\n<td>36cm<\/td>\n<\/tr>\n<tr class=\"attribute level2 odd\">\n<td>\u00a0Profundidade<\/td>\n<td>29,5cm<\/td>\n<\/tr>\n<\/tbody>\n<\/table>\n<\/td>\n<\/tr>\n<tr class=\"element level1 odd\">\n<td class=\"name\">Garantia<\/td>\n<td class=\"element\">\n<table>\n<tbody>\n<tr class=\"attribute level2 even\">\n<td>Prazo de Garantia<\/td>\n<td>30 dias<\/td>\n<\/tr>\n<\/tbody>\n<\/table>\n<\/td>\n<\/tr>\n<tr class=\"attribute level1 even\">\n<td class=\"name\">SAC do fornecedor (E-mail)<\/td>\n<td class=\"element\">sac@atendimentounilever.com.br<\/td>\n<\/tr>\n<\/tbody>\n<\/table>\n<p>Conte\u00fado da Embalagem<\/p>\n<div class=\"tab-content\">\n<div id=\"tab-conteudo-da-embalagem220976400\" class=\"tab-pane active\">\n<table class=\"tab conteudo-da-embalagem\">\n<tbody>\n<tr class=\"attribute level1\">\n<td>&#8211; 1 Sab\u00e3o l\u00edquido<\/td>\n<\/tr>\n<\/tbody>\n<\/table>\n<\/div>\n<\/div>\n","protected":false},"excerpt":{"rendered":"<p>Imbat\u00edvel na limpeza e cuida do meio ambiente. 10x melhor no poder e no cuidado. Remove as manchas na primeira lavagem. Espuma de alta performance. Cuida das cores e dos tecidos. Perfume exclusivo que dura muito. OMO Lavagem Perfeita \u00e9 10x melhor no poder e cuidado com as suas roupas.<\/p>\n","protected":false},"featured_media":3590,"comment_status":"open","ping_status":"closed","template":"","meta":[],"product_brand":[],"product_cat":[605,171,181,175,606],"product_tag":[],"class_list":{"0":"post-3589","1":"product","2":"type-product","3":"status-publish","4":"has-post-thumbnail","6":"product_cat-lojas","7":"product_cat-higiene-e-limpeza","8":"product_cat-lava-roupas","9":"product_cat-limpeza-de-roupas","10":"product_cat-magalu","12":"first","13":"instock","14":"shipping-taxable","15":"product-type-external"},"_links":{"self":[{"href":"https:\/\/barzo.com.br\/shop\/wp-json\/wp\/v2\/product\/3589","targetHints":{"allow":["GET"]}}],"collection":[{"href":"https:\/\/barzo.com.br\/shop\/wp-json\/wp\/v2\/product"}],"about":[{"href":"https:\/\/barzo.com.br\/shop\/wp-json\/wp\/v2\/types\/product"}],"replies":[{"embeddable":true,"href":"https:\/\/barzo.com.br\/shop\/wp-json\/wp\/v2\/comments?post=3589"}],"wp:featuredmedia":[{"embeddable":true,"href":"https:\/\/barzo.com.br\/shop\/wp-json\/wp\/v2\/media\/3590"}],"wp:attachment":[{"href":"https:\/\/barzo.com.br\/shop\/wp-json\/wp\/v2\/media?parent=3589"}],"wp:term":[{"taxonomy":"product_brand","embeddable":true,"href":"https:\/\/barzo.com.br\/shop\/wp-json\/wp\/v2\/product_brand?post=3589"},{"taxonomy":"product_cat","embeddable":true,"href":"https:\/\/barzo.com.br\/shop\/wp-json\/wp\/v2\/product_cat?post=3589"},{"taxonomy":"product_tag","embeddable":true,"href":"https:\/\/barzo.com.br\/shop\/wp-json\/wp\/v2\/product_tag?post=3589"}],"curies":[{"name":"wp","href":"https:\/\/api.w.org\/{rel}","templated":true}]}}