{"id":3587,"date":"2022-12-08T02:16:36","date_gmt":"2022-12-08T05:16:36","guid":{"rendered":"https:\/\/barzo.com.br\/shop\/?post_type=product&#038;p=3587"},"modified":"2022-12-08T02:16:36","modified_gmt":"2022-12-08T05:16:36","slug":"fralda-huggies-supreme-care-tam-m-55-a-95kg-80-unidades","status":"publish","type":"product","link":"https:\/\/barzo.com.br\/shop\/produto\/fralda-huggies-supreme-care-tam-m-55-a-95kg-80-unidades\/","title":{"rendered":"Fralda Huggies Supreme Care &#8211; Tam. M 5,5 a 9,5kg 80 Unidades"},"content":{"rendered":"<div class=\"product\">\n<div class=\"ptabs\">\n<div class=\"product-factsheet \" data-factsheet-id=\"218732300\">\n<div class=\"tab-content\">\n<div id=\"tab-descricao218732300\" class=\"tab-pane active\">\n<table class=\"tab descricao\">\n<tbody>\n<tr class=\"attribute level1\">\n<td>Huggies Supreme Care conta com a exclusiva tecnologia Xtra-Flex que mant\u00e9m a fralda ajustada e flex\u00edvel mesmo quando o beb\u00ea estiver em movimento. Os canais de absor\u00e7\u00e3o em formato de \u201cX\u201d distribuem melhor o xixi e d\u00e3o mais conforto para o beb\u00ea, evitando assim quedas ou passos em falso em raz\u00e3o da fralda cheia.<\/p>\n<p>Quantidade: 80 fraldas; Tamanho: M; Peso indicado: 5.5 a 9.5 Kg.<\/td>\n<\/tr>\n<\/tbody>\n<\/table>\n<\/div>\n<\/div>\n<\/div>\n<\/div>\n<\/div>\n<div class=\"row-header\"><\/div>\n<div>Ficha T\u00e9cnica:<\/div>\n<div>\n<div class=\"product\">\n<div class=\"ptabs\">\n<div class=\"product-factsheet \" data-factsheet-id=\"218732300\">\n<div class=\"tab-content\">\n<div id=\"tab-ficha-tecnica218732300\" class=\"tab-pane active\">\n<table class=\"tab ficha-tecnica\">\n<tbody>\n<tr class=\"element level1 odd\">\n<td class=\"name\">Informa\u00e7\u00f5es t\u00e9cnicas<\/td>\n<td class=\"element\">\n<table>\n<tbody>\n<tr class=\"attribute level2 odd\">\n<td>Marca<\/td>\n<td>Huggies<\/td>\n<\/tr>\n<tr class=\"attribute level2 even\">\n<td>Refer\u00eancia<\/td>\n<td>30223779<\/td>\n<\/tr>\n<tr class=\"attribute level2 odd\">\n<td>Cor<\/td>\n<td>Vermelho<\/td>\n<\/tr>\n<tr class=\"attribute level2 even\">\n<td>Modelo<\/td>\n<td>Supreme Care<\/td>\n<\/tr>\n<\/tbody>\n<\/table>\n<\/td>\n<\/tr>\n<tr class=\"attribute level1 even\">\n<td class=\"name\">Tamanho da fralda<\/td>\n<td class=\"element\">M<\/td>\n<\/tr>\n<tr class=\"attribute level1 odd\">\n<td class=\"name\">Tipo de pacote<\/td>\n<td class=\"element\">Hiper<\/td>\n<\/tr>\n<tr class=\"element level1 even\">\n<td class=\"name\">Caracter\u00edsticas e Recursos<\/td>\n<td class=\"element\">\n<table>\n<tbody>\n<tr class=\"attribute level2 odd\">\n<td>Composi\u00e7\u00e3o<\/td>\n<td>Celulose, pol\u00edmero superabsorvente, polipropileno, polietileno, el\u00e1sticos, adesivos, aloe vera e vitamina E. N\u00e3o cont\u00e9m fibras de algod\u00e3o. Componentes at\u00f3xicos n\u00e3o propensos a causar irrita\u00e7\u00e3o em contato com a pele.<\/td>\n<\/tr>\n<tr class=\"attribute level2 even\">\n<td>Benef\u00edcios<\/td>\n<td>Xtra-flex: acompanha cada passo do desenvolvimento do seu beb\u00ea<\/td>\n<\/tr>\n<\/tbody>\n<\/table>\n<\/td>\n<\/tr>\n<tr class=\"element level1 odd\">\n<td class=\"name\">Peso aproximado<\/td>\n<td class=\"element\">\n<table>\n<tbody>\n<tr class=\"attribute level2 odd\">\n<td>Suporta<\/td>\n<td>5,5 a 9,5kg<\/td>\n<\/tr>\n<tr class=\"attribute level2 even\">\n<td>\u00a0Peso do produto com embalagem<\/td>\n<td>230 gramas<\/td>\n<\/tr>\n<\/tbody>\n<\/table>\n<\/td>\n<\/tr>\n<tr class=\"element level1 even\">\n<td class=\"name\">Dimens\u00f5es da embalagem<\/td>\n<td class=\"element\">\n<table>\n<tbody>\n<tr class=\"attribute level2 odd\">\n<td>\u00a0Largura<\/td>\n<td>36 cm.<\/td>\n<\/tr>\n<tr class=\"attribute level2 even\">\n<td>\u00a0Altura<\/td>\n<td>19 cm.<\/td>\n<\/tr>\n<tr class=\"attribute level2 odd\">\n<td>\u00a0Profundidade<\/td>\n<td>21 cm.<\/td>\n<\/tr>\n<\/tbody>\n<\/table>\n<\/td>\n<\/tr>\n<tr class=\"element level1 odd\">\n<td class=\"name\">Garantia<\/td>\n<td class=\"element\">\n<table>\n<tbody>\n<tr class=\"attribute level2 even\">\n<td>Prazo<\/td>\n<td>30 dias<\/td>\n<\/tr>\n<\/tbody>\n<\/table>\n<\/td>\n<\/tr>\n<tr class=\"attribute level1 even\">\n<td class=\"name\">Quantidade<\/td>\n<td class=\"element\">80 Unidades<\/td>\n<\/tr>\n<tr class=\"attribute level1 odd\">\n<td class=\"name\">Tipo:<\/td>\n<td class=\"element\">Fita<\/td>\n<\/tr>\n<tr class=\"attribute level1 even\">\n<td class=\"name\">Indica\u00e7\u00e3o:<\/td>\n<td class=\"element\">Dia e Noite<\/td>\n<\/tr>\n<tr class=\"attribute level1 odd\">\n<td class=\"name\">Fechamento<\/td>\n<td class=\"element\">Adesivo<\/td>\n<\/tr>\n<\/tbody>\n<\/table>\n<\/div>\n<\/div>\n<\/div>\n<\/div>\n<\/div>\n<\/div>\n<div class=\"row-header\"><\/div>\n<div>Itens inclusos:<\/div>\n<div>\n<div class=\"product\">\n<div class=\"ptabs\">\n<div class=\"product-factsheet \" data-factsheet-id=\"218732300\">\n<div class=\"tab-content\">\n<div id=\"tab-itens-inclusos218732300\" class=\"tab-pane active\">\n<table class=\"tab itens-inclusos\">\n<tbody>\n<tr class=\"attribute level1\">\n<td>&#8211; 01 Pacote com 80 fraldas.<\/td>\n<\/tr>\n<\/tbody>\n<\/table>\n<\/div>\n<\/div>\n<\/div>\n<\/div>\n<\/div>\n<div class=\"row recomm-white-box recomm-cross\">\n<div class=\"row-fluid recomm-content\">\n<div class=\"row-header\"><\/div>\n<\/div>\n<\/div>\n<\/div>\n","protected":false},"excerpt":{"rendered":"<p>Huggies Supreme Care conta com a exclusiva tecnologia Xtra-Flex que mant\u00e9m a fralda ajustada e flex\u00edvel mesmo quando o beb\u00ea estiver em movimento. Os canais de absor\u00e7\u00e3o em formato de \u201cX\u201d distribuem melhor o xixi e d\u00e3o mais conforto para o beb\u00ea, evitando assim quedas ou passos em falso em raz\u00e3o da fralda cheia. Quantidade: [&hellip;]<\/p>\n","protected":false},"featured_media":3588,"comment_status":"open","ping_status":"closed","template":"","meta":[],"product_brand":[],"product_cat":[605,26,27,606],"product_tag":[],"class_list":{"0":"post-3587","1":"product","2":"type-product","3":"status-publish","4":"has-post-thumbnail","6":"product_cat-lojas","7":"product_cat-bebe-e-infantil","8":"product_cat-fraldas-e-lencos-umidecidos","9":"product_cat-magalu","11":"first","12":"instock","13":"shipping-taxable","14":"product-type-external"},"_links":{"self":[{"href":"https:\/\/barzo.com.br\/shop\/wp-json\/wp\/v2\/product\/3587","targetHints":{"allow":["GET"]}}],"collection":[{"href":"https:\/\/barzo.com.br\/shop\/wp-json\/wp\/v2\/product"}],"about":[{"href":"https:\/\/barzo.com.br\/shop\/wp-json\/wp\/v2\/types\/product"}],"replies":[{"embeddable":true,"href":"https:\/\/barzo.com.br\/shop\/wp-json\/wp\/v2\/comments?post=3587"}],"wp:featuredmedia":[{"embeddable":true,"href":"https:\/\/barzo.com.br\/shop\/wp-json\/wp\/v2\/media\/3588"}],"wp:attachment":[{"href":"https:\/\/barzo.com.br\/shop\/wp-json\/wp\/v2\/media?parent=3587"}],"wp:term":[{"taxonomy":"product_brand","embeddable":true,"href":"https:\/\/barzo.com.br\/shop\/wp-json\/wp\/v2\/product_brand?post=3587"},{"taxonomy":"product_cat","embeddable":true,"href":"https:\/\/barzo.com.br\/shop\/wp-json\/wp\/v2\/product_cat?post=3587"},{"taxonomy":"product_tag","embeddable":true,"href":"https:\/\/barzo.com.br\/shop\/wp-json\/wp\/v2\/product_tag?post=3587"}],"curies":[{"name":"wp","href":"https:\/\/api.w.org\/{rel}","templated":true}]}}