{"id":3585,"date":"2022-12-08T02:12:06","date_gmt":"2022-12-08T05:12:06","guid":{"rendered":"https:\/\/barzo.com.br\/shop\/?post_type=product&#038;p=3585"},"modified":"2022-12-08T02:12:07","modified_gmt":"2022-12-08T05:12:07","slug":"fralda-huggies-supreme-care-tam-xxg-14-a-18kg-52-unidades","status":"publish","type":"product","link":"https:\/\/barzo.com.br\/shop\/produto\/fralda-huggies-supreme-care-tam-xxg-14-a-18kg-52-unidades\/","title":{"rendered":"Fralda Huggies Supreme Care &#8211; Tam. XXG 14 a 18kg 52 Unidades"},"content":{"rendered":"<div class=\"product\">\n<div class=\"ptabs\">\n<div class=\"product-factsheet \" data-factsheet-id=\"218732200\">\n<div class=\"tab-content\">\n<div id=\"tab-descricao218732200\" class=\"tab-pane active\">\n<table class=\"tab descricao\">\n<tbody>\n<tr class=\"attribute level1\">\n<td>Huggies Supreme Care conta com a exclusiva tecnologia Xtra-Flex que mant\u00e9m a fralda ajustada e flex\u00edvel mesmo quando o beb\u00ea estiver em movimento. Os canais de absor\u00e7\u00e3o em formato de \u201cX\u201d distribuem melhor o xixi e d\u00e3o mais conforto para o beb\u00ea, evitando assim quedas ou passos em falso em raz\u00e3o da fralda cheia. Tamanho: XXG; Peso indicado: 14 kg a 18 kg<\/td>\n<\/tr>\n<\/tbody>\n<\/table>\n<\/div>\n<\/div>\n<\/div>\n<\/div>\n<\/div>\n<div class=\"row-header\"><\/div>\n<div>Ficha T\u00e9cnica:<\/div>\n<div>\n<div class=\"product\">\n<div class=\"ptabs\">\n<div class=\"product-factsheet \" data-factsheet-id=\"218732200\">\n<div class=\"tab-content\">\n<div id=\"tab-ficha-tecnica218732200\" class=\"tab-pane active\">\n<table class=\"tab ficha-tecnica\">\n<tbody>\n<tr class=\"element level1 odd\">\n<td class=\"name\">Informa\u00e7\u00f5es t\u00e9cnicas<\/td>\n<td class=\"element\">\n<table>\n<tbody>\n<tr class=\"attribute level2 odd\">\n<td>Marca<\/td>\n<td>Huggies<\/td>\n<\/tr>\n<tr class=\"attribute level2 even\">\n<td>Refer\u00eancia<\/td>\n<td>30223802<\/td>\n<\/tr>\n<tr class=\"attribute level2 odd\">\n<td>Cor<\/td>\n<td>Vermelho<\/td>\n<\/tr>\n<tr class=\"attribute level2 even\">\n<td>Modelo<\/td>\n<td>Supreme Care<\/td>\n<\/tr>\n<\/tbody>\n<\/table>\n<\/td>\n<\/tr>\n<tr class=\"attribute level1 even\">\n<td class=\"name\">Tipo de fralda<\/td>\n<td class=\"element\">Beb\u00ea<\/td>\n<\/tr>\n<tr class=\"attribute level1 odd\">\n<td class=\"name\">Tamanho da fralda<\/td>\n<td class=\"element\">XXG<\/td>\n<\/tr>\n<tr class=\"attribute level1 even\">\n<td class=\"name\">Tipo de pacote<\/td>\n<td class=\"element\">Hiper<\/td>\n<\/tr>\n<tr class=\"attribute level1 odd\">\n<td class=\"name\">Descart\u00e1vel<\/td>\n<td class=\"element\">sim<\/td>\n<\/tr>\n<tr class=\"element level1 even\">\n<td class=\"name\">Caracter\u00edsticas e Recursos<\/td>\n<td class=\"element\">\n<table>\n<tbody>\n<tr class=\"attribute level2 odd\">\n<td>Composi\u00e7\u00e3o<\/td>\n<td>Celulose, pol\u00edmero superabsorvente, polipropileno, polietileno, el\u00e1sticos, adesivos, aloe vera e vitamina E. N\u00e3o cont\u00e9m fibras de algod\u00e3o. Componentes at\u00f3xicos n\u00e3o propensos a causar irrita\u00e7\u00e3o em contato com a pele.<\/td>\n<\/tr>\n<tr class=\"attribute level2 even\">\n<td>Benef\u00edcios<\/td>\n<td>Possui a tecnologia Xtra-Flex que ajuda na adapta\u00e7\u00e3o dos movimentos do beb\u00ea.<\/td>\n<\/tr>\n<\/tbody>\n<\/table>\n<\/td>\n<\/tr>\n<tr class=\"element level1 odd\">\n<td class=\"name\">Peso aproximado<\/td>\n<td class=\"element\">\n<table>\n<tbody>\n<tr class=\"attribute level2 odd\">\n<td>Suporta<\/td>\n<td>14 a 18kg<\/td>\n<\/tr>\n<tr class=\"attribute level2 even\">\n<td>\u00a0Peso do produto com embalagem<\/td>\n<td>250gramas<\/td>\n<\/tr>\n<\/tbody>\n<\/table>\n<\/td>\n<\/tr>\n<tr class=\"element level1 even\">\n<td class=\"name\">Dimens\u00f5es da embalagem<\/td>\n<td class=\"element\">\n<table>\n<tbody>\n<tr class=\"attribute level2 odd\">\n<td>\u00a0Largura<\/td>\n<td>27cm<\/td>\n<\/tr>\n<tr class=\"attribute level2 even\">\n<td>\u00a0Altura<\/td>\n<td>24cm<\/td>\n<\/tr>\n<tr class=\"attribute level2 odd\">\n<td>\u00a0Profundidade<\/td>\n<td>22cm<\/td>\n<\/tr>\n<\/tbody>\n<\/table>\n<\/td>\n<\/tr>\n<tr class=\"element level1 odd\">\n<td class=\"name\">Garantia<\/td>\n<td class=\"element\">\n<table>\n<tbody>\n<tr class=\"attribute level2 even\">\n<td>Prazo<\/td>\n<td>30 dias<\/td>\n<\/tr>\n<\/tbody>\n<\/table>\n<\/td>\n<\/tr>\n<tr class=\"attribute level1 even\">\n<td class=\"name\">Quantidade<\/td>\n<td class=\"element\">52 Unidades<\/td>\n<\/tr>\n<\/tbody>\n<\/table>\n<\/div>\n<\/div>\n<\/div>\n<\/div>\n<\/div>\n<\/div>\n<div class=\"row-header\"><\/div>\n<div>Itens inclusos:<\/div>\n<div>\n<div class=\"product\">\n<div class=\"ptabs\">\n<div class=\"product-factsheet \" data-factsheet-id=\"218732200\">\n<div class=\"tab-content\">\n<div id=\"tab-itens-inclusos218732200\" class=\"tab-pane active\">\n<table class=\"tab itens-inclusos\">\n<tbody>\n<tr class=\"attribute level1\">\n<td>&#8211; 01 Pacote de Fraldas<\/td>\n<\/tr>\n<\/tbody>\n<\/table>\n<\/div>\n<\/div>\n<\/div>\n<\/div>\n<\/div>\n<div class=\"row recomm-white-box recomm-cross\">\n<div class=\"row-fluid recomm-content\">\n<div class=\"row-header\"><\/div>\n<\/div>\n<\/div>\n<\/div>\n","protected":false},"excerpt":{"rendered":"<p>Huggies Supreme Care conta com a exclusiva tecnologia Xtra-Flex que mant\u00e9m a fralda ajustada e flex\u00edvel mesmo quando o beb\u00ea estiver em movimento.<\/p>\n","protected":false},"featured_media":3586,"comment_status":"open","ping_status":"closed","template":"","meta":[],"product_brand":[],"product_cat":[605,26,27,606],"product_tag":[],"class_list":{"0":"post-3585","1":"product","2":"type-product","3":"status-publish","4":"has-post-thumbnail","6":"product_cat-lojas","7":"product_cat-bebe-e-infantil","8":"product_cat-fraldas-e-lencos-umidecidos","9":"product_cat-magalu","11":"first","12":"instock","13":"shipping-taxable","14":"product-type-external"},"_links":{"self":[{"href":"https:\/\/barzo.com.br\/shop\/wp-json\/wp\/v2\/product\/3585","targetHints":{"allow":["GET"]}}],"collection":[{"href":"https:\/\/barzo.com.br\/shop\/wp-json\/wp\/v2\/product"}],"about":[{"href":"https:\/\/barzo.com.br\/shop\/wp-json\/wp\/v2\/types\/product"}],"replies":[{"embeddable":true,"href":"https:\/\/barzo.com.br\/shop\/wp-json\/wp\/v2\/comments?post=3585"}],"wp:featuredmedia":[{"embeddable":true,"href":"https:\/\/barzo.com.br\/shop\/wp-json\/wp\/v2\/media\/3586"}],"wp:attachment":[{"href":"https:\/\/barzo.com.br\/shop\/wp-json\/wp\/v2\/media?parent=3585"}],"wp:term":[{"taxonomy":"product_brand","embeddable":true,"href":"https:\/\/barzo.com.br\/shop\/wp-json\/wp\/v2\/product_brand?post=3585"},{"taxonomy":"product_cat","embeddable":true,"href":"https:\/\/barzo.com.br\/shop\/wp-json\/wp\/v2\/product_cat?post=3585"},{"taxonomy":"product_tag","embeddable":true,"href":"https:\/\/barzo.com.br\/shop\/wp-json\/wp\/v2\/product_tag?post=3585"}],"curies":[{"name":"wp","href":"https:\/\/api.w.org\/{rel}","templated":true}]}}