{"id":3578,"date":"2022-12-08T01:56:06","date_gmt":"2022-12-08T04:56:06","guid":{"rendered":"https:\/\/barzo.com.br\/shop\/?post_type=product&#038;p=3578"},"modified":"2022-12-08T01:56:07","modified_gmt":"2022-12-08T04:56:07","slug":"oleo-capilar-elseve-extraordinario-100ml","status":"publish","type":"product","link":"https:\/\/barzo.com.br\/shop\/produto\/oleo-capilar-elseve-extraordinario-100ml\/","title":{"rendered":"\u00d3leo Capilar Elseve Extraordin\u00e1rio 100ml"},"content":{"rendered":"<div class=\"product\">\n<div class=\"ptabs\">\n<div class=\"product-factsheet \" data-factsheet-id=\"210896600\">\n<div class=\"tab-content\">\n<div id=\"tab-descricao210896600\" class=\"tab-pane active\">\n<table class=\"tab descricao\">\n<tbody>\n<tr class=\"attribute level1\">\n<td>\u00d3leo Extraordin\u00e1rio Elseve de Loreal Paris \u00e9 um delicado cosm\u00e9tico milenar, um verdadeiro elixir para a beleza dos cabelos. Sua f\u00f3rmula de \u00d3leo Extraordin\u00e1rio fornece aos cabelos nutri\u00e7\u00e3o, maciez e brilho intenso com um simples gesto. Leve e n\u00e3o gorduroso, o \u00f3leo extraordin\u00e1rio adapta-se \u00e0s necessidades de todo tipo de cabelo.<\/p>\n<p>Benef\u00edcios: O \u00f3leo penetra na fibra, tratando em profundidade.Produz brilho instant\u00e2neo.Protege os fios do secador\/chapinha.Textura leve, 50% vol\u00e1til, \u201c sem pesar\u201d.<\/p>\n<p>Existem diversas maneiras de usar o \u00d3leo Extraordin\u00e1rio de Elseve, escolha a sua:<\/p>\n<p>Antes do Xampu &#8211; Aplique algumas gotas 10 minutos antes de lavar com xmapu para selar as fibras danificadas;A qualquer momento &#8211; aplique algumas gotas nos fios a qualquer momento do dia para um cabelo sem frizz e fios nutridos;<\/p>\n<p>Como Tratamento &#8211; uma vez por semana aplique em todo o cabelo e depois enrole-o em uma toalha morna e \u00famida para que o produto possa penetrar profundamente. Deixe agir por meia hora e enxague com \u00e1gua fria;<\/p>\n<p>Pr\u00e9-escova &#8211; Aplique algumas gotas nos fios \u00famidos, do meio para as pontas antes de usar o secador;Finalizador- Ap\u00f3s a lavagem, espalhe algumas gotas em seu cabelo ainda \u00famido. Desembarace com um pente de dentes largos.<\/td>\n<\/tr>\n<\/tbody>\n<\/table>\n<\/div>\n<\/div>\n<\/div>\n<\/div>\n<\/div>\n<div class=\"row recomm-white-box recomm-cross\"><\/div>\n<div><\/div>\n<div>Ficha T\u00e9cnica:<\/div>\n<div>\n<div class=\"product\">\n<div class=\"ptabs\">\n<div class=\"product-factsheet \" data-factsheet-id=\"210896600\">\n<div class=\"tab-content\">\n<div id=\"tab-ficha-tecnica210896600\" class=\"tab-pane active\">\n<table class=\"tab ficha-tecnica\">\n<tbody>\n<tr class=\"element level1 odd\">\n<td class=\"name\">Informa\u00e7\u00f5es t\u00e9cnicas<\/td>\n<td class=\"element\">\n<table>\n<tbody>\n<tr class=\"attribute level2 odd\">\n<td>Marca<\/td>\n<td>Loreal Paris<\/td>\n<\/tr>\n<tr class=\"attribute level2 even\">\n<td>Refer\u00eancia<\/td>\n<td>25302 100ML.<\/td>\n<\/tr>\n<tr class=\"attribute level2 odd\">\n<td>Modelo<\/td>\n<td>\u00d3leo Extraordin\u00e1rio<\/td>\n<\/tr>\n<tr class=\"attribute level2 even\">\n<td>Linha<\/td>\n<td>Elseve<\/td>\n<\/tr>\n<\/tbody>\n<\/table>\n<\/td>\n<\/tr>\n<tr class=\"attribute level1 even\">\n<td class=\"name\">Ideal para<\/td>\n<td class=\"element\">cabelo<\/td>\n<\/tr>\n<tr class=\"attribute level1 odd\">\n<td class=\"name\">Tipo de tratamento<\/td>\n<td class=\"element\">reconstru\u00e7\u00e3o<\/td>\n<\/tr>\n<tr class=\"attribute level1 even\">\n<td class=\"name\">Conte\u00fado ml<\/td>\n<td class=\"element\">100ml<\/td>\n<\/tr>\n<tr class=\"attribute level1 odd\">\n<td class=\"name\">Conte\u00fado<\/td>\n<td class=\"element\">100 ml.<\/td>\n<\/tr>\n<tr class=\"attribute level1 even\">\n<td class=\"name\">Composi\u00e7\u00e3o<\/td>\n<td class=\"element\">Com sal.<\/td>\n<\/tr>\n<tr class=\"attribute level1 odd\">\n<td class=\"name\">Fun\u00e7\u00e3o<\/td>\n<td class=\"element\">Controle do Frizz, hidrata\u00e7\u00e3o, prote\u00e7\u00e3o t\u00e9rmica, uso frequente.<\/td>\n<\/tr>\n<tr class=\"element level1 even\">\n<td class=\"name\">Garantia<\/td>\n<td class=\"element\">\n<table>\n<tbody>\n<tr class=\"attribute level2 odd\">\n<td>Prazo de garantia<\/td>\n<td>03 meses de garantia legal.<\/td>\n<\/tr>\n<\/tbody>\n<\/table>\n<\/td>\n<\/tr>\n<tr class=\"attribute level1 odd\">\n<td class=\"name\">Registro Anvisa n\u00famero<\/td>\n<td class=\"element\">25351.145202\/2013-53<\/td>\n<\/tr>\n<\/tbody>\n<\/table>\n<\/div>\n<\/div>\n<\/div>\n<\/div>\n<\/div>\n<\/div>\n<div class=\"row recomm-white-box recomm-cross\"><\/div>\n<div>Itens inclusos:<\/div>\n<div>\n<div class=\"product\">\n<div class=\"ptabs\">\n<div class=\"product-factsheet \" data-factsheet-id=\"210896600\">\n<div class=\"tab-content\">\n<div id=\"tab-itens-inclusos210896600\" class=\"tab-pane active\">\n<table class=\"tab itens-inclusos\">\n<tbody>\n<tr class=\"attribute level1\">\n<td>&#8211; 01 Tratamento.<\/td>\n<\/tr>\n<\/tbody>\n<\/table>\n<\/div>\n<\/div>\n<\/div>\n<\/div>\n<\/div>\n<div class=\"row recomm-white-box recomm-cross\"><\/div>\n<\/div>\n","protected":false},"excerpt":{"rendered":"<p>\u00d3leo Extraordin\u00e1rio Elseve de Loreal Paris \u00e9 um delicado cosm\u00e9tico milenar, um verdadeiro elixir para a beleza dos cabelos. Sua f\u00f3rmula de \u00d3leo Extraordin\u00e1rio fornece aos cabelos nutri\u00e7\u00e3o, maciez e brilho intenso com um simples gesto. Leve e n\u00e3o gorduroso, o \u00f3leo extraordin\u00e1rio adapta-se \u00e0s necessidades de todo tipo de cabelo.<\/p>\n","protected":false},"featured_media":3580,"comment_status":"open","ping_status":"closed","template":"","meta":[],"product_brand":[],"product_cat":[605,16,37,442,606,443],"product_tag":[],"class_list":{"0":"post-3578","1":"product","2":"type-product","3":"status-publish","4":"has-post-thumbnail","6":"product_cat-lojas","7":"product_cat-beleza-bem-estar-e-saude","8":"product_cat-cabelos","9":"product_cat-creme-de-pentear-desfrizante-finalizador","10":"product_cat-magalu","11":"product_cat-outros-produtos-para-cabelo","13":"first","14":"instock","15":"shipping-taxable","16":"product-type-external"},"_links":{"self":[{"href":"https:\/\/barzo.com.br\/shop\/wp-json\/wp\/v2\/product\/3578","targetHints":{"allow":["GET"]}}],"collection":[{"href":"https:\/\/barzo.com.br\/shop\/wp-json\/wp\/v2\/product"}],"about":[{"href":"https:\/\/barzo.com.br\/shop\/wp-json\/wp\/v2\/types\/product"}],"replies":[{"embeddable":true,"href":"https:\/\/barzo.com.br\/shop\/wp-json\/wp\/v2\/comments?post=3578"}],"wp:featuredmedia":[{"embeddable":true,"href":"https:\/\/barzo.com.br\/shop\/wp-json\/wp\/v2\/media\/3580"}],"wp:attachment":[{"href":"https:\/\/barzo.com.br\/shop\/wp-json\/wp\/v2\/media?parent=3578"}],"wp:term":[{"taxonomy":"product_brand","embeddable":true,"href":"https:\/\/barzo.com.br\/shop\/wp-json\/wp\/v2\/product_brand?post=3578"},{"taxonomy":"product_cat","embeddable":true,"href":"https:\/\/barzo.com.br\/shop\/wp-json\/wp\/v2\/product_cat?post=3578"},{"taxonomy":"product_tag","embeddable":true,"href":"https:\/\/barzo.com.br\/shop\/wp-json\/wp\/v2\/product_tag?post=3578"}],"curies":[{"name":"wp","href":"https:\/\/api.w.org\/{rel}","templated":true}]}}