{"id":3576,"date":"2022-12-08T01:49:04","date_gmt":"2022-12-08T04:49:04","guid":{"rendered":"https:\/\/barzo.com.br\/shop\/?post_type=product&#038;p=3576"},"modified":"2022-12-08T01:49:04","modified_gmt":"2022-12-08T04:49:04","slug":"conjunto-de-utensilios-inox-brinox-preparo-top-pratic-13-pecas","status":"publish","type":"product","link":"https:\/\/barzo.com.br\/shop\/produto\/conjunto-de-utensilios-inox-brinox-preparo-top-pratic-13-pecas\/","title":{"rendered":"Conjunto de Utens\u00edlios Inox Brinox &#8211; Preparo Top Pratic 13 Pe\u00e7as"},"content":{"rendered":"<div class=\"product\">\n<div class=\"ptabs\">\n<div class=\"product-factsheet \" data-factsheet-id=\"143396700\">\n<div class=\"tab-content\">\n<div id=\"tab-descricao143396700\" class=\"tab-pane active\">\n<table class=\"tab descricao\">\n<tbody>\n<tr class=\"attribute level1\">\n<td>A cozinha \u00e9 o espa\u00e7o mais frequentado em uma casa, seja pelos especialistas na arte de cozinhar ou aqueles que apenas se deliciam com as receitas. Por isso, al\u00e9m de contar com um ambiente que represente a personalidade dos moradores da casa, \u00e9 importante que o espa\u00e7o contenha os utens\u00edlios corretos para colocar a m\u00e3o na massa. O conjunto de utens\u00edlios Preparo Top Pratic da Brinox \u00e9 o que faltava para deixar a sua cozinha completa. S\u00e3o 13 pe\u00e7as fabricadas em inox de uma beleza inigual\u00e1vel que v\u00e3o te ajudar na prepara\u00e7\u00e3o de saborosas receitas.<\/td>\n<\/tr>\n<\/tbody>\n<\/table>\n<\/div>\n<\/div>\n<\/div>\n<\/div>\n<\/div>\n<div class=\"row-header\"><\/div>\n<div>Ficha T\u00e9cnica:<\/div>\n<div>\n<div class=\"product\">\n<div class=\"ptabs\">\n<div class=\"product-factsheet \" data-factsheet-id=\"143396700\">\n<div class=\"tab-content\">\n<div id=\"tab-ficha-tecnica143396700\" class=\"tab-pane active\">\n<table class=\"tab ficha-tecnica\">\n<tbody>\n<tr class=\"attribute level1 odd\">\n<td class=\"name\">Marca<\/td>\n<td class=\"element\">Brinox<\/td>\n<\/tr>\n<tr class=\"attribute level1 even\">\n<td class=\"name\">Informa\u00e7\u00f5es t\u00e9cnicas &#8211; Refer\u00eancia<\/td>\n<td class=\"element\">2202\/180<\/td>\n<\/tr>\n<tr class=\"attribute level1 odd\">\n<td class=\"name\">Informa\u00e7\u00f5es t\u00e9cnicas &#8211; Modelo<\/td>\n<td class=\"element\">Preparo Top Pratic<\/td>\n<\/tr>\n<tr class=\"attribute level1 even\">\n<td class=\"name\">Material<\/td>\n<td class=\"element\">Tampa pl\u00e1stica em PP+LDPE (Polipropileno e Polietileno de baixa densidade) e Inox<\/td>\n<\/tr>\n<tr class=\"attribute level1 odd\">\n<td class=\"name\">Cor<\/td>\n<td class=\"element\">Inox<\/td>\n<\/tr>\n<tr class=\"attribute level1 even\">\n<td class=\"name\">Quantidade de pe\u00e7as<\/td>\n<td class=\"element\">13 pe\u00e7as<\/td>\n<\/tr>\n<tr class=\"attribute level1 odd\">\n<td class=\"name\">Composi\u00e7\u00e3o<\/td>\n<td class=\"element\">&#8211; 3 Tigelas multiuso<br \/>\n&#8211; 1 Tampa pl\u00e1stica<br \/>\n&#8211; 4 Medidores (tipo x\u00edcara)<br \/>\n&#8211; 4 Medidores (tipo colheres)<br \/>\n&#8211; 1 Batedor manual<\/td>\n<\/tr>\n<tr class=\"attribute level1 even\">\n<td class=\"name\">Tamanho<\/td>\n<td class=\"element\">&#8211; 1 Tigela: 18x9cm<br \/>\n&#8211; 1 Tigela: 21,5&#215;10,8cm<br \/>\n&#8211; 1 Tigela: 26&#215;13,5cm<br \/>\n&#8211; 1 Tampa: 21,8x1cm<br \/>\n&#8211; 1 Batedor manual: 25x6cm<\/td>\n<\/tr>\n<tr class=\"attribute level1 odd\">\n<td class=\"name\">Instru\u00e7\u00f5es de lavagem<\/td>\n<td class=\"element\">Limpar e secar com material n\u00e3o abrasivo para reter o brilho e polir<\/td>\n<\/tr>\n<tr class=\"attribute level1 even\">\n<td class=\"name\">Capacidade<\/td>\n<td class=\"element\">&#8211; 1 Tigela: 1,2L<br \/>\n&#8211; 1 Tigela: 2L<br \/>\n&#8211; 1 Tigela: 4L<br \/>\n&#8211; 4 Medidores (tipo x\u00edcara): 60, 80, 120 e 240ml<br \/>\n&#8211; 4 Medidores (tipo colher): 1,25, 2,5, 5 e 15ml<\/td>\n<\/tr>\n<tr class=\"attribute level1 odd\">\n<td class=\"name\">Peso aproximado &#8211; Peso do produto com embalagem<\/td>\n<td class=\"element\">728g<\/td>\n<\/tr>\n<tr class=\"attribute level1 even\">\n<td class=\"name\">Dimens\u00f5es do produto com embalagem &#8211; Dimens\u00f5es da embalagem<\/td>\n<td class=\"element\">Largura: 26,5cm<br \/>\nAltura: 13,3cm<br \/>\nProfundidade: 26,5cm<\/td>\n<\/tr>\n<tr class=\"attribute level1 odd\">\n<td class=\"name\">Garantia &#8211; Prazo de garantia<\/td>\n<td class=\"element\">06 meses (3 meses de garantia legal e mais 3 meses de garantia especial concedida pelo fabricante).<\/td>\n<\/tr>\n<tr class=\"attribute level1 even\">\n<td class=\"name\">SAC do fabricante<\/td>\n<td class=\"element\">sac@grupobrinox.com.br<\/td>\n<\/tr>\n<tr class=\"attribute level1 odd\">\n<td class=\"name\">Conte\u00fado da embalagem<\/td>\n<td class=\"element\">1 Conjunto de utens\u00edlios<\/td>\n<\/tr>\n<\/tbody>\n<\/table>\n<\/div>\n<\/div>\n<\/div>\n<\/div>\n<\/div>\n<div class=\"row recomm-white-box recomm-cross\">\n<div class=\"row-fluid recomm-content\">\n<div class=\"row-header\"><\/div>\n<\/div>\n<\/div>\n<\/div>\n","protected":false},"excerpt":{"rendered":"<p>A cozinha \u00e9 o espa\u00e7o mais frequentado em uma casa, seja pelos especialistas na arte de cozinhar ou aqueles que apenas se deliciam com as receitas. Por isso, al\u00e9m de contar com um ambiente que represente a personalidade dos moradores da casa, \u00e9 importante que o espa\u00e7o contenha os utens\u00edlios corretos para colocar a m\u00e3o na massa.<\/p>\n","protected":false},"featured_media":3577,"comment_status":"open","ping_status":"closed","template":"","meta":[],"product_brand":[],"product_cat":[605,606,147,127],"product_tag":[],"class_list":{"0":"post-3576","1":"product","2":"type-product","3":"status-publish","4":"has-post-thumbnail","6":"product_cat-lojas","7":"product_cat-magalu","8":"product_cat-utensilios-e-acessorios-domesticos","9":"product_cat-utilidades-domesticas","11":"first","12":"instock","13":"shipping-taxable","14":"product-type-external"},"_links":{"self":[{"href":"https:\/\/barzo.com.br\/shop\/wp-json\/wp\/v2\/product\/3576","targetHints":{"allow":["GET"]}}],"collection":[{"href":"https:\/\/barzo.com.br\/shop\/wp-json\/wp\/v2\/product"}],"about":[{"href":"https:\/\/barzo.com.br\/shop\/wp-json\/wp\/v2\/types\/product"}],"replies":[{"embeddable":true,"href":"https:\/\/barzo.com.br\/shop\/wp-json\/wp\/v2\/comments?post=3576"}],"wp:featuredmedia":[{"embeddable":true,"href":"https:\/\/barzo.com.br\/shop\/wp-json\/wp\/v2\/media\/3577"}],"wp:attachment":[{"href":"https:\/\/barzo.com.br\/shop\/wp-json\/wp\/v2\/media?parent=3576"}],"wp:term":[{"taxonomy":"product_brand","embeddable":true,"href":"https:\/\/barzo.com.br\/shop\/wp-json\/wp\/v2\/product_brand?post=3576"},{"taxonomy":"product_cat","embeddable":true,"href":"https:\/\/barzo.com.br\/shop\/wp-json\/wp\/v2\/product_cat?post=3576"},{"taxonomy":"product_tag","embeddable":true,"href":"https:\/\/barzo.com.br\/shop\/wp-json\/wp\/v2\/product_tag?post=3576"}],"curies":[{"name":"wp","href":"https:\/\/api.w.org\/{rel}","templated":true}]}}