{"id":3574,"date":"2022-12-08T01:42:40","date_gmt":"2022-12-08T04:42:40","guid":{"rendered":"https:\/\/barzo.com.br\/shop\/?post_type=product&#038;p=3574"},"modified":"2022-12-08T01:42:40","modified_gmt":"2022-12-08T04:42:40","slug":"jogo-de-copos-de-vidro-300ml-6-pecas-nadir-oca-long-drink","status":"publish","type":"product","link":"https:\/\/barzo.com.br\/shop\/produto\/jogo-de-copos-de-vidro-300ml-6-pecas-nadir-oca-long-drink\/","title":{"rendered":"Jogo de Copos de Vidro 300ml 6 Pe\u00e7as Nadir &#8211; Oca Long Drink"},"content":{"rendered":"<div class=\"product\">\n<div class=\"ptabs\">\n<div class=\"product-factsheet \" data-factsheet-id=\"142260600\">\n<div class=\"tab-content\">\n<div id=\"tab-descricao142260600\" class=\"tab-pane active\">\n<table class=\"tab descricao\">\n<tbody>\n<tr class=\"attribute level1\">\n<td>O jogo de copos de vidro Oca Long Drink Nadir traz durabilidade e eleg\u00e2ncia \u00e0 simplicidade dos copos que nos acompanham no dia a dia da cozinha e sala de jantar.<\/p>\n<p>O conjunto cont\u00e9m 06 pe\u00e7as id\u00eanticas que podem ser utilizadas para qualquer tipo de l\u00edquido, quente ou frio, com a capacidade de 300ml cada. S\u00e3o f\u00e1ceis de limpar, podendo at\u00e9 mesmo serem lavados em m\u00e1quina lava-lou\u00e7as.<\/td>\n<\/tr>\n<\/tbody>\n<\/table>\n<\/div>\n<\/div>\n<\/div>\n<\/div>\n<\/div>\n<div class=\"row-header\"><\/div>\n<div>Ficha T\u00e9cnica:<\/div>\n<div>\n<div class=\"product\">\n<div class=\"ptabs\">\n<div class=\"product-factsheet \" data-factsheet-id=\"142260600\">\n<div class=\"tab-content\">\n<div id=\"tab-ficha-tecnica142260600\" class=\"tab-pane active\">\n<table class=\"tab ficha-tecnica\">\n<tbody>\n<tr class=\"attribute level1 odd\">\n<td class=\"name\">Marca<\/td>\n<td class=\"element\">Nadir<\/td>\n<\/tr>\n<tr class=\"attribute level1 even\">\n<td class=\"name\">Refer\u00eancia<\/td>\n<td class=\"element\">77290201144452<\/td>\n<\/tr>\n<tr class=\"attribute level1 odd\">\n<td class=\"name\">Modelo<\/td>\n<td class=\"element\">Long Drink<\/td>\n<\/tr>\n<tr class=\"attribute level1 even\">\n<td class=\"name\">Linha<\/td>\n<td class=\"element\">Oca<\/td>\n<\/tr>\n<tr class=\"attribute level1 odd\">\n<td class=\"name\">Material<\/td>\n<td class=\"element\">Vidro soda-cal<\/td>\n<\/tr>\n<tr class=\"attribute level1 even\">\n<td class=\"name\">Capacidade<\/td>\n<td class=\"element\">300ml<\/td>\n<\/tr>\n<tr class=\"attribute level1 odd\">\n<td class=\"name\">Quantidade de pe\u00e7as<\/td>\n<td class=\"element\">06<\/td>\n<\/tr>\n<tr class=\"attribute level1 even\">\n<td class=\"name\">Cor<\/td>\n<td class=\"element\">Incolor<\/td>\n<\/tr>\n<tr class=\"attribute level1 odd\">\n<td class=\"name\">Pode ir &#8211; \u00c0 lava-lou\u00e7as<\/td>\n<td class=\"element\">Sim<\/td>\n<\/tr>\n<tr class=\"attribute level1 even\">\n<td class=\"name\">Instru\u00e7\u00f5es de lavagem<\/td>\n<td class=\"element\">Para lavar utilize o lado macio da esponja e escolha detergentes neutros, evitando abrasivos, como palha de a\u00e7o e sapon\u00e1ceos, ou produtos de limpeza com alto teor de soda. Isso evita pequenos arranh\u00f5es que, com o tempo, deixam o vidro mais fosco e fr\u00e1gil. Para limpar sujeiras mais resistentes, coloque \u00e1gua morna com detergente neutro e deixe de molho por um tempo. Em seguida, lave com o lado macio da esponja.<\/td>\n<\/tr>\n<tr class=\"attribute level1 odd\">\n<td class=\"name\">Dimens\u00f5es do produto &#8211; Largura<\/td>\n<td class=\"element\">6,6cm<\/td>\n<\/tr>\n<tr class=\"attribute level1 even\">\n<td class=\"name\">Dimens\u00f5es do produto &#8211; Altura<\/td>\n<td class=\"element\">12,5cm<\/td>\n<\/tr>\n<tr class=\"attribute level1 odd\">\n<td class=\"name\">Dimens\u00f5es do produto &#8211; Profundidade<\/td>\n<td class=\"element\">6,6cm<\/td>\n<\/tr>\n<tr class=\"attribute level1 even\">\n<td class=\"name\">Peso do produto<\/td>\n<td class=\"element\">16 gramas<\/td>\n<\/tr>\n<tr class=\"attribute level1 odd\">\n<td class=\"name\">Dimens\u00f5es do produto com embalagem &#8211; Largura<\/td>\n<td class=\"element\">13,6cm<\/td>\n<\/tr>\n<tr class=\"attribute level1 even\">\n<td class=\"name\">Dimens\u00f5es do produto com embalagem &#8211; Altura<\/td>\n<td class=\"element\">12,9cm<\/td>\n<\/tr>\n<tr class=\"attribute level1 odd\">\n<td class=\"name\">Dimens\u00f5es do produto com embalagem &#8211; Profundidade<\/td>\n<td class=\"element\">23,9cm<\/td>\n<\/tr>\n<tr class=\"attribute level1 even\">\n<td class=\"name\">Peso do produto com embalagem<\/td>\n<td class=\"element\">1kg<\/td>\n<\/tr>\n<tr class=\"attribute level1 odd\">\n<td class=\"name\">Prazo de garantia<\/td>\n<td class=\"element\">03 meses de garantia legal.<\/td>\n<\/tr>\n<tr class=\"attribute level1 even\">\n<td class=\"name\">Conte\u00fado da embalagem<\/td>\n<td class=\"element\">&#8211; 06 Copos<\/td>\n<\/tr>\n<\/tbody>\n<\/table>\n<\/div>\n<\/div>\n<\/div>\n<\/div>\n<\/div>\n<div class=\"row recomm-white-box recomm-cross\">\n<div class=\"row-fluid recomm-content\">\n<div class=\"row-header\"><\/div>\n<\/div>\n<\/div>\n<\/div>\n","protected":false},"excerpt":{"rendered":"<p>O jogo de copos de vidro Oca Long Drink Nadir traz durabilidade e eleg\u00e2ncia \u00e0 simplicidade dos copos que nos acompanham no dia a dia da cozinha e sala de jantar&#8230;<\/p>\n","protected":false},"featured_media":3575,"comment_status":"open","ping_status":"closed","template":"","meta":[],"product_brand":[],"product_cat":[605,139,606,127],"product_tag":[],"class_list":{"0":"post-3574","1":"product","2":"type-product","3":"status-publish","4":"has-post-thumbnail","6":"product_cat-lojas","7":"product_cat-copos-tacas-e-canecas","8":"product_cat-magalu","9":"product_cat-utilidades-domesticas","11":"first","12":"instock","13":"shipping-taxable","14":"product-type-external"},"_links":{"self":[{"href":"https:\/\/barzo.com.br\/shop\/wp-json\/wp\/v2\/product\/3574","targetHints":{"allow":["GET"]}}],"collection":[{"href":"https:\/\/barzo.com.br\/shop\/wp-json\/wp\/v2\/product"}],"about":[{"href":"https:\/\/barzo.com.br\/shop\/wp-json\/wp\/v2\/types\/product"}],"replies":[{"embeddable":true,"href":"https:\/\/barzo.com.br\/shop\/wp-json\/wp\/v2\/comments?post=3574"}],"wp:featuredmedia":[{"embeddable":true,"href":"https:\/\/barzo.com.br\/shop\/wp-json\/wp\/v2\/media\/3575"}],"wp:attachment":[{"href":"https:\/\/barzo.com.br\/shop\/wp-json\/wp\/v2\/media?parent=3574"}],"wp:term":[{"taxonomy":"product_brand","embeddable":true,"href":"https:\/\/barzo.com.br\/shop\/wp-json\/wp\/v2\/product_brand?post=3574"},{"taxonomy":"product_cat","embeddable":true,"href":"https:\/\/barzo.com.br\/shop\/wp-json\/wp\/v2\/product_cat?post=3574"},{"taxonomy":"product_tag","embeddable":true,"href":"https:\/\/barzo.com.br\/shop\/wp-json\/wp\/v2\/product_tag?post=3574"}],"curies":[{"name":"wp","href":"https:\/\/api.w.org\/{rel}","templated":true}]}}