{"id":3570,"date":"2022-12-08T01:29:18","date_gmt":"2022-12-08T04:29:18","guid":{"rendered":"https:\/\/barzo.com.br\/shop\/?post_type=product&#038;p=3570"},"modified":"2022-12-08T01:38:33","modified_gmt":"2022-12-08T04:38:33","slug":"escova-secadora-mondial-ceramica-1200w-com-ions-3-velocidades-golden-rose-es-02","status":"publish","type":"product","link":"https:\/\/barzo.com.br\/shop\/produto\/escova-secadora-mondial-ceramica-1200w-com-ions-3-velocidades-golden-rose-es-02\/","title":{"rendered":"Escova Secadora Mondial Cer\u00e2mica 1200W &#8211; com \u00cdons 3 Velocidades Golden Rose ES-02"},"content":{"rendered":"<div class=\"product\">\n<div class=\"ptabs\">\n<div class=\"product-factsheet \" data-factsheet-id=\"108508600\">\n<div class=\"tab-content\">\n<div id=\"tab-descricao108508600\" class=\"tab-pane active\">\n<table class=\"tab descricao\">\n<tbody>\n<tr class=\"attribute level1\">\n<td>Com a Escova Secadora 1200W Golden Rose ES-02 da Mondial, nunca foi t\u00e3o f\u00e1cil deixar o seu cabelo pronto para qualquer ocasi\u00e3o. Voc\u00ea pode sair de casa como sairia de um sal\u00e3o de beleza, pois gra\u00e7as \u00e0 sua rota\u00e7\u00e3o de 360oC n\u00e3o ser\u00e1 dif\u00edcil produzir um penteado sozinha.<\/p>\n<p>Ela possui 3 velocidades diferentes, controle de temperatura e tecnologias como revestimento cer\u00e2mico, que distribui o calor de maneira uniforme, garantindo uma maior prote\u00e7\u00e3o e mais rapidez para secar e modelar seu cabelo, enquanto emite \u00edons negativos, que selam a cut\u00edcula dos fios, eliminando o indesejado efeito arrepiado (frizz), proporcionando mais brilho e maciez para te deixar com cabelo de capa de revista. Tenha cabelos perfeitos e cut\u00edculas super alinhadas em poucos minutos. Alta tecnologia em apenas um movimento, com um design revolucion\u00e1rio que conta com sa\u00eddas de ar e fluxo intenso, cerdas mistas flex\u00edveis com pontas arrendondadas que deslizam suavemente desembara\u00e7ando e alinhando os fios sem danific\u00e1-los.<\/p>\n<p>Seu visual impec\u00e1vel!<\/p>\n<p>ATEN\u00c7\u00c3O: ESSE MODELO N\u00c3O \u00c9 UMA ESCOVA ROTATIVA.<\/td>\n<\/tr>\n<\/tbody>\n<\/table>\n<\/div>\n<\/div>\n<\/div>\n<\/div>\n<\/div>\n<div class=\"row recomm-white-box recomm-cross\"><\/div>\n<div><\/div>\n<div>Ficha T\u00e9cnica:<\/div>\n<div>\n<div class=\"product\">\n<div class=\"ptabs\">\n<div class=\"product-factsheet \" data-factsheet-id=\"108508600\">\n<div class=\"tab-content\">\n<div id=\"tab-ficha-tecnica108508600\" class=\"tab-pane active\">\n<table class=\"tab ficha-tecnica\">\n<tbody>\n<tr class=\"element level1 odd\">\n<td class=\"name\">Informa\u00e7\u00f5es t\u00e9cnicas<\/td>\n<td class=\"element\">\n<table>\n<tbody>\n<tr class=\"attribute level2 odd\">\n<td>Marca<\/td>\n<td>Mondial<\/td>\n<\/tr>\n<tr class=\"attribute level2 even\">\n<td>Refer\u00eancia<\/td>\n<td>4585-02<\/td>\n<\/tr>\n<tr class=\"attribute level2 odd\">\n<td>Cor<\/td>\n<td>Golden Rose<\/td>\n<\/tr>\n<tr class=\"attribute level2 even\">\n<td>Modelo<\/td>\n<td>ES-02<\/td>\n<\/tr>\n<tr class=\"attribute level2 odd\">\n<td>Linha<\/td>\n<td>Golden Rose<\/td>\n<\/tr>\n<\/tbody>\n<\/table>\n<\/td>\n<\/tr>\n<tr class=\"attribute level1 even\">\n<td class=\"name\">Pot\u00eancia<\/td>\n<td class=\"element\">1200W<\/td>\n<\/tr>\n<tr class=\"attribute level1 odd\">\n<td class=\"name\">N\u00edveis de velocidade<\/td>\n<td class=\"element\">03 &#8211; M\u00ednima, m\u00e9dia e m\u00e1xima<\/td>\n<\/tr>\n<tr class=\"element level1 even\">\n<td class=\"name\">Material<\/td>\n<td class=\"element\">\n<table>\n<tbody>\n<tr class=\"attribute level2 even\">\n<td>Material do corpo<\/td>\n<td>Polipropileno<\/td>\n<\/tr>\n<\/tbody>\n<\/table>\n<\/td>\n<\/tr>\n<tr class=\"element level1 odd\">\n<td class=\"name\">Tecnologia<\/td>\n<td class=\"element\">\n<table>\n<tbody>\n<tr class=\"attribute level2 odd\">\n<td>Cer\u00e2mica<\/td>\n<td>Sim<\/td>\n<\/tr>\n<tr class=\"attribute level2 even\">\n<td>\u00cdons<\/td>\n<td>Sim &#8211; emite \u00edons negativos que selam a cut\u00edcula dos fios, eliminando o efeito arrepiado (frizz) e proporcionando mais brilho e maciez.<\/td>\n<\/tr>\n<\/tbody>\n<\/table>\n<\/td>\n<\/tr>\n<tr class=\"attribute level1 even\">\n<td class=\"name\">Funcionamento<\/td>\n<td class=\"element\">Com fio<\/td>\n<\/tr>\n<tr class=\"attribute level1 odd\">\n<td class=\"name\">Aprovado pelo INMETRO<\/td>\n<td class=\"element\">BRA 16\/04131<\/td>\n<\/tr>\n<tr class=\"attribute level1 even\">\n<td class=\"name\">Precau\u00e7\u00f5es<\/td>\n<td class=\"element\">Sempre armazene seu aparelho em uma superf\u00edcie plana, firme, limpa e seca, longe do alcance de crian\u00e7as e livre de poeira e umidade.<\/td>\n<\/tr>\n<tr class=\"attribute level1 odd\">\n<td class=\"name\">Comprimento do fio<\/td>\n<td class=\"element\">1,7M<\/td>\n<\/tr>\n<tr class=\"element level1 even\">\n<td class=\"name\">Energia<\/td>\n<td class=\"element\">\n<table>\n<tbody>\n<tr class=\"attribute level2 odd\">\n<td>Alimenta\u00e7\u00e3o<\/td>\n<td>220 Volts<\/td>\n<\/tr>\n<tr class=\"attribute level2 even\">\n<td>Consumo aproximado de energia<\/td>\n<td>1,2kW\/h<\/td>\n<\/tr>\n<\/tbody>\n<\/table>\n<\/td>\n<\/tr>\n<tr class=\"element level1 odd\">\n<td class=\"name\">Peso aproximado<\/td>\n<td class=\"element\">\n<table>\n<tbody>\n<tr class=\"attribute level2 odd\">\n<td>\u00a0Peso do produto<\/td>\n<td>480 gramas<\/td>\n<\/tr>\n<tr class=\"attribute level2 even\">\n<td>\u00a0Peso do produto com embalagem<\/td>\n<td>565 gramas<\/td>\n<\/tr>\n<\/tbody>\n<\/table>\n<\/td>\n<\/tr>\n<tr class=\"element level1 even\">\n<td class=\"name\">Dimens\u00f5es do produto<\/td>\n<td class=\"element\">\n<table>\n<tbody>\n<tr class=\"attribute level2 odd\">\n<td>\u00a0Largura<\/td>\n<td>39cm<\/td>\n<\/tr>\n<tr class=\"attribute level2 even\">\n<td>\u00a0Altura<\/td>\n<td>8,5cm<\/td>\n<\/tr>\n<tr class=\"attribute level2 odd\">\n<td>\u00a0Profundidade<\/td>\n<td>11cm<\/td>\n<\/tr>\n<\/tbody>\n<\/table>\n<\/td>\n<\/tr>\n<tr class=\"element level1 odd\">\n<td class=\"name\">Dimens\u00f5es da embalagem<\/td>\n<td class=\"element\">\n<table>\n<tbody>\n<tr class=\"attribute level2 even\">\n<td>\u00a0Largura<\/td>\n<td>36,4cm<\/td>\n<\/tr>\n<tr class=\"attribute level2 odd\">\n<td>\u00a0Altura<\/td>\n<td>10cm<\/td>\n<\/tr>\n<tr class=\"attribute level2 even\">\n<td>\u00a0Profundidade<\/td>\n<td>8,4cm<\/td>\n<\/tr>\n<\/tbody>\n<\/table>\n<\/td>\n<\/tr>\n<tr class=\"element level1 even\">\n<td class=\"name\">Garantia<\/td>\n<td class=\"element\">\n<table>\n<tbody>\n<tr class=\"attribute level2 odd\">\n<td>Prazo<\/td>\n<td>01 ano (3 meses de garantia legal e mais 9 meses de garantia especial concedida pelo fabricante).<\/td>\n<\/tr>\n<\/tbody>\n<\/table>\n<\/td>\n<\/tr>\n<tr class=\"attribute level1 odd\">\n<td class=\"name\">SAC do fornecedor (E-mail)<\/td>\n<td class=\"element\">sac@mondialline.com.br<\/td>\n<\/tr>\n<tr class=\"attribute level1 even\">\n<td class=\"name\">Tipo de motor<\/td>\n<td class=\"element\">DC<\/td>\n<\/tr>\n<tr class=\"attribute level1 odd\">\n<td class=\"name\">Seca e modela<\/td>\n<td class=\"element\">Sim<\/td>\n<\/tr>\n<tr class=\"attribute level1 even\">\n<td class=\"name\">Termostato de seguran\u00e7a<\/td>\n<td class=\"element\">Sim &#8211; o termostato \u00e9 um regulador de temperatura que ir\u00e1 desligar o aparelho se aquecer acima do permitido. Se isso acontecer, desligue o aparelho e aguarde alguns minutos. Antes de voltar a ligar, verifique se a entrada de ar n\u00e3o est\u00e1 obstru\u00edda.<\/td>\n<\/tr>\n<tr class=\"attribute level1 odd\">\n<td class=\"name\">Cabo dobr\u00e1vel<\/td>\n<td class=\"element\">Sim<\/td>\n<\/tr>\n<tr class=\"attribute level1 even\">\n<td class=\"name\">Argola para pendurar<\/td>\n<td class=\"element\">Sim<\/td>\n<\/tr>\n<\/tbody>\n<\/table>\n<\/div>\n<\/div>\n<\/div>\n<\/div>\n<\/div>\n<\/div>\n<div><\/div>\n<div class=\"row-header\">Itens Inclusos:<\/div>\n<div>\n<div class=\"product\">\n<div class=\"ptabs\">\n<div class=\"product-factsheet \" data-factsheet-id=\"108508600\">\n<div class=\"tab-content\">\n<div id=\"tab-itens-inclusos108508600\" class=\"tab-pane active\">\n<table class=\"tab itens-inclusos\">\n<tbody>\n<tr class=\"attribute level1\">\n<td>&#8211; 01 Secadora<br \/>\n&#8211; Manual de instru\u00e7\u00f5es<br \/>\n&#8211; Manual de assist\u00eancia t\u00e9cnica<\/td>\n<\/tr>\n<\/tbody>\n<\/table>\n<\/div>\n<\/div>\n<\/div>\n<\/div>\n<\/div>\n<div class=\"row recomm-white-box recomm-cross\">\n<div class=\"row-fluid recomm-content\">\n<div class=\"row-header\"><\/div>\n<\/div>\n<\/div>\n<\/div>\n","protected":false},"excerpt":{"rendered":"<p>Com a Escova Secadora 1200W Golden Rose ES-02 da Mondial, nunca foi t\u00e3o f\u00e1cil deixar o seu cabelo pronto para qualquer ocasi\u00e3o. Voc\u00ea pode sair de casa como sairia de um sal\u00e3o de beleza, pois gra\u00e7as \u00e0 sua rota\u00e7\u00e3o de 360oC n\u00e3o ser\u00e1 dif\u00edcil produzir um penteado sozinha. Ela possui 3 velocidades diferentes, controle de [&hellip;]<\/p>\n","protected":false},"featured_media":3571,"comment_status":"open","ping_status":"closed","template":"","meta":[],"product_brand":[],"product_cat":[605,16,433,606,420],"product_tag":[],"class_list":{"0":"post-3570","1":"product","2":"type-product","3":"status-publish","4":"has-post-thumbnail","6":"product_cat-lojas","7":"product_cat-beleza-bem-estar-e-saude","8":"product_cat-escovas-e-modeladores","9":"product_cat-magalu","10":"product_cat-salao-de-beleza-e-estetica","12":"first","13":"instock","14":"shipping-taxable","15":"product-type-external"},"_links":{"self":[{"href":"https:\/\/barzo.com.br\/shop\/wp-json\/wp\/v2\/product\/3570","targetHints":{"allow":["GET"]}}],"collection":[{"href":"https:\/\/barzo.com.br\/shop\/wp-json\/wp\/v2\/product"}],"about":[{"href":"https:\/\/barzo.com.br\/shop\/wp-json\/wp\/v2\/types\/product"}],"replies":[{"embeddable":true,"href":"https:\/\/barzo.com.br\/shop\/wp-json\/wp\/v2\/comments?post=3570"}],"wp:featuredmedia":[{"embeddable":true,"href":"https:\/\/barzo.com.br\/shop\/wp-json\/wp\/v2\/media\/3571"}],"wp:attachment":[{"href":"https:\/\/barzo.com.br\/shop\/wp-json\/wp\/v2\/media?parent=3570"}],"wp:term":[{"taxonomy":"product_brand","embeddable":true,"href":"https:\/\/barzo.com.br\/shop\/wp-json\/wp\/v2\/product_brand?post=3570"},{"taxonomy":"product_cat","embeddable":true,"href":"https:\/\/barzo.com.br\/shop\/wp-json\/wp\/v2\/product_cat?post=3570"},{"taxonomy":"product_tag","embeddable":true,"href":"https:\/\/barzo.com.br\/shop\/wp-json\/wp\/v2\/product_tag?post=3570"}],"curies":[{"name":"wp","href":"https:\/\/api.w.org\/{rel}","templated":true}]}}