{"id":3568,"date":"2022-12-08T01:23:45","date_gmt":"2022-12-08T04:23:45","guid":{"rendered":"https:\/\/barzo.com.br\/shop\/?post_type=product&#038;p=3568"},"modified":"2022-12-08T01:30:45","modified_gmt":"2022-12-08T04:30:45","slug":"travesseiro-ortobom-de-cabeca-poliester-napoles","status":"publish","type":"product","link":"https:\/\/barzo.com.br\/shop\/produto\/travesseiro-ortobom-de-cabeca-poliester-napoles\/","title":{"rendered":"Travesseiro Ortobom de Cabe\u00e7a Poli\u00e9ster N\u00e1poles 50cm"},"content":{"rendered":"<div class=\"product\">\n<div class=\"ptabs\">\n<div class=\"product-factsheet \" data-factsheet-id=\"124400100\">\n<div class=\"tab-content\">\n<div id=\"tab-descricao124400100\" class=\"tab-pane active\">\n<table class=\"tab descricao\">\n<tbody>\n<tr class=\"attribute level1\">\n<td>Cansado, ap\u00f3s um dia de intenso trabalho, o que qualquer um deseja ap\u00f3s um banho \u00e9 uma boa noite de sono, sem barulho, com a luz apagada, em um ambiente confort\u00e1vel e relaxante. Dessa forma, come\u00e7amos o dia de bom humor e com as energias repostas. O travesseiro \u00e9 um fator que pode interferir na qualidade do sono, isso se for escolhido e usado adequadamente. Dependendo da forma como \u00e9 utilizado, \u00e9 fundamental para manter a coluna saud\u00e1vel por alinhar a coluna cervical com o tronco, permitindo a circula\u00e7\u00e3o sangu\u00ednea e os est\u00edmulos el\u00e9tricos do c\u00e9rebro ao corpo. Sabendo disso a Ortobom conta com produtos de qualidade, o modelo N\u00e1poles \u00e9 feito em poli\u00e9ster e vai te proporcional \u00f3timas noites de sono. Al\u00e9m disso, o travesseiro \u00e9 Antial\u00e9rgico e Inodoro.<\/td>\n<\/tr>\n<\/tbody>\n<\/table>\n<\/div>\n<\/div>\n<\/div>\n<\/div>\n<\/div>\n<div><\/div>\n<div><\/div>\n<div>Ficha T\u00e9cnica:<\/div>\n<div>\n<table class=\"tab ficha-tecnica\">\n<tbody>\n<tr class=\"attribute level1 odd\">\n<td class=\"name\">Marca<\/td>\n<td class=\"element\">ortobom<\/td>\n<\/tr>\n<tr class=\"attribute level1 even\">\n<td class=\"name\">Informa\u00e7\u00f5es t\u00e9cnicas &#8211; Refer\u00eancia<\/td>\n<td class=\"element\">4070956002<\/td>\n<\/tr>\n<tr class=\"attribute level1 odd\">\n<td class=\"name\">Informa\u00e7\u00f5es t\u00e9cnicas &#8211; Modelo<\/td>\n<td class=\"element\">N\u00e1poles<\/td>\n<\/tr>\n<tr class=\"attribute level1 even\">\n<td class=\"name\">Tipo<\/td>\n<td class=\"element\">de Cabe\u00e7a<\/td>\n<\/tr>\n<tr class=\"attribute level1 odd\">\n<td class=\"name\">Enchimento<\/td>\n<td class=\"element\">Fibra de poli\u00e9ster siliconizada<\/td>\n<\/tr>\n<tr class=\"attribute level1 even\">\n<td class=\"name\">Material<\/td>\n<td class=\"element\">Poli\u00e9ster<\/td>\n<\/tr>\n<tr class=\"attribute level1 odd\">\n<td class=\"name\">Caracter\u00edsticas<\/td>\n<td class=\"element\">Inodoro<\/td>\n<\/tr>\n<tr class=\"attribute level1 even\">\n<td class=\"name\">Cor<\/td>\n<td class=\"element\">Branco<\/td>\n<\/tr>\n<tr class=\"attribute level1 odd\">\n<td class=\"name\">Quantidade de pe\u00e7as<\/td>\n<td class=\"element\">1<\/td>\n<\/tr>\n<tr class=\"attribute level1 even\">\n<td class=\"name\">Prote\u00e7\u00e3o<\/td>\n<td class=\"element\">Antial\u00e9rgico<\/td>\n<\/tr>\n<tr class=\"attribute level1 odd\">\n<td class=\"name\">Peso aproximado &#8211; Peso do produto<\/td>\n<td class=\"element\">480g<\/td>\n<\/tr>\n<tr class=\"attribute level1 even\">\n<td class=\"name\">Dimens\u00f5es do produto &#8211; Largura<\/td>\n<td class=\"element\">50cm<\/td>\n<\/tr>\n<tr class=\"attribute level1 odd\">\n<td class=\"name\">Dimens\u00f5es do produto &#8211; Altura<\/td>\n<td class=\"element\">20cm<\/td>\n<\/tr>\n<tr class=\"attribute level1 even\">\n<td class=\"name\">Dimens\u00f5es do produto &#8211; Profundidade<\/td>\n<td class=\"element\">70cm<\/td>\n<\/tr>\n<tr class=\"attribute level1 odd\">\n<td class=\"name\">Garantia &#8211; Prazo de garantia<\/td>\n<td class=\"element\">03 meses de garantia legal.<\/td>\n<\/tr>\n<tr class=\"attribute level1 even\">\n<td class=\"name\">SAC do fornecedor (E-mail)<\/td>\n<td class=\"element\">vendas@allfibra.com.br<\/td>\n<\/tr>\n<tr class=\"attribute level1 odd\">\n<td class=\"name\">Conte\u00fado da embalagem<\/td>\n<td class=\"element\">&#8211; 1 Travesseiro<\/td>\n<\/tr>\n<\/tbody>\n<\/table>\n<\/div>\n","protected":false},"excerpt":{"rendered":"<p>Cansado, ap\u00f3s um dia de intenso trabalho, o que qualquer um deseja ap\u00f3s um banho \u00e9 uma boa noite de sono, sem barulho, com a luz apagada, em um ambiente confort\u00e1vel e relaxante. Dessa forma, come\u00e7amos o dia de bom humor e com as energias repostas. O travesseiro \u00e9 um fator que pode&#8230;<\/p>\n","protected":false},"featured_media":3569,"comment_status":"open","ping_status":"closed","template":"","meta":[],"product_brand":[],"product_cat":[605,35,606,84],"product_tag":[],"class_list":{"0":"post-3568","1":"product","2":"type-product","3":"status-publish","4":"has-post-thumbnail","6":"product_cat-lojas","7":"product_cat-cama-mesa-e-banho","8":"product_cat-magalu","9":"product_cat-travesseiros","11":"first","12":"instock","13":"shipping-taxable","14":"product-type-external"},"_links":{"self":[{"href":"https:\/\/barzo.com.br\/shop\/wp-json\/wp\/v2\/product\/3568","targetHints":{"allow":["GET"]}}],"collection":[{"href":"https:\/\/barzo.com.br\/shop\/wp-json\/wp\/v2\/product"}],"about":[{"href":"https:\/\/barzo.com.br\/shop\/wp-json\/wp\/v2\/types\/product"}],"replies":[{"embeddable":true,"href":"https:\/\/barzo.com.br\/shop\/wp-json\/wp\/v2\/comments?post=3568"}],"wp:featuredmedia":[{"embeddable":true,"href":"https:\/\/barzo.com.br\/shop\/wp-json\/wp\/v2\/media\/3569"}],"wp:attachment":[{"href":"https:\/\/barzo.com.br\/shop\/wp-json\/wp\/v2\/media?parent=3568"}],"wp:term":[{"taxonomy":"product_brand","embeddable":true,"href":"https:\/\/barzo.com.br\/shop\/wp-json\/wp\/v2\/product_brand?post=3568"},{"taxonomy":"product_cat","embeddable":true,"href":"https:\/\/barzo.com.br\/shop\/wp-json\/wp\/v2\/product_cat?post=3568"},{"taxonomy":"product_tag","embeddable":true,"href":"https:\/\/barzo.com.br\/shop\/wp-json\/wp\/v2\/product_tag?post=3568"}],"curies":[{"name":"wp","href":"https:\/\/api.w.org\/{rel}","templated":true}]}}