{"id":3563,"date":"2022-12-08T01:10:24","date_gmt":"2022-12-08T04:10:24","guid":{"rendered":"https:\/\/barzo.com.br\/shop\/?post_type=product&#038;p=3563"},"modified":"2022-12-09T01:26:55","modified_gmt":"2022-12-09T04:26:55","slug":"smart-tv-50-crystal-4k-samsung-50au7700-wi-fi-bluetooth-hdr-alexa-built-in-3-hdmi-1-usb","status":"publish","type":"product","link":"https:\/\/barzo.com.br\/shop\/produto\/smart-tv-50-crystal-4k-samsung-50au7700-wi-fi-bluetooth-hdr-alexa-built-in-3-hdmi-1-usb\/","title":{"rendered":"Smart TV 50\u201d Crystal 4K Samsung 50AU7700 &#8211; Wi-Fi Bluetooth HDR Alexa Built in 3 HDMI 1 USB"},"content":{"rendered":"<table class=\"tab descricao\">\n<tbody>\n<tr class=\"attribute level1\">\n<td>Se voc\u00ea procura uma TV para assistir filmes, s\u00e9ries, novelas e at\u00e9 mesmo jogar seus games favoritos com a melhor qualidade poss\u00edvel, a Smart TV UN50AU7700GXZD da Samsung \u00e9 o modelo ideal para a sua casa! Ela possui tela de 50&#8243; Crystal 4K com painel VA, oferecendo cores vivas e imagens impressionantes de qualquer \u00e2ngulo. As bordas super finas aumentam ainda mais o campo de vis\u00e3o e destacam apenas as imagens que voc\u00ea quer ver.<\/p>\n<p>A Tv Samsung crystal 50&#8243; seu design elegante contribui para deixar o ambiente mais organizado, pois conta com canaletas exclusivas para organizar e esconder os fios. O sistema operacional Tizen traz mais praticidade e permite comandar a TV por voz atrav\u00e9s de assistentes integrados como Bixby, Alexa e Google Assistant. Um dos grandes destaques deste modelo \u00e9 o controle remoto \u00fanico desenvolvido pela Samsung. Com ele voc\u00ea pode controlar todos os aparelhos compat\u00edveis conectados a TV e acessar aplicativos com um \u00fanico bot\u00e3o de atalho. Al\u00e9m disso, esta smart TV oferece outras vantagens como entradas HDMI e USB, conectividades wi-fi e bluetooth e embalagem reutiliz\u00e1vel. Aproveite ao m\u00e1ximo os melhores jogos do Mundial!<\/p>\n<p>&nbsp;<\/p>\n<p>Ficha T\u00e9cnica:<\/p>\n<table class=\"tab ficha-tecnica\">\n<tbody>\n<tr class=\"element level1 odd\">\n<td class=\"name\">Informa\u00e7\u00f5es t\u00e9cnicas<\/td>\n<td class=\"element\">\n<table>\n<tbody>\n<tr class=\"attribute level2 odd\">\n<td>Marca<\/td>\n<td>Samsung<\/td>\n<\/tr>\n<tr class=\"attribute level2 even\">\n<td>Refer\u00eancia<\/td>\n<td>UN50AU7700GXZD<\/td>\n<\/tr>\n<tr class=\"attribute level2 odd\">\n<td>Modelo<\/td>\n<td>UN50AU7700GXZD<\/td>\n<\/tr>\n<\/tbody>\n<\/table>\n<\/td>\n<\/tr>\n<tr class=\"attribute level1 even\">\n<td class=\"name\">Polegadas<\/td>\n<td class=\"element\">50&#8243;<\/td>\n<\/tr>\n<tr class=\"attribute level1 odd\">\n<td class=\"name\">Resolu\u00e7\u00e3o<\/td>\n<td class=\"element\">4K<\/td>\n<\/tr>\n<tr class=\"attribute level1 even\">\n<td class=\"name\">Tipo de painel<\/td>\n<td class=\"element\">VA<\/td>\n<\/tr>\n<tr class=\"attribute level1 odd\">\n<td class=\"name\">Tecnologia<\/td>\n<td class=\"element\">Crystal 4K<\/td>\n<\/tr>\n<tr class=\"attribute level1 even\">\n<td class=\"name\">Recursos<\/td>\n<td class=\"element\">Smart<\/td>\n<\/tr>\n<tr class=\"attribute level1 odd\">\n<td class=\"name\">Frequ\u00eancia<\/td>\n<td class=\"element\">60Hz<\/td>\n<\/tr>\n<tr class=\"attribute level1 even\">\n<td class=\"name\">Sistema operacional<\/td>\n<td class=\"element\">Tizen<\/td>\n<\/tr>\n<tr class=\"attribute level1 odd\">\n<td class=\"name\">Conectividade<\/td>\n<td class=\"element\">&#8211; Wi-Fi<br \/>\n&#8211; Bluetooth 4.2<\/td>\n<\/tr>\n<tr class=\"attribute level1 even\">\n<td class=\"name\">Conex\u00f5es<\/td>\n<td class=\"element\">&#8211; 3 HDMI<br \/>\n&#8211; 1 USB<br \/>\n&#8211; 1 LAN<br \/>\n&#8211; 1 Antena<\/td>\n<\/tr>\n<tr class=\"attribute level1 odd\">\n<td class=\"name\">Processador<\/td>\n<td class=\"element\">Crystal 4K<\/td>\n<\/tr>\n<tr class=\"attribute level1 even\">\n<td class=\"name\">Controle remoto<\/td>\n<td class=\"element\">Controle Remoto \u00danico &#8211; TM2180A<\/td>\n<\/tr>\n<tr class=\"attribute level1 odd\">\n<td class=\"name\">Assistente virtual<\/td>\n<td class=\"element\">&#8211; Alexa integrado<br \/>\n&#8211; Google Assistant integrado<\/td>\n<\/tr>\n<tr class=\"attribute level1 even\">\n<td class=\"name\">Modo game<\/td>\n<td class=\"element\">Modo Game Autom\u00e1tico<\/td>\n<\/tr>\n<tr class=\"attribute level1 odd\">\n<td class=\"name\">Recursos exclusivos da marca<\/td>\n<td class=\"element\">Bixby em Ingl\u00eas americano, Ingl\u00eas brit\u00e2nico, Ingl\u00eas indiano, Coreano, Franc\u00eas, Alem\u00e3o, Italiano, Espanhol, Portugu\u00eas do Brasil. Caracter\u00edsticas variam de acordo com regi\u00e3o.<\/td>\n<\/tr>\n<tr class=\"element level1 even\">\n<td class=\"name\">Tela<\/td>\n<td class=\"element\">\n<table>\n<tbody>\n<tr class=\"attribute level2 even\">\n<td>Resolu\u00e7\u00e3o (Pixels)<\/td>\n<td>3840&#215;2160<\/td>\n<\/tr>\n<tr class=\"attribute level2 odd\">\n<td>Formato da tela<\/td>\n<td>Widescreen<\/td>\n<\/tr>\n<tr class=\"attribute level2 even\">\n<td>Contraste<\/td>\n<td>Mega Contraste<\/td>\n<\/tr>\n<\/tbody>\n<\/table>\n<\/td>\n<\/tr>\n<tr class=\"element level1 odd\">\n<td class=\"name\">Imagem<\/td>\n<td class=\"element\">\n<table>\n<tbody>\n<tr class=\"attribute level2 odd\">\n<td>Recursos de imagem<\/td>\n<td>&#8211; PQI (Picture Quality Index): 2000<br \/>\n&#8211; HDR (High Dynamic Range): HDR<br \/>\n&#8211; HDR 10+: Sim<br \/>\n&#8211; HLG (Hybrid Log Gamma): Sim<br \/>\n&#8211; Micro Dimming: Esmaecimento UHD<br \/>\n&#8211; Auto Depth Enhancer: N\u00e3o<br \/>\n&#8211; Contrast Enhancer: Sim<br \/>\n&#8211; Auto Motion Plus: Sim<br \/>\n&#8211; Modo Filme: Sim<br \/>\n&#8211; Modo Natural: Sim<\/td>\n<\/tr>\n<tr class=\"attribute level2 even\">\n<td>Sistema de cor<\/td>\n<td>NTCS\/PAL-M e PAL-N<\/td>\n<\/tr>\n<\/tbody>\n<\/table>\n<\/td>\n<\/tr>\n<tr class=\"element level1 even\">\n<td class=\"name\">Som<\/td>\n<td class=\"element\">\n<table>\n<tbody>\n<tr class=\"attribute level2 odd\">\n<td>Pot\u00eancia dos Alto-falantes<\/td>\n<td>20W<\/td>\n<\/tr>\n<tr class=\"attribute level2 even\">\n<td>Sistema de som<\/td>\n<td>Dolby Digital Plus<\/td>\n<\/tr>\n<tr class=\"attribute level2 odd\">\n<td>Mute<\/td>\n<td>Sim<\/td>\n<\/tr>\n<\/tbody>\n<\/table>\n<\/td>\n<\/tr>\n<tr class=\"element level1 odd\">\n<td class=\"name\">Smart TV<\/td>\n<td class=\"element\">\n<table>\n<tbody>\n<tr class=\"attribute level2 even\">\n<td>Aplicativos pr\u00e9-instalados<\/td>\n<td>Os aplicativos s\u00e3o pass\u00edveis de altera\u00e7\u00e3o pelo fornecedor sem aviso pr\u00e9vio<\/td>\n<\/tr>\n<\/tbody>\n<\/table>\n<\/td>\n<\/tr>\n<tr class=\"element level1 even\">\n<td class=\"name\">Fun\u00e7\u00f5es<\/td>\n<td class=\"element\">\n<table>\n<tbody>\n<tr class=\"attribute level2 odd\">\n<td>Closed caption<\/td>\n<td>Sim<\/td>\n<\/tr>\n<tr class=\"attribute level2 even\">\n<td>Sleep timer<\/td>\n<td>Sim<\/td>\n<\/tr>\n<tr class=\"attribute level2 odd\">\n<td>Bloqueio de canais<\/td>\n<td>Sim<\/td>\n<\/tr>\n<tr class=\"attribute level2 even\">\n<td>Acessibilidade<\/td>\n<td>&#8211; Guia de voz: Ingl\u00eas (EUA), Portugu\u00eas (Brasil)<br \/>\n&#8211; Menu Aprendizado: Ingl\u00eas (EUA), Portugu\u00eas (Brasil)<\/td>\n<\/tr>\n<tr class=\"attribute level2 odd\">\n<td>Economia de energia<\/td>\n<td>Sensor ecol\u00f3gico<\/td>\n<\/tr>\n<\/tbody>\n<\/table>\n<\/td>\n<\/tr>\n<tr class=\"attribute level1 odd\">\n<td class=\"name\">P\u00e9s<\/td>\n<td class=\"element\">P\u00e9s finos<\/td>\n<\/tr>\n<tr class=\"element level1 even\">\n<td class=\"name\">Energia<\/td>\n<td class=\"element\">\n<table>\n<tbody>\n<tr class=\"attribute level2 even\">\n<td>Voltagem<\/td>\n<td>Bivolt<\/td>\n<\/tr>\n<tr class=\"attribute level2 odd\">\n<td>Consumo aproximado de energia<\/td>\n<td>M\u00e1ximo: 145W<\/td>\n<\/tr>\n<\/tbody>\n<\/table>\n<\/td>\n<\/tr>\n<tr class=\"attribute level1 odd\">\n<td class=\"name\">Cor da base<\/td>\n<td class=\"element\">Cinza Titan<\/td>\n<\/tr>\n<tr class=\"attribute level1 even\">\n<td class=\"name\">Cor da borda<\/td>\n<td class=\"element\">Cinza Titan<\/td>\n<\/tr>\n<tr class=\"attribute level1 odd\">\n<td class=\"name\">Padr\u00e3o de fura\u00e7\u00e3o<\/td>\n<td class=\"element\">Padr\u00e3o VESA<\/td>\n<\/tr>\n<tr class=\"attribute level1 even\">\n<td class=\"name\">Armazenamento interno<\/td>\n<td class=\"element\">A mem\u00f3ria dispon\u00edvel para uso do consumidor pode sofrer varia\u00e7\u00f5es, conforme sistema operacional, aplicativos e\/ou outros fatores<\/td>\n<\/tr>\n<tr class=\"attribute level1 odd\">\n<td class=\"name\">Itens Inclusos<\/td>\n<td class=\"element\">P\u00e9s<\/td>\n<\/tr>\n<tr class=\"attribute level1 even\">\n<td class=\"name\">Aten\u00e7\u00e3o<\/td>\n<td class=\"element\">A exposi\u00e7\u00e3o ao ru\u00eddo na pot\u00eancia acima de 85 decib\u00e9is pode causar danos ao sistema auditivo.<\/td>\n<\/tr>\n<tr class=\"attribute level1 odd\">\n<td class=\"name\">Dist\u00e2ncia Recomendada de Visualiza\u00e7\u00e3o<\/td>\n<td class=\"element\">1,5m<\/td>\n<\/tr>\n<tr class=\"attribute level1 even\">\n<td class=\"name\">Certificado de homologa\u00e7\u00e3o da Anatel n\u00famero<\/td>\n<td class=\"element\">18046-20-02217<\/td>\n<\/tr>\n<tr class=\"attribute level1 odd\">\n<td class=\"name\">Certificado de homologa\u00e7\u00e3o do Inmetro n\u00famero<\/td>\n<td class=\"element\">001941\/2019<\/td>\n<\/tr>\n<tr class=\"element level1 even\">\n<td class=\"name\">Peso aproximado<\/td>\n<td class=\"element\">\n<table>\n<tbody>\n<tr class=\"attribute level2 even\">\n<td>\u00a0Peso do produto<\/td>\n<td>11,6kg<\/td>\n<\/tr>\n<tr class=\"attribute level2 odd\">\n<td>\u00a0Peso do produto com embalagem<\/td>\n<td>16kg<\/td>\n<\/tr>\n<\/tbody>\n<\/table>\n<\/td>\n<\/tr>\n<tr class=\"element level1 odd\">\n<td class=\"name\">Dimens\u00f5es do produto<\/td>\n<td class=\"element\">\n<table>\n<tbody>\n<tr class=\"attribute level2 even\">\n<td>\u00a0Largura<\/td>\n<td>Com suporte: 111,68cm<br \/>\nSem suporte: 111,68cm<\/td>\n<\/tr>\n<tr class=\"attribute level2 odd\">\n<td>\u00a0Altura<\/td>\n<td>Com suporte: 71,91cm<br \/>\nSem suporte: 64,42cm<\/td>\n<\/tr>\n<tr class=\"attribute level2 even\">\n<td>\u00a0Profundidade<\/td>\n<td>Com suporte: 25,02cm<br \/>\nSem suporte: 5,99cm<\/td>\n<\/tr>\n<\/tbody>\n<\/table>\n<\/td>\n<\/tr>\n<tr class=\"element level1 even\">\n<td class=\"name\">Dimens\u00f5es do produto com embalagem<\/td>\n<td class=\"element\">\n<table>\n<tbody>\n<tr class=\"attribute level2 odd\">\n<td>\u00a0Largura<\/td>\n<td>126,4cm<\/td>\n<\/tr>\n<tr class=\"attribute level2 even\">\n<td>\u00a0Altura<\/td>\n<td>78cm<\/td>\n<\/tr>\n<tr class=\"attribute level2 odd\">\n<td>\u00a0Profundidade<\/td>\n<td>15cm<\/td>\n<\/tr>\n<\/tbody>\n<\/table>\n<\/td>\n<\/tr>\n<tr class=\"element level1 odd\">\n<td class=\"name\">Garantia<\/td>\n<td class=\"element\">\n<table>\n<tbody>\n<tr class=\"attribute level2 even\">\n<td>Prazo de Garantia<\/td>\n<td>01 ano (3 meses de garantia legal e mais 9 meses de garantia especial concedida pelo fabricante)<\/td>\n<\/tr>\n<\/tbody>\n<\/table>\n<\/td>\n<\/tr>\n<\/tbody>\n<\/table>\n<p>Conte\u00fado da Embalagem:<\/p>\n<table class=\"tab conteudo-da-embalagem\">\n<tbody>\n<tr class=\"attribute level1\">\n<td>&#8211; 1 Smart TV<br \/>\n&#8211; 1 Controle remoto<br \/>\n&#8211; Baterias para controle remoto<br \/>\n&#8211; Cabo de energia<br \/>\n&#8211; Manual do usu\u00e1rio<\/td>\n<\/tr>\n<\/tbody>\n<\/table>\n<\/td>\n<\/tr>\n<\/tbody>\n<\/table>\n","protected":false},"excerpt":{"rendered":"<table class=\"tab descricao\">\n<tbody>\n<tr class=\"attribute level1\">\n<td>Se voc\u00ea procura uma TV para assistir filmes, s\u00e9ries, novelas e at\u00e9 mesmo jogar seus games favoritos com a melhor qualidade poss\u00edvel, a Smart TV UN50AU7700GXZD da Samsung \u00e9 o modelo ideal&#8230;<\/td>\n<\/tr>\n<\/tbody>\n<\/table>\n","protected":false},"featured_media":3564,"comment_status":"open","ping_status":"closed","template":"","meta":[],"product_brand":[],"product_cat":[605,22,606,50],"product_tag":[],"class_list":{"0":"post-3563","1":"product","2":"type-product","3":"status-publish","4":"has-post-thumbnail","6":"product_cat-lojas","7":"product_cat-eletronicos-audio-e-video","8":"product_cat-magalu","9":"product_cat-tvs","11":"first","12":"instock","13":"shipping-taxable","14":"product-type-external"},"_links":{"self":[{"href":"https:\/\/barzo.com.br\/shop\/wp-json\/wp\/v2\/product\/3563","targetHints":{"allow":["GET"]}}],"collection":[{"href":"https:\/\/barzo.com.br\/shop\/wp-json\/wp\/v2\/product"}],"about":[{"href":"https:\/\/barzo.com.br\/shop\/wp-json\/wp\/v2\/types\/product"}],"replies":[{"embeddable":true,"href":"https:\/\/barzo.com.br\/shop\/wp-json\/wp\/v2\/comments?post=3563"}],"wp:featuredmedia":[{"embeddable":true,"href":"https:\/\/barzo.com.br\/shop\/wp-json\/wp\/v2\/media\/3564"}],"wp:attachment":[{"href":"https:\/\/barzo.com.br\/shop\/wp-json\/wp\/v2\/media?parent=3563"}],"wp:term":[{"taxonomy":"product_brand","embeddable":true,"href":"https:\/\/barzo.com.br\/shop\/wp-json\/wp\/v2\/product_brand?post=3563"},{"taxonomy":"product_cat","embeddable":true,"href":"https:\/\/barzo.com.br\/shop\/wp-json\/wp\/v2\/product_cat?post=3563"},{"taxonomy":"product_tag","embeddable":true,"href":"https:\/\/barzo.com.br\/shop\/wp-json\/wp\/v2\/product_tag?post=3563"}],"curies":[{"name":"wp","href":"https:\/\/api.w.org\/{rel}","templated":true}]}}