{"id":3433,"date":"2022-12-02T03:08:56","date_gmt":"2022-12-02T06:08:56","guid":{"rendered":"https:\/\/barzo.com.br\/shop\/?post_type=product&#038;p=3433"},"modified":"2022-12-02T03:08:56","modified_gmt":"2022-12-02T06:08:56","slug":"conjunto-de-6-copos-altos-345ml-leafy-pasabahce","status":"publish","type":"product","link":"https:\/\/barzo.com.br\/shop\/produto\/conjunto-de-6-copos-altos-345ml-leafy-pasabahce\/","title":{"rendered":"Conjunto de 6 Copos Altos 345ml Leafy Pasabah\u00e7e"},"content":{"rendered":"<div>O Conjunto de Copos Leafy proporciona estilo \u00fanico para a sua mesa, une o cl\u00e1ssico ao moderno. Seu formato permite grande estabilidade, \u00e9 sutil e real\u00e7a a apar\u00eancia de sua bebida.<\/div>\n<div><\/div>\n<div>\n<div>Instru\u00e7\u00f5es de Uso:<\/div>\n<div>Produto lav\u00e1vel. Pode ir \u00e0 lava lou\u00e7as. Para a higieniza\u00e7\u00e3o utilizar apenas sab\u00e3o ou detergente e esponja macia. Lavar antes do primeiro uso.<\/div>\n<div><\/div>\n<div>\n<div>\n<div>\n<div>\n<div>\n<div>\n<div>\n<div>Ficha T\u00e9cnica:<\/div>\n<div>Marca: Pasabah\u00e7e<\/div>\n<div>Linha: Leafy<\/div>\n<div>Material: Vidro<\/div>\n<div>Medida (A x D) sem Embalagem: 14 cm x 7,5 cm<\/div>\n<div>Peso sem Embalagem: 2,040 kg<\/div>\n<div>Capacidade: 345 ml<\/div>\n<div>Cor: Transparente<\/div>\n<div>Conte\u00fado da Embalagem: 6 Copos<\/div>\n<div>Imagens meramente ilustrativas<\/div>\n<\/div>\n<\/div>\n<\/div>\n<\/div>\n<\/div>\n<\/div>\n<\/div>\n<\/div>\n<p>&nbsp;<\/p>\n","protected":false},"excerpt":{"rendered":"<p>O Conjunto de Copos Leafy proporciona estilo \u00fanico para a sua mesa, une o cl\u00e1ssico ao moderno. Seu formato permite&#8230;<\/p>\n","protected":false},"featured_media":3434,"comment_status":"open","ping_status":"closed","template":"","meta":[],"product_brand":[],"product_cat":[605,617,139,127],"product_tag":[],"class_list":{"0":"post-3433","1":"product","2":"type-product","3":"status-publish","4":"has-post-thumbnail","6":"product_cat-lojas","7":"product_cat-camicado","8":"product_cat-copos-tacas-e-canecas","9":"product_cat-utilidades-domesticas","11":"first","12":"instock","13":"shipping-taxable","14":"product-type-external"},"_links":{"self":[{"href":"https:\/\/barzo.com.br\/shop\/wp-json\/wp\/v2\/product\/3433","targetHints":{"allow":["GET"]}}],"collection":[{"href":"https:\/\/barzo.com.br\/shop\/wp-json\/wp\/v2\/product"}],"about":[{"href":"https:\/\/barzo.com.br\/shop\/wp-json\/wp\/v2\/types\/product"}],"replies":[{"embeddable":true,"href":"https:\/\/barzo.com.br\/shop\/wp-json\/wp\/v2\/comments?post=3433"}],"wp:featuredmedia":[{"embeddable":true,"href":"https:\/\/barzo.com.br\/shop\/wp-json\/wp\/v2\/media\/3434"}],"wp:attachment":[{"href":"https:\/\/barzo.com.br\/shop\/wp-json\/wp\/v2\/media?parent=3433"}],"wp:term":[{"taxonomy":"product_brand","embeddable":true,"href":"https:\/\/barzo.com.br\/shop\/wp-json\/wp\/v2\/product_brand?post=3433"},{"taxonomy":"product_cat","embeddable":true,"href":"https:\/\/barzo.com.br\/shop\/wp-json\/wp\/v2\/product_cat?post=3433"},{"taxonomy":"product_tag","embeddable":true,"href":"https:\/\/barzo.com.br\/shop\/wp-json\/wp\/v2\/product_tag?post=3433"}],"curies":[{"name":"wp","href":"https:\/\/api.w.org\/{rel}","templated":true}]}}