{"id":3337,"date":"2022-11-30T23:59:09","date_gmt":"2022-12-01T02:59:09","guid":{"rendered":"https:\/\/barzo.com.br\/shop\/?post_type=product&#038;p=3337"},"modified":"2022-11-30T23:59:09","modified_gmt":"2022-12-01T02:59:09","slug":"kit-lampadas-led-10-unidades-branca-e27-9w-6500k-elgin-bulbo-a60","status":"publish","type":"product","link":"https:\/\/barzo.com.br\/shop\/produto\/kit-lampadas-led-10-unidades-branca-e27-9w-6500k-elgin-bulbo-a60\/","title":{"rendered":"Kit L\u00e2mpadas LED 10 Unidades Branca E27 9W &#8211; 6500K Elgin Bulbo A60"},"content":{"rendered":"<div class=\"product\">\n<div class=\"ptabs\">\n<div class=\"product-factsheet \" data-factsheet-id=\"226179600\">\n<div class=\"tab-content\">\n<div id=\"tab-apresentacao226179600\" class=\"tab-pane active\">\n<table class=\"tab apresentacao\">\n<tbody>\n<tr class=\"attribute level1\">\n<td>A luz tem uma grande representatividade na hora de decorar seu lar. Afinal, ela resulta em uma luminosidade especial e agrad\u00e1vel, de acordo com cada c\u00f4modo. Com a l\u00e2mpada Elgin Bulbo A60 LED, a sua casa ser\u00e1 transformada! A pe\u00e7a tem 9W de pot\u00eancia e soquete E27. A luz de cor branca com temperatura de 6500K, proporciona uma situa\u00e7\u00e3o de aten\u00e7\u00e3o, de foco, melhor visibilidade, deixa o ambiente sempre mais em alerta. Com alta capacidade de ilumina\u00e7\u00e3o, a l\u00e2mpada substitui as fluorescentes, proporcionando at\u00e9 75% de economia de energia.<\/td>\n<\/tr>\n<\/tbody>\n<\/table>\n<\/div>\n<\/div>\n<\/div>\n<\/div>\n<\/div>\n<div class=\"row recomm-white-box recomm-cross\">\n<div class=\"row-fluid recomm-content\">\n<div class=\"row-header\">\n<table class=\"tab ficha-tecnica\">\n<tbody>\n<tr class=\"attribute level1 odd\">\n<td class=\"name\">Marca<\/td>\n<td class=\"element\">elgin<\/td>\n<\/tr>\n<tr class=\"attribute level1 even\">\n<td class=\"name\">Refer\u00eancia<\/td>\n<td class=\"element\">48BLED2F09YU<\/td>\n<\/tr>\n<tr class=\"attribute level1 odd\">\n<td class=\"name\">Modelo<\/td>\n<td class=\"element\">Bulbo A60<\/td>\n<\/tr>\n<tr class=\"attribute level1 even\">\n<td class=\"name\">Tipo<\/td>\n<td class=\"element\">LED<\/td>\n<\/tr>\n<tr class=\"attribute level1 odd\">\n<td class=\"name\">Tipo de soquete<\/td>\n<td class=\"element\">E27<\/td>\n<\/tr>\n<tr class=\"attribute level1 even\">\n<td class=\"name\">Pot\u00eancia<\/td>\n<td class=\"element\">9W<\/td>\n<\/tr>\n<tr class=\"attribute level1 odd\">\n<td class=\"name\">Cor da luz<\/td>\n<td class=\"element\">Branca<\/td>\n<\/tr>\n<tr class=\"attribute level1 even\">\n<td class=\"name\">Temperatura de cor<\/td>\n<td class=\"element\">6500K<\/td>\n<\/tr>\n<tr class=\"attribute level1 odd\">\n<td class=\"name\">Fluxo luminoso<\/td>\n<td class=\"element\">600LM<\/td>\n<\/tr>\n<tr class=\"attribute level1 even\">\n<td class=\"name\">Vida \u00fatil<\/td>\n<td class=\"element\">15.000H<\/td>\n<\/tr>\n<tr class=\"attribute level1 odd\">\n<td class=\"name\">\u00c2ngulo de abertura<\/td>\n<td class=\"element\">200\u00ba<\/td>\n<\/tr>\n<tr class=\"attribute level1 even\">\n<td class=\"name\">Frequ\u00eancia<\/td>\n<td class=\"element\">50\/60HZ<\/td>\n<\/tr>\n<tr class=\"attribute level1 odd\">\n<td class=\"name\">Quantidade<\/td>\n<td class=\"element\">1 Unidade<\/td>\n<\/tr>\n<tr class=\"attribute level1 even\">\n<td class=\"name\">Voltagem<\/td>\n<td class=\"element\">Bivolt<\/td>\n<\/tr>\n<tr class=\"attribute level1 odd\">\n<td class=\"name\">Efici\u00eancia energ\u00e9tica<\/td>\n<td class=\"element\">90lm\/W<\/td>\n<\/tr>\n<tr class=\"attribute level1 even\">\n<td class=\"name\">Certificado homologado pela Inmetro n\u00famero<\/td>\n<td class=\"element\">004039\/2019<\/td>\n<\/tr>\n<tr class=\"attribute level1 odd\">\n<td class=\"name\">Peso do produto<\/td>\n<td class=\"element\">55g<\/td>\n<\/tr>\n<tr class=\"attribute level1 even\">\n<td class=\"name\">Dimens\u00f5es do produto &#8211; Largura<\/td>\n<td class=\"element\">6cm<\/td>\n<\/tr>\n<tr class=\"attribute level1 odd\">\n<td class=\"name\">Dimens\u00f5es do produto &#8211; Altura<\/td>\n<td class=\"element\">12cm<\/td>\n<\/tr>\n<tr class=\"attribute level1 even\">\n<td class=\"name\">Dimens\u00f5es do produto &#8211; Profundidade<\/td>\n<td class=\"element\">6cm<\/td>\n<\/tr>\n<tr class=\"attribute level1 odd\">\n<td class=\"name\">Peso do produto com embalagem<\/td>\n<td class=\"element\">75g<\/td>\n<\/tr>\n<tr class=\"attribute level1 even\">\n<td class=\"name\">Dimens\u00f5es do produto com embalagem &#8211; Largura<\/td>\n<td class=\"element\">8cm<\/td>\n<\/tr>\n<tr class=\"attribute level1 odd\">\n<td class=\"name\">Dimens\u00f5es do produto com embalagem &#8211; Altura<\/td>\n<td class=\"element\">15cm<\/td>\n<\/tr>\n<tr class=\"attribute level1 even\">\n<td class=\"name\">Dimens\u00f5es do produto com embalagem &#8211; Profundidade<\/td>\n<td class=\"element\">8cm<\/td>\n<\/tr>\n<tr class=\"attribute level1 odd\">\n<td class=\"name\">Prazo de garantia<\/td>\n<td class=\"element\">01 ano (3 meses de garantia legal e mais 9 meses de garantia especial concedida pelo fabricante).<\/td>\n<\/tr>\n<tr class=\"attribute level1 even\">\n<td class=\"name\">Conte\u00fado da embalagem<\/td>\n<td class=\"element\">1 L\u00e2mpada<\/td>\n<\/tr>\n<\/tbody>\n<\/table>\n<\/div>\n<\/div>\n<\/div>\n","protected":false},"excerpt":{"rendered":"<table class=\"tab apresentacao\">\n<tbody>\n<tr class=\"attribute level1\">\n<td>A luz tem uma grande representatividade na hora de decorar seu lar. Afinal, ela resulta em uma luminosidade especial e agrad\u00e1vel, de acordo com cada c\u00f4modo. Com a l\u00e2mpada Elgin Bulbo A60 LED, a sua casa ser\u00e1&#8230;<\/td>\n<\/tr>\n<\/tbody>\n<\/table>\n","protected":false},"featured_media":3338,"comment_status":"open","ping_status":"closed","template":"","meta":[],"product_brand":[],"product_cat":[605,19,73,606],"product_tag":[],"class_list":{"0":"post-3337","1":"product","2":"type-product","3":"status-publish","4":"has-post-thumbnail","6":"product_cat-lojas","7":"product_cat-casa-e-jardim","8":"product_cat-iluminacao","9":"product_cat-magalu","11":"first","12":"instock","13":"shipping-taxable","14":"product-type-external"},"_links":{"self":[{"href":"https:\/\/barzo.com.br\/shop\/wp-json\/wp\/v2\/product\/3337","targetHints":{"allow":["GET"]}}],"collection":[{"href":"https:\/\/barzo.com.br\/shop\/wp-json\/wp\/v2\/product"}],"about":[{"href":"https:\/\/barzo.com.br\/shop\/wp-json\/wp\/v2\/types\/product"}],"replies":[{"embeddable":true,"href":"https:\/\/barzo.com.br\/shop\/wp-json\/wp\/v2\/comments?post=3337"}],"wp:featuredmedia":[{"embeddable":true,"href":"https:\/\/barzo.com.br\/shop\/wp-json\/wp\/v2\/media\/3338"}],"wp:attachment":[{"href":"https:\/\/barzo.com.br\/shop\/wp-json\/wp\/v2\/media?parent=3337"}],"wp:term":[{"taxonomy":"product_brand","embeddable":true,"href":"https:\/\/barzo.com.br\/shop\/wp-json\/wp\/v2\/product_brand?post=3337"},{"taxonomy":"product_cat","embeddable":true,"href":"https:\/\/barzo.com.br\/shop\/wp-json\/wp\/v2\/product_cat?post=3337"},{"taxonomy":"product_tag","embeddable":true,"href":"https:\/\/barzo.com.br\/shop\/wp-json\/wp\/v2\/product_tag?post=3337"}],"curies":[{"name":"wp","href":"https:\/\/api.w.org\/{rel}","templated":true}]}}