{"id":3335,"date":"2022-11-30T23:54:15","date_gmt":"2022-12-01T02:54:15","guid":{"rendered":"https:\/\/barzo.com.br\/shop\/?post_type=product&#038;p=3335"},"modified":"2022-11-30T23:54:15","modified_gmt":"2022-12-01T02:54:15","slug":"ar-condicionado-split-hw-dual-inverter-voice-lg-12000-btus-frio-220v-monofasico-s4nq12ja315-eb2gamz","status":"publish","type":"product","link":"https:\/\/barzo.com.br\/shop\/produto\/ar-condicionado-split-hw-dual-inverter-voice-lg-12000-btus-frio-220v-monofasico-s4nq12ja315-eb2gamz\/","title":{"rendered":"Ar Condicionado Split Hw Dual Inverter Voice LG 12000 Btus Frio 220V Monof\u00e1sico S4NQ12JA315.EB2GAMZ"},"content":{"rendered":"<div class=\"product\">\n<div class=\"ptabs\">\n<div class=\"product-factsheet \" data-factsheet-id=\"hb36dkj01c\">\n<div class=\"tab-content\">\n<div id=\"tab-descricaohb36dkj01c\" class=\"tab-pane active\">\n<table class=\"tab descricao\">\n<tbody>\n<tr class=\"attribute level1\">\n<td>Principais Caracter\u00edsticas Tecnologia DUAL Inverter; LG ThinQ\u00ae: Conectividade e comandos de voz com Google Assistente e Alexa; At\u00e9 70% de economia de energia Refrigera\u00e7\u00e3o at\u00e9 40% mais r\u00e1pida; Super Silencioso: A partir de 19 Db; Gold FinTM: Serpentina de Cobre Gold FinTM; Comfort Sleep: conforto t\u00e9rmico durante o sono; Filtro 3M Micro Dust v Compressor DUAL Inverter: 10 anos de garantia; Seguran\u00e7a contra Alta Voltagem; Instala\u00e7\u00e3o F\u00e1cil e R\u00e1pida. Tecnologia DUAL Inverter O balanceamento do rotor duplo presente no Compressor LG DUAL InverterTM garante maior estabilidade e reduz a vibra\u00e7\u00e3o, proporcionando uma economia de at\u00e9 70% de energia e refrigera\u00e7\u00e3o at\u00e9 40% mais r\u00e1pida, atrav\u00e9s de um controle mais amplo da velocidade. Dual Inverter Compressor Com um sistema de ventila\u00e7\u00e3o de alta precis\u00e3o, o LG DUAL Inverter Voice oferece um menor n\u00edvel de ru\u00eddo, a partir de 19 decib\u00e9is, sendo mais silencioso que uma biblioteca (36 decib\u00e9is). At\u00e9 70% de economia de energia Com redu\u00e7\u00e3o de velocidade, o DUAL Inverter Voice reduz o n\u00famero de partidas do compressor, economizando at\u00e9 70% de energia, comparado com um modelo convencional n\u00e3o inverter. Serpentina de Cobre As aletas com acabamento Gold FinTM proporcionam maior resist\u00eancia a corros\u00e3o e estendem a vida \u00fatil do produto. Super Silencioso Com um sistema de ventila\u00e7\u00e3o de alta precis\u00e3o, o LG DUAL Inverter oferece um menor n\u00edvel de ru\u00eddo, a partir de 19 decib\u00e9is, sendo mais silencioso que uma biblioteca (36 decib\u00e9is). Micro Dust Filter O filtro do ar condicionado DUAL Inverter Voice \u00e9 capaz de filtrar micro part\u00edculas de poeira, proporcionando melhor qualidade do ar no ambiente no ambiente. Comfort Sleep A fun\u00e7\u00e3o Comfort Sleep assegura o conforto t\u00e9rmico do ambiente durante o per\u00edodo de sono, permitindo o ajuste de 4 diferentes fun\u00e7\u00f5es autom\u00e1ticas em um clique. LG ThinQ\u00aecom Google Assistente e Alexa Acesse e controle seu LG DUAL Inverter Voice de maneira remota a qualquer hora e de qualquer lugar. Com o LG ThinQ\u00ae voc\u00ea pode controlar o seu ar-condicionado antes mesmo de chegar em casa, utilizando o comando de voz associado ao Google Assistente ou Alexa. 6 op\u00e7\u00f5es de posicionamento da vane Configure a vane em at\u00e9 6 posi\u00e7\u00f5es pr\u00e9-definidas para ajustar a dire\u00e7\u00e3o ideal do jato de ar. Refrigera\u00e7\u00e3o at\u00e9 40% mais r\u00e1pida Gra\u00e7as ao controle mais amplo de velocidade do compressor, o LG DUAL Inverter Voice atinge a temperatura desejada at\u00e9 40% mais r\u00e1pido e a mant\u00e9m est\u00e1vel, sem a flutua\u00e7\u00e3o que ocorre em um modelo convencional, n\u00e3o Inverter. Auto Cleaning A fun\u00e7\u00e3o Auto Cleaning impede a forma\u00e7\u00e3o de bact\u00e9rias e mofo no interior do ar condicionado, proporcionando um ambiente mais confort\u00e1vel e agrad\u00e1vel.<\/td>\n<\/tr>\n<\/tbody>\n<\/table>\n<\/div>\n<\/div>\n<\/div>\n<\/div>\n<\/div>\n<div class=\"row recomm-white-box recomm-viewed\">\n<div class=\"row-fluid recomm-content hide\">\n<div class=\"row-header\">\n<table class=\"tab ficha-tecnica\">\n<tbody>\n<tr class=\"attribute level1 odd\">\n<td class=\"name\">Capacidade da Condensadora (BTUs)<\/td>\n<td class=\"element\">12000.0<\/td>\n<\/tr>\n<tr class=\"attribute level1 even\">\n<td class=\"name\">Modelo\/Fam\u00edlia<\/td>\n<td class=\"element\">12000<\/td>\n<\/tr>\n<tr class=\"attribute level1 odd\">\n<td class=\"name\">Voltagem<\/td>\n<td class=\"element\">220V<\/td>\n<\/tr>\n<tr class=\"attribute level1 even\">\n<td class=\"name\">Classifica\u00e7\u00e3o Energ\u00e9tica (INMETRO)<\/td>\n<td class=\"element\">A<\/td>\n<\/tr>\n<tr class=\"attribute level1 odd\">\n<td class=\"name\">Corrente el\u00e9trica de refrigera\u00e7\u00e3o (A)<\/td>\n<td class=\"element\">6,2<\/td>\n<\/tr>\n<tr class=\"attribute level1 even\">\n<td class=\"name\">Ciclo<\/td>\n<td class=\"element\">Frio<\/td>\n<\/tr>\n<tr class=\"attribute level1 odd\">\n<td class=\"name\">Frequ\u00eancia (Hz)<\/td>\n<td class=\"element\">60<\/td>\n<\/tr>\n<tr class=\"attribute level1 even\">\n<td class=\"name\">Fase<\/td>\n<td class=\"element\">Monof\u00e1sico<\/td>\n<\/tr>\n<tr class=\"attribute level1 odd\">\n<td class=\"name\">Pot\u00eancia de refrigera\u00e7\u00e3o<\/td>\n<td class=\"element\">1110<\/td>\n<\/tr>\n<tr class=\"attribute level1 even\">\n<td class=\"name\">G\u00e1s refrigerante<\/td>\n<td class=\"element\">R410-A<\/td>\n<\/tr>\n<tr class=\"attribute level1 odd\">\n<td class=\"name\">Tecnologia do compressor<\/td>\n<td class=\"element\">Inverter<\/td>\n<\/tr>\n<tr class=\"attribute level1 even\">\n<td class=\"name\">Consumo de energia<\/td>\n<td class=\"element\">484 Kw\/a<\/td>\n<\/tr>\n<tr class=\"attribute level1 odd\">\n<td class=\"name\">Material da serpentina<\/td>\n<td class=\"element\">Cobre<\/td>\n<\/tr>\n<tr class=\"attribute level1 even\">\n<td class=\"name\">Controle remoto<\/td>\n<td class=\"element\">Sim<\/td>\n<\/tr>\n<tr class=\"attribute level1 odd\">\n<td class=\"name\">N\u00edvel de ru\u00eddo externo (db)<\/td>\n<td class=\"element\">51<\/td>\n<\/tr>\n<tr class=\"attribute level1 even\">\n<td class=\"name\">Di\u00e2metro da linha (suc\u00e7\u00e3o)<\/td>\n<td class=\"element\">3\/8 pol<\/td>\n<\/tr>\n<tr class=\"attribute level1 odd\">\n<td class=\"name\">Di\u00e2metro da linha (l\u00edquido)<\/td>\n<td class=\"element\">1\/4 pol<\/td>\n<\/tr>\n<tr class=\"attribute level1 even\">\n<td class=\"name\">Garantia do Produto<\/td>\n<td class=\"element\">12 meses<\/td>\n<\/tr>\n<tr class=\"attribute level1 odd\">\n<td class=\"name\">C\u00f3digo EAN<\/td>\n<td class=\"element\">7893299921131<\/td>\n<\/tr>\n<tr class=\"attribute level1 even\">\n<td class=\"name\">Efici\u00eancia energ\u00e9tica (EER)<\/td>\n<td class=\"element\">3,17<\/td>\n<\/tr>\n<tr class=\"attribute level1 odd\">\n<td class=\"name\">Tipo do condensador<\/td>\n<td class=\"element\">Horizontal<\/td>\n<\/tr>\n<tr class=\"attribute level1 even\">\n<td class=\"name\">Largura<\/td>\n<td class=\"element\">71,7<\/td>\n<\/tr>\n<tr class=\"attribute level1 odd\">\n<td class=\"name\">Altura<\/td>\n<td class=\"element\">49,5<\/td>\n<\/tr>\n<tr class=\"attribute level1 even\">\n<td class=\"name\">Profundidade<\/td>\n<td class=\"element\">23,0<\/td>\n<\/tr>\n<tr class=\"attribute level1 odd\">\n<td class=\"name\">Peso l\u00edquido<\/td>\n<td class=\"element\">24,0<\/td>\n<\/tr>\n<tr class=\"attribute level1 even\">\n<td class=\"name\">Peso bruto<\/td>\n<td class=\"element\">26,4<\/td>\n<\/tr>\n<tr class=\"attribute level1 odd\">\n<td class=\"name\">Timer<\/td>\n<td class=\"element\">Sim<\/td>\n<\/tr>\n<tr class=\"attribute level1 even\">\n<td class=\"name\">Regulagem da velocidade de ventila\u00e7\u00e3o<\/td>\n<td class=\"element\">Sim<\/td>\n<\/tr>\n<tr class=\"attribute level1 odd\">\n<td class=\"name\">Sleep<\/td>\n<td class=\"element\">Sim<\/td>\n<\/tr>\n<tr class=\"attribute level1 even\">\n<td class=\"name\">Swing<\/td>\n<td class=\"element\">N\u00e3o<\/td>\n<\/tr>\n<tr class=\"attribute level1 odd\">\n<td class=\"name\">Mem\u00f3ria<\/td>\n<td class=\"element\">N\u00e3o<\/td>\n<\/tr>\n<tr class=\"attribute level1 even\">\n<td class=\"name\">Turbo<\/td>\n<td class=\"element\">Sim<\/td>\n<\/tr>\n<tr class=\"attribute level1 odd\">\n<td class=\"name\">Aviso de limpeza de filtro<\/td>\n<td class=\"element\">N\u00e3o<\/td>\n<\/tr>\n<tr class=\"attribute level1 even\">\n<td class=\"name\">Filtro anti-bact\u00e9ria<\/td>\n<td class=\"element\">Sim<\/td>\n<\/tr>\n<tr class=\"attribute level1 odd\">\n<td class=\"name\">Fun\u00e7\u00e3o brisa<\/td>\n<td class=\"element\">N\u00e3o<\/td>\n<\/tr>\n<tr class=\"attribute level1 even\">\n<td class=\"name\">Prote\u00e7\u00e3o anti-corros\u00e3o<\/td>\n<td class=\"element\">Sim<\/td>\n<\/tr>\n<tr class=\"attribute level1 odd\">\n<td class=\"name\">Desumidifica\u00e7\u00e3o<\/td>\n<td class=\"element\">Sim<\/td>\n<\/tr>\n<tr class=\"attribute level1 even\">\n<td class=\"name\">Controle de temperatura est\u00e1vel<\/td>\n<td class=\"element\">Sim<\/td>\n<\/tr>\n<tr class=\"attribute level1 odd\">\n<td class=\"name\">Controle remoto iluminado<\/td>\n<td class=\"element\">N\u00e3o<\/td>\n<\/tr>\n<tr class=\"attribute level1 even\">\n<td class=\"name\">Material do condensador<\/td>\n<td class=\"element\">Metal e Pl\u00e1stico<\/td>\n<\/tr>\n<tr class=\"attribute level1 odd\">\n<td class=\"name\">Capacidade (m\u00ednima, nominal, m\u00e1xima)<\/td>\n<td class=\"element\">3.000\/12.000\/13.200<\/td>\n<\/tr>\n<tr class=\"attribute level1 even\">\n<td class=\"name\">Alimenta\u00e7\u00e3o de energia<\/td>\n<td class=\"element\">Condensadora<\/td>\n<\/tr>\n<tr class=\"attribute level1 odd\">\n<td class=\"name\">Marca<\/td>\n<td class=\"element\">LG<\/td>\n<\/tr>\n<tr class=\"attribute level1 even\">\n<td class=\"name\">C\u00f3digo Modelo Condensadora<\/td>\n<td class=\"element\">S4UQ12JA315.EB2GAMZ<\/td>\n<\/tr>\n<tr class=\"attribute level1 odd\">\n<td class=\"name\">NCM<\/td>\n<td class=\"element\">84151011<\/td>\n<\/tr>\n<tr class=\"attribute level1 even\">\n<td class=\"name\">Profundidade da embalagem<\/td>\n<td class=\"element\">20<\/td>\n<\/tr>\n<tr class=\"attribute level1 odd\">\n<td class=\"name\">Comando por voz<\/td>\n<td class=\"element\">Sim<\/td>\n<\/tr>\n<tr class=\"attribute level1 even\">\n<td class=\"name\">Conex\u00e3o remota por Wi-Fi<\/td>\n<td class=\"element\">Sim<\/td>\n<\/tr>\n<tr class=\"attribute level1 odd\">\n<td class=\"name\">Vaz\u00e3o de ar<\/td>\n<td class=\"element\">13<\/td>\n<\/tr>\n<tr class=\"attribute level1 even\">\n<td class=\"name\">Modelo\/Fam\u00edlia-Evaporadora 1<\/td>\n<td class=\"element\">12000<\/td>\n<\/tr>\n<tr class=\"attribute level1 odd\">\n<td class=\"name\">Voltagem-Evaporadora 1<\/td>\n<td class=\"element\">220V<\/td>\n<\/tr>\n<tr class=\"attribute level1 even\">\n<td class=\"name\">Ciclo-Evaporadora 1<\/td>\n<td class=\"element\">Frio<\/td>\n<\/tr>\n<tr class=\"attribute level1 odd\">\n<td class=\"name\">Fase-Evaporadora 1<\/td>\n<td class=\"element\">Monof\u00e1sico<\/td>\n<\/tr>\n<tr class=\"attribute level1 even\">\n<td class=\"name\">Vaz\u00e3o de ar-Evaporadora 1<\/td>\n<td class=\"element\">13<\/td>\n<\/tr>\n<tr class=\"attribute level1 odd\">\n<td class=\"name\">Controle remoto-Evaporadora 1<\/td>\n<td class=\"element\">Sim<\/td>\n<\/tr>\n<tr class=\"attribute level1 even\">\n<td class=\"name\">N\u00edvel de ru\u00eddo interno (db)-Evaporadora 1<\/td>\n<td class=\"element\">42 \/ 36 \/ 28 \/ 22<\/td>\n<\/tr>\n<tr class=\"attribute level1 odd\">\n<td class=\"name\">C\u00f3digo Modelo Evaporadora-Evaporadora 1<\/td>\n<td class=\"element\">S4NQ12JA315.EB2GAMZ<\/td>\n<\/tr>\n<tr class=\"attribute level1 even\">\n<td class=\"name\">Di\u00e2metro da linha (suc\u00e7\u00e3o)-Evaporadora 1<\/td>\n<td class=\"element\">3\/8 pol<\/td>\n<\/tr>\n<tr class=\"attribute level1 odd\">\n<td class=\"name\">Di\u00e2metro da linha (l\u00edquido)-Evaporadora 1<\/td>\n<td class=\"element\">1\/4 pol<\/td>\n<\/tr>\n<tr class=\"attribute level1 even\">\n<td class=\"name\">C\u00f3digo EAN-Evaporadora 1<\/td>\n<td class=\"element\">7893299921124<\/td>\n<\/tr>\n<tr class=\"attribute level1 odd\">\n<td class=\"name\">Largura-Evaporadora 1<\/td>\n<td class=\"element\">83,7<\/td>\n<\/tr>\n<tr class=\"attribute level1 even\">\n<td class=\"name\">Altura-Evaporadora 1<\/td>\n<td class=\"element\">30,8<\/td>\n<\/tr>\n<tr class=\"attribute level1 odd\">\n<td class=\"name\">Profundidade-Evaporadora 1<\/td>\n<td class=\"element\">18,9<\/td>\n<\/tr>\n<tr class=\"attribute level1 even\">\n<td class=\"name\">Peso l\u00edquido-Evaporadora 1<\/td>\n<td class=\"element\">8,1<\/td>\n<\/tr>\n<tr class=\"attribute level1 odd\">\n<td class=\"name\">Peso bruto-Evaporadora 1<\/td>\n<td class=\"element\">10,0<\/td>\n<\/tr>\n<tr class=\"attribute level1 even\">\n<td class=\"name\">Indicador de temperatura de evapora\u00e7\u00e3o-Evaporadora 1<\/td>\n<td class=\"element\">Sim<\/td>\n<\/tr>\n<tr class=\"attribute level1 odd\">\n<td class=\"name\">Cor-Evaporadora 1<\/td>\n<td class=\"element\">Branco<\/td>\n<\/tr>\n<tr class=\"element level1 even\">\n<td class=\"name\">Informa\u00e7\u00f5es complementares<\/td>\n<td class=\"element\">\n<table>\n<tbody>\n<tr class=\"attribute level2 odd\">\n<td>Capacidade de Refrigera\u00e7\u00e3o<\/td>\n<td>12000 BTUs<\/td>\n<\/tr>\n<tr class=\"attribute level2 even\">\n<td>Marca<\/td>\n<td>LG<\/td>\n<\/tr>\n<tr class=\"attribute level2 odd\">\n<td>Tipo<\/td>\n<td>Split<\/td>\n<\/tr>\n<tr class=\"attribute level2 even\">\n<td>Voltagem<\/td>\n<td>220 V<\/td>\n<\/tr>\n<tr class=\"attribute level2 odd\">\n<td>technology<\/td>\n<td>Inverter<\/td>\n<\/tr>\n<\/tbody>\n<\/table>\n<\/td>\n<\/tr>\n<\/tbody>\n<\/table>\n<\/div>\n<\/div>\n<\/div>\n","protected":false},"excerpt":{"rendered":"<table class=\"tab descricao\">\n<tbody>\n<tr class=\"attribute level1\">\n<td>Principais Caracter\u00edsticas Tecnologia DUAL Inverter; LG ThinQ\u00ae: Conectividade e comandos de voz com Google Assistente e Alexa; At\u00e9 70% de economia de energia Refrigera\u00e7\u00e3o at\u00e9 40% mais r\u00e1pida; Super Silencioso: A partir de 19 Db; Gold FinTM: Serpentina de Cobre Gold FinTM; Comfort Sleep: conforto t\u00e9rmico durante o sono; Filtro 3M Micro Dust v Compressor DUAL Inverter: 10 anos de garantia; Seguran\u00e7a contra Alta Voltagem; Instala\u00e7\u00e3o F\u00e1cil e R\u00e1pida. Tecnologia DUAL Inverter O balanceamento do rotor duplo presente no&#8230;<\/td>\n<\/tr>\n<\/tbody>\n<\/table>\n","protected":false},"featured_media":3336,"comment_status":"open","ping_status":"closed","template":"","meta":[],"product_brand":[],"product_cat":[605,20,606],"product_tag":[],"class_list":{"0":"post-3335","1":"product","2":"type-product","3":"status-publish","4":"has-post-thumbnail","6":"product_cat-lojas","7":"product_cat-eletrodomesticos","8":"product_cat-magalu","10":"first","11":"instock","12":"shipping-taxable","13":"product-type-external"},"_links":{"self":[{"href":"https:\/\/barzo.com.br\/shop\/wp-json\/wp\/v2\/product\/3335","targetHints":{"allow":["GET"]}}],"collection":[{"href":"https:\/\/barzo.com.br\/shop\/wp-json\/wp\/v2\/product"}],"about":[{"href":"https:\/\/barzo.com.br\/shop\/wp-json\/wp\/v2\/types\/product"}],"replies":[{"embeddable":true,"href":"https:\/\/barzo.com.br\/shop\/wp-json\/wp\/v2\/comments?post=3335"}],"wp:featuredmedia":[{"embeddable":true,"href":"https:\/\/barzo.com.br\/shop\/wp-json\/wp\/v2\/media\/3336"}],"wp:attachment":[{"href":"https:\/\/barzo.com.br\/shop\/wp-json\/wp\/v2\/media?parent=3335"}],"wp:term":[{"taxonomy":"product_brand","embeddable":true,"href":"https:\/\/barzo.com.br\/shop\/wp-json\/wp\/v2\/product_brand?post=3335"},{"taxonomy":"product_cat","embeddable":true,"href":"https:\/\/barzo.com.br\/shop\/wp-json\/wp\/v2\/product_cat?post=3335"},{"taxonomy":"product_tag","embeddable":true,"href":"https:\/\/barzo.com.br\/shop\/wp-json\/wp\/v2\/product_tag?post=3335"}],"curies":[{"name":"wp","href":"https:\/\/api.w.org\/{rel}","templated":true}]}}