{"id":3333,"date":"2022-11-30T23:48:06","date_gmt":"2022-12-01T02:48:06","guid":{"rendered":"https:\/\/barzo.com.br\/shop\/?post_type=product&#038;p=3333"},"modified":"2022-11-30T23:48:07","modified_gmt":"2022-12-01T02:48:07","slug":"jogo-de-panelas-eirilar-antiaderente-de-aluminio-grafite-4-pecas-1448","status":"publish","type":"product","link":"https:\/\/barzo.com.br\/shop\/produto\/jogo-de-panelas-eirilar-antiaderente-de-aluminio-grafite-4-pecas-1448\/","title":{"rendered":"Jogo de Panelas Eirilar Antiaderente de Alum\u00ednio &#8211; Grafite 4 Pe\u00e7as 1448"},"content":{"rendered":"<div class=\"product\">\n<div class=\"ptabs\">\n<div class=\"product-factsheet \" data-factsheet-id=\"144136400\">\n<div class=\"tab-content\">\n<div id=\"tab-descricao144136400\" class=\"tab-pane active\">\n<table class=\"tab descricao\">\n<tbody>\n<tr class=\"attribute level1\">\n<td>Hoje em dia, seja por lazer ou necessidade, todos n\u00f3s nos aventuramos na cozinha n\u00e3o \u00e9 mesmo? E para que tudo saia como planejamos, precisamos sempre contar com utens\u00edlios adequados e de qualidade. Por isso vale a pena conferir o Jogo de Panelas 1448 da Eirilar. Trata-se de um jogo de panelas feitas de alum\u00ednio com revestimento interno antiaderente que certamente encantar\u00e3o a todos pela beleza e a qualidade. S\u00e3o panelas com acabamento luxuoso, tornando o conjunto ideal para o dia a dia. Com 4 pe\u00e7as em uma linda cor grafite, essas panelas certamente far\u00e3o parte de grandes momentos na sua cozinha!<\/td>\n<\/tr>\n<\/tbody>\n<\/table>\n<\/div>\n<\/div>\n<\/div>\n<\/div>\n<\/div>\n<div class=\"row recomm-white-box recomm-cross\">\n<div class=\"row-fluid recomm-content\">\n<div class=\"row-header\">\n<div class=\"product\">\n<div class=\"ptabs\">\n<div class=\"product-factsheet \" data-factsheet-id=\"144136400\">\n<div class=\"tab-content\">\n<div id=\"tab-ficha-tecnica144136400\" class=\"tab-pane active\">\n<table class=\"tab ficha-tecnica\">\n<tbody>\n<tr class=\"attribute level1 odd\">\n<td class=\"name\">Marca<\/td>\n<td class=\"element\">Eirilar<\/td>\n<\/tr>\n<tr class=\"attribute level1 even\">\n<td class=\"name\">Refer\u00eancia<\/td>\n<td class=\"element\">1448<\/td>\n<\/tr>\n<tr class=\"attribute level1 odd\">\n<td class=\"name\">Modelo<\/td>\n<td class=\"element\">1448<\/td>\n<\/tr>\n<tr class=\"attribute level1 even\">\n<td class=\"name\">Revestimento interno<\/td>\n<td class=\"element\">Antiaderente<\/td>\n<\/tr>\n<tr class=\"attribute level1 odd\">\n<td class=\"name\">Revestimento externo<\/td>\n<td class=\"element\">Pintura<\/td>\n<\/tr>\n<tr class=\"attribute level1 even\">\n<td class=\"name\">Material<\/td>\n<td class=\"element\">Alum\u00ednio<\/td>\n<\/tr>\n<tr class=\"attribute level1 odd\">\n<td class=\"name\">Cor<\/td>\n<td class=\"element\">Grafite<\/td>\n<\/tr>\n<tr class=\"attribute level1 even\">\n<td class=\"name\">Quantidade de pe\u00e7as<\/td>\n<td class=\"element\">4<\/td>\n<\/tr>\n<tr class=\"attribute level1 odd\">\n<td class=\"name\">Composi\u00e7\u00e3o<\/td>\n<td class=\"element\">&#8211; 2 Panelas<br \/>\n&#8211; 1 Ca\u00e7arola<br \/>\n&#8211; 1 Frigideira<\/td>\n<\/tr>\n<tr class=\"attribute level1 even\">\n<td class=\"name\">Di\u00e2metro<\/td>\n<td class=\"element\">&#8211; Panela: 16cm<br \/>\n&#8211; Panela: 18cm<br \/>\n&#8211; Ca\u00e7arola: 18cm<br \/>\n&#8211; Frigideira: 18cm<\/td>\n<\/tr>\n<tr class=\"attribute level1 odd\">\n<td class=\"name\">Tampa &#8211; Sa\u00edda de vapor<\/td>\n<td class=\"element\">Sim<\/td>\n<\/tr>\n<tr class=\"attribute level1 even\">\n<td class=\"name\">Espessura<\/td>\n<td class=\"element\">1,7mm<\/td>\n<\/tr>\n<tr class=\"attribute level1 odd\">\n<td class=\"name\">Pode ir &#8211; Ao fog\u00e3o<\/td>\n<td class=\"element\">Sim<\/td>\n<\/tr>\n<tr class=\"attribute level1 even\">\n<td class=\"name\">Pode ir &#8211; Ao forno<\/td>\n<td class=\"element\">Sim<\/td>\n<\/tr>\n<tr class=\"attribute level1 odd\">\n<td class=\"name\">Pode ir &#8211; \u00c0 lava-lou\u00e7as<\/td>\n<td class=\"element\">Sim<\/td>\n<\/tr>\n<tr class=\"attribute level1 even\">\n<td class=\"name\">Material da al\u00e7a\/cabo<\/td>\n<td class=\"element\">Baquelite<\/td>\n<\/tr>\n<tr class=\"attribute level1 odd\">\n<td class=\"name\">Certificado de homologa\u00e7\u00e3o do Inmetro n\u00famero<\/td>\n<td class=\"element\">&#8211; Portaria Inmetro n\u00ba 419 de 09\/08\/2012- Certificado: PAN-18.044<\/td>\n<\/tr>\n<tr class=\"attribute level1 even\">\n<td class=\"name\">Peso do produto<\/td>\n<td class=\"element\">5,2kg<\/td>\n<\/tr>\n<tr class=\"attribute level1 odd\">\n<td class=\"name\">Dimens\u00f5es do produto com embalagem &#8211; Largura<\/td>\n<td class=\"element\">50,5cm<\/td>\n<\/tr>\n<tr class=\"attribute level1 even\">\n<td class=\"name\">Dimens\u00f5es do produto com embalagem &#8211; Altura<\/td>\n<td class=\"element\">17,5cm<\/td>\n<\/tr>\n<tr class=\"attribute level1 odd\">\n<td class=\"name\">Dimens\u00f5es do produto com embalagem &#8211; Profundidade<\/td>\n<td class=\"element\">72,5cm<\/td>\n<\/tr>\n<tr class=\"attribute level1 even\">\n<td class=\"name\">Peso do produto com embalagem<\/td>\n<td class=\"element\">5,2kg<\/td>\n<\/tr>\n<tr class=\"attribute level1 odd\">\n<td class=\"name\">Prazo de garantia<\/td>\n<td class=\"element\">02 anos (3 meses de garantia legal e mais 21 meses de garantia especial concedida pelo fabricante).<\/td>\n<\/tr>\n<tr class=\"attribute level1 even\">\n<td class=\"name\">SAC do fornecedor<\/td>\n<td class=\"element\">contato@eirilar.com.br<\/td>\n<\/tr>\n<tr class=\"attribute level1 odd\">\n<td class=\"name\">Conte\u00fado da embalagem<\/td>\n<td class=\"element\">&#8211; 1 Jogo de Panelas<\/td>\n<\/tr>\n<\/tbody>\n<\/table>\n<\/div>\n<\/div>\n<\/div>\n<\/div>\n<\/div>\n<div class=\"row recomm-white-box recomm-cross\">\n<div class=\"row-fluid recomm-content\">\n<div class=\"row-header\"><\/div>\n<\/div>\n<\/div>\n<\/div>\n<\/div>\n<\/div>\n","protected":false},"excerpt":{"rendered":"<div class=\"product\">\n<div class=\"ptabs\">\n<div class=\"product-factsheet \" data-factsheet-id=\"144136400\">\n<div class=\"tab-content\">\n<div id=\"tab-descricao144136400\" class=\"tab-pane active\">\n<table class=\"tab descricao\">\n<tbody>\n<tr class=\"attribute level1\">\n<td>Hoje em dia, seja por lazer ou necessidade, todos n\u00f3s nos aventuramos na cozinha n\u00e3o \u00e9 mesmo? E para que tudo saia como planejamos, precisamos sempre contar com utens\u00edlios adequados e de qualidade. Por isso vale a pena conferir o Jogo de Panelas 1448 da Eirilar. Trata-se de um jogo de panelas feitas de alum\u00ednio com revestimento interno antiaderente que certamente encantar\u00e3o a todos pela beleza e a qualidade. S\u00e3o panelas com acabamento luxuoso, tornando o conjunto ideal para o dia a dia. Com 4 pe\u00e7as em uma linda cor grafite, essas panelas certamente far\u00e3o parte de grandes momentos na sua cozinha!<\/td>\n<\/tr>\n<\/tbody>\n<\/table>\n<\/div>\n<\/div>\n<\/div>\n<\/div>\n<\/div>\n<div class=\"row recomm-white-box recomm-cross\">\n<div class=\"row-fluid recomm-content\">\n<div class=\"row-header\"><\/div>\n<\/div>\n<\/div>\n","protected":false},"featured_media":3334,"comment_status":"open","ping_status":"closed","template":"","meta":[],"product_brand":[],"product_cat":[605,606,141,127],"product_tag":[],"class_list":{"0":"post-3333","1":"product","2":"type-product","3":"status-publish","4":"has-post-thumbnail","6":"product_cat-lojas","7":"product_cat-magalu","8":"product_cat-panelas","9":"product_cat-utilidades-domesticas","11":"first","12":"instock","13":"shipping-taxable","14":"product-type-external"},"_links":{"self":[{"href":"https:\/\/barzo.com.br\/shop\/wp-json\/wp\/v2\/product\/3333","targetHints":{"allow":["GET"]}}],"collection":[{"href":"https:\/\/barzo.com.br\/shop\/wp-json\/wp\/v2\/product"}],"about":[{"href":"https:\/\/barzo.com.br\/shop\/wp-json\/wp\/v2\/types\/product"}],"replies":[{"embeddable":true,"href":"https:\/\/barzo.com.br\/shop\/wp-json\/wp\/v2\/comments?post=3333"}],"wp:featuredmedia":[{"embeddable":true,"href":"https:\/\/barzo.com.br\/shop\/wp-json\/wp\/v2\/media\/3334"}],"wp:attachment":[{"href":"https:\/\/barzo.com.br\/shop\/wp-json\/wp\/v2\/media?parent=3333"}],"wp:term":[{"taxonomy":"product_brand","embeddable":true,"href":"https:\/\/barzo.com.br\/shop\/wp-json\/wp\/v2\/product_brand?post=3333"},{"taxonomy":"product_cat","embeddable":true,"href":"https:\/\/barzo.com.br\/shop\/wp-json\/wp\/v2\/product_cat?post=3333"},{"taxonomy":"product_tag","embeddable":true,"href":"https:\/\/barzo.com.br\/shop\/wp-json\/wp\/v2\/product_tag?post=3333"}],"curies":[{"name":"wp","href":"https:\/\/api.w.org\/{rel}","templated":true}]}}