{"id":3331,"date":"2022-11-30T23:43:25","date_gmt":"2022-12-01T02:43:25","guid":{"rendered":"https:\/\/barzo.com.br\/shop\/?post_type=product&#038;p=3331"},"modified":"2022-11-30T23:43:25","modified_gmt":"2022-12-01T02:43:25","slug":"212-nyc-carolina-herrera-perfume-feminino-eau-de-toilette","status":"publish","type":"product","link":"https:\/\/barzo.com.br\/shop\/produto\/212-nyc-carolina-herrera-perfume-feminino-eau-de-toilette\/","title":{"rendered":"212 NYC Carolina Herrera &#8211; Perfume Feminino &#8211; Eau de Toilette"},"content":{"rendered":"<table class=\"tab descricao\">\n<tbody>\n<tr class=\"attribute level1\">\n<td>212 \u00e9 o indicativo da zona de Manhattan. Tudo come\u00e7a aqui. O mundo observa: a bolsa de valores, a galeria de arte, as novas ideais culin\u00e1rias, turistas que visitam o futuro&#8230; Para homens e mulheres jovens, cosmopolitas, plenos de confian\u00e7a, experientes e, acima de tudo, com muita classe. 212 Eau de Toilette de Carolina Herrera \u00e9 um aroma que permite a invas\u00e3o de um novo mundo de sensa\u00e7\u00f5es. Um conceito, o \u00eaxito da s\u00edntese, uma fragr\u00e2ncia moderna e inovadora que \u00e9, ao mesmo tempo, muito feminina e elegante. Uma combina\u00e7\u00e3o de frescura, transpar\u00eancia e eleg\u00e2ncia que se adapta ao estilo da mulher moderna. As suas notas dominantes s\u00e3o florais, brilhantes e leves p\u00e9talas e hastes de flores como notas superiores, combinadas na perfei\u00e7\u00e3o com a riqueza sensual das notas base de s\u00e2ndalo e alm\u00edscar branco. A gard\u00e9nia possui um toque met\u00e1lico que transmite o modernismo desta fragr\u00e2ncia urbana. Notas de Topo: Frescura deslumbrante &#8211; p\u00e9talas, caules de flores Notas de Cora\u00e7\u00e3o: Floral hipn\u00f3tico &#8211; gard\u00e9nia, pe\u00f3nia Notas de Fundo: &#8220;Sex appeal&#8221; inesquec\u00edvel &#8211; s\u00e2ndalo cremoso, alm\u00edscar branco quente A embalagem da fragr\u00e2ncia 212 oculta mais do que revela. No seu interior est\u00e1 uma invulgar estrutura de vidro e metal criada para ser uma pe\u00e7a moderna e, ao mesmo tempo, cl\u00e1ssica. Pode ficar de p\u00e9 ou deitada. Com uma surpresa no interior: n\u00e3o passa apenas por um design arrojado com vidro e metal, com formas familiares arquitet\u00f3nicas, \u00e9 tamb\u00e9m funcional \u2013 dois frascos num s\u00f3! Um fica em casa, o outro passeia na sua mala ou saco de viagem.<\/p>\n<p>&nbsp;<\/td>\n<\/tr>\n<\/tbody>\n<\/table>\n","protected":false},"excerpt":{"rendered":"<table class=\"tab descricao\">\n<tbody>\n<tr class=\"attribute level1\">\n<td>212 \u00e9 o indicativo da zona de Manhattan. Tudo come\u00e7a aqui. O mundo observa: a bolsa de valores, a galeria de arte, as novas ideais culin\u00e1rias, turistas que visitam o futuro&#8230; Para homens e mulheres jovens, cosmopolitas, plenos de confian\u00e7a, experientes e, acima de tudo, com muita classe. 212 Eau de Toilette de Carolina Herrera \u00e9 um aroma que permite a invas\u00e3o de um novo mundo de sensa\u00e7\u00f5es. Um conceito, o \u00eaxito da s\u00edntese, uma fragr\u00e2ncia moderna e inovadora que \u00e9, ao mesmo tempo, muito feminina e elegante. Uma combina\u00e7\u00e3o de frescura, transpar\u00eancia e eleg\u00e2ncia que se adapta ao estilo da mulher moderna. As suas notas dominantes s\u00e3o florais, brilhantes e leves p\u00e9talas e hastes de flores como notas superiores&#8230;<\/td>\n<\/tr>\n<\/tbody>\n<\/table>\n","protected":false},"featured_media":3332,"comment_status":"open","ping_status":"closed","template":"","meta":[],"product_brand":[],"product_cat":[605,16,430,488,606,34],"product_tag":[],"class_list":{"0":"post-3331","1":"product","2":"type-product","3":"status-publish","4":"has-post-thumbnail","6":"product_cat-lojas","7":"product_cat-beleza-bem-estar-e-saude","8":"product_cat-femininos","9":"product_cat-importados","10":"product_cat-magalu","11":"product_cat-perfumes","13":"first","14":"instock","15":"shipping-taxable","16":"product-type-external"},"_links":{"self":[{"href":"https:\/\/barzo.com.br\/shop\/wp-json\/wp\/v2\/product\/3331","targetHints":{"allow":["GET"]}}],"collection":[{"href":"https:\/\/barzo.com.br\/shop\/wp-json\/wp\/v2\/product"}],"about":[{"href":"https:\/\/barzo.com.br\/shop\/wp-json\/wp\/v2\/types\/product"}],"replies":[{"embeddable":true,"href":"https:\/\/barzo.com.br\/shop\/wp-json\/wp\/v2\/comments?post=3331"}],"wp:featuredmedia":[{"embeddable":true,"href":"https:\/\/barzo.com.br\/shop\/wp-json\/wp\/v2\/media\/3332"}],"wp:attachment":[{"href":"https:\/\/barzo.com.br\/shop\/wp-json\/wp\/v2\/media?parent=3331"}],"wp:term":[{"taxonomy":"product_brand","embeddable":true,"href":"https:\/\/barzo.com.br\/shop\/wp-json\/wp\/v2\/product_brand?post=3331"},{"taxonomy":"product_cat","embeddable":true,"href":"https:\/\/barzo.com.br\/shop\/wp-json\/wp\/v2\/product_cat?post=3331"},{"taxonomy":"product_tag","embeddable":true,"href":"https:\/\/barzo.com.br\/shop\/wp-json\/wp\/v2\/product_tag?post=3331"}],"curies":[{"name":"wp","href":"https:\/\/api.w.org\/{rel}","templated":true}]}}