{"id":3327,"date":"2022-11-30T23:36:31","date_gmt":"2022-12-01T02:36:31","guid":{"rendered":"https:\/\/barzo.com.br\/shop\/?post_type=product&#038;p=3327"},"modified":"2022-11-30T23:36:31","modified_gmt":"2022-12-01T02:36:31","slug":"truss-uso-obrigatorio-260ml-2-unidades","status":"publish","type":"product","link":"https:\/\/barzo.com.br\/shop\/produto\/truss-uso-obrigatorio-260ml-2-unidades\/","title":{"rendered":"Truss Uso Obrigat\u00f3rio 260ml 2 Unidades"},"content":{"rendered":"<table class=\"tab descricao\">\n<tbody>\n<tr class=\"attribute level1\">\n<td>Truss Uso Obrigat\u00f3rioReconstrutor capilar. Truss Uso Obrigat\u00f3rio recupera o aspecto saud\u00e1vel do cabelo danificado e quimicamente tratado. Ele tamb\u00e9m disciplina os fios, protege do calor do secador e evita a forma\u00e7\u00e3o de pontas duplas.<\/p>\n<p>Truss Uso Obrigat\u00f3rio age com a reconstru\u00e7\u00e3o das partes do fio que est\u00e3o danificadas e fragilizadas para restaurar a for\u00e7a e a resist\u00eancia. A f\u00f3rmula ainda conta com antioxidantes que protegem dos danos causados por radicais livres. Outra caracter\u00edstica importante \u00e9 a prote\u00e7\u00e3o que oferece aos fios tingidos contra o desbotamento. Com esse reconstrutor, seu cabelo volta a ser lindo e saud\u00e1vel rapidamente.<br \/>\nA\u00e7\u00e3oArginina, Ciste\u00edna e Creatina: trio de amino\u00e1cidos que penetra na fibra capilar, restaura a resist\u00eancia e minimiza os efeitos do envelhecimento natural.<\/p>\n<p>Nano Repair: preenche \u00e1reas danificadas da fibra enquanto forma um adesivo que mant\u00e9m as cut\u00edculas sempre fechadas.<\/p>\n<p>Bio Affinity Complex: com fitonutrientes, repara a cut\u00edcula fragilizada.<\/p>\n<p>Wheat Protein: recupera a elasticidade da fibra com redu\u00e7\u00e3o da quebra.<\/p>\n<p>Keratin: formada por 18 amino\u00e1cidos, recupera a resist\u00eancia dos fios enquanto deixa o cabelo mais encorpado.<\/p>\n<p>Tahiti Monoi Oil: \u00f3leo vegetal 100% natural. Restaura, hidrata e protege da a\u00e7\u00e3o dos radicais livres.<\/p>\n<p>Lipo Nutrient: rico em \u00e1cidos graxos, vitaminas e amino\u00e1cidos, protege dos raios ultravioleta.<\/p>\n<p>Soft Hair: agente condicionante que desembara\u00e7a, fortalece, combate o frizz, d\u00e1 maciez e brilho.Como UsarTruss Uso Obrigat\u00f3rioConselho de Aplica\u00e7\u00e3oComo tratamento: Ap\u00f3s lavar o cabelo com shampoo, aplique o reconstrutor e, sem enxaguar, siga para o uso do condicionador.<\/p>\n<p>Como leave-in: Aplique sobre o cabelo limpo e \u00famido. Finalize como desejar.ResultadoSeu cabelo tem o aspecto saud\u00e1vel recuperado, com brilho, melhor penteabilidade e maciez.<\/td>\n<\/tr>\n<\/tbody>\n<\/table>\n","protected":false},"excerpt":{"rendered":"<table class=\"tab descricao\">\n<tbody>\n<tr class=\"attribute level1\">\n<td>Truss Uso Obrigat\u00f3rioReconstrutor capilar. Truss Uso Obrigat\u00f3rio recupera o aspecto saud\u00e1vel do cabelo danificado e quimicamente tratado. Ele tamb\u00e9m disciplina os fios, protege do calor do secador e evita a forma\u00e7\u00e3o de pontas duplas.<\/p>\n<p>Truss Uso Obrigat\u00f3rio age com a reconstru\u00e7\u00e3o das partes do fio que est\u00e3o d&#8230;<\/td>\n<\/tr>\n<\/tbody>\n<\/table>\n","protected":false},"featured_media":3328,"comment_status":"open","ping_status":"closed","template":"","meta":[],"product_brand":[],"product_cat":[605,16,37,442,450,606],"product_tag":[],"class_list":{"0":"post-3327","1":"product","2":"type-product","3":"status-publish","4":"has-post-thumbnail","6":"product_cat-lojas","7":"product_cat-beleza-bem-estar-e-saude","8":"product_cat-cabelos","9":"product_cat-creme-de-pentear-desfrizante-finalizador","10":"product_cat-kits-para-cabelo","11":"product_cat-magalu","13":"first","14":"instock","15":"shipping-taxable","16":"product-type-external"},"_links":{"self":[{"href":"https:\/\/barzo.com.br\/shop\/wp-json\/wp\/v2\/product\/3327","targetHints":{"allow":["GET"]}}],"collection":[{"href":"https:\/\/barzo.com.br\/shop\/wp-json\/wp\/v2\/product"}],"about":[{"href":"https:\/\/barzo.com.br\/shop\/wp-json\/wp\/v2\/types\/product"}],"replies":[{"embeddable":true,"href":"https:\/\/barzo.com.br\/shop\/wp-json\/wp\/v2\/comments?post=3327"}],"wp:featuredmedia":[{"embeddable":true,"href":"https:\/\/barzo.com.br\/shop\/wp-json\/wp\/v2\/media\/3328"}],"wp:attachment":[{"href":"https:\/\/barzo.com.br\/shop\/wp-json\/wp\/v2\/media?parent=3327"}],"wp:term":[{"taxonomy":"product_brand","embeddable":true,"href":"https:\/\/barzo.com.br\/shop\/wp-json\/wp\/v2\/product_brand?post=3327"},{"taxonomy":"product_cat","embeddable":true,"href":"https:\/\/barzo.com.br\/shop\/wp-json\/wp\/v2\/product_cat?post=3327"},{"taxonomy":"product_tag","embeddable":true,"href":"https:\/\/barzo.com.br\/shop\/wp-json\/wp\/v2\/product_tag?post=3327"}],"curies":[{"name":"wp","href":"https:\/\/api.w.org\/{rel}","templated":true}]}}