{"id":3322,"date":"2022-11-30T23:25:10","date_gmt":"2022-12-01T02:25:10","guid":{"rendered":"https:\/\/barzo.com.br\/shop\/?post_type=product&#038;p=3322"},"modified":"2022-11-30T23:25:10","modified_gmt":"2022-12-01T02:25:10","slug":"console-playstation-5-jogo-fifa-23-ps5-sony","status":"publish","type":"product","link":"https:\/\/barzo.com.br\/shop\/produto\/console-playstation-5-jogo-fifa-23-ps5-sony\/","title":{"rendered":"Console Playstation 5 + Jogo Fifa 23 &#8211; Ps5 &#8211; SONY"},"content":{"rendered":"<table class=\"tab descricao\">\n<tbody>\n<tr class=\"attribute level1\">\n<td>PlayStation5<\/p>\n<p>O console PS5 oferece novas possibilidades de jogabilidade que voc\u00ea nunca imaginou. Reproduza jogos para PS5 e PS4 em Blu-ray Disc. Al\u00e9m disso, voc\u00ea tamb\u00e9m pode baixar jogos digitais para PS5 e PS4 pela PlayStation Store.<\/p>\n<p>Experimente o carregamento extremamente r\u00e1pido do SSD de ultra-velocidade, uma imers\u00e3o mais profunda com suporte \u00e0 resposta t\u00e1til, gatilhos adapt\u00e1veis e \u00e1udio 3D. Al\u00e9m de uma gera\u00e7\u00e3o totalmente nova de jogos incr\u00edveis PlayStation\u00ae.<\/p>\n<p>Na velocidade da luz: Domine o poder das CPU e GPU personalizadas e do SSD com E\/S integradas que redefinem as regras do que o console PlayStation pode fazer. Jogos deslumbrantes: Maravilhe-se com os gr\u00e1ficos incr\u00edveis e experimente os recursos do novo PS5. Imers\u00e3o de tirar o f\u00f4lego: Descubra uma experi\u00eancia de jogos ainda mais profunda com a ajuda da resposta t\u00e1til, dos gatilhos adapt\u00e1veis e da tecnologia de \u00e1udio 3D.<\/p>\n<p>FIFA 23<\/p>\n<p>O que \u00e9 o EA SPORTS? FIFA 23? O Jogo de Todo Mundo O EA SPORTS? FIFA 23 coloca o maior jogo do mundo em campo, com torneios da Copa do Mundo FIFA? de futebol masculino e feminino, adi\u00e7\u00e3o de clubes femininos e novas formas de jogar os seus modos favoritos.<\/p>\n<p>Os avan\u00e7os na tecnologia HyperMotion2 trazem ainda mais a\u00e7\u00e3o e realismo do futebol para o campo no PS5. Com o dobro de captura de movimentos do mundo real, agora, mais do que nunca, h\u00e1 mais anima\u00e7\u00f5es de futebol real em cada partida.<\/p>\n<p>Principais recursos do EA SPORTS FIFA 23<\/p>\n<p>Copa do Mundo FIFA? de futebol masculino e feminino Vivencie o auge do futebol internacional com a Copa do Mundo FIFA Qatar 2022? e a Copa do Mundo FIFA Australia e New Zealand 2023? de futebol feminino.<\/p>\n<p>O drama e a emo\u00e7\u00e3o do maior torneio desportivo chegam ao FIFA 23 atrav\u00e9s de atualiza\u00e7\u00f5es p\u00f3s-lan\u00e7amento, sem custos adicionais. * Futebol feminino<\/p>\n<p>Jogue pela primeira vez na hist\u00f3ria da EA SPORTS? FIFA com equipes do futebol feminino.<\/p>\n<p>O futebol feminino faz sua estreia no FIFA 23. Desenvolvido pela HyperMotion2, o jogo de futebol feminino do FIFA 23 combina a captura dedicada de partidas 11v11 com tecnologia de aprendizado de m\u00e1quina de ponta para revelar anima\u00e7\u00f5es novas e aut\u00eanticas, especificamente para o futebol feminino no FIFA 23.<\/p>\n<p>SSD ultrarr\u00e1pido: Maximize suas sess\u00f5es de jogo com tempo de carregamento praticamente instant\u00e2neo para jogos do PS5? instalados. E\/S integrada: A integra\u00e7\u00e3o personalizada dos sistemas de console PS5? permite que os criadores extraiam dados do SSD t\u00e3o r\u00e1pido que eles podem desenvolver jogos de formas que antes seriam imposs\u00edveis.<\/p>\n<p>&#8220;Ray Tracing&#8221; (Rastreamento de raios): Mergulhe em mundos com um n\u00edvel in\u00e9dito de realismo enquanto os raios de luz s\u00e3o simulados individualmente, criando sombras e reflexos realistas em jogos compat\u00edveis com PS5?.<\/p>\n<p>Jogos para TVs 4K : Curta seus jogos favoritos do PS5? na sua incr\u00edvel TV 4K. At\u00e9 120 qps com sa\u00edda em 120 Hz: Desfrute da fluidez e taxa de quadros de at\u00e9 120 qps em jogos compat\u00edveis, com suporte a sa\u00edda de 120 Hz em telas 4K.<\/p>\n<p>Tecnologia HDR: Com uma TV HDR, os jogos compat\u00edveis do PS5? exibem uma variedade de cores inacreditavelmente vibrantes e realistas. Sa\u00edda em 8K: Os consoles PS5? oferecem suporte \u00e0 sa\u00edda 8K, para que voc\u00ea possa jogar na sua tela com resolu\u00e7\u00e3o de 4320p.<\/p>\n<p>Tempest 3D AudioTech: Mergulhe em palcos sonoros que far\u00e3o voc\u00ea acreditar que os sons est\u00e3o vindo de todas as dire\u00e7\u00f5es. Seja com seus fones de ouvido ou os alto-falantes de sua TV, seu ambiente ganhar\u00e1 vida com o Tempest 3D AudioTech em jogos compat\u00edveis. Resposta t\u00e1til: Experimente a resposta t\u00e1til com o controle sem fio DualSense em jogos selecionados do PS5 e sinta o impacto de suas a\u00e7\u00f5es no jogo atrav\u00e9s da resposta sensorial din\u00e2mica.<\/p>\n<p>Gatilhos adapt\u00e1veis: Assuma o controle com os imersivos gatilhos adapt\u00e1veis, agora com n\u00edveis din\u00e2micos de resist\u00eancia que simulam o impacto f\u00edsico das atividades em jogos selecionados do PS5.<\/p>\n<p>Inclui:<\/p>\n<p>? Console PlayStation\u00ae5<\/p>\n<p>? Voucher do jogo FIFA 23<\/p>\n<p>? Controle sem fio DualSense?<\/p>\n<p>? 825GB SSD<\/p>\n<p>? Base<\/p>\n<p>? Cabo HDMI\u00ae<\/p>\n<p>? Cabo de energia AC<\/p>\n<p>? Cabo USB<\/p>\n<p>? Materiais impressos<\/p>\n<p>? ASTRO?s PLAYROOM (jogo pr\u00e9-instalado). O console pode precisar ser atualizado para a vers\u00e3o mais recente do software do sistema. Necess\u00e1rio conex\u00e3o com a Internet.<\/td>\n<\/tr>\n<\/tbody>\n<\/table>\n","protected":false},"excerpt":{"rendered":"<table class=\"tab descricao\">\n<tbody>\n<tr class=\"attribute level1\">\n<td>PlayStation5<\/p>\n<p>O console PS5 oferece novas possibilidades de jogabilidade que voc\u00ea nunca imaginou. Reproduza jogos para PS5 e PS4 em Blu-ray Disc. Al\u00e9m disso, voc\u00ea tamb\u00e9m pode baixar jogos digitais para PS5 e PS4 pela PlayStation Store.<\/p>\n<p>Experimente o carregamento extremamente r\u00e1pido do SSD de ultra-velocidade, uma imers\u00e3o&#8230;<\/td>\n<\/tr>\n<\/tbody>\n<\/table>\n","protected":false},"featured_media":3323,"comment_status":"open","ping_status":"closed","template":"","meta":[],"product_brand":[],"product_cat":[605,18,129,606,128],"product_tag":[],"class_list":{"0":"post-3322","1":"product","2":"type-product","3":"status-publish","4":"has-post-thumbnail","6":"product_cat-lojas","7":"product_cat-brinquedos-e-hobbies","8":"product_cat-jogos-de-videogame","9":"product_cat-magalu","10":"product_cat-videogames","12":"first","13":"instock","14":"shipping-taxable","15":"product-type-external"},"_links":{"self":[{"href":"https:\/\/barzo.com.br\/shop\/wp-json\/wp\/v2\/product\/3322","targetHints":{"allow":["GET"]}}],"collection":[{"href":"https:\/\/barzo.com.br\/shop\/wp-json\/wp\/v2\/product"}],"about":[{"href":"https:\/\/barzo.com.br\/shop\/wp-json\/wp\/v2\/types\/product"}],"replies":[{"embeddable":true,"href":"https:\/\/barzo.com.br\/shop\/wp-json\/wp\/v2\/comments?post=3322"}],"wp:featuredmedia":[{"embeddable":true,"href":"https:\/\/barzo.com.br\/shop\/wp-json\/wp\/v2\/media\/3323"}],"wp:attachment":[{"href":"https:\/\/barzo.com.br\/shop\/wp-json\/wp\/v2\/media?parent=3322"}],"wp:term":[{"taxonomy":"product_brand","embeddable":true,"href":"https:\/\/barzo.com.br\/shop\/wp-json\/wp\/v2\/product_brand?post=3322"},{"taxonomy":"product_cat","embeddable":true,"href":"https:\/\/barzo.com.br\/shop\/wp-json\/wp\/v2\/product_cat?post=3322"},{"taxonomy":"product_tag","embeddable":true,"href":"https:\/\/barzo.com.br\/shop\/wp-json\/wp\/v2\/product_tag?post=3322"}],"curies":[{"name":"wp","href":"https:\/\/api.w.org\/{rel}","templated":true}]}}