{"id":3318,"date":"2022-11-30T23:13:18","date_gmt":"2022-12-01T02:13:18","guid":{"rendered":"https:\/\/barzo.com.br\/shop\/?post_type=product&#038;p=3318"},"modified":"2022-11-30T23:14:32","modified_gmt":"2022-12-01T02:14:32","slug":"cerveja-heineken-premium-puro-malte-pilsen-lager-12-unidades-lata-350ml","status":"publish","type":"product","link":"https:\/\/barzo.com.br\/shop\/produto\/cerveja-heineken-premium-puro-malte-pilsen-lager-12-unidades-lata-350ml\/","title":{"rendered":"Cerveja Heineken Premium Puro Malte Pilsen Lager &#8211; 12 Unidades Lata 350ml"},"content":{"rendered":"<div class=\"product\">\n<div class=\"ptabs\">\n<div class=\"product-factsheet \" data-factsheet-id=\"225339000\">\n<div class=\"tab-content\">\n<div id=\"tab-descricao225339000\" class=\"tab-pane active\">\n<table class=\"tab descricao\">\n<tbody>\n<tr class=\"attribute level1\">\n<td>Uma das bebidas preferidas no nosso Pa\u00eds e que n\u00e3o pode faltar em festas, churrascos e confraterniza\u00e7\u00f5es \u00e9 a cerveja. Para animar as celebra\u00e7\u00f5es, a Heineken apresenta o pack Puro Malte Lager Premium com 12 latas de 350ml, uma cerveja refrescante produzida com ingredientes 100% naturais. Ela possui colora\u00e7\u00e3o amarelo dourado e \u00e9 fabricada em tanques horizontais para garantir mais sabor e consist\u00eancia. A exclusiva levedura A acrescentada durante a fermenta\u00e7\u00e3o traz um sabor equilibrado com notas frutadas e sutis. Na cl\u00e1ssica vers\u00e3o em lata a cerveja Heineken est\u00e1 ainda mais refrescante e gela bem r\u00e1pido.<\/td>\n<\/tr>\n<\/tbody>\n<\/table>\n<\/div>\n<\/div>\n<\/div>\n<\/div>\n<\/div>\n<div class=\"row recomm-white-box recomm-cross\">\n<div class=\"row-fluid recomm-content\">\n<div class=\"row-header\">\n<table class=\"tab ficha-tecnica\">\n<tbody>\n<tr class=\"attribute level1 odd\">\n<td class=\"name\">Marca<\/td>\n<td class=\"element\">Heineken<\/td>\n<\/tr>\n<tr class=\"attribute level1 even\">\n<td class=\"name\">Refer\u00eancia<\/td>\n<td class=\"element\">139152<\/td>\n<\/tr>\n<tr class=\"attribute level1 odd\">\n<td class=\"name\">Modelo<\/td>\n<td class=\"element\">Puro Malte Lager<\/td>\n<\/tr>\n<tr class=\"attribute level1 even\">\n<td class=\"name\">Linha<\/td>\n<td class=\"element\">Premium<\/td>\n<\/tr>\n<tr class=\"attribute level1 odd\">\n<td class=\"name\">Volume<\/td>\n<td class=\"element\">350ml por unidade<\/td>\n<\/tr>\n<tr class=\"attribute level1 even\">\n<td class=\"name\">Estilo<\/td>\n<td class=\"element\">Pilsen<\/td>\n<\/tr>\n<tr class=\"attribute level1 odd\">\n<td class=\"name\">Fam\u00edlia<\/td>\n<td class=\"element\">Lager<\/td>\n<\/tr>\n<tr class=\"attribute level1 even\">\n<td class=\"name\">Tipo<\/td>\n<td class=\"element\">Puro malte<\/td>\n<\/tr>\n<tr class=\"attribute level1 odd\">\n<td class=\"name\">Quantidade<\/td>\n<td class=\"element\">12 Unidades<\/td>\n<\/tr>\n<tr class=\"attribute level1 even\">\n<td class=\"name\">Tipo de embalagem<\/td>\n<td class=\"element\">Lata<\/td>\n<\/tr>\n<tr class=\"attribute level1 odd\">\n<td class=\"name\">Teor alco\u00f3lico<\/td>\n<td class=\"element\">5%<\/td>\n<\/tr>\n<tr class=\"attribute level1 even\">\n<td class=\"name\">Colora\u00e7\u00e3o<\/td>\n<td class=\"element\">Amarelo dourado<\/td>\n<\/tr>\n<tr class=\"attribute level1 odd\">\n<td class=\"name\">Notas sensoriais<\/td>\n<td class=\"element\">Sabor fresco, vivo e equilibrado com notas frutadas e colarinho de espuma firme<\/td>\n<\/tr>\n<tr class=\"attribute level1 even\">\n<td class=\"name\">Harmoniza\u00e7\u00e3o<\/td>\n<td class=\"element\">Hamb\u00farguer, comida mexicana, queijos e castanhas<\/td>\n<\/tr>\n<tr class=\"attribute level1 odd\">\n<td class=\"name\">Origem<\/td>\n<td class=\"element\">Brasil<\/td>\n<\/tr>\n<tr class=\"attribute level1 even\">\n<td class=\"name\">Temperatura de servi\u00e7o<\/td>\n<td class=\"element\">5\u00b0C<\/td>\n<\/tr>\n<tr class=\"attribute level1 odd\">\n<td class=\"name\">Ingredientes<\/td>\n<td class=\"element\">Cevada maltada, \u00e1gua, l\u00fapulo e uma pequena, mas significativa, adi\u00e7\u00e3o chamada levedura tipo A<\/td>\n<\/tr>\n<tr class=\"attribute level1 even\">\n<td class=\"name\">Armazenamento<\/td>\n<td class=\"element\">Armazenar em um local frio e seco, afastado da luz direta e do calor<\/td>\n<\/tr>\n<tr class=\"attribute level1 odd\">\n<td class=\"name\">Aten\u00e7\u00e3o<\/td>\n<td class=\"element\">A venda de bebidas alco\u00f3licas \u00e9 proibida para menores de 18 anos. Beba com modera\u00e7\u00e3o.<\/td>\n<\/tr>\n<tr class=\"attribute level1 even\">\n<td class=\"name\">Peso do produto com embalagem<\/td>\n<td class=\"element\">5kg<\/td>\n<\/tr>\n<tr class=\"attribute level1 odd\">\n<td class=\"name\">Dimens\u00f5es do produto com embalagem &#8211; Largura<\/td>\n<td class=\"element\">26cm<\/td>\n<\/tr>\n<tr class=\"attribute level1 even\">\n<td class=\"name\">Dimens\u00f5es do produto com embalagem &#8211; Altura<\/td>\n<td class=\"element\">13cm<\/td>\n<\/tr>\n<tr class=\"attribute level1 odd\">\n<td class=\"name\">Dimens\u00f5es do produto com embalagem &#8211; Profundidade<\/td>\n<td class=\"element\">20cm<\/td>\n<\/tr>\n<tr class=\"attribute level1 even\">\n<td class=\"name\">Prazo de garantia<\/td>\n<td class=\"element\">sim 30 dias<\/td>\n<\/tr>\n<tr class=\"attribute level1 odd\">\n<td class=\"name\">Conte\u00fado da embalagem<\/td>\n<td class=\"element\">&#8211; 12 Cervejas<\/td>\n<\/tr>\n<\/tbody>\n<\/table>\n<\/div>\n<\/div>\n<\/div>\n","protected":false},"excerpt":{"rendered":"<div class=\"product\">\n<div class=\"ptabs\">\n<div class=\"product-factsheet \" data-factsheet-id=\"225339000\">\n<div class=\"tab-content\">\n<div id=\"tab-descricao225339000\" class=\"tab-pane active\">\n<table class=\"tab descricao\">\n<tbody>\n<tr class=\"attribute level1\">\n<td>Uma das bebidas preferidas no nosso Pa\u00eds e que n\u00e3o pode faltar em festas, churrascos e confraterniza\u00e7\u00f5es \u00e9 a cerveja. Para animar as celebra\u00e7\u00f5es, a Heineken apresenta o pack Puro Malte Lager Premium com 12 latas de 350ml, uma cerveja refrescante produzida com ingredientes 100% naturais. Ela possui colora\u00e7\u00e3o amarelo dourado e \u00e9 fabricada em tanques horizontais para garantir mais sabor e consist\u00eancia. A exclusiva levedura A acrescentada durante a fermenta\u00e7\u00e3o traz um sabor equilibrado com notas frutadas e sutis. Na cl\u00e1ssica vers\u00e3o em lata a cerveja Heineken est\u00e1 ainda mais refrescante e gela bem r\u00e1pido.<\/td>\n<\/tr>\n<\/tbody>\n<\/table>\n<\/div>\n<\/div>\n<\/div>\n<\/div>\n<\/div>\n<div class=\"row recomm-white-box recomm-cross\">\n<div class=\"row-fluid recomm-content\">\n<div class=\"row-header\"><\/div>\n<\/div>\n<\/div>\n","protected":false},"featured_media":3319,"comment_status":"open","ping_status":"closed","template":"","meta":[],"product_brand":[],"product_cat":[605,17,29,606],"product_tag":[],"class_list":{"0":"post-3318","1":"product","2":"type-product","3":"status-publish","4":"has-post-thumbnail","6":"product_cat-lojas","7":"product_cat-bebidas","8":"product_cat-cerveja","9":"product_cat-magalu","11":"first","12":"instock","13":"shipping-taxable","14":"product-type-external"},"_links":{"self":[{"href":"https:\/\/barzo.com.br\/shop\/wp-json\/wp\/v2\/product\/3318","targetHints":{"allow":["GET"]}}],"collection":[{"href":"https:\/\/barzo.com.br\/shop\/wp-json\/wp\/v2\/product"}],"about":[{"href":"https:\/\/barzo.com.br\/shop\/wp-json\/wp\/v2\/types\/product"}],"replies":[{"embeddable":true,"href":"https:\/\/barzo.com.br\/shop\/wp-json\/wp\/v2\/comments?post=3318"}],"wp:featuredmedia":[{"embeddable":true,"href":"https:\/\/barzo.com.br\/shop\/wp-json\/wp\/v2\/media\/3319"}],"wp:attachment":[{"href":"https:\/\/barzo.com.br\/shop\/wp-json\/wp\/v2\/media?parent=3318"}],"wp:term":[{"taxonomy":"product_brand","embeddable":true,"href":"https:\/\/barzo.com.br\/shop\/wp-json\/wp\/v2\/product_brand?post=3318"},{"taxonomy":"product_cat","embeddable":true,"href":"https:\/\/barzo.com.br\/shop\/wp-json\/wp\/v2\/product_cat?post=3318"},{"taxonomy":"product_tag","embeddable":true,"href":"https:\/\/barzo.com.br\/shop\/wp-json\/wp\/v2\/product_tag?post=3318"}],"curies":[{"name":"wp","href":"https:\/\/api.w.org\/{rel}","templated":true}]}}