{"id":3316,"date":"2022-11-30T23:07:41","date_gmt":"2022-12-01T02:07:41","guid":{"rendered":"https:\/\/barzo.com.br\/shop\/?post_type=product&#038;p=3316"},"modified":"2022-11-30T23:07:41","modified_gmt":"2022-12-01T02:07:41","slug":"pneu-aro-14-175-70r14-goodyear-88t-touring-direction-2","status":"publish","type":"product","link":"https:\/\/barzo.com.br\/shop\/produto\/pneu-aro-14-175-70r14-goodyear-88t-touring-direction-2\/","title":{"rendered":"Pneu Aro 14\u201d 175\/70R14 Goodyear 88T Touring &#8211; Direction 2"},"content":{"rendered":"<div class=\"product\">\n<div class=\"ptabs\">\n<div class=\"product-factsheet \" data-factsheet-id=\"235820600\">\n<div class=\"tab-content\">\n<div id=\"tab-descricao235820600\" class=\"tab-pane active\">\n<table class=\"tab descricao\">\n<tbody>\n<tr class=\"attribute level1\">\n<td>Hoje tem tantos modelos que pneus que voc\u00ea deve ficar perdido na hora de escolher um para o seu carro. Mas nem sempre um pneu \u00e9 bom para o seu carro s\u00f3 porque \u00e9 do tamanho da sua roda. Nessas horas voc\u00ea tem que escolher um que \u00e9 mais adequado para o tipo de uso que voc\u00ea faz do seu ve\u00edculo. Pneu de passeio de utiliza\u00e7\u00e3o em pavimentos que visa durabilidade, performance e seguran\u00e7a. A Goodyear desenvolveu o Direction 2 Touring, um pneu aro 14&#8243; com medidas de 175\/70R14 e \u00edndice de carga 88T perfeito para voc\u00ea andar no asfalto.<\/p>\n<div class=\"product\">\n<div class=\"ptabs\">\n<div class=\"product-factsheet \" data-factsheet-id=\"235820600\">\n<div class=\"tab-content\">\n<div id=\"tab-ficha-tecnica235820600\" class=\"tab-pane active\">\n<table class=\"tab ficha-tecnica\">\n<tbody>\n<tr class=\"attribute level1 odd\">\n<td class=\"name\">Marca<\/td>\n<td class=\"element\">Goodyear<\/td>\n<\/tr>\n<tr class=\"attribute level1 even\">\n<td class=\"name\">Refer\u00eancia<\/td>\n<td class=\"element\">175\/70R14<\/td>\n<\/tr>\n<tr class=\"attribute level1 odd\">\n<td class=\"name\">Modelo<\/td>\n<td class=\"element\">Direction 2<\/td>\n<\/tr>\n<tr class=\"attribute level1 even\">\n<td class=\"name\">Linha<\/td>\n<td class=\"element\">Touring<\/td>\n<\/tr>\n<tr class=\"attribute level1 odd\">\n<td class=\"name\">Aro<\/td>\n<td class=\"element\">14&#8243;<\/td>\n<\/tr>\n<tr class=\"attribute level1 even\">\n<td class=\"name\">Medida<\/td>\n<td class=\"element\">175\/70R14<\/td>\n<\/tr>\n<tr class=\"attribute level1 odd\">\n<td class=\"name\">Largura<\/td>\n<td class=\"element\">175<\/td>\n<\/tr>\n<tr class=\"attribute level1 even\">\n<td class=\"name\">Perfil<\/td>\n<td class=\"element\">70<\/td>\n<\/tr>\n<tr class=\"attribute level1 odd\">\n<td class=\"name\">\u00cdndice de Carga \/ Velocidade<\/td>\n<td class=\"element\">88T<\/td>\n<\/tr>\n<tr class=\"attribute level1 even\">\n<td class=\"name\">\u00cdndice de Carga<\/td>\n<td class=\"element\">88<\/td>\n<\/tr>\n<tr class=\"attribute level1 odd\">\n<td class=\"name\">\u00cdndice de Velocidade<\/td>\n<td class=\"element\">T<\/td>\n<\/tr>\n<tr class=\"attribute level1 even\">\n<td class=\"name\">Resist\u00eancia ao Rolamento<\/td>\n<td class=\"element\">E<\/td>\n<\/tr>\n<tr class=\"attribute level1 odd\">\n<td class=\"name\">Ader\u00eancia no Molhado<\/td>\n<td class=\"element\">C<\/td>\n<\/tr>\n<tr class=\"attribute level1 even\">\n<td class=\"name\">N\u00edvel de Ru\u00eddo<\/td>\n<td class=\"element\">71dB<\/td>\n<\/tr>\n<tr class=\"attribute level1 odd\">\n<td class=\"name\">Temperatura<\/td>\n<td class=\"element\">AB<\/td>\n<\/tr>\n<tr class=\"attribute level1 even\">\n<td class=\"name\">Tipo de Constru\u00e7\u00e3o<\/td>\n<td class=\"element\">Radial<\/td>\n<\/tr>\n<tr class=\"attribute level1 odd\">\n<td class=\"name\">Tipo de Terreno<\/td>\n<td class=\"element\">On road<\/td>\n<\/tr>\n<tr class=\"attribute level1 even\">\n<td class=\"name\">Tipo de Ve\u00edculo<\/td>\n<td class=\"element\">Passeio<\/td>\n<\/tr>\n<tr class=\"attribute level1 odd\">\n<td class=\"name\">Quantidade de Pe\u00e7as<\/td>\n<td class=\"element\">1<\/td>\n<\/tr>\n<tr class=\"attribute level1 even\">\n<td class=\"name\">Certificado de Homologa\u00e7\u00e3o do Inmetro N\u00famero<\/td>\n<td class=\"element\">001241\/2012<\/td>\n<\/tr>\n<tr class=\"attribute level1 odd\">\n<td class=\"name\">Peso do Produto<\/td>\n<td class=\"element\">6,814kg<\/td>\n<\/tr>\n<tr class=\"attribute level1 even\">\n<td class=\"name\">Dimens\u00f5es do Produto<\/td>\n<td class=\"element\">Largura: 60,06cm Altura: 17,5cm Profundidade: 6,9cm<\/td>\n<\/tr>\n<tr class=\"attribute level1 odd\">\n<td class=\"name\">Prazo de Garantia<\/td>\n<td class=\"element\">05 anos (3 meses de garantia legal e mais 57 meses de garantia especial concedida pelo fabricante).<\/td>\n<\/tr>\n<tr class=\"attribute level1 even\">\n<td class=\"name\">Conte\u00fado da Embalagem<\/td>\n<td class=\"element\">1 Pneu<\/td>\n<\/tr>\n<\/tbody>\n<\/table>\n<\/div>\n<\/div>\n<\/div>\n<\/div>\n<\/div>\n<div class=\"row recomm-white-box recomm-viewed\">\n<div class=\"row-fluid recomm-content hide\">\n<div class=\"row-header\"><\/div>\n<\/div>\n<\/div>\n<\/td>\n<\/tr>\n<\/tbody>\n<\/table>\n<\/div>\n<\/div>\n<\/div>\n<\/div>\n<\/div>\n<div class=\"row recomm-white-box recomm-viewed\">\n<div class=\"row-fluid recomm-content hide\">\n<div class=\"row-header\"><\/div>\n<\/div>\n<\/div>\n","protected":false},"excerpt":{"rendered":"<div class=\"product\">\n<div class=\"ptabs\">\n<div class=\"product-factsheet \" data-factsheet-id=\"235820600\">\n<div class=\"tab-content\">\n<div id=\"tab-descricao235820600\" class=\"tab-pane active\">\n<table class=\"tab descricao\">\n<tbody>\n<tr class=\"attribute level1\">\n<td>Hoje tem tantos modelos que pneus que voc\u00ea deve ficar perdido na hora de escolher um para o seu carro. Mas nem sempre um pneu \u00e9 bom para o seu carro s\u00f3 porque \u00e9 do tamanho da sua roda. Nessas horas voc\u00ea tem que escolher um que \u00e9 mais adequado para o tipo de uso que voc\u00ea faz do seu ve\u00edculo. Pneu de passeio de utiliza\u00e7\u00e3o em pavimentos que visa durabilidade, performance e seguran\u00e7a. A Goodyear desenvolveu o Direction 2 Touring, um pneu aro 14&#8243; com medidas de 175\/70R14 e \u00edndice de carga 88T perfeito para voc\u00ea andar no asfalto.<\/td>\n<\/tr>\n<\/tbody>\n<\/table>\n<\/div>\n<\/div>\n<\/div>\n<\/div>\n<\/div>\n<div class=\"row recomm-white-box recomm-viewed\">\n<div class=\"row-fluid recomm-content hide\">\n<div class=\"row-header\"><\/div>\n<\/div>\n<\/div>\n","protected":false},"featured_media":3317,"comment_status":"open","ping_status":"closed","template":"","meta":[],"product_brand":[],"product_cat":[605,226,606,238],"product_tag":[],"class_list":{"0":"post-3316","1":"product","2":"type-product","3":"status-publish","4":"has-post-thumbnail","6":"product_cat-lojas","7":"product_cat-automotivo","8":"product_cat-magalu","9":"product_cat-pneus","11":"first","12":"instock","13":"shipping-taxable","14":"product-type-external"},"_links":{"self":[{"href":"https:\/\/barzo.com.br\/shop\/wp-json\/wp\/v2\/product\/3316","targetHints":{"allow":["GET"]}}],"collection":[{"href":"https:\/\/barzo.com.br\/shop\/wp-json\/wp\/v2\/product"}],"about":[{"href":"https:\/\/barzo.com.br\/shop\/wp-json\/wp\/v2\/types\/product"}],"replies":[{"embeddable":true,"href":"https:\/\/barzo.com.br\/shop\/wp-json\/wp\/v2\/comments?post=3316"}],"wp:featuredmedia":[{"embeddable":true,"href":"https:\/\/barzo.com.br\/shop\/wp-json\/wp\/v2\/media\/3317"}],"wp:attachment":[{"href":"https:\/\/barzo.com.br\/shop\/wp-json\/wp\/v2\/media?parent=3316"}],"wp:term":[{"taxonomy":"product_brand","embeddable":true,"href":"https:\/\/barzo.com.br\/shop\/wp-json\/wp\/v2\/product_brand?post=3316"},{"taxonomy":"product_cat","embeddable":true,"href":"https:\/\/barzo.com.br\/shop\/wp-json\/wp\/v2\/product_cat?post=3316"},{"taxonomy":"product_tag","embeddable":true,"href":"https:\/\/barzo.com.br\/shop\/wp-json\/wp\/v2\/product_tag?post=3316"}],"curies":[{"name":"wp","href":"https:\/\/api.w.org\/{rel}","templated":true}]}}