{"id":3313,"date":"2022-11-30T22:53:27","date_gmt":"2022-12-01T01:53:27","guid":{"rendered":"https:\/\/barzo.com.br\/shop\/?post_type=product&#038;p=3313"},"modified":"2022-11-30T22:53:27","modified_gmt":"2022-12-01T01:53:27","slug":"guarda-roupa-casal-com-espelho-3-portas-6-gavetas-e77020-miami","status":"publish","type":"product","link":"https:\/\/barzo.com.br\/shop\/produto\/guarda-roupa-casal-com-espelho-3-portas-6-gavetas-e77020-miami\/","title":{"rendered":"Guarda-roupa Casal com Espelho 3 Portas 6 Gavetas &#8211; E77020 Miami"},"content":{"rendered":"<div class=\"product\">\n<div class=\"ptabs\">\n<div class=\"product-factsheet \" data-factsheet-id=\"225148000\">\n<div class=\"tab-content\">\n<div id=\"tab-descricao225148000\" class=\"tab-pane active\">\n<table class=\"tab descricao\">\n<tbody>\n<tr class=\"attribute level1\">\n<td>Conhe\u00e7a o guarda-roupa casal Araplac E77020 que \u00e9 composto por tr\u00eas portas e na parte central, um lindo espelho comp\u00f5e a estrutura. H\u00e1 tamb\u00e9m espa\u00e7os amplos divididos entre as seis gavetas e sete prateleiras. Um acabamento perfeito em verniz nas cores demoli\u00e7\u00e3o e baunilha que resultam em detalhes que far\u00e3o toda a diferen\u00e7a na harmoniza\u00e7\u00e3o do espa\u00e7o. Uma pe\u00e7a que oferece otimiza\u00e7\u00e3o, funcionalidade e um design moderno!<\/td>\n<\/tr>\n<\/tbody>\n<\/table>\n<\/div>\n<\/div>\n<\/div>\n<\/div>\n<\/div>\n<div class=\"row recomm-white-box recomm-cross\">\n<div class=\"row-header\">\n<table class=\"tab ficha-tecnica\">\n<tbody>\n<tr class=\"attribute level1 odd\">\n<td class=\"name\">Marca<\/td>\n<td class=\"element\">araplac<\/td>\n<\/tr>\n<tr class=\"attribute level1 even\">\n<td class=\"name\">Refer\u00eancia<\/td>\n<td class=\"element\">E77020-89<\/td>\n<\/tr>\n<tr class=\"attribute level1 odd\">\n<td class=\"name\">Modelo<\/td>\n<td class=\"element\">E77020<\/td>\n<\/tr>\n<tr class=\"attribute level1 even\">\n<td class=\"name\">Tamanho<\/td>\n<td class=\"element\">Casal<\/td>\n<\/tr>\n<tr class=\"attribute level1 odd\">\n<td class=\"name\">Caracter\u00edsticas<\/td>\n<td class=\"element\">Com Espelho<\/td>\n<\/tr>\n<tr class=\"attribute level1 even\">\n<td class=\"name\">Quantidade de espelhos<\/td>\n<td class=\"element\">04<\/td>\n<\/tr>\n<tr class=\"attribute level1 odd\">\n<td class=\"name\">Quantidade de portas<\/td>\n<td class=\"element\">03<\/td>\n<\/tr>\n<tr class=\"attribute level1 even\">\n<td class=\"name\">Quantidade de gavetas<\/td>\n<td class=\"element\">06<\/td>\n<\/tr>\n<tr class=\"attribute level1 odd\">\n<td class=\"name\">Estilo<\/td>\n<td class=\"element\">Moderno<\/td>\n<\/tr>\n<tr class=\"attribute level1 even\">\n<td class=\"name\">Material da estrutura<\/td>\n<td class=\"element\">MDP<\/td>\n<\/tr>\n<tr class=\"attribute level1 odd\">\n<td class=\"name\">Revestimento<\/td>\n<td class=\"element\">Verniz U.V<\/td>\n<\/tr>\n<tr class=\"attribute level1 even\">\n<td class=\"name\">Corredi\u00e7as<\/td>\n<td class=\"element\">Met\u00e1licas<\/td>\n<\/tr>\n<tr class=\"attribute level1 odd\">\n<td class=\"name\">Dobradi\u00e7as<\/td>\n<td class=\"element\">Met\u00e1licas<\/td>\n<\/tr>\n<tr class=\"attribute level1 even\">\n<td class=\"name\">Acabamento<\/td>\n<td class=\"element\">Verniz U.V<\/td>\n<\/tr>\n<tr class=\"attribute level1 odd\">\n<td class=\"name\">Gavetas &#8211; Externas<\/td>\n<td class=\"element\">Sim<\/td>\n<\/tr>\n<tr class=\"attribute level1 even\">\n<td class=\"name\">Prateleiras &#8211; Internas<\/td>\n<td class=\"element\">Sim<\/td>\n<\/tr>\n<tr class=\"attribute level1 odd\">\n<td class=\"name\">Material da porta<\/td>\n<td class=\"element\">MDP<\/td>\n<\/tr>\n<tr class=\"attribute level1 even\">\n<td class=\"name\">Material das gavetas<\/td>\n<td class=\"element\">&#8211; MDP<br \/>\n&#8211; Duratree ( chapa de fibra)<\/td>\n<\/tr>\n<tr class=\"attribute level1 odd\">\n<td class=\"name\">P\u00e9s &#8211; Rodap\u00e9<\/td>\n<td class=\"element\">Sim<\/td>\n<\/tr>\n<tr class=\"attribute level1 even\">\n<td class=\"name\">Quantidade de prateleiras<\/td>\n<td class=\"element\">07<\/td>\n<\/tr>\n<tr class=\"attribute level1 odd\">\n<td class=\"name\">Quantidade de puxadores<\/td>\n<td class=\"element\">03<\/td>\n<\/tr>\n<tr class=\"attribute level1 even\">\n<td class=\"name\">Material dos puxadores<\/td>\n<td class=\"element\">PVC<\/td>\n<\/tr>\n<tr class=\"attribute level1 odd\">\n<td class=\"name\">Dimens\u00f5es do produto &#8211; Largura<\/td>\n<td class=\"element\">175cm<\/td>\n<\/tr>\n<tr class=\"attribute level1 even\">\n<td class=\"name\">Dimens\u00f5es do produto &#8211; Altura<\/td>\n<td class=\"element\">217cm<\/td>\n<\/tr>\n<tr class=\"attribute level1 odd\">\n<td class=\"name\">Dimens\u00f5es do produto &#8211; Profundidade<\/td>\n<td class=\"element\">47cm<\/td>\n<\/tr>\n<tr class=\"attribute level1 even\">\n<td class=\"name\">Material dos p\u00e9s<\/td>\n<td class=\"element\">MDP<\/td>\n<\/tr>\n<tr class=\"attribute level1 odd\">\n<td class=\"name\">Download do Manual<\/td>\n<td class=\"element\"><a title=\"Download Manual\" href=\"http:\/\/conteudoproduto.magazineluiza.com.br\/manual\/22\/225148000.pdf\" target=\"_blank\" rel=\"noopener\"><img decoding=\"async\" src=\"http:\/\/conteudoproduto.magazineluiza.com.br\/manual\/botao\/botao_downloadmanual.gif\" alt=\"\" \/><\/a><\/td>\n<\/tr>\n<tr class=\"attribute level1 even\">\n<td class=\"name\">Cor<\/td>\n<td class=\"element\">Demoli\u00e7\u00e3o e Baunilha<\/td>\n<\/tr>\n<tr class=\"attribute level1 odd\">\n<td class=\"name\">Peso do produto<\/td>\n<td class=\"element\">115kg<\/td>\n<\/tr>\n<tr class=\"attribute level1 even\">\n<td class=\"name\">Prazo de garantia<\/td>\n<td class=\"element\">03 meses de garantia legal.<\/td>\n<\/tr>\n<tr class=\"attribute level1 odd\">\n<td class=\"name\">Conte\u00fado da embalagem<\/td>\n<td class=\"element\">&#8211; 01 Guarda-roupa<br \/>\n&#8211; Esquema de montagem<br \/>\n&#8211; Kit p\u00e9s<br \/>\n&#8211; Espelhos<\/td>\n<\/tr>\n<\/tbody>\n<\/table>\n<\/div>\n<\/div>\n","protected":false},"excerpt":{"rendered":"<div class=\"product\">\n<div class=\"ptabs\">\n<div class=\"product-factsheet \" data-factsheet-id=\"225148000\">\n<div class=\"tab-content\">\n<div id=\"tab-descricao225148000\" class=\"tab-pane active\">\n<table class=\"tab descricao\">\n<tbody>\n<tr class=\"attribute level1\">\n<td>Conhe\u00e7a o guarda-roupa casal Araplac E77020 que \u00e9 composto por tr\u00eas portas e na parte central, um lindo espelho comp\u00f5e a estrutura. H\u00e1 tamb\u00e9m espa\u00e7os amplos divididos entre as seis gavetas e sete prateleiras. Um acabamento perfeito em verniz nas cores demoli\u00e7\u00e3o e baunilha que resultam em detalhes que far\u00e3o toda a diferen\u00e7a na harmoniza\u00e7\u00e3o do espa\u00e7o. Uma pe\u00e7a que oferece otimiza\u00e7\u00e3o, funcionalidade e um design moderno!<\/td>\n<\/tr>\n<\/tbody>\n<\/table>\n<\/div>\n<\/div>\n<\/div>\n<\/div>\n<\/div>\n<div class=\"row recomm-white-box recomm-cross\">\n<div class=\"row-fluid recomm-content\">\n<div class=\"row-header\"><\/div>\n<\/div>\n<\/div>\n","protected":false},"featured_media":3314,"comment_status":"open","ping_status":"closed","template":"","meta":[],"product_brand":[],"product_cat":[606,371,605,24,119],"product_tag":[],"class_list":{"0":"post-3313","1":"product","2":"type-product","3":"status-publish","4":"has-post-thumbnail","6":"product_cat-magalu","7":"product_cat-guarda-roupas-e-roupeiros","8":"product_cat-lojas","9":"product_cat-moveis","10":"product_cat-quarto","12":"first","13":"instock","14":"shipping-taxable","15":"product-type-external"},"_links":{"self":[{"href":"https:\/\/barzo.com.br\/shop\/wp-json\/wp\/v2\/product\/3313","targetHints":{"allow":["GET"]}}],"collection":[{"href":"https:\/\/barzo.com.br\/shop\/wp-json\/wp\/v2\/product"}],"about":[{"href":"https:\/\/barzo.com.br\/shop\/wp-json\/wp\/v2\/types\/product"}],"replies":[{"embeddable":true,"href":"https:\/\/barzo.com.br\/shop\/wp-json\/wp\/v2\/comments?post=3313"}],"wp:featuredmedia":[{"embeddable":true,"href":"https:\/\/barzo.com.br\/shop\/wp-json\/wp\/v2\/media\/3314"}],"wp:attachment":[{"href":"https:\/\/barzo.com.br\/shop\/wp-json\/wp\/v2\/media?parent=3313"}],"wp:term":[{"taxonomy":"product_brand","embeddable":true,"href":"https:\/\/barzo.com.br\/shop\/wp-json\/wp\/v2\/product_brand?post=3313"},{"taxonomy":"product_cat","embeddable":true,"href":"https:\/\/barzo.com.br\/shop\/wp-json\/wp\/v2\/product_cat?post=3313"},{"taxonomy":"product_tag","embeddable":true,"href":"https:\/\/barzo.com.br\/shop\/wp-json\/wp\/v2\/product_tag?post=3313"}],"curies":[{"name":"wp","href":"https:\/\/api.w.org\/{rel}","templated":true}]}}