{"id":3311,"date":"2022-11-30T22:27:29","date_gmt":"2022-12-01T01:27:29","guid":{"rendered":"https:\/\/barzo.com.br\/shop\/?post_type=product&#038;p=3311"},"modified":"2022-11-30T22:27:29","modified_gmt":"2022-12-01T01:27:29","slug":"galaxy-watch4-classic-lte-46mm-prata-com-super-cashback-ame-no-shoptime-corre-ofertas-validas-no-dia-30-11-por-tempo-limitado","status":"publish","type":"product","link":"https:\/\/barzo.com.br\/shop\/produto\/galaxy-watch4-classic-lte-46mm-prata-com-super-cashback-ame-no-shoptime-corre-ofertas-validas-no-dia-30-11-por-tempo-limitado\/","title":{"rendered":"Galaxy Watch4 Classic Lte 46Mm &#8211; Prata com SUPER CASHBACK AME no SHOPTIME, corre!!!  **Ofertas v\u00e1lidas no dia 30\/11 por tempo limitado."},"content":{"rendered":"<div id=\"info-section\" class=\"src__WrapperProductInfo-sc-1c7a3hi-0 iTtoyk\">\n<h2 class=\"title__Title-sc-qx50lt-0 hPvSnE\">Informa\u00e7\u00f5es do produto<\/h2>\n<div class=\"src__Container-sc-1c7a3hi-3 kdfdUW\">\n<div class=\"src__Description-sc-1c7a3hi-2 dChPoq\">O\u00a0<b>Galaxy Watch4 Classic Lte 46mm<\/b>\u00a0possui o novo sistema operacional Wear OS Powered by Samsung.<\/p>\n<p>Variedade de Apps, incluindo Apps do Servi\u00e7o Google: Play Store, Google Map, G Pay, G Assistant e YouTube Music.<\/p>\n<p>V\u00e1rios tipos de conectividade por rede m\u00f3vel 4G LTE1, Wi-Fi e Bluetooth.<\/p>\n<p>Faz, recebe chamadas e notifica\u00e7\u00f5es de mensagens.<\/p>\n<p>A ainda possui novo Hardware, CPU e GPU mais r\u00e1pidos, maior capacidade de mem\u00f3ria interna.<\/p>\n<p>Durabilidade padr\u00e3o Militar(MIL-STD-810G), Resist\u00eancia \u00e0 \u00e1gua (5 ATM) e poeira (IP-68).<\/p>\n<p><b>Imagens meramente ilustrativas.<\/b><br \/>\n<b>Todas as informa\u00e7\u00f5es divulgadas s\u00e3o de responsabilidade do Fabricante\/Fornecedor.<\/b><br \/>\n<b>Verifique com os fabricantes do produto e de seus componentes eventuais limita\u00e7\u00f5es \u00e0 utiliza\u00e7\u00e3o de todos os recursos e funcionalidades.<\/b><\/div>\n<\/div>\n<\/div>\n<h2 class=\"src__Title-sc-1m6tc2l-1 cuRtbe\">Ficha t\u00e9cnica<\/h2>\n<div class=\"src__DeskWrapper-sc-1m6tc2l-0 iqTsol\">\n<table class=\"src__SpecsCell-sc-1m6tc2l-2 byvoul\">\n<tbody>\n<tr class=\"src__View-sc-1m6tc2l-3 cblkwV\">\n<td class=\"src__Text-sc-1m6tc2l-4 kBDbsy\">Fabricante<\/td>\n<td class=\"src__Text-sc-1m6tc2l-4 kBDbsy\">Samsung<\/td>\n<\/tr>\n<tr class=\"src__View-sc-1m6tc2l-3 cblkwV\">\n<td class=\"src__Text-sc-1m6tc2l-4 kBDbsy\">Cor<\/td>\n<td class=\"src__Text-sc-1m6tc2l-4 kBDbsy\">PRATA<\/td>\n<\/tr>\n<tr class=\"src__View-sc-1m6tc2l-3 cblkwV\">\n<td class=\"src__Text-sc-1m6tc2l-4 kBDbsy\">Voltagem<\/td>\n<td class=\"src__Text-sc-1m6tc2l-4 kBDbsy\">BIVOLT<\/td>\n<\/tr>\n<tr class=\"src__View-sc-1m6tc2l-3 cblkwV\">\n<td class=\"src__Text-sc-1m6tc2l-4 kBDbsy\">Tamanho<\/td>\n<td class=\"src__Text-sc-1m6tc2l-4 kBDbsy\">UNICO<\/td>\n<\/tr>\n<tr class=\"src__View-sc-1m6tc2l-3 cblkwV\">\n<td class=\"src__Text-sc-1m6tc2l-4 kBDbsy\">Marca<\/td>\n<td class=\"src__Text-sc-1m6tc2l-4 kBDbsy\">Samsung<\/td>\n<\/tr>\n<tr class=\"src__View-sc-1m6tc2l-3 cblkwV\">\n<td class=\"src__Text-sc-1m6tc2l-4 kBDbsy\">Conex\u00f5es<\/td>\n<td class=\"src__Text-sc-1m6tc2l-4 kBDbsy\">Wi-Fi,3G,4G<\/td>\n<\/tr>\n<tr class=\"src__View-sc-1m6tc2l-3 cblkwV\">\n<td class=\"src__Text-sc-1m6tc2l-4 kBDbsy\">Aparelhos compat\u00edveis<\/td>\n<td class=\"src__Text-sc-1m6tc2l-4 kBDbsy\">Compat\u00edvel com smartphones Android 6.0 ou superior e mem\u00f3ria RAM de 1.5GB<\/td>\n<\/tr>\n<tr class=\"src__View-sc-1m6tc2l-3 cblkwV\">\n<td class=\"src__Text-sc-1m6tc2l-4 kBDbsy\">Material\/Composi\u00e7\u00e3o<\/td>\n<td class=\"src__Text-sc-1m6tc2l-4 kBDbsy\">Caixa: A\u00e7o Inoxid\u00e1vel,Pulseira: FKM<\/td>\n<\/tr>\n<tr class=\"src__View-sc-1m6tc2l-3 cblkwV\">\n<td class=\"src__Text-sc-1m6tc2l-4 kBDbsy\">Recursos\/Funcionalidades<\/td>\n<td class=\"src__Text-sc-1m6tc2l-4 kBDbsy\">. Novo sistema operacional Wear OS Powered by Samsung . Variedade de Apps, incluindo Apps do Servi\u00e7o Google: Play Store, Google Map, G Pay, G Assistant e YouTube Music . V\u00e1rios tipos de conectividade por rede m\u00f3vel 4G LTE1, Wi-Fi e Bluetooth . Faz, recebe chamadas e notifica\u00e7\u00f5es de mensagens . Novo Hardware, CPU e GPU mais r\u00e1pidos, maior capacidade de mem\u00f3ria interna . Durabilidade padr\u00e3o Militar(MIL-STD-810G), Resist\u00eancia \u00e0 \u00e1gua (5 ATM) e poeira (IP-68)<\/td>\n<\/tr>\n<tr class=\"src__View-sc-1m6tc2l-3 cblkwV\">\n<td class=\"src__Text-sc-1m6tc2l-4 kBDbsy\">Alimenta\u00e7\u00e3o<\/td>\n<td class=\"src__Text-sc-1m6tc2l-4 kBDbsy\">&#8211;<\/td>\n<\/tr>\n<tr class=\"src__View-sc-1m6tc2l-3 cblkwV\">\n<td class=\"src__Text-sc-1m6tc2l-4 kBDbsy\">Conte\u00fado da embalagem<\/td>\n<td class=\"src__Text-sc-1m6tc2l-4 kBDbsy\">1 Rel\u00f3gio Smartwatch. 1 Carregador Sem fio tipo Dock. 1 Manual Usu\u00e1rio<\/td>\n<\/tr>\n<tr class=\"src__View-sc-1m6tc2l-3 cblkwV\">\n<td class=\"src__Text-sc-1m6tc2l-4 kBDbsy\">Dimens\u00f5es Produto &#8211; cm (AxLxP)<\/td>\n<td class=\"src__Text-sc-1m6tc2l-4 kBDbsy\">4,1&#215;4,1&#215;1,1cm<\/td>\n<\/tr>\n<tr class=\"src__View-sc-1m6tc2l-3 cblkwV\">\n<td class=\"src__Text-sc-1m6tc2l-4 kBDbsy\">Dimens\u00f5es Embalagem &#8211; cm (AxLxP)<\/td>\n<td class=\"src__Text-sc-1m6tc2l-4 kBDbsy\">2.8&#215;6.5&#215;2.7cm<\/td>\n<\/tr>\n<tr class=\"src__View-sc-1m6tc2l-3 cblkwV\">\n<td class=\"src__Text-sc-1m6tc2l-4 kBDbsy\">Peso liq. do produto (Kg)<\/td>\n<td class=\"src__Text-sc-1m6tc2l-4 kBDbsy\">52g<\/td>\n<\/tr>\n<tr class=\"src__View-sc-1m6tc2l-3 cblkwV\">\n<td class=\"src__Text-sc-1m6tc2l-4 kBDbsy\">Peso liq. da embalagem c\/ produto (Kg)<\/td>\n<td class=\"src__Text-sc-1m6tc2l-4 kBDbsy\">319g<\/td>\n<\/tr>\n<tr class=\"src__View-sc-1m6tc2l-3 cblkwV\">\n<td class=\"src__Text-sc-1m6tc2l-4 kBDbsy\">Mais informa\u00e7\u00f5es<\/td>\n<td class=\"src__Text-sc-1m6tc2l-4 kBDbsy\">N\u00e3o \u00e9 compat\u00edvel com iPhone<\/td>\n<\/tr>\n<tr class=\"src__View-sc-1m6tc2l-3 cblkwV\">\n<td class=\"src__Text-sc-1m6tc2l-4 kBDbsy\">Modelo<\/td>\n<td class=\"src__Text-sc-1m6tc2l-4 kBDbsy\">Galaxy Watch4 Classic LTE 46mm<\/td>\n<\/tr>\n<tr class=\"src__View-sc-1m6tc2l-3 cblkwV\">\n<td class=\"src__Text-sc-1m6tc2l-4 kBDbsy\">Refer\u00eancia do Modelo<\/td>\n<td class=\"src__Text-sc-1m6tc2l-4 kBDbsy\">SM-R895F<\/td>\n<\/tr>\n<tr class=\"src__View-sc-1m6tc2l-3 cblkwV\">\n<td class=\"src__Text-sc-1m6tc2l-4 kBDbsy\">SAC<\/td>\n<td class=\"src__Text-sc-1m6tc2l-4 kBDbsy\">4004-0000 (Capitais e grandes centros) ou 0800-124-421 (Demais cidades e regi\u00f5es)<\/td>\n<\/tr>\n<tr class=\"src__View-sc-1m6tc2l-3 cblkwV\">\n<td class=\"src__Text-sc-1m6tc2l-4 kBDbsy\">Garantia do Fornecedor<\/td>\n<td class=\"src__Text-sc-1m6tc2l-4 kBDbsy\">12 Meses<\/td>\n<\/tr>\n<tr class=\"src__View-sc-1m6tc2l-3 cblkwV\">\n<td class=\"src__Text-sc-1m6tc2l-4 kBDbsy\">Conectividade<\/td>\n<td class=\"src__Text-sc-1m6tc2l-4 kBDbsy\">GPS + Celular<\/td>\n<\/tr>\n<\/tbody>\n<\/table>\n<\/div>\n<div class=\"report-link__ReportUI-sc-2jruhk-0 IlwqL\"><\/div>\n","protected":false},"excerpt":{"rendered":"<div class=\"product-description__WrapperProductDescription-sc-ytj6zc-0 hGDbFc\">\n<div class=\"src__Type-sc-5xe8z6-6 hYIttC\">\n<div class=\"src__SelectedOption-sc-5xe8z6-0 ZYqTy\"><label class=\"src__Label-sc-5xe8z6-1 fOzznT\">conectividade:\u00a0<strong class=\"src__Bold-sc-5xe8z6-3 iucwHC\">gps + celular<\/strong><\/label><\/div>\n<\/div>\n<div class=\"src__Type-sc-5xe8z6-6 hYIttC\">\n<div class=\"src__SelectedOption-sc-5xe8z6-0 ZYqTy\"><label class=\"src__Label-sc-5xe8z6-1 fOzznT\">cor:\u00a0<strong class=\"src__Bold-sc-5xe8z6-3 iucwHC\">prata<\/strong><\/label><\/div>\n<\/div>\n<div class=\"src__Type-sc-5xe8z6-6 hYIttC\">\n<div class=\"src__SelectedOption-sc-5xe8z6-0 ZYqTy\"><label class=\"src__Label-sc-5xe8z6-1 fOzznT\">tamanho:\u00a0<strong class=\"src__Bold-sc-5xe8z6-3 iucwHC\">unico<\/strong><\/label><\/div>\n<\/div>\n<p class=\"product-description__Description-sc-ytj6zc-1 ecJlZp\">O Galaxy Watch4 Classic Lte 46mm possui o novo sistema operacional Wear OS Powered by Samsung. Variedade de Apps, incluindo Apps do Servi\u00e7o Google: Play Store, Google Map, G Pay, G Assistant e YouTube Music. V\u00e1rios tipos de conecti&#8230;<\/p>\n<\/div>\n<div class=\"src__Type-sc-5xe8z6-6 hYIttC\"><\/div>\n<div class=\"src__Type-sc-5xe8z6-6 hYIttC\">\n<div class=\"src__SelectedOption-sc-5xe8z6-0 ZYqTy\"><\/div>\n<\/div>\n","protected":false},"featured_media":3312,"comment_status":"open","ping_status":"closed","template":"","meta":[],"product_brand":[],"product_cat":[605,610],"product_tag":[],"class_list":{"0":"post-3311","1":"product","2":"type-product","3":"status-publish","4":"has-post-thumbnail","6":"product_cat-lojas","7":"product_cat-shoptime","9":"first","10":"instock","11":"shipping-taxable","12":"product-type-external"},"_links":{"self":[{"href":"https:\/\/barzo.com.br\/shop\/wp-json\/wp\/v2\/product\/3311","targetHints":{"allow":["GET"]}}],"collection":[{"href":"https:\/\/barzo.com.br\/shop\/wp-json\/wp\/v2\/product"}],"about":[{"href":"https:\/\/barzo.com.br\/shop\/wp-json\/wp\/v2\/types\/product"}],"replies":[{"embeddable":true,"href":"https:\/\/barzo.com.br\/shop\/wp-json\/wp\/v2\/comments?post=3311"}],"wp:featuredmedia":[{"embeddable":true,"href":"https:\/\/barzo.com.br\/shop\/wp-json\/wp\/v2\/media\/3312"}],"wp:attachment":[{"href":"https:\/\/barzo.com.br\/shop\/wp-json\/wp\/v2\/media?parent=3311"}],"wp:term":[{"taxonomy":"product_brand","embeddable":true,"href":"https:\/\/barzo.com.br\/shop\/wp-json\/wp\/v2\/product_brand?post=3311"},{"taxonomy":"product_cat","embeddable":true,"href":"https:\/\/barzo.com.br\/shop\/wp-json\/wp\/v2\/product_cat?post=3311"},{"taxonomy":"product_tag","embeddable":true,"href":"https:\/\/barzo.com.br\/shop\/wp-json\/wp\/v2\/product_tag?post=3311"}],"curies":[{"name":"wp","href":"https:\/\/api.w.org\/{rel}","templated":true}]}}