{"id":3305,"date":"2022-11-30T21:54:08","date_gmt":"2022-12-01T00:54:08","guid":{"rendered":"https:\/\/barzo.com.br\/shop\/?post_type=product&#038;p=3305"},"modified":"2022-11-30T21:54:08","modified_gmt":"2022-12-01T00:54:08","slug":"galaxy-watch4-classic-bt-46mm-preto-com-super-cashback-ame-no-shoptime-corre-ofertas-validas-no-dia-30-11-por-tempo-limitado","status":"publish","type":"product","link":"https:\/\/barzo.com.br\/shop\/produto\/galaxy-watch4-classic-bt-46mm-preto-com-super-cashback-ame-no-shoptime-corre-ofertas-validas-no-dia-30-11-por-tempo-limitado\/","title":{"rendered":"Galaxy Watch4 Classic Bt 46Mm &#8211; Preto com SUPER CASHBACK AME no SHOPTIME, corre!!!  **Ofertas v\u00e1lidas no dia 30\/11 por tempo limitado."},"content":{"rendered":"<ol role=\"list\" data-title=\"See disclaimer\">\n<li role=\"listitem\" data-sup=\"1\">A disponibilidade de cores, tamanhos, modelos e pulseiras pode variar conforme o pa\u00eds ou a regi\u00e3o.\n<div role=\"list\">\n<p role=\"listitem\">* A interface de usu\u00e1rio est\u00e1 sujeita a altera\u00e7\u00f5es.<\/p>\n<p role=\"listitem\">*Os recursos e aplicativos dispon\u00edveis podem variar conforme a regi\u00e3o, o dispositivo conectado, o sistema operacional ou a operadora.<\/p>\n<p role=\"listitem\">*Todas as imagens nesta p\u00e1gina s\u00e3o simuladas para fins ilustrativos.<\/p>\n<\/div>\n<\/li>\n<li role=\"listitem\" data-sup=\"2\">N\u00c3O me\u00e7a sua composi\u00e7\u00e3o corporal se voc\u00ea tiver um implante de marca-passo ou outros dispositivos m\u00e9dicos implantados.<\/li>\n<li role=\"listitem\" data-sup=\"3\">N\u00c3O me\u00e7a sua composi\u00e7\u00e3o corporal se estiver gr\u00e1vida.<\/li>\n<li role=\"listitem\" data-sup=\"4\">Os resultados da medi\u00e7\u00e3o podem n\u00e3o ser precisos se voc\u00ea tiver menos de 20\u00a0anos.<\/li>\n<li role=\"listitem\" data-sup=\"5\">Destinado apenas para fins gerais de bem-estar e condicionamento f\u00edsico. N\u00e3o se destina ao uso na detec\u00e7\u00e3o, diagn\u00f3stico ou tratamento de qualquer problema de sa\u00fade ou doen\u00e7a. As medi\u00e7\u00f5es s\u00e3o apenas para refer\u00eancia pessoal. Consulte um m\u00e9dico para maiores informa\u00e7\u00f5es.<\/li>\n<li role=\"listitem\" data-sup=\"6\">A disponibilidade da BIA pode variar conforme o pa\u00eds ou a regi\u00e3o.<\/li>\n<li role=\"listitem\" data-sup=\"7\">Todos os recursos e a interface do usu\u00e1rio est\u00e3o sujeitos a altera\u00e7\u00f5es.<\/li>\n<li role=\"listitem\" data-sup=\"8\">O Galaxy Watch4 Classic tem classifica\u00e7\u00e3o \u00e0 prova d\u2019\u00e1gua para 50 metros conforme o padr\u00e3o ISO 22810:2010. N\u00e3o \u00e9 apropriado para mergulho ou atividades aqu\u00e1ticas sob alta press\u00e3o. Se o dispositivo ou suas m\u00e3os estiverem molhados, eles devem ser completamente secos antes de manusear o rel\u00f3gio. N\u00e3o recomend\u00e1vel para uso na praia. Resistente \u00e0 poeira conforme descrito na norma IEC 60529 IP6X\u201d<\/li>\n<li role=\"listitem\" data-sup=\"9\">O recurso de ECG e PA deve ser usado apenas por pessoas com 22\u00a0anos ou mais. Para leituras precisas da PA, \u00e9 necess\u00e1rio calibrar pelo monitor de PA com uma bra\u00e7adeira a cada quatro semanas. Requer um smartphone Galaxy com Android 7.0 ou superior.<\/li>\n<li role=\"listitem\" data-sup=\"10\">Os usu\u00e1rios devem medir sua press\u00e3o sangu\u00ednea em repouso, assim como seria feito com uma bra\u00e7adeira tradicional, e evitar medir ao fazer exerc\u00edcios, fumar ou beber.<\/li>\n<li role=\"listitem\" data-sup=\"11\">A disponibilidade de recursos e aplicativos pode variar conforme a regi\u00e3o, o dispositivo conectado, a vers\u00e3o do software e a operadora.<\/li>\n<li role=\"listitem\" data-sup=\"12\">O hist\u00f3rico da press\u00e3o sangu\u00ednea medida pode ser visualizado no aplicativo Samsung Health Monitor em um smartphone pareado.<\/li>\n<li role=\"listitem\" data-sup=\"13\">O recurso de sono avan\u00e7ado \u00e9 apenas para fins informativos e n\u00e3o se destina ao uso na detec\u00e7\u00e3o, diagn\u00f3stico, tratamento de qualquer problema de sa\u00fade ou doen\u00e7a.<\/li>\n<li role=\"listitem\" data-sup=\"14\">As medi\u00e7\u00f5es s\u00e3o apenas para refer\u00eancia pessoal. Consulte um m\u00e9dico para maiores informa\u00e7\u00f5es.<\/li>\n<li role=\"listitem\" data-sup=\"15\">O Galaxy Watch4 Classic deve estar emparelhado com um smartphone para usar a fun\u00e7\u00e3o de monitoramento do sono.<\/li>\n<li role=\"listitem\" data-sup=\"16\">Para obter melhores resultados na detec\u00e7\u00e3o e grava\u00e7\u00e3o de roncos, coloque seu smartphone em uma superf\u00edcie est\u00e1vel perto da cabe\u00e7a com a parte inferior do smartphone apontada para ela.<\/li>\n<li role=\"listitem\" data-sup=\"17\">A configura\u00e7\u00e3o de detec\u00e7\u00e3o de ronco est\u00e1 desativada por padr\u00e3o. Os usu\u00e1rios podem ativ\u00e1-la por meio do smartphone a qualquer momento usando a vers\u00e3o 6.18 ou superior do aplicativo Samsung Health.<\/li>\n<li role=\"listitem\" data-sup=\"18\">Dicas avan\u00e7adas da National Sleep Foundation est\u00e3o dispon\u00edveis apenas em um smartphone emparelhado com o Galaxy Watch4 Classic.<\/li>\n<li role=\"listitem\" data-sup=\"19\">A disponibilidade dos aplicativos pode variar conforme o pa\u00eds ou a regi\u00e3o.<\/li>\n<li role=\"listitem\" data-sup=\"20\">O Buds Controller \u00e9 compat\u00edvel com Galaxy Buds+, Galaxy Watch4 Classic e seus respectivos modelos posteriores.<\/li>\n<\/ol>\n<h2 class=\"src__Title-sc-1m6tc2l-1 cuRtbe\">Ficha t\u00e9cnica<\/h2>\n<div class=\"src__DeskWrapper-sc-1m6tc2l-0 iqTsol\">\n<table class=\"src__SpecsCell-sc-1m6tc2l-2 byvoul\">\n<tbody>\n<tr class=\"src__View-sc-1m6tc2l-3 cblkwV\">\n<td class=\"src__Text-sc-1m6tc2l-4 kBDbsy\">Fabricante<\/td>\n<td class=\"src__Text-sc-1m6tc2l-4 kBDbsy\">Samsung<\/td>\n<\/tr>\n<tr class=\"src__View-sc-1m6tc2l-3 cblkwV\">\n<td class=\"src__Text-sc-1m6tc2l-4 kBDbsy\">Cor<\/td>\n<td class=\"src__Text-sc-1m6tc2l-4 kBDbsy\">PRETO<\/td>\n<\/tr>\n<tr class=\"src__View-sc-1m6tc2l-3 cblkwV\">\n<td class=\"src__Text-sc-1m6tc2l-4 kBDbsy\">Voltagem<\/td>\n<td class=\"src__Text-sc-1m6tc2l-4 kBDbsy\">BIVOLT<\/td>\n<\/tr>\n<tr class=\"src__View-sc-1m6tc2l-3 cblkwV\">\n<td class=\"src__Text-sc-1m6tc2l-4 kBDbsy\">Tamanho<\/td>\n<td class=\"src__Text-sc-1m6tc2l-4 kBDbsy\">46<\/td>\n<\/tr>\n<tr class=\"src__View-sc-1m6tc2l-3 cblkwV\">\n<td class=\"src__Text-sc-1m6tc2l-4 kBDbsy\">Marca<\/td>\n<td class=\"src__Text-sc-1m6tc2l-4 kBDbsy\">Samsung<\/td>\n<\/tr>\n<tr class=\"src__View-sc-1m6tc2l-3 cblkwV\">\n<td class=\"src__Text-sc-1m6tc2l-4 kBDbsy\">Conex\u00f5es<\/td>\n<td class=\"src__Text-sc-1m6tc2l-4 kBDbsy\">Wi-Fi<\/td>\n<\/tr>\n<tr class=\"src__View-sc-1m6tc2l-3 cblkwV\">\n<td class=\"src__Text-sc-1m6tc2l-4 kBDbsy\">Aparelhos compat\u00edveis<\/td>\n<td class=\"src__Text-sc-1m6tc2l-4 kBDbsy\">Compat\u00edvel com smartphones Android 6.0 ou superior e mem\u00f3ria RAM de 1.5GB<\/td>\n<\/tr>\n<tr class=\"src__View-sc-1m6tc2l-3 cblkwV\">\n<td class=\"src__Text-sc-1m6tc2l-4 kBDbsy\">Material\/Composi\u00e7\u00e3o<\/td>\n<td class=\"src__Text-sc-1m6tc2l-4 kBDbsy\">Caixa: A\u00e7o Inoxid\u00e1vel,Pulseira: FKM<\/td>\n<\/tr>\n<tr class=\"src__View-sc-1m6tc2l-3 cblkwV\">\n<td class=\"src__Text-sc-1m6tc2l-4 kBDbsy\">Recursos\/Funcionalidades<\/td>\n<td class=\"src__Text-sc-1m6tc2l-4 kBDbsy\">. Novo sistema operacional Wear OS Powered by Samsung . Variedade de Apps, incluindo Apps do Servi\u00e7o Google: Play Store, Google Map, G Pay, G Assistant e YouTube Music . Diferentes tipos de conectividade Wi-Fi e Bluetooth . Faz, recebe chamadas e notifica\u00e7\u00f5es de mensagens . Novo Hardware, CPU e GPU mais r\u00e1pidos, maior capacidade de mem\u00f3ria interna . Durabilidade padr\u00e3o Militar(MIL-STD-810G), Resist\u00eancia \u00e0 \u00e1gua (5 ATM ) e poeira (IP-68)<\/td>\n<\/tr>\n<tr class=\"src__View-sc-1m6tc2l-3 cblkwV\">\n<td class=\"src__Text-sc-1m6tc2l-4 kBDbsy\">Conte\u00fado da embalagem<\/td>\n<td class=\"src__Text-sc-1m6tc2l-4 kBDbsy\">1x Rel\u00f3gio Smartwatch 1x Carregador Sem fio tipo Dock 1x Manual Usu\u00e1rio<\/td>\n<\/tr>\n<tr class=\"src__View-sc-1m6tc2l-3 cblkwV\">\n<td class=\"src__Text-sc-1m6tc2l-4 kBDbsy\">Dimens\u00f5es Produto &#8211; cm (AxLxP)<\/td>\n<td class=\"src__Text-sc-1m6tc2l-4 kBDbsy\">4,5&#215;4,5&#215;1,1cm<\/td>\n<\/tr>\n<tr class=\"src__View-sc-1m6tc2l-3 cblkwV\">\n<td class=\"src__Text-sc-1m6tc2l-4 kBDbsy\">Dimens\u00f5es Embalagem &#8211; cm (AxLxP)<\/td>\n<td class=\"src__Text-sc-1m6tc2l-4 kBDbsy\">28,1&#215;6 x 2,7cm<\/td>\n<\/tr>\n<tr class=\"src__View-sc-1m6tc2l-3 cblkwV\">\n<td class=\"src__Text-sc-1m6tc2l-4 kBDbsy\">Peso liq. do produto (Kg)<\/td>\n<td class=\"src__Text-sc-1m6tc2l-4 kBDbsy\">52g<\/td>\n<\/tr>\n<tr class=\"src__View-sc-1m6tc2l-3 cblkwV\">\n<td class=\"src__Text-sc-1m6tc2l-4 kBDbsy\">Peso liq. da embalagem c\/ produto (Kg)<\/td>\n<td class=\"src__Text-sc-1m6tc2l-4 kBDbsy\">319.6g<\/td>\n<\/tr>\n<tr class=\"src__View-sc-1m6tc2l-3 cblkwV\">\n<td class=\"src__Text-sc-1m6tc2l-4 kBDbsy\">Mais informa\u00e7\u00f5es<\/td>\n<td class=\"src__Text-sc-1m6tc2l-4 kBDbsy\">N\u00e3o \u00e9 compat\u00edvel com iPhone<\/td>\n<\/tr>\n<tr class=\"src__View-sc-1m6tc2l-3 cblkwV\">\n<td class=\"src__Text-sc-1m6tc2l-4 kBDbsy\">Modelo<\/td>\n<td class=\"src__Text-sc-1m6tc2l-4 kBDbsy\">Galaxy Watch4 Classic BT 46mm<\/td>\n<\/tr>\n<tr class=\"src__View-sc-1m6tc2l-3 cblkwV\">\n<td class=\"src__Text-sc-1m6tc2l-4 kBDbsy\">Refer\u00eancia do Modelo<\/td>\n<td class=\"src__Text-sc-1m6tc2l-4 kBDbsy\">SM-R890N<\/td>\n<\/tr>\n<tr class=\"src__View-sc-1m6tc2l-3 cblkwV\">\n<td class=\"src__Text-sc-1m6tc2l-4 kBDbsy\">SAC<\/td>\n<td class=\"src__Text-sc-1m6tc2l-4 kBDbsy\">4004-0000 (Capitais e grandes centros) ou 0800-124-421 (Demais cidades e regi\u00f5es)<\/td>\n<\/tr>\n<tr class=\"src__View-sc-1m6tc2l-3 cblkwV\">\n<td class=\"src__Text-sc-1m6tc2l-4 kBDbsy\">Garantia do Fornecedor<\/td>\n<td class=\"src__Text-sc-1m6tc2l-4 kBDbsy\">12 Meses<\/td>\n<\/tr>\n<tr class=\"src__View-sc-1m6tc2l-3 cblkwV\">\n<td class=\"src__Text-sc-1m6tc2l-4 kBDbsy\">Conectividade<\/td>\n<td class=\"src__Text-sc-1m6tc2l-4 kBDbsy\">GPS<\/td>\n<\/tr>\n<\/tbody>\n<\/table>\n<\/div>\n<div class=\"report-link__ReportUI-sc-2jruhk-0 IlwqL\"><\/div>\n","protected":false},"excerpt":{"rendered":"<div class=\"src__Type-sc-5xe8z6-6 hYIttC\">\n<div class=\"src__SelectedOption-sc-5xe8z6-0 ZYqTy\"><label class=\"src__Label-sc-5xe8z6-1 fOzznT\">conectividade:\u00a0<strong class=\"src__Bold-sc-5xe8z6-3 iucwHC\">gps<\/strong><\/label><\/div>\n<\/div>\n<div class=\"src__Type-sc-5xe8z6-6 hYIttC\">\n<div class=\"src__SelectedOption-sc-5xe8z6-0 ZYqTy\"><label class=\"src__Label-sc-5xe8z6-1 fOzznT\">cor:\u00a0<strong class=\"src__Bold-sc-5xe8z6-3 iucwHC\">preto<\/strong><\/label><\/div>\n<\/div>\n<div class=\"src__Type-sc-5xe8z6-6 hYIttC\">\n<div class=\"src__SelectedOption-sc-5xe8z6-0 ZYqTy\"><label class=\"src__Label-sc-5xe8z6-1 fOzznT\">tamanho:\u00a0<strong class=\"src__Bold-sc-5xe8z6-3 iucwHC\">46<\/strong><\/label><\/div>\n<\/div>\n<div class=\"src__Type-sc-5xe8z6-6 hYIttC\">\n<div class=\"src__SelectedOption-sc-5xe8z6-0 ZYqTy\"><label class=\"src__Label-sc-5xe8z6-1 fOzznT\">voltagem:\u00a0<strong class=\"src__Bold-sc-5xe8z6-3 iucwHC\">bivolt<\/strong><\/label><\/div>\n<\/div>\n","protected":false},"featured_media":3306,"comment_status":"open","ping_status":"closed","template":"","meta":[],"product_brand":[],"product_cat":[605,610],"product_tag":[],"class_list":{"0":"post-3305","1":"product","2":"type-product","3":"status-publish","4":"has-post-thumbnail","6":"product_cat-lojas","7":"product_cat-shoptime","9":"first","10":"instock","11":"shipping-taxable","12":"product-type-external"},"_links":{"self":[{"href":"https:\/\/barzo.com.br\/shop\/wp-json\/wp\/v2\/product\/3305","targetHints":{"allow":["GET"]}}],"collection":[{"href":"https:\/\/barzo.com.br\/shop\/wp-json\/wp\/v2\/product"}],"about":[{"href":"https:\/\/barzo.com.br\/shop\/wp-json\/wp\/v2\/types\/product"}],"replies":[{"embeddable":true,"href":"https:\/\/barzo.com.br\/shop\/wp-json\/wp\/v2\/comments?post=3305"}],"wp:featuredmedia":[{"embeddable":true,"href":"https:\/\/barzo.com.br\/shop\/wp-json\/wp\/v2\/media\/3306"}],"wp:attachment":[{"href":"https:\/\/barzo.com.br\/shop\/wp-json\/wp\/v2\/media?parent=3305"}],"wp:term":[{"taxonomy":"product_brand","embeddable":true,"href":"https:\/\/barzo.com.br\/shop\/wp-json\/wp\/v2\/product_brand?post=3305"},{"taxonomy":"product_cat","embeddable":true,"href":"https:\/\/barzo.com.br\/shop\/wp-json\/wp\/v2\/product_cat?post=3305"},{"taxonomy":"product_tag","embeddable":true,"href":"https:\/\/barzo.com.br\/shop\/wp-json\/wp\/v2\/product_tag?post=3305"}],"curies":[{"name":"wp","href":"https:\/\/api.w.org\/{rel}","templated":true}]}}