{"id":3295,"date":"2022-11-30T21:14:40","date_gmt":"2022-12-01T00:14:40","guid":{"rendered":"https:\/\/barzo.com.br\/shop\/?post_type=product&#038;p=3295"},"modified":"2022-11-30T21:15:14","modified_gmt":"2022-12-01T00:15:14","slug":"jogo-de-assadeiras-de-ceramica-22-x-135-cm-e-30-x-18-cm-2-pecas-amarelo-classic-home-com-40-de-cashback-ame-no-shoptime-corre","status":"publish","type":"product","link":"https:\/\/barzo.com.br\/shop\/produto\/jogo-de-assadeiras-de-ceramica-22-x-135-cm-e-30-x-18-cm-2-pecas-amarelo-classic-home-com-40-de-cashback-ame-no-shoptime-corre\/","title":{"rendered":"Jogo De Assadeiras De Ceramica 22 X 13,5 Cm E 30 X 18 Cm 2 Pecas Amarelo &#8211; Classic Home com 40% de CASHBACK AME no SHOPTIME, corre!!!"},"content":{"rendered":"<div id=\"info-section\" class=\"src__WrapperProductInfo-sc-1c7a3hi-0 iTtoyk\">\n<h2 class=\"title__Title-sc-qx50lt-0 hPvSnE\">Informa\u00e7\u00f5es do produto<\/h2>\n<div class=\"src__Container-sc-1c7a3hi-3 kdfdUW\">\n<div class=\"src__Description-sc-1c7a3hi-2 dChPoq\">\n<p>As\u00a0<b>Assadeiras de Cer\u00e2mica Classic Home<\/b>\u00a0dar\u00e3o mais charme e praticidade \u00e0 sua mesa. As assadeiras podem ser usadas para preparar, assar e servir. Elas v\u00e3o deixar sua mesa mais bonita.<\/p>\n<p><b>Classic Home<\/b>\u00a0\u00e9 uma Marca Pr\u00f3pria da Americanas. Desenvolvemos produtos pensando em voc\u00ea, com MAIS qualidade e MENOS pre\u00e7o. Temos tuuudo o que voc\u00ea precisa! Se sentir bem em casa n\u00e3o tem valor e a Classic Home sabe disso.<\/p>\n<p>Do quarto \u00e0 cozinha, nossa linha de produtos engloba cama, mesa, banho, utens\u00edlios dom\u00e9sticos e eletro port\u00e1teis para que os seus momentos em casa sejam os melhores. Por meio de acessibilidade, qualidade e design, com uma casa equipada com Classic Home voc\u00ea n\u00e3o vai esperar a hora de chegar em casa e curtir o seu lar.<\/p>\n<p><b>Imagens meramente ilustrativas.<\/b><br \/>\n<b>Todas as informa\u00e7\u00f5es divulgadas s\u00e3o de responsabilidade do Fabricante\/Fornecedor.<\/b><\/p>\n<\/div>\n<\/div>\n<\/div>\n<h2 class=\"src__Title-sc-1m6tc2l-1 cuRtbe\">Ficha t\u00e9cnica<\/h2>\n<table class=\"src__SpecsCell-sc-1m6tc2l-2 byvoul\">\n<tbody>\n<tr class=\"src__View-sc-1m6tc2l-3 cblkwV\">\n<td class=\"src__Text-sc-1m6tc2l-4 kBDbsy\">Fabricante<\/td>\n<td class=\"src__Text-sc-1m6tc2l-4 kBDbsy\">Importado<\/td>\n<\/tr>\n<tr class=\"src__View-sc-1m6tc2l-3 cblkwV\">\n<td class=\"src__Text-sc-1m6tc2l-4 kBDbsy\">Marca<\/td>\n<td class=\"src__Text-sc-1m6tc2l-4 kBDbsy\">Classic Home<\/td>\n<\/tr>\n<tr class=\"src__View-sc-1m6tc2l-3 cblkwV\">\n<td class=\"src__Text-sc-1m6tc2l-4 kBDbsy\">Dimens\u00f5es Aproximadas das Pe\u00e7as (cm) &#8211; AxLxP<\/td>\n<td class=\"src__Text-sc-1m6tc2l-4 kBDbsy\">22&#215;13,5&#215;4,5cm (0,75 L) e 30x18x5cm (1,25 L)<\/td>\n<\/tr>\n<tr class=\"src__View-sc-1m6tc2l-3 cblkwV\">\n<td class=\"src__Text-sc-1m6tc2l-4 kBDbsy\">Capacidade (l, ml, Kg, g, latas ou garrafas)<\/td>\n<td class=\"src__Text-sc-1m6tc2l-4 kBDbsy\">0,75L e 1,25L<\/td>\n<\/tr>\n<tr class=\"src__View-sc-1m6tc2l-3 cblkwV\">\n<td class=\"src__Text-sc-1m6tc2l-4 kBDbsy\">Quantidade de Pe\u00e7as<\/td>\n<td class=\"src__Text-sc-1m6tc2l-4 kBDbsy\">2<\/td>\n<\/tr>\n<tr class=\"src__View-sc-1m6tc2l-3 cblkwV\">\n<td class=\"src__Text-sc-1m6tc2l-4 kBDbsy\">Conte\u00fado da Embalagem<\/td>\n<td class=\"src__Text-sc-1m6tc2l-4 kBDbsy\">2 Pe\u00e7as<\/td>\n<\/tr>\n<tr class=\"src__View-sc-1m6tc2l-3 cblkwV\">\n<td class=\"src__Text-sc-1m6tc2l-4 kBDbsy\">Material\/Composi\u00e7\u00e3o<\/td>\n<td class=\"src__Text-sc-1m6tc2l-4 kBDbsy\">Cer\u00e2mica<\/td>\n<\/tr>\n<tr class=\"src__View-sc-1m6tc2l-3 cblkwV\">\n<td class=\"src__Text-sc-1m6tc2l-4 kBDbsy\">SAC<\/td>\n<td class=\"src__Text-sc-1m6tc2l-4 kBDbsy\">sac@stimportacoes.com.br<\/td>\n<\/tr>\n<tr class=\"src__View-sc-1m6tc2l-3 cblkwV\">\n<td class=\"src__Text-sc-1m6tc2l-4 kBDbsy\">Composi\u00e7\u00e3o\/Material<\/td>\n<td class=\"src__Text-sc-1m6tc2l-4 kBDbsy\">Cer\u00e2mica<\/td>\n<\/tr>\n<tr class=\"src__View-sc-1m6tc2l-3 cblkwV\">\n<td class=\"src__Text-sc-1m6tc2l-4 kBDbsy\">Color<\/td>\n<td class=\"src__Text-sc-1m6tc2l-4 kBDbsy\">AMARELA<\/td>\n<\/tr>\n<\/tbody>\n<\/table>\n","protected":false},"excerpt":{"rendered":"<p class=\"product-description__Description-sc-ytj6zc-1 ecJlZp\">As Assadeiras de Cer\u00e2mica Classic Home dar\u00e3o mais charme e praticidade \u00e0 sua mesa. As assadeiras podem ser usadas para preparar, assar e servir. Elas v\u00e3o deixar sua mesa mais bonita. Classic Home \u00e9 uma Marca Pr\u00f3pria da Americanas&#8230;<\/p>\n","protected":false},"featured_media":3296,"comment_status":"open","ping_status":"closed","template":"","meta":[],"product_brand":[],"product_cat":[605,143,610,127],"product_tag":[],"class_list":{"0":"post-3295","1":"product","2":"type-product","3":"status-publish","4":"has-post-thumbnail","6":"product_cat-lojas","7":"product_cat-bandejas-e-assadeiras","8":"product_cat-shoptime","9":"product_cat-utilidades-domesticas","11":"first","12":"instock","13":"shipping-taxable","14":"product-type-external"},"_links":{"self":[{"href":"https:\/\/barzo.com.br\/shop\/wp-json\/wp\/v2\/product\/3295","targetHints":{"allow":["GET"]}}],"collection":[{"href":"https:\/\/barzo.com.br\/shop\/wp-json\/wp\/v2\/product"}],"about":[{"href":"https:\/\/barzo.com.br\/shop\/wp-json\/wp\/v2\/types\/product"}],"replies":[{"embeddable":true,"href":"https:\/\/barzo.com.br\/shop\/wp-json\/wp\/v2\/comments?post=3295"}],"wp:featuredmedia":[{"embeddable":true,"href":"https:\/\/barzo.com.br\/shop\/wp-json\/wp\/v2\/media\/3296"}],"wp:attachment":[{"href":"https:\/\/barzo.com.br\/shop\/wp-json\/wp\/v2\/media?parent=3295"}],"wp:term":[{"taxonomy":"product_brand","embeddable":true,"href":"https:\/\/barzo.com.br\/shop\/wp-json\/wp\/v2\/product_brand?post=3295"},{"taxonomy":"product_cat","embeddable":true,"href":"https:\/\/barzo.com.br\/shop\/wp-json\/wp\/v2\/product_cat?post=3295"},{"taxonomy":"product_tag","embeddable":true,"href":"https:\/\/barzo.com.br\/shop\/wp-json\/wp\/v2\/product_tag?post=3295"}],"curies":[{"name":"wp","href":"https:\/\/api.w.org\/{rel}","templated":true}]}}