{"id":3292,"date":"2022-11-30T21:09:53","date_gmt":"2022-12-01T00:09:53","guid":{"rendered":"https:\/\/barzo.com.br\/shop\/?post_type=product&#038;p=3292"},"modified":"2022-11-30T21:09:53","modified_gmt":"2022-12-01T00:09:53","slug":"jogo-de-assadeiras-de-ceramica-22-x-135-cm-e-30-x-18-cm-2-pecas-azul-classic-home-com-40-de-cashback-ame-no-shoptime-corre","status":"publish","type":"product","link":"https:\/\/barzo.com.br\/shop\/produto\/jogo-de-assadeiras-de-ceramica-22-x-135-cm-e-30-x-18-cm-2-pecas-azul-classic-home-com-40-de-cashback-ame-no-shoptime-corre\/","title":{"rendered":"Jogo De Assadeiras De Ceramica 22 X 13,5 Cm E 30 X 18 Cm 2 Pecas Azul &#8211; Classic Home com 40% de CASHBACK AME no SHOPTIME, corre!!!"},"content":{"rendered":"<div id=\"info-section\" class=\"src__WrapperProductInfo-sc-1c7a3hi-0 iTtoyk\">\n<h2 class=\"title__Title-sc-qx50lt-0 hPvSnE\">Informa\u00e7\u00f5es do produto<\/h2>\n<div class=\"src__Container-sc-1c7a3hi-3 kdfdUW\">\n<div class=\"src__Description-sc-1c7a3hi-2 dChPoq\">As\u00a0<b>Assadeiras de Cer\u00e2mica\u00a0<\/b>de\u00a0<b>Classic Home\u00a0<\/b>dar\u00e3o mais charme e praticidade \u00e0 sua mesa. As assadeiras podem ser usadas para preparar, assar e servir. Elas v\u00e3o deixar sua mesa mais bonita.<\/p>\n<p><b>Classic Home\u00a0<\/b>\u00e9 uma Marca Pr\u00f3pria da Americanas. Desenvolvemos produtos pensando em voc\u00ea, com MAIS qualidade e MENOS pre\u00e7o. Temos tuuudo o que voc\u00ea precisa! Se sentir bem em casa n\u00e3o tem valor e a Classic Home sabe disso.<\/p>\n<p>Do quarto \u00e0 cozinha, nossa linha de produtos engloba cama, mesa, banho, utens\u00edlios dom\u00e9sticos e eletro port\u00e1teis para que os seus momentos em casa sejam os melhores. Por meio de acessibilidade, qualidade e design, com uma casa equipada com Classic Home voc\u00ea n\u00e3o vai esperar a hora de chegar em casa e curtir o seu lar.<\/p>\n<p><b>Imagens meramente ilustrativas.<\/b><br \/>\n<b>Todas as informa\u00e7\u00f5es divulgadas s\u00e3o de responsabilidade do Fabricante\/Fornecedor.<\/b><\/div>\n<\/div>\n<\/div>\n<h2 class=\"src__Title-sc-1m6tc2l-1 cuRtbe\">Ficha t\u00e9cnica<\/h2>\n<p>Fabricante: Importado<\/p>\n<p>Marca: Classic Home<\/p>\n<p>Dimens\u00f5es Aproximadas das Pe\u00e7as (cm) &#8211; AxLxP: 22&#215;13,5&#215;4,5cm (0,75 L) e 30x18x5cm (1,25 L)<\/p>\n<p>Capacidade (l, ml, Kg, g, latas ou garrafas): 0,75L e 1,25L<\/p>\n<p>Quantidade de Pe\u00e7as: 2<\/p>\n<p>Conte\u00fado da Embalagem: 2<\/p>\n<p>Pe\u00e7asMaterial\/Composi\u00e7\u00e3o: Cer\u00e2mica<\/p>\n<p>SAC: sac@stimportacoes.com.br<\/p>\n<p>Composi\u00e7\u00e3o\/Material: Cer\u00e2mica<\/p>\n<p>Color: Azul<\/p>\n","protected":false},"excerpt":{"rendered":"<p class=\"product-description__Description-sc-ytj6zc-1 ecJlZp\">As Assadeiras de Cer\u00e2mica de Classic Home dar\u00e3o mais charme e praticidade \u00e0 sua mesa. As assadeiras podem ser usadas para preparar, assar e servir. Elas v\u00e3o deixar sua mesa mais bonita. Classic Home \u00e9 uma Marca Pr\u00f3pria da Am&#8230;<\/p>\n","protected":false},"featured_media":3293,"comment_status":"open","ping_status":"closed","template":"","meta":[],"product_brand":[],"product_cat":[610,143,605,127],"product_tag":[],"class_list":{"0":"post-3292","1":"product","2":"type-product","3":"status-publish","4":"has-post-thumbnail","6":"product_cat-shoptime","7":"product_cat-bandejas-e-assadeiras","8":"product_cat-lojas","9":"product_cat-utilidades-domesticas","11":"first","12":"instock","13":"shipping-taxable","14":"product-type-external"},"_links":{"self":[{"href":"https:\/\/barzo.com.br\/shop\/wp-json\/wp\/v2\/product\/3292","targetHints":{"allow":["GET"]}}],"collection":[{"href":"https:\/\/barzo.com.br\/shop\/wp-json\/wp\/v2\/product"}],"about":[{"href":"https:\/\/barzo.com.br\/shop\/wp-json\/wp\/v2\/types\/product"}],"replies":[{"embeddable":true,"href":"https:\/\/barzo.com.br\/shop\/wp-json\/wp\/v2\/comments?post=3292"}],"wp:featuredmedia":[{"embeddable":true,"href":"https:\/\/barzo.com.br\/shop\/wp-json\/wp\/v2\/media\/3293"}],"wp:attachment":[{"href":"https:\/\/barzo.com.br\/shop\/wp-json\/wp\/v2\/media?parent=3292"}],"wp:term":[{"taxonomy":"product_brand","embeddable":true,"href":"https:\/\/barzo.com.br\/shop\/wp-json\/wp\/v2\/product_brand?post=3292"},{"taxonomy":"product_cat","embeddable":true,"href":"https:\/\/barzo.com.br\/shop\/wp-json\/wp\/v2\/product_cat?post=3292"},{"taxonomy":"product_tag","embeddable":true,"href":"https:\/\/barzo.com.br\/shop\/wp-json\/wp\/v2\/product_tag?post=3292"}],"curies":[{"name":"wp","href":"https:\/\/api.w.org\/{rel}","templated":true}]}}