{"id":3287,"date":"2022-11-30T20:39:53","date_gmt":"2022-11-30T23:39:53","guid":{"rendered":"https:\/\/barzo.com.br\/shop\/?post_type=product&#038;p=3287"},"modified":"2022-11-30T20:39:53","modified_gmt":"2022-11-30T23:39:53","slug":"conjunto-de-assadeiras-de-vidro-com-tampa-marinex-6-pecas-rosa-com-40-de-cashback-ame-no-shoptime-corre","status":"publish","type":"product","link":"https:\/\/barzo.com.br\/shop\/produto\/conjunto-de-assadeiras-de-vidro-com-tampa-marinex-6-pecas-rosa-com-40-de-cashback-ame-no-shoptime-corre\/","title":{"rendered":"Conjunto De Assadeiras De Vidro Com Tampa Marinex 6 Pecas &#8211; Rosa com 40% de CASHBACK AME no SHOPTIME, corre!!!"},"content":{"rendered":"<div id=\"info-section\" class=\"src__WrapperProductInfo-sc-1c7a3hi-0 iTtoyk\">\n<h2 class=\"title__Title-sc-qx50lt-0 hPvSnE\">Informa\u00e7\u00f5es do produto<\/h2>\n<div class=\"src__Container-sc-1c7a3hi-3 kdfdUW\">\n<div class=\"src__Description-sc-1c7a3hi-2 dChPoq\">Indicada para o preparo de alimentos no forno convencional, o\u00a0<b>Conjunto de Assadeiras de Vidro com Tampa Marinex 6 Pe\u00e7as<\/b>\u00a0\u00e9 ideal para voc\u00ea preparar uma deliciosa refei\u00e7\u00e3o, seja no dia a dia ou em ocasi\u00f5es especiais.<\/p>\n<p>Marinex \u00e9 a marca de assadeiras e formas resistentes a choques t\u00e9rmicos, dur\u00e1veis, pr\u00e1ticos e higi\u00eanicos que v\u00e3o do forno \u00e0 mesa e da mesa ao freezer. ideais para todos os tipos de receita e fam\u00edlias.<\/p>\n<p><b>Imagens meramente ilustrativas.<\/b><br \/>\n<b>Todas as informa\u00e7\u00f5es divulgadas s\u00e3o de responsabilidade do Fabricante\/Fornecedor.<\/b><\/div>\n<\/div>\n<\/div>\n<h2 class=\"src__Title-sc-1m6tc2l-1 cuRtbe\">Ficha t\u00e9cnica<\/h2>\n<div class=\"src__DeskWrapper-sc-1m6tc2l-0 iqTsol\">\n<table class=\"src__SpecsCell-sc-1m6tc2l-2 byvoul\">\n<tbody>\n<tr class=\"src__View-sc-1m6tc2l-3 cblkwV\">\n<td class=\"src__Text-sc-1m6tc2l-4 kBDbsy\">Fabricante<\/td>\n<td class=\"src__Text-sc-1m6tc2l-4 kBDbsy\">Nadir Figueiredo<\/td>\n<\/tr>\n<tr class=\"src__View-sc-1m6tc2l-3 cblkwV\">\n<td class=\"src__Text-sc-1m6tc2l-4 kBDbsy\">Marca<\/td>\n<td class=\"src__Text-sc-1m6tc2l-4 kBDbsy\">Marinex<\/td>\n<\/tr>\n<tr class=\"src__View-sc-1m6tc2l-3 cblkwV\">\n<td class=\"src__Text-sc-1m6tc2l-4 kBDbsy\">Composi\u00e7\u00e3o\/Material<\/td>\n<td class=\"src__Text-sc-1m6tc2l-4 kBDbsy\">Vidro<\/td>\n<\/tr>\n<tr class=\"src__View-sc-1m6tc2l-3 cblkwV\">\n<td class=\"src__Text-sc-1m6tc2l-4 kBDbsy\">Dobr\u00e1vel<\/td>\n<td class=\"src__Text-sc-1m6tc2l-4 kBDbsy\">N\u00e3o<\/td>\n<\/tr>\n<tr class=\"src__View-sc-1m6tc2l-3 cblkwV\">\n<td class=\"src__Text-sc-1m6tc2l-4 kBDbsy\">Descri\u00e7\u00e3o e N\u00famero de Pe\u00e7as<\/td>\n<td class=\"src__Text-sc-1m6tc2l-4 kBDbsy\">Conjunto de Assadeiras de Vidro com Tampa Marinex 6 Pe\u00e7as &#8211; Rosa<\/td>\n<\/tr>\n<tr class=\"src__View-sc-1m6tc2l-3 cblkwV\">\n<td class=\"src__Text-sc-1m6tc2l-4 kBDbsy\">Pode Ser Usado em<\/td>\n<td class=\"src__Text-sc-1m6tc2l-4 kBDbsy\">Lava-lou\u00e7as<\/td>\n<\/tr>\n<tr class=\"src__View-sc-1m6tc2l-3 cblkwV\">\n<td class=\"src__Text-sc-1m6tc2l-4 kBDbsy\">Utilidade<\/td>\n<td class=\"src__Text-sc-1m6tc2l-4 kBDbsy\">Assar e servir<\/td>\n<\/tr>\n<tr class=\"src__View-sc-1m6tc2l-3 cblkwV\">\n<td class=\"src__Text-sc-1m6tc2l-4 kBDbsy\">Caracter\u00edsticas do Produto<\/td>\n<td class=\"src__Text-sc-1m6tc2l-4 kBDbsy\">Conjunto de Assadeiras de Vidro com Tampa Marinex 6 Pe\u00e7as &#8211; Rosa<\/td>\n<\/tr>\n<tr class=\"src__View-sc-1m6tc2l-3 cblkwV\">\n<td class=\"src__Text-sc-1m6tc2l-4 kBDbsy\">Cor<\/td>\n<td class=\"src__Text-sc-1m6tc2l-4 kBDbsy\">Incolor<\/td>\n<\/tr>\n<tr class=\"src__View-sc-1m6tc2l-3 cblkwV\">\n<td class=\"src__Text-sc-1m6tc2l-4 kBDbsy\">Conte\u00fado da Embalagem<\/td>\n<td class=\"src__Text-sc-1m6tc2l-4 kBDbsy\">Conjunto de Assadeiras de Vidro com Tampa Marinex 6 Pe\u00e7as &#8211; Rosa<\/td>\n<\/tr>\n<tr class=\"src__View-sc-1m6tc2l-3 cblkwV\">\n<td class=\"src__Text-sc-1m6tc2l-4 kBDbsy\">Garantia do Fornecedor<\/td>\n<td class=\"src__Text-sc-1m6tc2l-4 kBDbsy\">Contra Defeitos de Fabrica\u00e7\u00e3o<\/td>\n<\/tr>\n<tr class=\"src__View-sc-1m6tc2l-3 cblkwV\">\n<td class=\"src__Text-sc-1m6tc2l-4 kBDbsy\">Dimens\u00f5es da embalagem &#8211; cm (AxLxP)<\/td>\n<td class=\"src__Text-sc-1m6tc2l-4 kBDbsy\">32,4&#215;28,3&#215;25,3cm<\/td>\n<\/tr>\n<tr class=\"src__View-sc-1m6tc2l-3 cblkwV\">\n<td class=\"src__Text-sc-1m6tc2l-4 kBDbsy\">Peso da embalagem c\/ produto (kg)<\/td>\n<td class=\"src__Text-sc-1m6tc2l-4 kBDbsy\">6,54kg<\/td>\n<\/tr>\n<tr class=\"src__View-sc-1m6tc2l-3 cblkwV\">\n<td class=\"src__Text-sc-1m6tc2l-4 kBDbsy\">SAC<\/td>\n<td class=\"src__Text-sc-1m6tc2l-4 kBDbsy\">0800 16 3646<\/td>\n<\/tr>\n<tr class=\"src__View-sc-1m6tc2l-3 cblkwV\">\n<td class=\"src__Text-sc-1m6tc2l-4 kBDbsy\">Modelo<\/td>\n<td class=\"src__Text-sc-1m6tc2l-4 kBDbsy\">Marinex<\/td>\n<\/tr>\n<\/tbody>\n<\/table>\n<\/div>\n<div class=\"report-link__ReportUI-sc-2jruhk-0 IlwqL\"><\/div>\n","protected":false},"excerpt":{"rendered":"<p class=\"product-description__Description-sc-ytj6zc-1 ecJlZp\">Indicada para o preparo de alimentos no forno convencional, o Conjunto de Assadeiras de Vidro com Tampa Marinex 6 Pe\u00e7as \u00e9 ideal para voc\u00ea preparar uma deliciosa refei\u00e7\u00e3o, seja no dia a dia ou em ocasi\u00f5es especiais. Marinex \u00e9 a mar&#8230;<\/p>\n","protected":false},"featured_media":3288,"comment_status":"open","ping_status":"closed","template":"","meta":[],"product_brand":[],"product_cat":[605,143,610,127],"product_tag":[],"class_list":{"0":"post-3287","1":"product","2":"type-product","3":"status-publish","4":"has-post-thumbnail","6":"product_cat-lojas","7":"product_cat-bandejas-e-assadeiras","8":"product_cat-shoptime","9":"product_cat-utilidades-domesticas","11":"first","12":"instock","13":"shipping-taxable","14":"product-type-external"},"_links":{"self":[{"href":"https:\/\/barzo.com.br\/shop\/wp-json\/wp\/v2\/product\/3287","targetHints":{"allow":["GET"]}}],"collection":[{"href":"https:\/\/barzo.com.br\/shop\/wp-json\/wp\/v2\/product"}],"about":[{"href":"https:\/\/barzo.com.br\/shop\/wp-json\/wp\/v2\/types\/product"}],"replies":[{"embeddable":true,"href":"https:\/\/barzo.com.br\/shop\/wp-json\/wp\/v2\/comments?post=3287"}],"wp:featuredmedia":[{"embeddable":true,"href":"https:\/\/barzo.com.br\/shop\/wp-json\/wp\/v2\/media\/3288"}],"wp:attachment":[{"href":"https:\/\/barzo.com.br\/shop\/wp-json\/wp\/v2\/media?parent=3287"}],"wp:term":[{"taxonomy":"product_brand","embeddable":true,"href":"https:\/\/barzo.com.br\/shop\/wp-json\/wp\/v2\/product_brand?post=3287"},{"taxonomy":"product_cat","embeddable":true,"href":"https:\/\/barzo.com.br\/shop\/wp-json\/wp\/v2\/product_cat?post=3287"},{"taxonomy":"product_tag","embeddable":true,"href":"https:\/\/barzo.com.br\/shop\/wp-json\/wp\/v2\/product_tag?post=3287"}],"curies":[{"name":"wp","href":"https:\/\/api.w.org\/{rel}","templated":true}]}}