{"id":3285,"date":"2022-11-30T20:35:09","date_gmt":"2022-11-30T23:35:09","guid":{"rendered":"https:\/\/barzo.com.br\/shop\/?post_type=product&#038;p=3285"},"modified":"2022-11-30T20:35:09","modified_gmt":"2022-11-30T23:35:09","slug":"jogo-de-assadeiras-ovais-3-pecas-opaline-marinex-com-40-de-cashback-ame-no-shoptime-corre","status":"publish","type":"product","link":"https:\/\/barzo.com.br\/shop\/produto\/jogo-de-assadeiras-ovais-3-pecas-opaline-marinex-com-40-de-cashback-ame-no-shoptime-corre\/","title":{"rendered":"Jogo De Assadeiras Ovais 3 Pecas Opaline Marinex com 40% de CASHBACK AME no SHOPTIME, corre!!!"},"content":{"rendered":"<div id=\"info-section\" class=\"src__WrapperProductInfo-sc-1c7a3hi-0 iTtoyk\">\n<h2 class=\"title__Title-sc-qx50lt-0 hPvSnE\">Informa\u00e7\u00f5es do produto<\/h2>\n<div class=\"src__Container-sc-1c7a3hi-3 kdfdUW\">\n<div class=\"src__Description-sc-1c7a3hi-2 dChPoq\">As<b>\u00a0Assadeiras Marinex Opaline<\/b>\u00a0dar\u00e3o mais charme e praticidade \u00e0 sua mesa. As assadeiras podem ser usadas para preparar, assar e servir e gra\u00e7as a suas abas facilitam a pega.<\/p>\n<p>Fabricadas em vidro branco temperado, s\u00e3o f\u00e1ceis de lavar e higi\u00eanicas; v\u00e3o ao forno convencional, microondas, freezer, geladeira, m\u00e1quina de lavar lou\u00e7as.<\/p>\n<p><b>Instru\u00e7\u00f5es de limpeza<\/b><br \/>\nPara limpeza, remova a sujeira com uma esponja macia, tire todo o res\u00edduo de sab\u00e3o e seque bem.<br \/>\nN\u00e3o utilize abrasivos ou utens\u00edlios pontiagudos.<br \/>\nSubmeter o vidro a mudan\u00e7as bruscas de temperatura pode causar choque t\u00e9rmico e danificar seu produto.<br \/>\nEvite impactos.<\/p>\n<p><b>Imagens meramente ilustrativas.<\/b><br \/>\n<b>Todas as informa\u00e7\u00f5es divulgadas s\u00e3o de responsabilidade do Fabricante\/Fornecedor.<\/b><\/div>\n<\/div>\n<\/div>\n<h2 class=\"src__Title-sc-1m6tc2l-1 cuRtbe\">Ficha t\u00e9cnica<\/h2>\n<div class=\"src__DeskWrapper-sc-1m6tc2l-0 iqTsol\">\n<table class=\"src__SpecsCell-sc-1m6tc2l-2 byvoul\">\n<tbody>\n<tr class=\"src__View-sc-1m6tc2l-3 cblkwV\">\n<td class=\"src__Text-sc-1m6tc2l-4 kBDbsy\">Dimens\u00f5es Aproximadas das Pe\u00e7as (cm) &#8211; AxLxP<\/td>\n<td class=\"src__Text-sc-1m6tc2l-4 kBDbsy\">29.5&#215;8.8&#215;21.3cm<\/td>\n<\/tr>\n<tr class=\"src__View-sc-1m6tc2l-3 cblkwV\">\n<td class=\"src__Text-sc-1m6tc2l-4 kBDbsy\">Peso liq. Aproximado das Pe\u00e7as<\/td>\n<td class=\"src__Text-sc-1m6tc2l-4 kBDbsy\">1.9kg<\/td>\n<\/tr>\n<tr class=\"src__View-sc-1m6tc2l-3 cblkwV\">\n<td class=\"src__Text-sc-1m6tc2l-4 kBDbsy\">Utilidade<\/td>\n<td class=\"src__Text-sc-1m6tc2l-4 kBDbsy\">Assar e servir<\/td>\n<\/tr>\n<tr class=\"src__View-sc-1m6tc2l-3 cblkwV\">\n<td class=\"src__Text-sc-1m6tc2l-4 kBDbsy\">Caracter\u00edsticas do Produto<\/td>\n<td class=\"src__Text-sc-1m6tc2l-4 kBDbsy\">3 assadeiras ovais<\/td>\n<\/tr>\n<tr class=\"src__View-sc-1m6tc2l-3 cblkwV\">\n<td class=\"src__Text-sc-1m6tc2l-4 kBDbsy\">V\u00e1lvula de Seguran\u00e7a<\/td>\n<td class=\"src__Text-sc-1m6tc2l-4 kBDbsy\">N\u00e3o<\/td>\n<\/tr>\n<tr class=\"src__View-sc-1m6tc2l-3 cblkwV\">\n<td class=\"src__Text-sc-1m6tc2l-4 kBDbsy\">T\u00e9rmico<\/td>\n<td class=\"src__Text-sc-1m6tc2l-4 kBDbsy\">Sim<\/td>\n<\/tr>\n<tr class=\"src__View-sc-1m6tc2l-3 cblkwV\">\n<td class=\"src__Text-sc-1m6tc2l-4 kBDbsy\">Cor<\/td>\n<td class=\"src__Text-sc-1m6tc2l-4 kBDbsy\">Branco<\/td>\n<\/tr>\n<tr class=\"src__View-sc-1m6tc2l-3 cblkwV\">\n<td class=\"src__Text-sc-1m6tc2l-4 kBDbsy\">Conte\u00fado da Embalagem<\/td>\n<td class=\"src__Text-sc-1m6tc2l-4 kBDbsy\">Conjunto 3 assadeiras ovais<\/td>\n<\/tr>\n<tr class=\"src__View-sc-1m6tc2l-3 cblkwV\">\n<td class=\"src__Text-sc-1m6tc2l-4 kBDbsy\">Garantia do Fornecedor<\/td>\n<td class=\"src__Text-sc-1m6tc2l-4 kBDbsy\">Contra Defeitos de Fabrica\u00e7\u00e3o<\/td>\n<\/tr>\n<tr class=\"src__View-sc-1m6tc2l-3 cblkwV\">\n<td class=\"src__Text-sc-1m6tc2l-4 kBDbsy\">Dimens\u00f5es da embalagem &#8211; cm (AxLxP)<\/td>\n<td class=\"src__Text-sc-1m6tc2l-4 kBDbsy\">30,8X27,9X23,0<\/td>\n<\/tr>\n<tr class=\"src__View-sc-1m6tc2l-3 cblkwV\">\n<td class=\"src__Text-sc-1m6tc2l-4 kBDbsy\">Peso da embalagem c\/ produto (kg)<\/td>\n<td class=\"src__Text-sc-1m6tc2l-4 kBDbsy\">5.91<\/td>\n<\/tr>\n<tr class=\"src__View-sc-1m6tc2l-3 cblkwV\">\n<td class=\"src__Text-sc-1m6tc2l-4 kBDbsy\">Refer\u00eancia do Modelo<\/td>\n<td class=\"src__Text-sc-1m6tc2l-4 kBDbsy\">Marinex Opaline<\/td>\n<\/tr>\n<tr class=\"src__View-sc-1m6tc2l-3 cblkwV\">\n<td class=\"src__Text-sc-1m6tc2l-4 kBDbsy\">Modelo<\/td>\n<td class=\"src__Text-sc-1m6tc2l-4 kBDbsy\">Assadeira Opaline<\/td>\n<\/tr>\n<tr class=\"src__View-sc-1m6tc2l-3 cblkwV\">\n<td class=\"src__Text-sc-1m6tc2l-4 kBDbsy\">SAC<\/td>\n<td class=\"src__Text-sc-1m6tc2l-4 kBDbsy\">sac@nadir.com.br<\/td>\n<\/tr>\n<tr class=\"src__View-sc-1m6tc2l-3 cblkwV\">\n<td class=\"src__Text-sc-1m6tc2l-4 kBDbsy\">Pode Ser Usado em<\/td>\n<td class=\"src__Text-sc-1m6tc2l-4 kBDbsy\">Microondas<\/td>\n<\/tr>\n<tr class=\"src__View-sc-1m6tc2l-3 cblkwV\">\n<td class=\"src__Text-sc-1m6tc2l-4 kBDbsy\">Fabricante<\/td>\n<td class=\"src__Text-sc-1m6tc2l-4 kBDbsy\">Nadir Figueiredo<\/td>\n<\/tr>\n<tr class=\"src__View-sc-1m6tc2l-3 cblkwV\">\n<td class=\"src__Text-sc-1m6tc2l-4 kBDbsy\">Marca<\/td>\n<td class=\"src__Text-sc-1m6tc2l-4 kBDbsy\">Nadir Figueiredo<\/td>\n<\/tr>\n<tr class=\"src__View-sc-1m6tc2l-3 cblkwV\">\n<td class=\"src__Text-sc-1m6tc2l-4 kBDbsy\">Composi\u00e7\u00e3o\/Material<\/td>\n<td class=\"src__Text-sc-1m6tc2l-4 kBDbsy\">Vidro<\/td>\n<\/tr>\n<tr class=\"src__View-sc-1m6tc2l-3 cblkwV\">\n<td class=\"src__Text-sc-1m6tc2l-4 kBDbsy\">Dobr\u00e1vel<\/td>\n<td class=\"src__Text-sc-1m6tc2l-4 kBDbsy\">N\u00e3o<\/td>\n<\/tr>\n<tr class=\"src__View-sc-1m6tc2l-3 cblkwV\">\n<td class=\"src__Text-sc-1m6tc2l-4 kBDbsy\">Recomenda\u00e7\u00f5es de Uso<\/td>\n<td class=\"src__Text-sc-1m6tc2l-4 kBDbsy\">Assar e servir<\/td>\n<\/tr>\n<tr class=\"src__View-sc-1m6tc2l-3 cblkwV\">\n<td class=\"src__Text-sc-1m6tc2l-4 kBDbsy\">Capacidade (L)<\/td>\n<td class=\"src__Text-sc-1m6tc2l-4 kBDbsy\">600 ML, 1 Litro e 1,4 Litro (3 pe\u00e7as)<\/td>\n<\/tr>\n<tr class=\"src__View-sc-1m6tc2l-3 cblkwV\">\n<td class=\"src__Text-sc-1m6tc2l-4 kBDbsy\">Formato<\/td>\n<td class=\"src__Text-sc-1m6tc2l-4 kBDbsy\">Oval<\/td>\n<\/tr>\n<tr class=\"src__View-sc-1m6tc2l-3 cblkwV\">\n<td class=\"src__Text-sc-1m6tc2l-4 kBDbsy\">Serve At\u00e9<\/td>\n<td class=\"src__Text-sc-1m6tc2l-4 kBDbsy\">N\u00e3o Se Aplica<\/td>\n<\/tr>\n<tr class=\"src__View-sc-1m6tc2l-3 cblkwV\">\n<td class=\"src__Text-sc-1m6tc2l-4 kBDbsy\">Descri\u00e7\u00e3o e N\u00famero de Pe\u00e7as<\/td>\n<td class=\"src__Text-sc-1m6tc2l-4 kBDbsy\">3 pe\u00e7as<\/td>\n<\/tr>\n<\/tbody>\n<\/table>\n<\/div>\n<div class=\"report-link__ReportUI-sc-2jruhk-0 IlwqL\"><\/div>\n","protected":false},"excerpt":{"rendered":"<p class=\"product-description__Description-sc-ytj6zc-1 ecJlZp\">As Assadeiras Marinex Opaline dar\u00e3o mais charme e praticidade \u00e0 sua mesa. As assadeiras podem ser usadas para preparar, assar e servir e gra\u00e7as a suas abas facilitam a pega. Fabricadas em vidro branco temperado, s\u00e3o f\u00e1ceis de lavar &#8230;<\/p>\n","protected":false},"featured_media":3286,"comment_status":"open","ping_status":"closed","template":"","meta":[],"product_brand":[],"product_cat":[605,143,610,127],"product_tag":[],"class_list":{"0":"post-3285","1":"product","2":"type-product","3":"status-publish","4":"has-post-thumbnail","6":"product_cat-lojas","7":"product_cat-bandejas-e-assadeiras","8":"product_cat-shoptime","9":"product_cat-utilidades-domesticas","11":"first","12":"instock","13":"shipping-taxable","14":"product-type-external"},"_links":{"self":[{"href":"https:\/\/barzo.com.br\/shop\/wp-json\/wp\/v2\/product\/3285","targetHints":{"allow":["GET"]}}],"collection":[{"href":"https:\/\/barzo.com.br\/shop\/wp-json\/wp\/v2\/product"}],"about":[{"href":"https:\/\/barzo.com.br\/shop\/wp-json\/wp\/v2\/types\/product"}],"replies":[{"embeddable":true,"href":"https:\/\/barzo.com.br\/shop\/wp-json\/wp\/v2\/comments?post=3285"}],"wp:featuredmedia":[{"embeddable":true,"href":"https:\/\/barzo.com.br\/shop\/wp-json\/wp\/v2\/media\/3286"}],"wp:attachment":[{"href":"https:\/\/barzo.com.br\/shop\/wp-json\/wp\/v2\/media?parent=3285"}],"wp:term":[{"taxonomy":"product_brand","embeddable":true,"href":"https:\/\/barzo.com.br\/shop\/wp-json\/wp\/v2\/product_brand?post=3285"},{"taxonomy":"product_cat","embeddable":true,"href":"https:\/\/barzo.com.br\/shop\/wp-json\/wp\/v2\/product_cat?post=3285"},{"taxonomy":"product_tag","embeddable":true,"href":"https:\/\/barzo.com.br\/shop\/wp-json\/wp\/v2\/product_tag?post=3285"}],"curies":[{"name":"wp","href":"https:\/\/api.w.org\/{rel}","templated":true}]}}