{"id":3283,"date":"2022-11-30T20:30:01","date_gmt":"2022-11-30T23:30:01","guid":{"rendered":"https:\/\/barzo.com.br\/shop\/?post_type=product&#038;p=3283"},"modified":"2022-11-30T20:30:02","modified_gmt":"2022-11-30T23:30:02","slug":"conjunto-de-assadeiras-de-vidro-ovais-com-tampa-sortida-16l-6-pecas-marinex-com-40-de-cashback-ame-no-shoptime-corre","status":"publish","type":"product","link":"https:\/\/barzo.com.br\/shop\/produto\/conjunto-de-assadeiras-de-vidro-ovais-com-tampa-sortida-16l-6-pecas-marinex-com-40-de-cashback-ame-no-shoptime-corre\/","title":{"rendered":"Conjunto De Assadeiras De Vidro Ovais Com Tampa Sortida 1,6L 6 Pecas &#8211; Marinex com 40% de CASHBACK AME no SHOPTIME, corre!!!"},"content":{"rendered":"<div id=\"info-section\" class=\"src__WrapperProductInfo-sc-1c7a3hi-0 iTtoyk\">\n<h2 class=\"title__Title-sc-qx50lt-0 hPvSnE\">Informa\u00e7\u00f5es do produto<\/h2>\n<div class=\"src__Container-sc-1c7a3hi-3 kdfdUW\">\n<div class=\"src__Description-sc-1c7a3hi-2 dChPoq\">Indicada para o preparo de alimentos no forno convencional, a\u00a0<b>Assadeira Oval Marinex\u00a0<\/b>\u00e9 ideal para voc\u00ea preparar uma deliciosa refei\u00e7\u00e3o, seja no dia a dia ou em ocasi\u00f5es especiais.<\/p>\n<p>A tampa pl\u00e1stica ainda facilita o armazenamento da comida na geladeira. Marinex \u00e9 a marca de assadeiras e f\u00f4rmas resistentes a choques t\u00e9rmicos, dur\u00e1veis, pr\u00e1ticos e higi\u00eanicos que v\u00e3o do forno \u00e0 mesa e da mesa ao freezer. ideais para todos os tipos de receita e fam\u00edlias.<\/p>\n<p><b>Cuidados:<\/b><br \/>\nEsse produto \u00e9 ideal para forno convencional, micro-ondas, freezer, geladeira e lava-lou\u00e7a.<br \/>\nN\u00e3o o exponha diretamente sobre a chama do fog\u00e3o, aquecedores de fog\u00f5es el\u00e9tricos, chapas ou grelhas.<br \/>\nN\u00e3o utilize seu produto em forno pr\u00e9-aquecido.<br \/>\nN\u00e3o leve seu produto quente sobre superf\u00edcies frias ou molhadas, ou adicione l\u00edquido frio no produto quente.<br \/>\nEvite o uso de abrasivos e utens\u00edlios pontiagudos.<br \/>\nN\u00e3o utilize o produto no forno se estiver lascado, trincado ou muito riscado.<\/p>\n<p><b>Imagens meramente ilustrativas.<\/b><br \/>\n<b>Todas as informa\u00e7\u00f5es divulgadas s\u00e3o de responsabilidade do Fabricante\/Fornecedor.<\/b><\/div>\n<\/div>\n<\/div>\n<h2 class=\"src__Title-sc-1m6tc2l-1 cuRtbe\">Ficha t\u00e9cnica<\/h2>\n<div class=\"src__DeskWrapper-sc-1m6tc2l-0 iqTsol\">\n<table class=\"src__SpecsCell-sc-1m6tc2l-2 byvoul\">\n<tbody>\n<tr class=\"src__View-sc-1m6tc2l-3 cblkwV\">\n<td class=\"src__Text-sc-1m6tc2l-4 kBDbsy\">C\u00f3digo<\/td>\n<td class=\"src__Text-sc-1m6tc2l-4 kBDbsy\">4924780449<\/td>\n<\/tr>\n<tr class=\"src__View-sc-1m6tc2l-3 cblkwV\">\n<td class=\"src__Text-sc-1m6tc2l-4 kBDbsy\">C\u00f3digo de barras<\/td>\n<td class=\"src__Text-sc-1m6tc2l-4 kBDbsy\">7891155064947<\/td>\n<\/tr>\n<tr class=\"src__View-sc-1m6tc2l-3 cblkwV\">\n<td class=\"src__Text-sc-1m6tc2l-4 kBDbsy\">Fabricante<\/td>\n<td class=\"src__Text-sc-1m6tc2l-4 kBDbsy\">Nadir Figueiredo S\/A<\/td>\n<\/tr>\n<tr class=\"src__View-sc-1m6tc2l-3 cblkwV\">\n<td class=\"src__Text-sc-1m6tc2l-4 kBDbsy\">Marca<\/td>\n<td class=\"src__Text-sc-1m6tc2l-4 kBDbsy\">Nadir Figueiredo<\/td>\n<\/tr>\n<tr class=\"src__View-sc-1m6tc2l-3 cblkwV\">\n<td class=\"src__Text-sc-1m6tc2l-4 kBDbsy\">Refer\u00eancia do Modelo<\/td>\n<td class=\"src__Text-sc-1m6tc2l-4 kBDbsy\">Marinex<\/td>\n<\/tr>\n<tr class=\"src__View-sc-1m6tc2l-3 cblkwV\">\n<td class=\"src__Text-sc-1m6tc2l-4 kBDbsy\">Modelo<\/td>\n<td class=\"src__Text-sc-1m6tc2l-4 kBDbsy\">Marinex oval<\/td>\n<\/tr>\n<tr class=\"src__View-sc-1m6tc2l-3 cblkwV\">\n<td class=\"src__Text-sc-1m6tc2l-4 kBDbsy\">Composi\u00e7\u00e3o\/Material<\/td>\n<td class=\"src__Text-sc-1m6tc2l-4 kBDbsy\">Vidro<\/td>\n<\/tr>\n<tr class=\"src__View-sc-1m6tc2l-3 cblkwV\">\n<td class=\"src__Text-sc-1m6tc2l-4 kBDbsy\">Dobr\u00e1vel<\/td>\n<td class=\"src__Text-sc-1m6tc2l-4 kBDbsy\">N\u00e3o<\/td>\n<\/tr>\n<tr class=\"src__View-sc-1m6tc2l-3 cblkwV\">\n<td class=\"src__Text-sc-1m6tc2l-4 kBDbsy\">Recomenda\u00e7\u00f5es de Uso<\/td>\n<td class=\"src__Text-sc-1m6tc2l-4 kBDbsy\">Assar e servir<\/td>\n<\/tr>\n<tr class=\"src__View-sc-1m6tc2l-3 cblkwV\">\n<td class=\"src__Text-sc-1m6tc2l-4 kBDbsy\">Capacidade (L)<\/td>\n<td class=\"src__Text-sc-1m6tc2l-4 kBDbsy\">1.6 litros<\/td>\n<\/tr>\n<tr class=\"src__View-sc-1m6tc2l-3 cblkwV\">\n<td class=\"src__Text-sc-1m6tc2l-4 kBDbsy\">Formato<\/td>\n<td class=\"src__Text-sc-1m6tc2l-4 kBDbsy\">Oval<\/td>\n<\/tr>\n<tr class=\"src__View-sc-1m6tc2l-3 cblkwV\">\n<td class=\"src__Text-sc-1m6tc2l-4 kBDbsy\">Serve At\u00e9<\/td>\n<td class=\"src__Text-sc-1m6tc2l-4 kBDbsy\">6 pessoas<\/td>\n<\/tr>\n<tr class=\"src__View-sc-1m6tc2l-3 cblkwV\">\n<td class=\"src__Text-sc-1m6tc2l-4 kBDbsy\">Descri\u00e7\u00e3o e N\u00famero de Pe\u00e7as<\/td>\n<td class=\"src__Text-sc-1m6tc2l-4 kBDbsy\">6 pe\u00e7as assadeiras e ovais<\/td>\n<\/tr>\n<tr class=\"src__View-sc-1m6tc2l-3 cblkwV\">\n<td class=\"src__Text-sc-1m6tc2l-4 kBDbsy\">Pode Ser Usado em<\/td>\n<td class=\"src__Text-sc-1m6tc2l-4 kBDbsy\">Microondas<\/td>\n<\/tr>\n<tr class=\"src__View-sc-1m6tc2l-3 cblkwV\">\n<td class=\"src__Text-sc-1m6tc2l-4 kBDbsy\">Dimens\u00f5es Aproximadas das Pe\u00e7as (cm) &#8211; AxLxP<\/td>\n<td class=\"src__Text-sc-1m6tc2l-4 kBDbsy\">6 x18.15x 26.2cm<\/td>\n<\/tr>\n<tr class=\"src__View-sc-1m6tc2l-3 cblkwV\">\n<td class=\"src__Text-sc-1m6tc2l-4 kBDbsy\">Peso liq. Aproximado das Pe\u00e7as<\/td>\n<td class=\"src__Text-sc-1m6tc2l-4 kBDbsy\">810g<\/td>\n<\/tr>\n<tr class=\"src__View-sc-1m6tc2l-3 cblkwV\">\n<td class=\"src__Text-sc-1m6tc2l-4 kBDbsy\">Utilidade<\/td>\n<td class=\"src__Text-sc-1m6tc2l-4 kBDbsy\">Para assar<\/td>\n<\/tr>\n<tr class=\"src__View-sc-1m6tc2l-3 cblkwV\">\n<td class=\"src__Text-sc-1m6tc2l-4 kBDbsy\">V\u00e1lvula de Seguran\u00e7a<\/td>\n<td class=\"src__Text-sc-1m6tc2l-4 kBDbsy\">N\u00e3o<\/td>\n<\/tr>\n<tr class=\"src__View-sc-1m6tc2l-3 cblkwV\">\n<td class=\"src__Text-sc-1m6tc2l-4 kBDbsy\">T\u00e9rmico<\/td>\n<td class=\"src__Text-sc-1m6tc2l-4 kBDbsy\">Sim<\/td>\n<\/tr>\n<tr class=\"src__View-sc-1m6tc2l-3 cblkwV\">\n<td class=\"src__Text-sc-1m6tc2l-4 kBDbsy\">Cor<\/td>\n<td class=\"src__Text-sc-1m6tc2l-4 kBDbsy\">Transparente<\/td>\n<\/tr>\n<tr class=\"src__View-sc-1m6tc2l-3 cblkwV\">\n<td class=\"src__Text-sc-1m6tc2l-4 kBDbsy\">Conte\u00fado da Embalagem<\/td>\n<td class=\"src__Text-sc-1m6tc2l-4 kBDbsy\">6 assadeiras com tampa: 2 tampas rosa,2 tampas azul acinzentado,2 tampas brancas<\/td>\n<\/tr>\n<tr class=\"src__View-sc-1m6tc2l-3 cblkwV\">\n<td class=\"src__Text-sc-1m6tc2l-4 kBDbsy\">Garantia do Fornecedor<\/td>\n<td class=\"src__Text-sc-1m6tc2l-4 kBDbsy\">Contra Defeitos de Fabrica\u00e7\u00e3o<\/td>\n<\/tr>\n<tr class=\"src__View-sc-1m6tc2l-3 cblkwV\">\n<td class=\"src__Text-sc-1m6tc2l-4 kBDbsy\">Dimens\u00f5es da embalagem &#8211; cm (AxLxP)<\/td>\n<td class=\"src__Text-sc-1m6tc2l-4 kBDbsy\">20 x 25.3 x 27.4cm<\/td>\n<\/tr>\n<tr class=\"src__View-sc-1m6tc2l-3 cblkwV\">\n<td class=\"src__Text-sc-1m6tc2l-4 kBDbsy\">Peso da embalagem c\/ produto (kg)<\/td>\n<td class=\"src__Text-sc-1m6tc2l-4 kBDbsy\">5,1kg<\/td>\n<\/tr>\n<tr class=\"src__View-sc-1m6tc2l-3 cblkwV\">\n<td class=\"src__Text-sc-1m6tc2l-4 kBDbsy\">SAC<\/td>\n<td class=\"src__Text-sc-1m6tc2l-4 kBDbsy\">sac@nadir.com.br<\/td>\n<\/tr>\n<\/tbody>\n<\/table>\n<\/div>\n<div class=\"report-link__ReportUI-sc-2jruhk-0 IlwqL\"><\/div>\n","protected":false},"excerpt":{"rendered":"<p>Indicada para o preparo de alimentos no forno convencional, a Assadeira Oval Marinex \u00e9 ideal para voc\u00ea preparar uma deliciosa refei\u00e7\u00e3o, seja no dia a dia ou em ocasi\u00f5es especiais. A tampa pl\u00e1stica ainda facilita o armazenamento da c&#8230;<\/p>\n","protected":false},"featured_media":3284,"comment_status":"open","ping_status":"closed","template":"","meta":[],"product_brand":[],"product_cat":[605,143,610,127],"product_tag":[],"class_list":{"0":"post-3283","1":"product","2":"type-product","3":"status-publish","4":"has-post-thumbnail","6":"product_cat-lojas","7":"product_cat-bandejas-e-assadeiras","8":"product_cat-shoptime","9":"product_cat-utilidades-domesticas","11":"first","12":"instock","13":"shipping-taxable","14":"product-type-external"},"_links":{"self":[{"href":"https:\/\/barzo.com.br\/shop\/wp-json\/wp\/v2\/product\/3283","targetHints":{"allow":["GET"]}}],"collection":[{"href":"https:\/\/barzo.com.br\/shop\/wp-json\/wp\/v2\/product"}],"about":[{"href":"https:\/\/barzo.com.br\/shop\/wp-json\/wp\/v2\/types\/product"}],"replies":[{"embeddable":true,"href":"https:\/\/barzo.com.br\/shop\/wp-json\/wp\/v2\/comments?post=3283"}],"wp:featuredmedia":[{"embeddable":true,"href":"https:\/\/barzo.com.br\/shop\/wp-json\/wp\/v2\/media\/3284"}],"wp:attachment":[{"href":"https:\/\/barzo.com.br\/shop\/wp-json\/wp\/v2\/media?parent=3283"}],"wp:term":[{"taxonomy":"product_brand","embeddable":true,"href":"https:\/\/barzo.com.br\/shop\/wp-json\/wp\/v2\/product_brand?post=3283"},{"taxonomy":"product_cat","embeddable":true,"href":"https:\/\/barzo.com.br\/shop\/wp-json\/wp\/v2\/product_cat?post=3283"},{"taxonomy":"product_tag","embeddable":true,"href":"https:\/\/barzo.com.br\/shop\/wp-json\/wp\/v2\/product_tag?post=3283"}],"curies":[{"name":"wp","href":"https:\/\/api.w.org\/{rel}","templated":true}]}}