{"id":3281,"date":"2022-11-30T20:24:08","date_gmt":"2022-11-30T23:24:08","guid":{"rendered":"https:\/\/barzo.com.br\/shop\/?post_type=product&#038;p=3281"},"modified":"2022-11-30T20:24:08","modified_gmt":"2022-11-30T23:24:08","slug":"conjunto-de-assadeiras-de-vidro-com-tampa-marinex-6-pecas-vermelha-com-40-de-cashback-ame-no-shoptime-corre","status":"publish","type":"product","link":"https:\/\/barzo.com.br\/shop\/produto\/conjunto-de-assadeiras-de-vidro-com-tampa-marinex-6-pecas-vermelha-com-40-de-cashback-ame-no-shoptime-corre\/","title":{"rendered":"Conjunto De Assadeiras De Vidro Com Tampa Marinex 6 Pecas &#8211; Vermelha com 40% de CASHBACK AME no SHOPTIME, corre!!!"},"content":{"rendered":"<div id=\"info-section\" class=\"src__WrapperProductInfo-sc-1c7a3hi-0 iTtoyk\">\n<h2 class=\"title__Title-sc-qx50lt-0 hPvSnE\">Informa\u00e7\u00f5es do produto<\/h2>\n<div class=\"src__Container-sc-1c7a3hi-3 kdfdUW\">\n<div class=\"src__Description-sc-1c7a3hi-2 dChPoq\">Prepare deliciosos pratos culin\u00e1rios doces ou salgados e armazene no\u00a0<b>Conjunto Marinex com Tampa 6 Pe\u00e7as Nadir Figueiredo,\u00a0<\/b>al\u00e9m disso, poder\u00e1 servir com bom gosto e requinte.<\/p>\n<p><b>Imagens meramente ilustrativas.<\/b><br \/>\n<b>Todas as informa\u00e7\u00f5es divulgadas s\u00e3o de responsabilidade do Fabricante\/Fornecedor.<\/b><br \/>\n<b>N\u00e3o nos responsabilizamos pela montagem\/instala\u00e7\u00e3o dos produtos.<\/b><br \/>\n<b>Confira a voltagem selecionada antes de finalizar a compra.<\/b><\/div>\n<\/div>\n<\/div>\n<h2 class=\"src__Title-sc-1m6tc2l-1 cuRtbe\">Ficha t\u00e9cnica<\/h2>\n<div class=\"src__DeskWrapper-sc-1m6tc2l-0 iqTsol\">\n<table class=\"src__SpecsCell-sc-1m6tc2l-2 byvoul\">\n<tbody>\n<tr class=\"src__View-sc-1m6tc2l-3 cblkwV\">\n<td class=\"src__Text-sc-1m6tc2l-4 kBDbsy\">Marca<\/td>\n<td class=\"src__Text-sc-1m6tc2l-4 kBDbsy\">Nadir Figueiredo<\/td>\n<\/tr>\n<tr class=\"src__View-sc-1m6tc2l-3 cblkwV\">\n<td class=\"src__Text-sc-1m6tc2l-4 kBDbsy\">Composi\u00e7\u00e3o\/Material<\/td>\n<td class=\"src__Text-sc-1m6tc2l-4 kBDbsy\">Vidro Sodacal<\/td>\n<\/tr>\n<tr class=\"src__View-sc-1m6tc2l-3 cblkwV\">\n<td class=\"src__Text-sc-1m6tc2l-4 kBDbsy\">Capacidade (L)<\/td>\n<td class=\"src__Text-sc-1m6tc2l-4 kBDbsy\">1,1 LT\/ 1,8 LT\/ 1,6 LT\/ 2,4 LT\/ 2,4 LT\/ 1,6 LT<\/td>\n<\/tr>\n<tr class=\"src__View-sc-1m6tc2l-3 cblkwV\">\n<td class=\"src__Text-sc-1m6tc2l-4 kBDbsy\">Descri\u00e7\u00e3o e N\u00famero de Pe\u00e7as<\/td>\n<td class=\"src__Text-sc-1m6tc2l-4 kBDbsy\">Conjunto Marinex com Tampa 6 Pe\u00e7as<\/td>\n<\/tr>\n<tr class=\"src__View-sc-1m6tc2l-3 cblkwV\">\n<td class=\"src__Text-sc-1m6tc2l-4 kBDbsy\">Pode Ser Usado em<\/td>\n<td class=\"src__Text-sc-1m6tc2l-4 kBDbsy\">Lava-lou\u00e7as<\/td>\n<\/tr>\n<tr class=\"src__View-sc-1m6tc2l-3 cblkwV\">\n<td class=\"src__Text-sc-1m6tc2l-4 kBDbsy\">Dimens\u00f5es Aproximadas das Pe\u00e7as (cm) &#8211; AxLxP<\/td>\n<td class=\"src__Text-sc-1m6tc2l-4 kBDbsy\">5&#215;18,2&#215;20,5cm,5,2&#215;22,2&#215;24,8cm,6&#215;18,2&#215;26,2cm,6,3&#215;21,2&#215;30,2cm,6,3&#215;21,2&#215;30,2cm,5,1&#215;17,8&#215;29,7cm<\/td>\n<\/tr>\n<tr class=\"src__View-sc-1m6tc2l-3 cblkwV\">\n<td class=\"src__Text-sc-1m6tc2l-4 kBDbsy\">Peso liq. Aproximado das Pe\u00e7as<\/td>\n<td class=\"src__Text-sc-1m6tc2l-4 kBDbsy\">640g,1kg,750g,1kg,1kg,950g<\/td>\n<\/tr>\n<tr class=\"src__View-sc-1m6tc2l-3 cblkwV\">\n<td class=\"src__Text-sc-1m6tc2l-4 kBDbsy\">Utilidade<\/td>\n<td class=\"src__Text-sc-1m6tc2l-4 kBDbsy\">Armazenar e Servir<\/td>\n<\/tr>\n<tr class=\"src__View-sc-1m6tc2l-3 cblkwV\">\n<td class=\"src__Text-sc-1m6tc2l-4 kBDbsy\">Caracter\u00edsticas do Produto<\/td>\n<td class=\"src__Text-sc-1m6tc2l-4 kBDbsy\">Conjunto Marinex com Tampa 6 Pe\u00e7as<\/td>\n<\/tr>\n<tr class=\"src__View-sc-1m6tc2l-3 cblkwV\">\n<td class=\"src__Text-sc-1m6tc2l-4 kBDbsy\">Cor<\/td>\n<td class=\"src__Text-sc-1m6tc2l-4 kBDbsy\">Incolor<\/td>\n<\/tr>\n<tr class=\"src__View-sc-1m6tc2l-3 cblkwV\">\n<td class=\"src__Text-sc-1m6tc2l-4 kBDbsy\">Conte\u00fado da Embalagem<\/td>\n<td class=\"src__Text-sc-1m6tc2l-4 kBDbsy\">6 PE\u00c7AS<\/td>\n<\/tr>\n<tr class=\"src__View-sc-1m6tc2l-3 cblkwV\">\n<td class=\"src__Text-sc-1m6tc2l-4 kBDbsy\">Garantia do Fornecedor<\/td>\n<td class=\"src__Text-sc-1m6tc2l-4 kBDbsy\">Contra Defeitos de Fabrica\u00e7\u00e3o<\/td>\n<\/tr>\n<tr class=\"src__View-sc-1m6tc2l-3 cblkwV\">\n<td class=\"src__Text-sc-1m6tc2l-4 kBDbsy\">Dimens\u00f5es da embalagem &#8211; cm (AxLxP)<\/td>\n<td class=\"src__Text-sc-1m6tc2l-4 kBDbsy\">25,3&#215;28,3&#215;32,4cm<\/td>\n<\/tr>\n<tr class=\"src__View-sc-1m6tc2l-3 cblkwV\">\n<td class=\"src__Text-sc-1m6tc2l-4 kBDbsy\">Peso da embalagem c\/ produto (kg)<\/td>\n<td class=\"src__Text-sc-1m6tc2l-4 kBDbsy\">6,5kg<\/td>\n<\/tr>\n<tr class=\"src__View-sc-1m6tc2l-3 cblkwV\">\n<td class=\"src__Text-sc-1m6tc2l-4 kBDbsy\">Modelo<\/td>\n<td class=\"src__Text-sc-1m6tc2l-4 kBDbsy\">Marinex Forno<\/td>\n<\/tr>\n<tr class=\"src__View-sc-1m6tc2l-3 cblkwV\">\n<td class=\"src__Text-sc-1m6tc2l-4 kBDbsy\">SAC<\/td>\n<td class=\"src__Text-sc-1m6tc2l-4 kBDbsy\">sac@nadir.com.br<\/td>\n<\/tr>\n<tr class=\"src__View-sc-1m6tc2l-3 cblkwV\">\n<td class=\"src__Text-sc-1m6tc2l-4 kBDbsy\">Certificado<\/td>\n<td class=\"src__Text-sc-1m6tc2l-4 kBDbsy\">Isento<\/td>\n<\/tr>\n<tr class=\"src__View-sc-1m6tc2l-3 cblkwV\">\n<td class=\"src__Text-sc-1m6tc2l-4 kBDbsy\">Fabricante<\/td>\n<td class=\"src__Text-sc-1m6tc2l-4 kBDbsy\">NADIR FIGUEIREDO<\/td>\n<\/tr>\n<\/tbody>\n<\/table>\n<\/div>\n<div class=\"report-link__ReportUI-sc-2jruhk-0 IlwqL\"><\/div>\n","protected":false},"excerpt":{"rendered":"<p>Prepare deliciosos pratos culin\u00e1rios doces ou salgados e armazene no Conjunto Marinex com Tampa 6 Pe\u00e7as Nadir Figueiredo, al\u00e9m disso, poder\u00e1 servir com bom gosto e requinte. Imagens meramente ilustrativas. Todas as informa\u00e7\u00f5es di&#8230;<\/p>\n","protected":false},"featured_media":3282,"comment_status":"open","ping_status":"closed","template":"","meta":[],"product_brand":[],"product_cat":[605,143,610,127],"product_tag":[],"class_list":{"0":"post-3281","1":"product","2":"type-product","3":"status-publish","4":"has-post-thumbnail","6":"product_cat-lojas","7":"product_cat-bandejas-e-assadeiras","8":"product_cat-shoptime","9":"product_cat-utilidades-domesticas","11":"first","12":"instock","13":"shipping-taxable","14":"product-type-external"},"_links":{"self":[{"href":"https:\/\/barzo.com.br\/shop\/wp-json\/wp\/v2\/product\/3281","targetHints":{"allow":["GET"]}}],"collection":[{"href":"https:\/\/barzo.com.br\/shop\/wp-json\/wp\/v2\/product"}],"about":[{"href":"https:\/\/barzo.com.br\/shop\/wp-json\/wp\/v2\/types\/product"}],"replies":[{"embeddable":true,"href":"https:\/\/barzo.com.br\/shop\/wp-json\/wp\/v2\/comments?post=3281"}],"wp:featuredmedia":[{"embeddable":true,"href":"https:\/\/barzo.com.br\/shop\/wp-json\/wp\/v2\/media\/3282"}],"wp:attachment":[{"href":"https:\/\/barzo.com.br\/shop\/wp-json\/wp\/v2\/media?parent=3281"}],"wp:term":[{"taxonomy":"product_brand","embeddable":true,"href":"https:\/\/barzo.com.br\/shop\/wp-json\/wp\/v2\/product_brand?post=3281"},{"taxonomy":"product_cat","embeddable":true,"href":"https:\/\/barzo.com.br\/shop\/wp-json\/wp\/v2\/product_cat?post=3281"},{"taxonomy":"product_tag","embeddable":true,"href":"https:\/\/barzo.com.br\/shop\/wp-json\/wp\/v2\/product_tag?post=3281"}],"curies":[{"name":"wp","href":"https:\/\/api.w.org\/{rel}","templated":true}]}}