{"id":3273,"date":"2022-11-30T19:50:32","date_gmt":"2022-11-30T22:50:32","guid":{"rendered":"https:\/\/barzo.com.br\/shop\/?post_type=product&#038;p=3273"},"modified":"2022-11-30T19:50:32","modified_gmt":"2022-11-30T22:50:32","slug":"super-cashback-ame-no-shoptime-corre-smart-tv-philco-32-led-hd-com-netflix-e-mais-aplicativos-ptv32n5se10h","status":"publish","type":"product","link":"https:\/\/barzo.com.br\/shop\/produto\/super-cashback-ame-no-shoptime-corre-smart-tv-philco-32-led-hd-com-netflix-e-mais-aplicativos-ptv32n5se10h\/","title":{"rendered":"[SUPER CASHBACK AME no SHOPTIME, corre!!!] Smart Tv Philco 32 Led Hd Com Netflix E Mais Aplicativos &#8211; Ptv32N5Se10H"},"content":{"rendered":"<div id=\"info-section\" class=\"src__WrapperProductInfo-sc-1c7a3hi-0 iTtoyk\">\n<div class=\"src__Container-sc-1c7a3hi-3 kdfdUW\">\n<div class=\"src__Description-sc-1c7a3hi-2 dChPoq\">Televisor com tecnologia smart, com acesso aos principais App como Netflix, Prime V\u00eddeo, Globoplay e Youtube. Tela de 32 polegadas em resolu\u00e7\u00e3o HD.<\/p>\n<p>A TV tamb\u00e9m possui um grande desempenho de velocidade devido ao seu processador Quad Core e qualidades gr\u00e1ficas acentuadas pelo processador gr\u00e1fico Triple Core. Esse modelo tamb\u00e9m conta com \u00c1udio Dolby, sistema de som Dolby Digital que transmite o som do filme ou v\u00eddeo reproduzido em 5.1 canais.<\/p>\n<p>Al\u00e9m de Midiacast que garante comunica\u00e7\u00e3o sem fio entre dispositivos m\u00f3veis.<\/p>\n<p><b>Imagens meramente ilustrativas.<\/b><br \/>\n<b>Todas as informa\u00e7\u00f5es divulgadas s\u00e3o de responsabilidade do Fabricante\/Fornecedor.<\/b><br \/>\n<b>Verifique com os fabricantes do produto e de seus componentes eventuais limita\u00e7\u00f5es \u00e0 utiliza\u00e7\u00e3o de todos os recursos e funcionalidades.<\/b><br \/>\n<b>Certas fun\u00e7\u00f5es necessitam de conex\u00e3o com a internet. Alguns aplicativos podem requerer uma assinatura para acesso, sujeito a cobran\u00e7a.<\/b><\/div>\n<\/div>\n<\/div>\n<h2 class=\"src__Title-sc-1m6tc2l-1 cuRtbe\">Ficha t\u00e9cnica<\/h2>\n<div class=\"src__DeskWrapper-sc-1m6tc2l-0 iqTsol\">\n<table class=\"src__SpecsCell-sc-1m6tc2l-2 byvoul\">\n<tbody>\n<tr class=\"src__View-sc-1m6tc2l-3 cblkwV\">\n<td class=\"src__Text-sc-1m6tc2l-4 kBDbsy\">Fabricante<\/td>\n<td class=\"src__Text-sc-1m6tc2l-4 kBDbsy\">Philco<\/td>\n<\/tr>\n<tr class=\"src__View-sc-1m6tc2l-3 cblkwV\">\n<td class=\"src__Text-sc-1m6tc2l-4 kBDbsy\">Recursos de V\u00eddeos<\/td>\n<td class=\"src__Text-sc-1m6tc2l-4 kBDbsy\">\u2022 TV Backlight D-LED 32&#8243; \u2022 Resolu\u00e7\u00e3o: HD (1366 X 768 ) \u2022 Tempo de resposta: 8,0 ms \u2022 \u00c2ngulo de Vis\u00e3o: 170\u00b0(H) x 170\u00b0(V) \u2022 Brilho: 230 cd\/m\u00b2 \u2022 Contraste din\u00e2mico: 1.100.000:1 \u2022 Frequ\u00eancia da Tela: 60Hz \u2022 Pot\u00eancia do Alto-Falante: 10Wrms x 2 \u2022 Formato da Tela: 16:9 \u2022 Sistema de cores: PAL-M, PAL-N, NTSC \u2022 Fura\u00e7\u00e3o Vesa: 200x200mm \u2022 WIFI integrado \u2022 Recep\u00e7\u00e3o em ATV, DTV e CATV<\/td>\n<\/tr>\n<tr class=\"src__View-sc-1m6tc2l-3 cblkwV\">\n<td class=\"src__Text-sc-1m6tc2l-4 kBDbsy\">Recursos\/Funcionalidades<\/td>\n<td class=\"src__Text-sc-1m6tc2l-4 kBDbsy\">\u2022 Menu nos idiomas Portugu\u00eas e Ingl\u00eas \u2022 Busca autom\u00e1tica de canais \u2022 Equalizadores de som e imagem predefinidos \u2022 Ajustes de temperatura de cor \u2022 Nivelador autom\u00e1tico de volume \u2022 Recursos: MUTE | MTS\u00b9 | SLEEP | BROWSER | APP STORE | CLOSED CAPTION | DNR | GUIDE\u00b9 | INFO\u00b9 | BLOQUEIO DE CANAL | REL\u00d3GIO | ZOOM | PVR\u00b9 | HDMI ARC\u00b2 | T-LINK\u00b2 (HDMI-CEC).<\/td>\n<\/tr>\n<tr class=\"src__View-sc-1m6tc2l-3 cblkwV\">\n<td class=\"src__Text-sc-1m6tc2l-4 kBDbsy\">Processador<\/td>\n<td class=\"src__Text-sc-1m6tc2l-4 kBDbsy\">Quad Core<\/td>\n<\/tr>\n<tr class=\"src__View-sc-1m6tc2l-3 cblkwV\">\n<td class=\"src__Text-sc-1m6tc2l-4 kBDbsy\">Consumo (KW\/h)<\/td>\n<td class=\"src__Text-sc-1m6tc2l-4 kBDbsy\">&lt;0,5<\/td>\n<\/tr>\n<tr class=\"src__View-sc-1m6tc2l-3 cblkwV\">\n<td class=\"src__Text-sc-1m6tc2l-4 kBDbsy\">Recursos de \u00c1udio<\/td>\n<td class=\"src__Text-sc-1m6tc2l-4 kBDbsy\">Dolby Audio<\/td>\n<\/tr>\n<tr class=\"src__View-sc-1m6tc2l-3 cblkwV\">\n<td class=\"src__Text-sc-1m6tc2l-4 kBDbsy\">Tipo de TV<\/td>\n<td class=\"src__Text-sc-1m6tc2l-4 kBDbsy\">Smart TV<\/td>\n<\/tr>\n<tr class=\"src__View-sc-1m6tc2l-3 cblkwV\">\n<td class=\"src__Text-sc-1m6tc2l-4 kBDbsy\">Tecnologia da Tela<\/td>\n<td class=\"src__Text-sc-1m6tc2l-4 kBDbsy\">LED<\/td>\n<\/tr>\n<tr class=\"src__View-sc-1m6tc2l-3 cblkwV\">\n<td class=\"src__Text-sc-1m6tc2l-4 kBDbsy\">Polegadas<\/td>\n<td class=\"src__Text-sc-1m6tc2l-4 kBDbsy\">32&#8243;<\/td>\n<\/tr>\n<tr class=\"src__View-sc-1m6tc2l-3 cblkwV\">\n<td class=\"src__Text-sc-1m6tc2l-4 kBDbsy\">Monitor<\/td>\n<td class=\"src__Text-sc-1m6tc2l-4 kBDbsy\">HD<\/td>\n<\/tr>\n<tr class=\"src__View-sc-1m6tc2l-3 cblkwV\">\n<td class=\"src__Text-sc-1m6tc2l-4 kBDbsy\">Taxa de Atualiza\u00e7\u00e3o<\/td>\n<td class=\"src__Text-sc-1m6tc2l-4 kBDbsy\">60Hz<\/td>\n<\/tr>\n<tr class=\"src__View-sc-1m6tc2l-3 cblkwV\">\n<td class=\"src__Text-sc-1m6tc2l-4 kBDbsy\">Taxa de Atualiza\u00e7\u00e3o com Tecnologia<\/td>\n<td class=\"src__Text-sc-1m6tc2l-4 kBDbsy\">60Hz<\/td>\n<\/tr>\n<tr class=\"src__View-sc-1m6tc2l-3 cblkwV\">\n<td class=\"src__Text-sc-1m6tc2l-4 kBDbsy\">Quantidade de entradas USB<\/td>\n<td class=\"src__Text-sc-1m6tc2l-4 kBDbsy\">2<\/td>\n<\/tr>\n<tr class=\"src__View-sc-1m6tc2l-3 cblkwV\">\n<td class=\"src__Text-sc-1m6tc2l-4 kBDbsy\">Local das entradas USB<\/td>\n<td class=\"src__Text-sc-1m6tc2l-4 kBDbsy\">2 entradas laterais<\/td>\n<\/tr>\n<tr class=\"src__View-sc-1m6tc2l-3 cblkwV\">\n<td class=\"src__Text-sc-1m6tc2l-4 kBDbsy\">HDMI<\/td>\n<td class=\"src__Text-sc-1m6tc2l-4 kBDbsy\">2<\/td>\n<\/tr>\n<tr class=\"src__View-sc-1m6tc2l-3 cblkwV\">\n<td class=\"src__Text-sc-1m6tc2l-4 kBDbsy\">Local das entradas HDMI<\/td>\n<td class=\"src__Text-sc-1m6tc2l-4 kBDbsy\">2 entradas laterais<\/td>\n<\/tr>\n<tr class=\"src__View-sc-1m6tc2l-3 cblkwV\">\n<td class=\"src__Text-sc-1m6tc2l-4 kBDbsy\">Outras Conex\u00f5es<\/td>\n<td class=\"src__Text-sc-1m6tc2l-4 kBDbsy\">\u2022 1 entradas HDMI e 1 entrada HDMI (ARC)\u00b2, total de 2 entradas \u2022 Entrada RF para TV aberta (Digital e Anal\u00f3gica) e TV \u00e0 cabo \u2022 2 entrada USB: reproduz filmes, m\u00fasicas e fotos \u2022 1 entrada S\/PDIF out Optical \u2022 1 entrada Ethernet \u2022 1 entrada P2: Para perif\u00e9ricos de \u00e1udio e Entrada de v\u00eddeo e \u00e1udio est\u00e9reo (RCA) atrav\u00e9s do adaptador<\/td>\n<\/tr>\n<tr class=\"src__View-sc-1m6tc2l-3 cblkwV\">\n<td class=\"src__Text-sc-1m6tc2l-4 kBDbsy\">Wi-Fi Integrado<\/td>\n<td class=\"src__Text-sc-1m6tc2l-4 kBDbsy\">Sim<\/td>\n<\/tr>\n<tr class=\"src__View-sc-1m6tc2l-3 cblkwV\">\n<td class=\"src__Text-sc-1m6tc2l-4 kBDbsy\">Conversor Digital Integrado<\/td>\n<td class=\"src__Text-sc-1m6tc2l-4 kBDbsy\">Sim<\/td>\n<\/tr>\n<tr class=\"src__View-sc-1m6tc2l-3 cblkwV\">\n<td class=\"src__Text-sc-1m6tc2l-4 kBDbsy\">PIP (Picture in Picture)<\/td>\n<td class=\"src__Text-sc-1m6tc2l-4 kBDbsy\">N\u00e3o<\/td>\n<\/tr>\n<tr class=\"src__View-sc-1m6tc2l-3 cblkwV\">\n<td class=\"src__Text-sc-1m6tc2l-4 kBDbsy\">Timer On\/Off<\/td>\n<td class=\"src__Text-sc-1m6tc2l-4 kBDbsy\">N\u00e3o<\/td>\n<\/tr>\n<tr class=\"src__View-sc-1m6tc2l-3 cblkwV\">\n<td class=\"src__Text-sc-1m6tc2l-4 kBDbsy\">Sleep Timer<\/td>\n<td class=\"src__Text-sc-1m6tc2l-4 kBDbsy\">Sim<\/td>\n<\/tr>\n<tr class=\"src__View-sc-1m6tc2l-3 cblkwV\">\n<td class=\"src__Text-sc-1m6tc2l-4 kBDbsy\">Closed Caption<\/td>\n<td class=\"src__Text-sc-1m6tc2l-4 kBDbsy\">Sim<\/td>\n<\/tr>\n<tr class=\"src__View-sc-1m6tc2l-3 cblkwV\">\n<td class=\"src__Text-sc-1m6tc2l-4 kBDbsy\">Principais Aplicativos<\/td>\n<td class=\"src__Text-sc-1m6tc2l-4 kBDbsy\">Netflix, YouTube, Globoplay, Prime v\u00eddeo<\/td>\n<\/tr>\n<tr class=\"src__View-sc-1m6tc2l-3 cblkwV\">\n<td class=\"src__Text-sc-1m6tc2l-4 kBDbsy\">Pot\u00eancia do \u00c1udio (RMS)<\/td>\n<td class=\"src__Text-sc-1m6tc2l-4 kBDbsy\">10Wrms x 2<\/td>\n<\/tr>\n<tr class=\"src__View-sc-1m6tc2l-3 cblkwV\">\n<td class=\"src__Text-sc-1m6tc2l-4 kBDbsy\">Wi-Fi<\/td>\n<td class=\"src__Text-sc-1m6tc2l-4 kBDbsy\">Wi-Fi integrado<\/td>\n<\/tr>\n<tr class=\"src__View-sc-1m6tc2l-3 cblkwV\">\n<td class=\"src__Text-sc-1m6tc2l-4 kBDbsy\">Cor<\/td>\n<td class=\"src__Text-sc-1m6tc2l-4 kBDbsy\">Preto<\/td>\n<\/tr>\n<tr class=\"src__View-sc-1m6tc2l-3 cblkwV\">\n<td class=\"src__Text-sc-1m6tc2l-4 kBDbsy\">Conte\u00fado da Embalagem<\/td>\n<td class=\"src__Text-sc-1m6tc2l-4 kBDbsy\">TV, Controle remoto, Cabo de alimenta\u00e7\u00e3o AC, Manual de Instru\u00e7\u00f5es em Portugu\u00eas, Adaptador de \u00e1udio e v\u00eddeo, Parafusos da base e Base.<\/td>\n<\/tr>\n<tr class=\"src__View-sc-1m6tc2l-3 cblkwV\">\n<td class=\"src__Text-sc-1m6tc2l-4 kBDbsy\">Garantia do Fornecedor<\/td>\n<td class=\"src__Text-sc-1m6tc2l-4 kBDbsy\">12 Meses<\/td>\n<\/tr>\n<tr class=\"src__View-sc-1m6tc2l-3 cblkwV\">\n<td class=\"src__Text-sc-1m6tc2l-4 kBDbsy\">Dimens\u00f5es do produto &#8211; cm (AxLxP)<\/td>\n<td class=\"src__Text-sc-1m6tc2l-4 kBDbsy\">64,3&#215;11,1&#215;1,02cm<\/td>\n<\/tr>\n<tr class=\"src__View-sc-1m6tc2l-3 cblkwV\">\n<td class=\"src__Text-sc-1m6tc2l-4 kBDbsy\">Peso liq. aproximado do produto (Kg)<\/td>\n<td class=\"src__Text-sc-1m6tc2l-4 kBDbsy\">3,9kg<\/td>\n<\/tr>\n<tr class=\"src__View-sc-1m6tc2l-3 cblkwV\">\n<td class=\"src__Text-sc-1m6tc2l-4 kBDbsy\">Refer\u00eancia do Modelo<\/td>\n<td class=\"src__Text-sc-1m6tc2l-4 kBDbsy\">099323089<\/td>\n<\/tr>\n<tr class=\"src__View-sc-1m6tc2l-3 cblkwV\">\n<td class=\"src__Text-sc-1m6tc2l-4 kBDbsy\">SAC<\/td>\n<td class=\"src__Text-sc-1m6tc2l-4 kBDbsy\">0800 645 8300<\/td>\n<\/tr>\n<tr class=\"src__View-sc-1m6tc2l-3 cblkwV\">\n<td class=\"src__Text-sc-1m6tc2l-4 kBDbsy\">Certificado<\/td>\n<td class=\"src__Text-sc-1m6tc2l-4 kBDbsy\">Isento<\/td>\n<\/tr>\n<\/tbody>\n<\/table>\n<\/div>\n<div class=\"report-link__ReportUI-sc-2jruhk-0 IlwqL\"><\/div>\n","protected":false},"excerpt":{"rendered":"<p>Televisor com tecnologia smart, com acesso aos principais App como Netflix, Prime V\u00eddeo, Globoplay e Youtube. Tela de 32 polegadas em resolu\u00e7\u00e3o HD. A TV tamb\u00e9m possui um grande desempenho de velocidade devido ao seu processador Qu&#8230;<\/p>\n","protected":false},"featured_media":3274,"comment_status":"open","ping_status":"closed","template":"","meta":[],"product_brand":[],"product_cat":[605,22,610,50],"product_tag":[],"class_list":{"0":"post-3273","1":"product","2":"type-product","3":"status-publish","4":"has-post-thumbnail","6":"product_cat-lojas","7":"product_cat-eletronicos-audio-e-video","8":"product_cat-shoptime","9":"product_cat-tvs","11":"first","12":"instock","13":"shipping-taxable","14":"product-type-external"},"_links":{"self":[{"href":"https:\/\/barzo.com.br\/shop\/wp-json\/wp\/v2\/product\/3273","targetHints":{"allow":["GET"]}}],"collection":[{"href":"https:\/\/barzo.com.br\/shop\/wp-json\/wp\/v2\/product"}],"about":[{"href":"https:\/\/barzo.com.br\/shop\/wp-json\/wp\/v2\/types\/product"}],"replies":[{"embeddable":true,"href":"https:\/\/barzo.com.br\/shop\/wp-json\/wp\/v2\/comments?post=3273"}],"wp:featuredmedia":[{"embeddable":true,"href":"https:\/\/barzo.com.br\/shop\/wp-json\/wp\/v2\/media\/3274"}],"wp:attachment":[{"href":"https:\/\/barzo.com.br\/shop\/wp-json\/wp\/v2\/media?parent=3273"}],"wp:term":[{"taxonomy":"product_brand","embeddable":true,"href":"https:\/\/barzo.com.br\/shop\/wp-json\/wp\/v2\/product_brand?post=3273"},{"taxonomy":"product_cat","embeddable":true,"href":"https:\/\/barzo.com.br\/shop\/wp-json\/wp\/v2\/product_cat?post=3273"},{"taxonomy":"product_tag","embeddable":true,"href":"https:\/\/barzo.com.br\/shop\/wp-json\/wp\/v2\/product_tag?post=3273"}],"curies":[{"name":"wp","href":"https:\/\/api.w.org\/{rel}","templated":true}]}}