{"id":3268,"date":"2022-11-30T19:37:44","date_gmt":"2022-11-30T22:37:44","guid":{"rendered":"https:\/\/barzo.com.br\/shop\/?post_type=product&#038;p=3268"},"modified":"2022-11-30T19:37:44","modified_gmt":"2022-11-30T22:37:44","slug":"super-cashback-ame-no-shoptime-corre-smart-tv-philco-fast-50-ptv50g70sblsg-ultra-hd-4k-tela-infinita-quadcore-e-app-store","status":"publish","type":"product","link":"https:\/\/barzo.com.br\/shop\/produto\/super-cashback-ame-no-shoptime-corre-smart-tv-philco-fast-50-ptv50g70sblsg-ultra-hd-4k-tela-infinita-quadcore-e-app-store\/","title":{"rendered":"[SUPER CASHBACK AME no SHOPTIME, corre!!!] Smart Tv Philco Fast 50&#8221; Ptv50G70Sblsg Ultra Hd 4K Tela Infinita Quadcore E App Store"},"content":{"rendered":"<div id=\"info-section\" class=\"src__WrapperProductInfo-sc-1c7a3hi-0 iTtoyk\">\n<div class=\"src__Container-sc-1c7a3hi-3 kdfdUW\">\n<div class=\"src__Description-sc-1c7a3hi-2 dChPoq\">Televisor com tela de 50 polegadas em resolu\u00e7\u00e3o 4K (Ultra HD). Tecnologia Smart permitindo acesso ao Netflix, Youtube, Globo Play, entre outros. Processador Quad Core, proporcionando maior velocidade para conte\u00fado dos aplicativos e performance ideal para seu Televisor, al\u00e9m de processador gr\u00e1fico Triple Core gerando maior velocidade no processamento de gr\u00e1ficos mais complexos. Possui tamb\u00e9m tecnologia de \u00e1udio Dolby.<\/div>\n<\/div>\n<\/div>\n<h2 class=\"src__Title-sc-1m6tc2l-1 cuRtbe\">Ficha t\u00e9cnica<\/h2>\n<div class=\"src__DeskWrapper-sc-1m6tc2l-0 iqTsol\">\n<table class=\"src__SpecsCell-sc-1m6tc2l-2 byvoul\">\n<tbody>\n<tr class=\"src__View-sc-1m6tc2l-3 cblkwV\">\n<td class=\"src__Text-sc-1m6tc2l-4 kBDbsy\">Fabricante<\/td>\n<td class=\"src__Text-sc-1m6tc2l-4 kBDbsy\">PHILCO<\/td>\n<\/tr>\n<tr class=\"src__View-sc-1m6tc2l-3 cblkwV\">\n<td class=\"src__Text-sc-1m6tc2l-4 kBDbsy\">Marca<\/td>\n<td class=\"src__Text-sc-1m6tc2l-4 kBDbsy\">Philco<\/td>\n<\/tr>\n<tr class=\"src__View-sc-1m6tc2l-3 cblkwV\">\n<td class=\"src__Text-sc-1m6tc2l-4 kBDbsy\">Recursos de V\u00eddeos<\/td>\n<td class=\"src__Text-sc-1m6tc2l-4 kBDbsy\">HDR, DNR e SDR<\/td>\n<\/tr>\n<tr class=\"src__View-sc-1m6tc2l-3 cblkwV\">\n<td class=\"src__Text-sc-1m6tc2l-4 kBDbsy\">Recursos\/Funcionalidades<\/td>\n<td class=\"src__Text-sc-1m6tc2l-4 kBDbsy\">\u2022 TV Backlight D-LED 50&#8243; \u2022 Resolu\u00e7\u00e3o: UHD (3840 X 2160) \u2022 Tempo de resposta: 9.5 ms \u2022 \u00c2ngulo de Vis\u00e3o: 170\u00b0(H) x 170\u00b0(V) \u2022 Brilho: 288 cd\/m\u00b2 \u2022 Contraste din\u00e2mico: 5.000.000:1 \u2022 Frequ\u00eancia da Tela: 60Hz \u2022 Pot\u00eancia do Alto-Falante: 12Wrms x 2 \u2022 Formato da Tela: 16:9 \u2022 Sistema de cores: PAL-M, PAL-N, NTSC \u2022 Fura\u00e7\u00e3o Vesa: 200x200mm \u2022 WIFI integrado<\/td>\n<\/tr>\n<tr class=\"src__View-sc-1m6tc2l-3 cblkwV\">\n<td class=\"src__Text-sc-1m6tc2l-4 kBDbsy\">Processador<\/td>\n<td class=\"src__Text-sc-1m6tc2l-4 kBDbsy\">Quad Core<\/td>\n<\/tr>\n<tr class=\"src__View-sc-1m6tc2l-3 cblkwV\">\n<td class=\"src__Text-sc-1m6tc2l-4 kBDbsy\">Consumo (KW\/h)<\/td>\n<td class=\"src__Text-sc-1m6tc2l-4 kBDbsy\">&lt; 1KW\/h<\/td>\n<\/tr>\n<tr class=\"src__View-sc-1m6tc2l-3 cblkwV\">\n<td class=\"src__Text-sc-1m6tc2l-4 kBDbsy\">Recursos de \u00c1udio<\/td>\n<td class=\"src__Text-sc-1m6tc2l-4 kBDbsy\">Dolby \u00c1udio e Equalizadores de som predefinidos<\/td>\n<\/tr>\n<tr class=\"src__View-sc-1m6tc2l-3 cblkwV\">\n<td class=\"src__Text-sc-1m6tc2l-4 kBDbsy\">Tipo de TV<\/td>\n<td class=\"src__Text-sc-1m6tc2l-4 kBDbsy\">Smart TV<\/td>\n<\/tr>\n<tr class=\"src__View-sc-1m6tc2l-3 cblkwV\">\n<td class=\"src__Text-sc-1m6tc2l-4 kBDbsy\">Tecnologia da Tela<\/td>\n<td class=\"src__Text-sc-1m6tc2l-4 kBDbsy\">LED<\/td>\n<\/tr>\n<tr class=\"src__View-sc-1m6tc2l-3 cblkwV\">\n<td class=\"src__Text-sc-1m6tc2l-4 kBDbsy\">Polegadas<\/td>\n<td class=\"src__Text-sc-1m6tc2l-4 kBDbsy\">50&#8243;<\/td>\n<\/tr>\n<tr class=\"src__View-sc-1m6tc2l-3 cblkwV\">\n<td class=\"src__Text-sc-1m6tc2l-4 kBDbsy\">Monitor<\/td>\n<td class=\"src__Text-sc-1m6tc2l-4 kBDbsy\">Ultra HD 4k<\/td>\n<\/tr>\n<tr class=\"src__View-sc-1m6tc2l-3 cblkwV\">\n<td class=\"src__Text-sc-1m6tc2l-4 kBDbsy\">Taxa de Atualiza\u00e7\u00e3o<\/td>\n<td class=\"src__Text-sc-1m6tc2l-4 kBDbsy\">60Hz<\/td>\n<\/tr>\n<tr class=\"src__View-sc-1m6tc2l-3 cblkwV\">\n<td class=\"src__Text-sc-1m6tc2l-4 kBDbsy\">Taxa de Atualiza\u00e7\u00e3o com Tecnologia<\/td>\n<td class=\"src__Text-sc-1m6tc2l-4 kBDbsy\">60Hz<\/td>\n<\/tr>\n<tr class=\"src__View-sc-1m6tc2l-3 cblkwV\">\n<td class=\"src__Text-sc-1m6tc2l-4 kBDbsy\">Quantidade de entradas USB<\/td>\n<td class=\"src__Text-sc-1m6tc2l-4 kBDbsy\">2<\/td>\n<\/tr>\n<tr class=\"src__View-sc-1m6tc2l-3 cblkwV\">\n<td class=\"src__Text-sc-1m6tc2l-4 kBDbsy\">Local das entradas USB<\/td>\n<td class=\"src__Text-sc-1m6tc2l-4 kBDbsy\">2 entradas traseiras<\/td>\n<\/tr>\n<tr class=\"src__View-sc-1m6tc2l-3 cblkwV\">\n<td class=\"src__Text-sc-1m6tc2l-4 kBDbsy\">HDMI<\/td>\n<td class=\"src__Text-sc-1m6tc2l-4 kBDbsy\">4<\/td>\n<\/tr>\n<tr class=\"src__View-sc-1m6tc2l-3 cblkwV\">\n<td class=\"src__Text-sc-1m6tc2l-4 kBDbsy\">Local das entradas HDMI<\/td>\n<td class=\"src__Text-sc-1m6tc2l-4 kBDbsy\">4 entradas traseiras<\/td>\n<\/tr>\n<tr class=\"src__View-sc-1m6tc2l-3 cblkwV\">\n<td class=\"src__Text-sc-1m6tc2l-4 kBDbsy\">Outras Conex\u00f5es<\/td>\n<td class=\"src__Text-sc-1m6tc2l-4 kBDbsy\">\u2022 Entrada de v\u00eddeo e \u00e1udio est\u00e9reo (RCA) \u2022 3 entradas HDMI e 1 entrada HDMI (ARC)\u00b2, total de 4 entradas \u2022 Entrada RF para TV aberta (Digital e Anal\u00f3gica) e TV \u00e0 cabo \u2022 2 entrada USB: reproduz filmes, m\u00fasicas e fotos \u2022 1 entrada S\/PDIF out Optical \u2022 1 entrada Ethernet \u2022 1 entrada P2: Para fones e amplificadores<\/td>\n<\/tr>\n<tr class=\"src__View-sc-1m6tc2l-3 cblkwV\">\n<td class=\"src__Text-sc-1m6tc2l-4 kBDbsy\">Conversor Digital Integrado<\/td>\n<td class=\"src__Text-sc-1m6tc2l-4 kBDbsy\">Sim<\/td>\n<\/tr>\n<tr class=\"src__View-sc-1m6tc2l-3 cblkwV\">\n<td class=\"src__Text-sc-1m6tc2l-4 kBDbsy\">PIP (Picture in Picture)<\/td>\n<td class=\"src__Text-sc-1m6tc2l-4 kBDbsy\">N\u00e3o<\/td>\n<\/tr>\n<tr class=\"src__View-sc-1m6tc2l-3 cblkwV\">\n<td class=\"src__Text-sc-1m6tc2l-4 kBDbsy\">Timer On\/Off<\/td>\n<td class=\"src__Text-sc-1m6tc2l-4 kBDbsy\">Sim<\/td>\n<\/tr>\n<tr class=\"src__View-sc-1m6tc2l-3 cblkwV\">\n<td class=\"src__Text-sc-1m6tc2l-4 kBDbsy\">Sleep Timer<\/td>\n<td class=\"src__Text-sc-1m6tc2l-4 kBDbsy\">Sim<\/td>\n<\/tr>\n<tr class=\"src__View-sc-1m6tc2l-3 cblkwV\">\n<td class=\"src__Text-sc-1m6tc2l-4 kBDbsy\">Closed Caption<\/td>\n<td class=\"src__Text-sc-1m6tc2l-4 kBDbsy\">Sim<\/td>\n<\/tr>\n<tr class=\"src__View-sc-1m6tc2l-3 cblkwV\">\n<td class=\"src__Text-sc-1m6tc2l-4 kBDbsy\">Principais Aplicativos<\/td>\n<td class=\"src__Text-sc-1m6tc2l-4 kBDbsy\">Netflix, YouTube, Facebook, Globoplay, Twitter e AccuWeather.<\/td>\n<\/tr>\n<tr class=\"src__View-sc-1m6tc2l-3 cblkwV\">\n<td class=\"src__Text-sc-1m6tc2l-4 kBDbsy\">Pot\u00eancia do \u00c1udio (RMS)<\/td>\n<td class=\"src__Text-sc-1m6tc2l-4 kBDbsy\">12 Wrms x 2<\/td>\n<\/tr>\n<tr class=\"src__View-sc-1m6tc2l-3 cblkwV\">\n<td class=\"src__Text-sc-1m6tc2l-4 kBDbsy\">Wi-Fi<\/td>\n<td class=\"src__Text-sc-1m6tc2l-4 kBDbsy\">Wi-Fi integrado<\/td>\n<\/tr>\n<tr class=\"src__View-sc-1m6tc2l-3 cblkwV\">\n<td class=\"src__Text-sc-1m6tc2l-4 kBDbsy\">Cor<\/td>\n<td class=\"src__Text-sc-1m6tc2l-4 kBDbsy\">Preto<\/td>\n<\/tr>\n<tr class=\"src__View-sc-1m6tc2l-3 cblkwV\">\n<td class=\"src__Text-sc-1m6tc2l-4 kBDbsy\">Conte\u00fado da Embalagem<\/td>\n<td class=\"src__Text-sc-1m6tc2l-4 kBDbsy\">TV, Controle remoto, Cabo de alimenta\u00e7\u00e3o AC, Manual de Instru\u00e7\u00f5es em Portugu\u00eas, Parafusos da base, Base e Adaptador \u00e1udio\/v\u00eddeo.<\/td>\n<\/tr>\n<tr class=\"src__View-sc-1m6tc2l-3 cblkwV\">\n<td class=\"src__Text-sc-1m6tc2l-4 kBDbsy\">Garantia do Fornecedor<\/td>\n<td class=\"src__Text-sc-1m6tc2l-4 kBDbsy\">12 Meses<\/td>\n<\/tr>\n<tr class=\"src__View-sc-1m6tc2l-3 cblkwV\">\n<td class=\"src__Text-sc-1m6tc2l-4 kBDbsy\">Dimens\u00f5es do produto &#8211; cm (AxLxP)<\/td>\n<td class=\"src__Text-sc-1m6tc2l-4 kBDbsy\">64,4 x 115,0 x 0,93<\/td>\n<\/tr>\n<tr class=\"src__View-sc-1m6tc2l-3 cblkwV\">\n<td class=\"src__Text-sc-1m6tc2l-4 kBDbsy\">Peso liq. aproximado do produto (Kg)<\/td>\n<td class=\"src__Text-sc-1m6tc2l-4 kBDbsy\">10,1<\/td>\n<\/tr>\n<tr class=\"src__View-sc-1m6tc2l-3 cblkwV\">\n<td class=\"src__Text-sc-1m6tc2l-4 kBDbsy\">Refer\u00eancia do Modelo<\/td>\n<td class=\"src__Text-sc-1m6tc2l-4 kBDbsy\">99503021<\/td>\n<\/tr>\n<tr class=\"src__View-sc-1m6tc2l-3 cblkwV\">\n<td class=\"src__Text-sc-1m6tc2l-4 kBDbsy\">SAC<\/td>\n<td class=\"src__Text-sc-1m6tc2l-4 kBDbsy\">0800 645 8300<\/td>\n<\/tr>\n<\/tbody>\n<\/table>\n<\/div>\n<div class=\"report-link__ReportUI-sc-2jruhk-0 IlwqL\"><\/div>\n","protected":false},"excerpt":{"rendered":"<p>Televisor com tela de 50 polegadas em resolu\u00e7\u00e3o 4K (Ultra HD). Tecnologia Smart permitindo acesso ao Netflix, Youtube, Globo Play, entre outros. Processador Quad Core, proporcionando maior velocidade para conte\u00fado dos aplicativos e &#8230;<\/p>\n","protected":false},"featured_media":3269,"comment_status":"open","ping_status":"closed","template":"","meta":[],"product_brand":[],"product_cat":[50,22,605,610],"product_tag":[],"class_list":{"0":"post-3268","1":"product","2":"type-product","3":"status-publish","4":"has-post-thumbnail","6":"product_cat-tvs","7":"product_cat-eletronicos-audio-e-video","8":"product_cat-lojas","9":"product_cat-shoptime","11":"first","12":"instock","13":"shipping-taxable","14":"product-type-external"},"_links":{"self":[{"href":"https:\/\/barzo.com.br\/shop\/wp-json\/wp\/v2\/product\/3268","targetHints":{"allow":["GET"]}}],"collection":[{"href":"https:\/\/barzo.com.br\/shop\/wp-json\/wp\/v2\/product"}],"about":[{"href":"https:\/\/barzo.com.br\/shop\/wp-json\/wp\/v2\/types\/product"}],"replies":[{"embeddable":true,"href":"https:\/\/barzo.com.br\/shop\/wp-json\/wp\/v2\/comments?post=3268"}],"wp:featuredmedia":[{"embeddable":true,"href":"https:\/\/barzo.com.br\/shop\/wp-json\/wp\/v2\/media\/3269"}],"wp:attachment":[{"href":"https:\/\/barzo.com.br\/shop\/wp-json\/wp\/v2\/media?parent=3268"}],"wp:term":[{"taxonomy":"product_brand","embeddable":true,"href":"https:\/\/barzo.com.br\/shop\/wp-json\/wp\/v2\/product_brand?post=3268"},{"taxonomy":"product_cat","embeddable":true,"href":"https:\/\/barzo.com.br\/shop\/wp-json\/wp\/v2\/product_cat?post=3268"},{"taxonomy":"product_tag","embeddable":true,"href":"https:\/\/barzo.com.br\/shop\/wp-json\/wp\/v2\/product_tag?post=3268"}],"curies":[{"name":"wp","href":"https:\/\/api.w.org\/{rel}","templated":true}]}}