{"id":3266,"date":"2022-11-30T19:29:25","date_gmt":"2022-11-30T22:29:25","guid":{"rendered":"https:\/\/barzo.com.br\/shop\/?post_type=product&#038;p=3266"},"modified":"2022-11-30T19:29:25","modified_gmt":"2022-11-30T22:29:25","slug":"super-cashback-ame-no-shoptime-corre-smart-tv-tcl-55-qled-4k-55c825-uhd-google-tv-dolby-vision-soundbar-onkyo-integrado-atmos","status":"publish","type":"product","link":"https:\/\/barzo.com.br\/shop\/produto\/super-cashback-ame-no-shoptime-corre-smart-tv-tcl-55-qled-4k-55c825-uhd-google-tv-dolby-vision-soundbar-onkyo-integrado-atmos\/","title":{"rendered":"[SUPER CASHBACK AME no SHOPTIME, corre!!!] Smart Tv Tcl 55 Qled 4K 55C825 Uhd &#8211; Google Tv, Dolby Vision, Soundbar Onkyo Integrado Atmos"},"content":{"rendered":"<div id=\"info-section\" class=\"src__WrapperProductInfo-sc-1c7a3hi-0 iTtoyk\">\n<div class=\"src__Container-sc-1c7a3hi-3 kdfdUW\">\n<div class=\"src__Description-sc-1c7a3hi-2 dChPoq\">TCL QLED TV 55\u201d C825 4K UHD Google TV, 120Hz, HDMI 2.1, DOLBY VISION+ATMOS, Soundbar Onkyo, Bluetooth, Comando de voz \u00e0 dist\u00e2ncia, Google Assistant e design sem bordas.<\/div>\n<\/div>\n<\/div>\n<div>\n<h2 class=\"src__Title-sc-1m6tc2l-1 cuRtbe\">Ficha t\u00e9cnica<\/h2>\n<p>Fabricante: SEMP TCL<\/p>\n<p>Marca: TCL<\/p>\n<p>Recursos de V\u00eddeos: RESOLU\u00c7\u00c3O EM PIXEL 3840 x 2160 (4K UHD), DOLBY VISION (IQ), IMAX ENHANCED, HDR (HDR 10+), MODO DE IMAGEM Din\u00e2mico, Padr\u00e3o, Smart HDR, Esporte, Filme, Jogos e PC, AJUSTE DE COR Frio, Padr\u00e3o, Quente e Personalizado, OUTROS RECURSOS VRR, ALLM, MEMC, AIPQ GEN2, LOCAL DIMMING<\/p>\n<p>Recursos\/Funcionalidades: TV COM INTELIG\u00caNCIA ARTIFICIAL + GOOGLE TV, HANDS-FREE VOICE CONTROL, BLUETOOTH, CHROMECAST BUILT-IN, C\u00c2MERA INTEGRADA Sim (Funciona apenas com o app TCL HOME, compat\u00edvel tanto com Android quanto IOS), GOOGLE DUO, DOLBY VISION IQ, 4K HDR PREMIUM, DOLBY ATMOS, SOUNDBAR ONKYO INTEGRADO ATMOS (2.1 CANAIS)<\/p>\n<p>Processador: Quad Core<\/p>\n<p>Consumo (KW\/h): CONSUMO STAND BY &lt; 0,5W &#8211; CONSUMO M\u00c1XIMO = 230W<\/p>\n<p>Recursos de \u00c1udio: DOLBY ATMOS E DTS-HD, SOUNDBAR ONKYO (incluso e com suporte) e com subwoofer, MODO AUTOM\u00c1TICO TV detecta e ajusta o volume automaticamente com base no som ambiente, MODO SOM Din\u00e2mico, Padr\u00e3o, Esporte, Filmes, M\u00fasica, Voz e Jogos<\/p>\n<p>Tipo de TV: Smart TV Android<\/p>\n<p>Tecnologia da Tela: QLED \u2013 Tela de Pontos Qu\u00e2nticos<\/p>\n<p>Polegadas: 55&#8243;<\/p>\n<p>Monitor: Ultra HD 4k<\/p>\n<p>Taxa de Atualiza\u00e7\u00e3o120Hz<\/p>\n<p>Taxa de Atualiza\u00e7\u00e3o com Tecnologia: 120Hz<\/p>\n<p>Quantidade de entradas USB: 2<\/p>\n<p>Local das entradas USB: 2 entradas laterais<\/p>\n<p>HDMI: 4<\/p>\n<p>Local das entradas HDMI: 3 entradas laterais<\/p>\n<p>Outras Conex\u00f5es: 1 Porta LAN, 1 Entrada AV (\u00c1udio &amp; V\u00eddeo), 1 Entrada RF para antena\/cabo, 1 Sa\u00edda \u00c1udio digital (\u00f3tica) e 1 Sa\u00edda p\/ fone de ouvido<\/p>\n<p>Wi-Fi Integrado: Sim<\/p>\n<p>Conversor Digital Integrado: Sim<\/p>\n<p>PIP (Picture in Picture): N\u00e3o<\/p>\n<p>Timer On\/Off: N\u00e3o<\/p>\n<p>Sleep Timer: Sim<\/p>\n<p>Closed Caption: Sim<\/p>\n<p>Principais Aplicativos: Youtube, Netflix, GloboPlay, Google Play, Disney+, Directv GO, Prime Video, Apple TV<\/p>\n<p>Pot\u00eancia do \u00c1udio (RMS): POT\u00caNCIA DE \u00c1UDIO = 2*15W +20W = 50W<\/p>\n<p>Conte\u00fado da Embalagem: 1 Controle Remoto RC902V, 2 Pilhas AAA, 1 Cabo Adaptador P2\/RCA, 1 Cabo de Alimenta\u00e7\u00e3o &#8211; Cabo com isolamento duplo e o pino terra do plugue, 1 Base (Pedestal), 1 C\u00e2mera, 4 Parafusos M5x20mm. Para fixar as bases ao televisor. &#8221;<\/p>\n<p>Garantia do Fornecedor: 12 Meses<\/p>\n<p>Dimens\u00f5es do produto &#8211; cm (AxLxP): 75 x 122,7 x 7,6<\/p>\n<p>Peso liq. aproximado do produto (Kg): 22,2<\/p>\n<p>Wi-Fi: Wi-Fi integrado<\/p>\n<p>Cor: Chumbo<\/p>\n<p>Refer\u00eancia do Modelo: 55C825<\/p>\n<p>SAC: (011 3004-7570<\/p>\n<p>Voltagem: BIVOLT<\/p>\n<\/div>\n","protected":false},"excerpt":{"rendered":"<p>TCL QLED TV 55\u201d C825 4K UHD Google TV, 120Hz, HDMI 2.1, DOLBY VISION+ATMOS, Soundbar Onkyo, Bluetooth, Comando de voz \u00e0 dist\u00e2ncia, Google Assistant e design sem bordas<\/p>\n","protected":false},"featured_media":3267,"comment_status":"open","ping_status":"closed","template":"","meta":[],"product_brand":[],"product_cat":[605,610],"product_tag":[],"class_list":{"0":"post-3266","1":"product","2":"type-product","3":"status-publish","4":"has-post-thumbnail","6":"product_cat-lojas","7":"product_cat-shoptime","9":"first","10":"instock","11":"shipping-taxable","12":"product-type-external"},"_links":{"self":[{"href":"https:\/\/barzo.com.br\/shop\/wp-json\/wp\/v2\/product\/3266","targetHints":{"allow":["GET"]}}],"collection":[{"href":"https:\/\/barzo.com.br\/shop\/wp-json\/wp\/v2\/product"}],"about":[{"href":"https:\/\/barzo.com.br\/shop\/wp-json\/wp\/v2\/types\/product"}],"replies":[{"embeddable":true,"href":"https:\/\/barzo.com.br\/shop\/wp-json\/wp\/v2\/comments?post=3266"}],"wp:featuredmedia":[{"embeddable":true,"href":"https:\/\/barzo.com.br\/shop\/wp-json\/wp\/v2\/media\/3267"}],"wp:attachment":[{"href":"https:\/\/barzo.com.br\/shop\/wp-json\/wp\/v2\/media?parent=3266"}],"wp:term":[{"taxonomy":"product_brand","embeddable":true,"href":"https:\/\/barzo.com.br\/shop\/wp-json\/wp\/v2\/product_brand?post=3266"},{"taxonomy":"product_cat","embeddable":true,"href":"https:\/\/barzo.com.br\/shop\/wp-json\/wp\/v2\/product_cat?post=3266"},{"taxonomy":"product_tag","embeddable":true,"href":"https:\/\/barzo.com.br\/shop\/wp-json\/wp\/v2\/product_tag?post=3266"}],"curies":[{"name":"wp","href":"https:\/\/api.w.org\/{rel}","templated":true}]}}