{"id":3260,"date":"2022-11-30T19:09:13","date_gmt":"2022-11-30T22:09:13","guid":{"rendered":"https:\/\/barzo.com.br\/shop\/?post_type=product&#038;p=3260"},"modified":"2022-11-30T19:09:13","modified_gmt":"2022-11-30T22:09:13","slug":"super-cashback-ame-no-shoptime-corre-smart-tv-philco-32-em-led-hd-audio-dolby-com-netflix-entre-outros-aplicativos-e-processador-quadcore-ptv32g70sbl","status":"publish","type":"product","link":"https:\/\/barzo.com.br\/shop\/produto\/super-cashback-ame-no-shoptime-corre-smart-tv-philco-32-em-led-hd-audio-dolby-com-netflix-entre-outros-aplicativos-e-processador-quadcore-ptv32g70sbl\/","title":{"rendered":"[SUPER CASHBACK AME no SHOPTIME, corre!!!] Smart Tv Philco 32 Em Led Hd. Audio Dolby, Com Netflix, Entre Outros Aplicativos E Processador Quadcore &#8211; Ptv32G70Sbl"},"content":{"rendered":"<h2 class=\"title__Title-sc-qx50lt-0 hPvSnE\">Informa\u00e7\u00f5es do produto<\/h2>\n<div class=\"src__Container-sc-1c7a3hi-3 kdfdUW\">\n<div class=\"src__Description-sc-1c7a3hi-2 dChPoq\">A\u00a0<b>Smart TV Philco 32\u201d PTV32G70SBL LED<\/b>\u00a0faz parte da Nova Gera\u00e7\u00e3o de TVs Philco. Ela \u00e9 mais r\u00e1pida e oferece mais conectividade e interatividade.<\/p>\n<p>Com processador Quad Core, oferece maior velocidade para conte\u00fado dos aplicativos e performance ideal. Al\u00e9m disso, conta com processador gr\u00e1fico Triple Core, que oferece maior velocidade no processamento de gr\u00e1ficos mais complexos! Isso significa uma resposta mais r\u00e1pida aos comandos, som e imagem com maior qualidade.<\/p>\n<p>E falando em som, ela \u00e9 Dolby Audio, que proporciona um som mais limpo e refor\u00e7a mais as nuances sonoras.<\/p>\n<p><b>Imagens meramente ilustrativas.<\/b><br \/>\n<b>Todas as informa\u00e7\u00f5es divulgadas s\u00e3o de responsabilidade do Fabricante\/Fornecedor.<\/b><br \/>\n<b>Verifique com os fabricantes do produto e de seus componentes eventuais limita\u00e7\u00f5es \u00e0 utiliza\u00e7\u00e3o de todos os recursos e funcionalidades.<\/b><br \/>\n<b>Certas fun\u00e7\u00f5es necessitam de conex\u00e3o com a internet. Alguns aplicativos podem requerer uma assinatura para acesso, sujeito a cobran\u00e7a.<\/b><\/div>\n<\/div>\n<div>\n<h2 class=\"src__Title-sc-1m6tc2l-1 cuRtbe\">Ficha t\u00e9cnica<\/h2>\n<div class=\"src__DeskWrapper-sc-1m6tc2l-0 iqTsol\">\n<table class=\"src__SpecsCell-sc-1m6tc2l-2 byvoul\">\n<tbody>\n<tr class=\"src__View-sc-1m6tc2l-3 cblkwV\">\n<td class=\"src__Text-sc-1m6tc2l-4 kBDbsy\">Fabricante<\/td>\n<td class=\"src__Text-sc-1m6tc2l-4 kBDbsy\">Philco<\/td>\n<\/tr>\n<tr class=\"src__View-sc-1m6tc2l-3 cblkwV\">\n<td class=\"src__Text-sc-1m6tc2l-4 kBDbsy\">Marca<\/td>\n<td class=\"src__Text-sc-1m6tc2l-4 kBDbsy\">Philco<\/td>\n<\/tr>\n<tr class=\"src__View-sc-1m6tc2l-3 cblkwV\">\n<td class=\"src__Text-sc-1m6tc2l-4 kBDbsy\">Recursos de V\u00eddeos<\/td>\n<td class=\"src__Text-sc-1m6tc2l-4 kBDbsy\">DNR, Receptor ATV, DTV e CATV, Closed caption, Info, Guide, Sleep Timer.<\/td>\n<\/tr>\n<tr class=\"src__View-sc-1m6tc2l-3 cblkwV\">\n<td class=\"src__Text-sc-1m6tc2l-4 kBDbsy\">Recursos\/Funcionalidades<\/td>\n<td class=\"src__Text-sc-1m6tc2l-4 kBDbsy\">Resolu\u00e7\u00e3o HD (1366 X 768) Equalizadores de som e imagem predefinidos MUTE | MTS\u00b9 | SLEEP | BROWSER | APP STORE | HDR | CLOSED CAPTION | DNR | GUIDE\u00b9 | INFO\u00b9 | BLOQUEIO DE CANAL | REL\u00d3GIO | ZOOM | PVR\u00b9 | HDMI ARC\u00b2 | T-LINK\u00b2 (HDMI-CEC).<\/td>\n<\/tr>\n<tr class=\"src__View-sc-1m6tc2l-3 cblkwV\">\n<td class=\"src__Text-sc-1m6tc2l-4 kBDbsy\">Processador<\/td>\n<td class=\"src__Text-sc-1m6tc2l-4 kBDbsy\">Quad Core<\/td>\n<\/tr>\n<tr class=\"src__View-sc-1m6tc2l-3 cblkwV\">\n<td class=\"src__Text-sc-1m6tc2l-4 kBDbsy\">Consumo (KW\/h)<\/td>\n<td class=\"src__Text-sc-1m6tc2l-4 kBDbsy\">&lt; 1kWh<\/td>\n<\/tr>\n<tr class=\"src__View-sc-1m6tc2l-3 cblkwV\">\n<td class=\"src__Text-sc-1m6tc2l-4 kBDbsy\">Recursos de \u00c1udio<\/td>\n<td class=\"src__Text-sc-1m6tc2l-4 kBDbsy\">Dolby Audio, MTS, Equalizadores de som predefinidos, Nivelador autom\u00e1tico de volume.<\/td>\n<\/tr>\n<tr class=\"src__View-sc-1m6tc2l-3 cblkwV\">\n<td class=\"src__Text-sc-1m6tc2l-4 kBDbsy\">Tipo de TV<\/td>\n<td class=\"src__Text-sc-1m6tc2l-4 kBDbsy\">Smart TV<\/td>\n<\/tr>\n<tr class=\"src__View-sc-1m6tc2l-3 cblkwV\">\n<td class=\"src__Text-sc-1m6tc2l-4 kBDbsy\">Tecnologia da Tela<\/td>\n<td class=\"src__Text-sc-1m6tc2l-4 kBDbsy\">LED<\/td>\n<\/tr>\n<tr class=\"src__View-sc-1m6tc2l-3 cblkwV\">\n<td class=\"src__Text-sc-1m6tc2l-4 kBDbsy\">Polegadas<\/td>\n<td class=\"src__Text-sc-1m6tc2l-4 kBDbsy\">32&#8243;<\/td>\n<\/tr>\n<tr class=\"src__View-sc-1m6tc2l-3 cblkwV\">\n<td class=\"src__Text-sc-1m6tc2l-4 kBDbsy\">Monitor<\/td>\n<td class=\"src__Text-sc-1m6tc2l-4 kBDbsy\">HD<\/td>\n<\/tr>\n<tr class=\"src__View-sc-1m6tc2l-3 cblkwV\">\n<td class=\"src__Text-sc-1m6tc2l-4 kBDbsy\">Taxa de Atualiza\u00e7\u00e3o<\/td>\n<td class=\"src__Text-sc-1m6tc2l-4 kBDbsy\">60Hz<\/td>\n<\/tr>\n<tr class=\"src__View-sc-1m6tc2l-3 cblkwV\">\n<td class=\"src__Text-sc-1m6tc2l-4 kBDbsy\">Taxa de Atualiza\u00e7\u00e3o com Tecnologia<\/td>\n<td class=\"src__Text-sc-1m6tc2l-4 kBDbsy\">60Hz<\/td>\n<\/tr>\n<tr class=\"src__View-sc-1m6tc2l-3 cblkwV\">\n<td class=\"src__Text-sc-1m6tc2l-4 kBDbsy\">Quantidade de entradas USB<\/td>\n<td class=\"src__Text-sc-1m6tc2l-4 kBDbsy\">1<\/td>\n<\/tr>\n<tr class=\"src__View-sc-1m6tc2l-3 cblkwV\">\n<td class=\"src__Text-sc-1m6tc2l-4 kBDbsy\">Local das entradas USB<\/td>\n<td class=\"src__Text-sc-1m6tc2l-4 kBDbsy\">1 entrada traseira<\/td>\n<\/tr>\n<tr class=\"src__View-sc-1m6tc2l-3 cblkwV\">\n<td class=\"src__Text-sc-1m6tc2l-4 kBDbsy\">HDMI<\/td>\n<td class=\"src__Text-sc-1m6tc2l-4 kBDbsy\">2<\/td>\n<\/tr>\n<tr class=\"src__View-sc-1m6tc2l-3 cblkwV\">\n<td class=\"src__Text-sc-1m6tc2l-4 kBDbsy\">Local das entradas HDMI<\/td>\n<td class=\"src__Text-sc-1m6tc2l-4 kBDbsy\">2 entradas traseiras<\/td>\n<\/tr>\n<tr class=\"src__View-sc-1m6tc2l-3 cblkwV\">\n<td class=\"src__Text-sc-1m6tc2l-4 kBDbsy\">Outras Conex\u00f5es<\/td>\n<td class=\"src__Text-sc-1m6tc2l-4 kBDbsy\">\u2022 Entrada de v\u00eddeo e \u00e1udio est\u00e9reo (RCA) \u2022 1 entrada HDMI e 1 entrada HDMI (ARC)\u00b2, total 2 entradas \u2022 Entrada RF para TV aberta (Digital e Anal\u00f3gica) e TV \u00e0 cabo \u2022 1 entrada USB: reproduz filmes, m\u00fasicas e fotos \u2022 1 entrada S\/PDIF out Optical \u2022 1 entrada Ethernet \u2022 1 sa\u00edda de \u00e1udio anal\u00f3gica (RCA)<\/td>\n<\/tr>\n<tr class=\"src__View-sc-1m6tc2l-3 cblkwV\">\n<td class=\"src__Text-sc-1m6tc2l-4 kBDbsy\">Wi-Fi Integrado<\/td>\n<td class=\"src__Text-sc-1m6tc2l-4 kBDbsy\">Sim<\/td>\n<\/tr>\n<tr class=\"src__View-sc-1m6tc2l-3 cblkwV\">\n<td class=\"src__Text-sc-1m6tc2l-4 kBDbsy\">Conversor Digital Integrado<\/td>\n<td class=\"src__Text-sc-1m6tc2l-4 kBDbsy\">Sim<\/td>\n<\/tr>\n<tr class=\"src__View-sc-1m6tc2l-3 cblkwV\">\n<td class=\"src__Text-sc-1m6tc2l-4 kBDbsy\">Sleep Timer<\/td>\n<td class=\"src__Text-sc-1m6tc2l-4 kBDbsy\">Sim<\/td>\n<\/tr>\n<tr class=\"src__View-sc-1m6tc2l-3 cblkwV\">\n<td class=\"src__Text-sc-1m6tc2l-4 kBDbsy\">Closed Caption<\/td>\n<td class=\"src__Text-sc-1m6tc2l-4 kBDbsy\">Sim<\/td>\n<\/tr>\n<tr class=\"src__View-sc-1m6tc2l-3 cblkwV\">\n<td class=\"src__Text-sc-1m6tc2l-4 kBDbsy\">Principais Aplicativos<\/td>\n<td class=\"src__Text-sc-1m6tc2l-4 kBDbsy\">Netflix, Globo Play.<\/td>\n<\/tr>\n<tr class=\"src__View-sc-1m6tc2l-3 cblkwV\">\n<td class=\"src__Text-sc-1m6tc2l-4 kBDbsy\">Pot\u00eancia do \u00c1udio (RMS)<\/td>\n<td class=\"src__Text-sc-1m6tc2l-4 kBDbsy\">10Wrms x 2<\/td>\n<\/tr>\n<tr class=\"src__View-sc-1m6tc2l-3 cblkwV\">\n<td class=\"src__Text-sc-1m6tc2l-4 kBDbsy\">Wi-Fi<\/td>\n<td class=\"src__Text-sc-1m6tc2l-4 kBDbsy\">Wi-Fi integrado<\/td>\n<\/tr>\n<tr class=\"src__View-sc-1m6tc2l-3 cblkwV\">\n<td class=\"src__Text-sc-1m6tc2l-4 kBDbsy\">Cor<\/td>\n<td class=\"src__Text-sc-1m6tc2l-4 kBDbsy\">Preto<\/td>\n<\/tr>\n<tr class=\"src__View-sc-1m6tc2l-3 cblkwV\">\n<td class=\"src__Text-sc-1m6tc2l-4 kBDbsy\">Conte\u00fado da Embalagem<\/td>\n<td class=\"src__Text-sc-1m6tc2l-4 kBDbsy\">TV, controle remoto, Cabo de alimenta\u00e7\u00e3o AC, Manual de Instru\u00e7\u00f5es em Portugu\u00eas, Parafusos da base e Base.<\/td>\n<\/tr>\n<tr class=\"src__View-sc-1m6tc2l-3 cblkwV\">\n<td class=\"src__Text-sc-1m6tc2l-4 kBDbsy\">Garantia do Fornecedor<\/td>\n<td class=\"src__Text-sc-1m6tc2l-4 kBDbsy\">12 Meses<\/td>\n<\/tr>\n<tr class=\"src__View-sc-1m6tc2l-3 cblkwV\">\n<td class=\"src__Text-sc-1m6tc2l-4 kBDbsy\">Dimens\u00f5es do produto &#8211; cm (AxLxP)<\/td>\n<td class=\"src__Text-sc-1m6tc2l-4 kBDbsy\">42x72x88cm<\/td>\n<\/tr>\n<tr class=\"src__View-sc-1m6tc2l-3 cblkwV\">\n<td class=\"src__Text-sc-1m6tc2l-4 kBDbsy\">Peso liq. aproximado do produto (Kg)<\/td>\n<td class=\"src__Text-sc-1m6tc2l-4 kBDbsy\">3,62kg<\/td>\n<\/tr>\n<tr class=\"src__View-sc-1m6tc2l-3 cblkwV\">\n<td class=\"src__Text-sc-1m6tc2l-4 kBDbsy\">Refer\u00eancia do Modelo<\/td>\n<td class=\"src__Text-sc-1m6tc2l-4 kBDbsy\">099323084<\/td>\n<\/tr>\n<tr class=\"src__View-sc-1m6tc2l-3 cblkwV\">\n<td class=\"src__Text-sc-1m6tc2l-4 kBDbsy\">SAC<\/td>\n<td class=\"src__Text-sc-1m6tc2l-4 kBDbsy\">0800 645 8300<\/td>\n<\/tr>\n<tr class=\"src__View-sc-1m6tc2l-3 cblkwV\">\n<td class=\"src__Text-sc-1m6tc2l-4 kBDbsy\">PIP (Picture in Picture)<\/td>\n<td class=\"src__Text-sc-1m6tc2l-4 kBDbsy\">N\u00e3o<\/td>\n<\/tr>\n<tr class=\"src__View-sc-1m6tc2l-3 cblkwV\">\n<td class=\"src__Text-sc-1m6tc2l-4 kBDbsy\">Timer On\/Off<\/td>\n<td class=\"src__Text-sc-1m6tc2l-4 kBDbsy\">Sim<\/td>\n<\/tr>\n<\/tbody>\n<\/table>\n<\/div>\n<div class=\"report-link__ReportUI-sc-2jruhk-0 IlwqL\"><\/div>\n<\/div>\n","protected":false},"excerpt":{"rendered":"<p class=\"product-description__Description-sc-ytj6zc-1 ecJlZp\">A Smart TV Philco 32\u201d PTV32G70SBL LED faz parte da Nova Gera\u00e7\u00e3o de TVs Philco. Ela \u00e9 mais r\u00e1pida e oferece mais conectividade e interatividade. Com processador Quad Core, oferece maior velocidade para conte\u00fado dos aplicativos e per&#8230;<\/p>\n","protected":false},"featured_media":3261,"comment_status":"open","ping_status":"closed","template":"","meta":[],"product_brand":[],"product_cat":[605,22,610,50],"product_tag":[],"class_list":{"0":"post-3260","1":"product","2":"type-product","3":"status-publish","4":"has-post-thumbnail","6":"product_cat-lojas","7":"product_cat-eletronicos-audio-e-video","8":"product_cat-shoptime","9":"product_cat-tvs","11":"first","12":"instock","13":"shipping-taxable","14":"product-type-external"},"_links":{"self":[{"href":"https:\/\/barzo.com.br\/shop\/wp-json\/wp\/v2\/product\/3260","targetHints":{"allow":["GET"]}}],"collection":[{"href":"https:\/\/barzo.com.br\/shop\/wp-json\/wp\/v2\/product"}],"about":[{"href":"https:\/\/barzo.com.br\/shop\/wp-json\/wp\/v2\/types\/product"}],"replies":[{"embeddable":true,"href":"https:\/\/barzo.com.br\/shop\/wp-json\/wp\/v2\/comments?post=3260"}],"wp:featuredmedia":[{"embeddable":true,"href":"https:\/\/barzo.com.br\/shop\/wp-json\/wp\/v2\/media\/3261"}],"wp:attachment":[{"href":"https:\/\/barzo.com.br\/shop\/wp-json\/wp\/v2\/media?parent=3260"}],"wp:term":[{"taxonomy":"product_brand","embeddable":true,"href":"https:\/\/barzo.com.br\/shop\/wp-json\/wp\/v2\/product_brand?post=3260"},{"taxonomy":"product_cat","embeddable":true,"href":"https:\/\/barzo.com.br\/shop\/wp-json\/wp\/v2\/product_cat?post=3260"},{"taxonomy":"product_tag","embeddable":true,"href":"https:\/\/barzo.com.br\/shop\/wp-json\/wp\/v2\/product_tag?post=3260"}],"curies":[{"name":"wp","href":"https:\/\/api.w.org\/{rel}","templated":true}]}}