{"id":3258,"date":"2022-11-30T19:01:45","date_gmt":"2022-11-30T22:01:45","guid":{"rendered":"https:\/\/barzo.com.br\/shop\/?post_type=product&#038;p=3258"},"modified":"2022-11-30T19:01:45","modified_gmt":"2022-11-30T22:01:45","slug":"super-cashback-ame-no-shoptime-corre-smart-tv-led-32-philco-ptv32g52s-hd-e-audio-dolby-conversor-digital-integrado-2-hdmi-1-usb-wi-fi-com-netflix","status":"publish","type":"product","link":"https:\/\/barzo.com.br\/shop\/produto\/super-cashback-ame-no-shoptime-corre-smart-tv-led-32-philco-ptv32g52s-hd-e-audio-dolby-conversor-digital-integrado-2-hdmi-1-usb-wi-fi-com-netflix\/","title":{"rendered":"[SUPER CASHBACK AME no SHOPTIME, corre!!!] Smart Tv Led 32&#8221; Philco Ptv32G52S Hd E Audio Dolby Conversor Digital Integrado 2 Hdmi 1 Usb Wi-Fi Com Netflix"},"content":{"rendered":"<h2 class=\"title__Title-sc-qx50lt-0 hPvSnE\">Informa\u00e7\u00f5es do produto<\/h2>\n<div class=\"src__Container-sc-1c7a3hi-3 kdfdUW\">\n<div class=\"src__Description-sc-1c7a3hi-2 dChPoq\">Assista sua s\u00e9rie, filmes e programas favoritos com a Smart TV LED 32&#8243; Philco PTV32G52S HD e \u00c1udio Dolby Conversor Digital Integrado 2 HDMI 1 USB Wi-Fi com Netflix. Com resolu\u00e7\u00e3o HD voc\u00ea se sentir\u00e1 em um cinema, o aparelho possui entradas HDMI e USB para voc\u00ea conectar outros aparelhos caso queira.<\/p>\n<p>Com a Tela de 32 polegadas voc\u00ea n\u00e3o perde nenhum detalhe das cenas. Al\u00e9m disso a Smart TV possui um design arrojado que deixar\u00e1 sua sala ainda mais moderna.<\/p>\n<p><b>Imagens meramente ilustrativas.<\/b><br \/>\n<b>Todas as informa\u00e7\u00f5es divulgadas s\u00e3o de responsabilidade do Fabricante\/Fornecedor.<\/b><br \/>\n<b>Verifique com os fabricantes do produto e de seus componentes eventuais limita\u00e7\u00f5es \u00e0 utiliza\u00e7\u00e3o de todos os recursos e funcionalidades.<\/b><br \/>\n<b>Certas fun\u00e7\u00f5es necessitam de conex\u00e3o com a internet. Alguns aplicativos podem requerer uma assinatura para acesso, sujeito a cobran\u00e7a.<\/b><\/div>\n<\/div>\n<div><\/div>\n<div>\n<h2 class=\"src__Title-sc-1m6tc2l-1 cuRtbe\">Ficha t\u00e9cnica<\/h2>\n<table class=\"src__SpecsCell-sc-1m6tc2l-2 byvoul\">\n<tbody>\n<tr class=\"src__View-sc-1m6tc2l-3 cblkwV\">\n<td class=\"src__Text-sc-1m6tc2l-4 kBDbsy\">Fabricante<\/td>\n<td class=\"src__Text-sc-1m6tc2l-4 kBDbsy\">Philco<\/td>\n<\/tr>\n<tr class=\"src__View-sc-1m6tc2l-3 cblkwV\">\n<td class=\"src__Text-sc-1m6tc2l-4 kBDbsy\">Recursos de V\u00eddeos<\/td>\n<td class=\"src__Text-sc-1m6tc2l-4 kBDbsy\">DNR, Receptor DTV, CC, Info, Guide, Sleep, Midiacast.<\/td>\n<\/tr>\n<tr class=\"src__View-sc-1m6tc2l-3 cblkwV\">\n<td class=\"src__Text-sc-1m6tc2l-4 kBDbsy\">Recursos\/Funcionalidades<\/td>\n<td class=\"src__Text-sc-1m6tc2l-4 kBDbsy\">Resolu\u00e7\u00e3o HD ( 1366 x 768 pixels) Equalizadores de som e imagem predefinidos MUTE | MTS\u00b2 | SLEEP | CLOSED CAPTION | DNR | GUIDE\u00b2 | INFO\u00b2 | BLOQUEIO DE CANAL | REL\u00d3GIO | ZOOM | PVR\u00b2 | HDMI ARC | T-LINK (HDMI-CEC).<\/td>\n<\/tr>\n<tr class=\"src__View-sc-1m6tc2l-3 cblkwV\">\n<td class=\"src__Text-sc-1m6tc2l-4 kBDbsy\">Processador<\/td>\n<td class=\"src__Text-sc-1m6tc2l-4 kBDbsy\">Quad Core<\/td>\n<\/tr>\n<tr class=\"src__View-sc-1m6tc2l-3 cblkwV\">\n<td class=\"src__Text-sc-1m6tc2l-4 kBDbsy\">Consumo (KW\/h)<\/td>\n<td class=\"src__Text-sc-1m6tc2l-4 kBDbsy\">&lt; 1kWh<\/td>\n<\/tr>\n<tr class=\"src__View-sc-1m6tc2l-3 cblkwV\">\n<td class=\"src__Text-sc-1m6tc2l-4 kBDbsy\">Recursos de \u00c1udio<\/td>\n<td class=\"src__Text-sc-1m6tc2l-4 kBDbsy\">Dolby Audio, SAP\/MTS, Som Surround, Equalizadores de som predefinidos.<\/td>\n<\/tr>\n<tr class=\"src__View-sc-1m6tc2l-3 cblkwV\">\n<td class=\"src__Text-sc-1m6tc2l-4 kBDbsy\">Tipo de TV<\/td>\n<td class=\"src__Text-sc-1m6tc2l-4 kBDbsy\">Smart TV<\/td>\n<\/tr>\n<tr class=\"src__View-sc-1m6tc2l-3 cblkwV\">\n<td class=\"src__Text-sc-1m6tc2l-4 kBDbsy\">Tecnologia da Tela<\/td>\n<td class=\"src__Text-sc-1m6tc2l-4 kBDbsy\">LED<\/td>\n<\/tr>\n<tr class=\"src__View-sc-1m6tc2l-3 cblkwV\">\n<td class=\"src__Text-sc-1m6tc2l-4 kBDbsy\">Polegadas<\/td>\n<td class=\"src__Text-sc-1m6tc2l-4 kBDbsy\">32&#8243;<\/td>\n<\/tr>\n<tr class=\"src__View-sc-1m6tc2l-3 cblkwV\">\n<td class=\"src__Text-sc-1m6tc2l-4 kBDbsy\">Monitor<\/td>\n<td class=\"src__Text-sc-1m6tc2l-4 kBDbsy\">HD<\/td>\n<\/tr>\n<tr class=\"src__View-sc-1m6tc2l-3 cblkwV\">\n<td class=\"src__Text-sc-1m6tc2l-4 kBDbsy\">Taxa de Atualiza\u00e7\u00e3o<\/td>\n<td class=\"src__Text-sc-1m6tc2l-4 kBDbsy\">60Hz<\/td>\n<\/tr>\n<tr class=\"src__View-sc-1m6tc2l-3 cblkwV\">\n<td class=\"src__Text-sc-1m6tc2l-4 kBDbsy\">Taxa de Atualiza\u00e7\u00e3o com Tecnologia<\/td>\n<td class=\"src__Text-sc-1m6tc2l-4 kBDbsy\">60Hz<\/td>\n<\/tr>\n<tr class=\"src__View-sc-1m6tc2l-3 cblkwV\">\n<td class=\"src__Text-sc-1m6tc2l-4 kBDbsy\">Quantidade de entradas USB<\/td>\n<td class=\"src__Text-sc-1m6tc2l-4 kBDbsy\">1<\/td>\n<\/tr>\n<tr class=\"src__View-sc-1m6tc2l-3 cblkwV\">\n<td class=\"src__Text-sc-1m6tc2l-4 kBDbsy\">Local das entradas USB<\/td>\n<td class=\"src__Text-sc-1m6tc2l-4 kBDbsy\">1 entrada traseira<\/td>\n<\/tr>\n<tr class=\"src__View-sc-1m6tc2l-3 cblkwV\">\n<td class=\"src__Text-sc-1m6tc2l-4 kBDbsy\">HDMI<\/td>\n<td class=\"src__Text-sc-1m6tc2l-4 kBDbsy\">2<\/td>\n<\/tr>\n<tr class=\"src__View-sc-1m6tc2l-3 cblkwV\">\n<td class=\"src__Text-sc-1m6tc2l-4 kBDbsy\">Local das entradas HDMI<\/td>\n<td class=\"src__Text-sc-1m6tc2l-4 kBDbsy\">2 entradas traseiras<\/td>\n<\/tr>\n<tr class=\"src__View-sc-1m6tc2l-3 cblkwV\">\n<td class=\"src__Text-sc-1m6tc2l-4 kBDbsy\">Outras Conex\u00f5es<\/td>\n<td class=\"src__Text-sc-1m6tc2l-4 kBDbsy\">Entrada de v\u00eddeo e \u00e1udio est\u00e9reo (RCA) 1 entradas HDMI e 1 entrada HDMI (ARC)\u00b2 Entrada RF para TV aberta (Digital e Anal\u00f3gica) e TV \u00e0 cabo 1 entrada USB: reproduz filmes, m\u00fasicas e fotos 1 entrada S\/PDIF out Optical 1 entrada Ethernet 1 entrada de \u00e1udio anal\u00f3gica<\/td>\n<\/tr>\n<tr class=\"src__View-sc-1m6tc2l-3 cblkwV\">\n<td class=\"src__Text-sc-1m6tc2l-4 kBDbsy\">Conversor Digital Integrado<\/td>\n<td class=\"src__Text-sc-1m6tc2l-4 kBDbsy\">Sim<\/td>\n<\/tr>\n<tr class=\"src__View-sc-1m6tc2l-3 cblkwV\">\n<td class=\"src__Text-sc-1m6tc2l-4 kBDbsy\">PIP (Picture in Picture)<\/td>\n<td class=\"src__Text-sc-1m6tc2l-4 kBDbsy\">N\u00e3o<\/td>\n<\/tr>\n<tr class=\"src__View-sc-1m6tc2l-3 cblkwV\">\n<td class=\"src__Text-sc-1m6tc2l-4 kBDbsy\">Timer On\/Off<\/td>\n<td class=\"src__Text-sc-1m6tc2l-4 kBDbsy\">Sim<\/td>\n<\/tr>\n<tr class=\"src__View-sc-1m6tc2l-3 cblkwV\">\n<td class=\"src__Text-sc-1m6tc2l-4 kBDbsy\">Sleep Timer<\/td>\n<td class=\"src__Text-sc-1m6tc2l-4 kBDbsy\">Sim<\/td>\n<\/tr>\n<tr class=\"src__View-sc-1m6tc2l-3 cblkwV\">\n<td class=\"src__Text-sc-1m6tc2l-4 kBDbsy\">Closed Caption<\/td>\n<td class=\"src__Text-sc-1m6tc2l-4 kBDbsy\">Sim<\/td>\n<\/tr>\n<tr class=\"src__View-sc-1m6tc2l-3 cblkwV\">\n<td class=\"src__Text-sc-1m6tc2l-4 kBDbsy\">Principais Aplicativos<\/td>\n<td class=\"src__Text-sc-1m6tc2l-4 kBDbsy\">Netflix, Globo Play, YouTube, Accuweather, Facebook e Twitter<\/td>\n<\/tr>\n<tr class=\"src__View-sc-1m6tc2l-3 cblkwV\">\n<td class=\"src__Text-sc-1m6tc2l-4 kBDbsy\">Pot\u00eancia do \u00c1udio (RMS)<\/td>\n<td class=\"src__Text-sc-1m6tc2l-4 kBDbsy\">20 Wrms<\/td>\n<\/tr>\n<tr class=\"src__View-sc-1m6tc2l-3 cblkwV\">\n<td class=\"src__Text-sc-1m6tc2l-4 kBDbsy\">Wi-Fi<\/td>\n<td class=\"src__Text-sc-1m6tc2l-4 kBDbsy\">Wi-Fi integrado<\/td>\n<\/tr>\n<tr class=\"src__View-sc-1m6tc2l-3 cblkwV\">\n<td class=\"src__Text-sc-1m6tc2l-4 kBDbsy\">Cor<\/td>\n<td class=\"src__Text-sc-1m6tc2l-4 kBDbsy\">Preto<\/td>\n<\/tr>\n<tr class=\"src__View-sc-1m6tc2l-3 cblkwV\">\n<td class=\"src__Text-sc-1m6tc2l-4 kBDbsy\">Conte\u00fado da Embalagem<\/td>\n<td class=\"src__Text-sc-1m6tc2l-4 kBDbsy\">TV, Controle remoto, Cabo de alimenta\u00e7\u00e3o AC, Manual de Instru\u00e7\u00f5es em Portugu\u00eas, Parafusos da base e Base.<\/td>\n<\/tr>\n<tr class=\"src__View-sc-1m6tc2l-3 cblkwV\">\n<td class=\"src__Text-sc-1m6tc2l-4 kBDbsy\">Garantia do Fornecedor<\/td>\n<td class=\"src__Text-sc-1m6tc2l-4 kBDbsy\">12 Meses<\/td>\n<\/tr>\n<tr class=\"src__View-sc-1m6tc2l-3 cblkwV\">\n<td class=\"src__Text-sc-1m6tc2l-4 kBDbsy\">Dimens\u00f5es do produto &#8211; cm (AxLxP)<\/td>\n<td class=\"src__Text-sc-1m6tc2l-4 kBDbsy\">48x73x78cm<\/td>\n<\/tr>\n<tr class=\"src__View-sc-1m6tc2l-3 cblkwV\">\n<td class=\"src__Text-sc-1m6tc2l-4 kBDbsy\">Peso liq. aproximado do produto (Kg)<\/td>\n<td class=\"src__Text-sc-1m6tc2l-4 kBDbsy\">3,6kg<\/td>\n<\/tr>\n<tr class=\"src__View-sc-1m6tc2l-3 cblkwV\">\n<td class=\"src__Text-sc-1m6tc2l-4 kBDbsy\">Refer\u00eancia do Modelo<\/td>\n<td class=\"src__Text-sc-1m6tc2l-4 kBDbsy\">99323076<\/td>\n<\/tr>\n<tr class=\"src__View-sc-1m6tc2l-3 cblkwV\">\n<td class=\"src__Text-sc-1m6tc2l-4 kBDbsy\">SAC<\/td>\n<td class=\"src__Text-sc-1m6tc2l-4 kBDbsy\">0800 645 8300<\/td>\n<\/tr>\n<\/tbody>\n<\/table>\n<\/div>\n","protected":false},"excerpt":{"rendered":"<p>Assista sua s\u00e9rie, filmes e programas favoritos com a Smart TV LED 32&#8243; Philco PTV32G52S HD e \u00c1udio Dolby Conversor Digital Integrado 2 HDMI 1 USB Wi-Fi com Netflix. Com resolu\u00e7\u00e3o HD voc\u00ea se sentir\u00e1 em um cinema, o aparelho possui en&#8230;<\/p>\n","protected":false},"featured_media":3259,"comment_status":"open","ping_status":"closed","template":"","meta":[],"product_brand":[],"product_cat":[605,22,610,50],"product_tag":[],"class_list":{"0":"post-3258","1":"product","2":"type-product","3":"status-publish","4":"has-post-thumbnail","6":"product_cat-lojas","7":"product_cat-eletronicos-audio-e-video","8":"product_cat-shoptime","9":"product_cat-tvs","11":"first","12":"instock","13":"shipping-taxable","14":"product-type-external"},"_links":{"self":[{"href":"https:\/\/barzo.com.br\/shop\/wp-json\/wp\/v2\/product\/3258","targetHints":{"allow":["GET"]}}],"collection":[{"href":"https:\/\/barzo.com.br\/shop\/wp-json\/wp\/v2\/product"}],"about":[{"href":"https:\/\/barzo.com.br\/shop\/wp-json\/wp\/v2\/types\/product"}],"replies":[{"embeddable":true,"href":"https:\/\/barzo.com.br\/shop\/wp-json\/wp\/v2\/comments?post=3258"}],"wp:featuredmedia":[{"embeddable":true,"href":"https:\/\/barzo.com.br\/shop\/wp-json\/wp\/v2\/media\/3259"}],"wp:attachment":[{"href":"https:\/\/barzo.com.br\/shop\/wp-json\/wp\/v2\/media?parent=3258"}],"wp:term":[{"taxonomy":"product_brand","embeddable":true,"href":"https:\/\/barzo.com.br\/shop\/wp-json\/wp\/v2\/product_brand?post=3258"},{"taxonomy":"product_cat","embeddable":true,"href":"https:\/\/barzo.com.br\/shop\/wp-json\/wp\/v2\/product_cat?post=3258"},{"taxonomy":"product_tag","embeddable":true,"href":"https:\/\/barzo.com.br\/shop\/wp-json\/wp\/v2\/product_tag?post=3258"}],"curies":[{"name":"wp","href":"https:\/\/api.w.org\/{rel}","templated":true}]}}