{"id":3205,"date":"2022-11-29T22:27:56","date_gmt":"2022-11-30T01:27:56","guid":{"rendered":"https:\/\/barzo.com.br\/shop\/?post_type=product&#038;p=3205"},"modified":"2022-11-30T18:47:50","modified_gmt":"2022-11-30T21:47:50","slug":"aparador-e-cortador-de-pelos-multigroom-7-em-1-philco","status":"publish","type":"product","link":"https:\/\/barzo.com.br\/shop\/produto\/aparador-e-cortador-de-pelos-multigroom-7-em-1-philco\/","title":{"rendered":"Aparador E Cortador De Pelos Multigroom 7 Em 1 &#8211; Philco"},"content":{"rendered":"<div class=\"row justify-content-center align-items-center header p-md-5 p-4\">\n<div class=\"col-md-4\">\n<p><img decoding=\"async\" class=\"img-fluid mx-auto mx-md-0 d-block pb-4\" src=\"https:\/\/statics-shoptime.b2w.io\/special\/products\/113027331\/img\/britania-logo.png\" \/><\/p>\n<h1 class=\"text-center text-md-left\">Aparador e Cortador de Pelos<\/h1>\n<h2 class=\"text-center text-md-left\">Multigroom 7 Em 1<\/h2>\n<p class=\"pt-4\">Tenha sempre em m\u00e3os os acess\u00f3rios necess\u00e1rios para manter o visual em dia: conhe\u00e7a o Aparador e Cortador de Pelos Multigroom 7 em 1 da Philco! Ele \u00e9 o modelo mais vendido da categoria (Fonte: GFK, 2019) e vem com diversos acess\u00f3rios para que voc\u00ea possa aparar at\u00e9 os pelos mais dif\u00edceis da face, agora, de forma simples e pr\u00e1tica, evitando irrita\u00e7\u00f5es na pele.<\/p>\n<\/div>\n<div class=\"col-md-6\"><img decoding=\"async\" class=\"img-fluid mx-auto d-md-block d-none\" src=\"https:\/\/statics-shoptime.b2w.io\/special\/products\/113027331\/img\/header-produto.png\" \/><\/div>\n<\/div>\n<div class=\"row justify-content-center align-items-center p-md-5 px-4\">\n<div class=\"col-md-10\">\n<div class=\"row justify-content-center\">\n<div class=\"col-md-4\">\n<h3 class=\"feature py-md-2 py-0 text-center px-md-3 px-2\">7 acess\u00f3rios para apara<\/h3>\n<\/div>\n<div class=\"col-md-4\">\n<h3 class=\"feature py-md-2 py-0 text-center px-md-3 px-2\">L\u00e2minas de a\u00e7o inoxid\u00e1vel lav\u00e1veis<\/h3>\n<\/div>\n<div class=\"col-md-4\">\n<h3 class=\"feature py-md-2 py-0 text-center px-md-3 px-2\">Design Ergon\u00f4mico<\/h3>\n<\/div>\n<\/div>\n<\/div>\n<\/div>\n<div class=\"row justify-content-center align-items-center p-md-4 px-4 bg-1 pt-5\">\n<div class=\"col-md-5 pb-5\"><img decoding=\"async\" class=\"img-fluid mx-auto d-block pr-md-5\" src=\"https:\/\/statics-shoptime.b2w.io\/special\/products\/113027331\/img\/box-1.png\" \/><\/div>\n<div class=\"col-md-5\">\n<h2>Um aparador para cada necessidade<\/h2>\n<p class=\"pt-3\">Por possuir sete possibilidades em um \u00fanico aparelho, o Multigroom \u00e9 perfeito para aquelas manuten\u00e7\u00f5es peri\u00f3dicas como acabamentos, detalhes, contornos e pequenos ajustes. Com ele, voc\u00ea conta com Aparador de Barba, Bigode e Costeletas, Acess\u00f3rios para Corte de Pesinhos, Corte de Precis\u00e3o, Costeletas, Corte Rente a Pele, faz o Aparo das Sobrancelhas e ainda disp\u00f5e de um Aparador de Pelos para Nariz e Ouvido.<\/p>\n<\/div>\n<\/div>\n<div class=\"row justify-content-center align-items-center p-md-4 px-4 bg-2 pt-4 pb-3\">\n<div class=\"col-md-5 order-md-first order-last\">\n<h2>Liberdade no manuseio<\/h2>\n<p class=\"pt-3\">Al\u00e9m de vers\u00e1til, o Aparador e Cortador de Pelos Multigroom 7 em 1 possui um design extremamente confort\u00e1vel de manusear. Ele n\u00e3o possui fio acoplado na m\u00e1quina e seu carregamento \u00e9 por meio do encaixe no suporte que o acompanha, permitindo fazer a barba e aparar os pelos com toda a liberdade, sem ter que depender de uma tomada por perto.<\/p>\n<\/div>\n<div class=\"col-md-5 order-md-last order-first\"><img decoding=\"async\" class=\"img-fluid mx-auto d-block pl-md-5\" src=\"https:\/\/statics-shoptime.b2w.io\/special\/products\/113027331\/img\/box-2.png\" \/><\/div>\n<\/div>\n<div class=\"row justify-content-center align-items-center p-md-5 p-4 bg-1 pb-0\">\n<div class=\"col-md-10 text-md-center text-left order-md-first order-last\">\n<h2>O kit completo para o cuidado pessoal<\/h2>\n<p class=\"pt-3\">O Multigroom 7 em 1 vem com suporte com chave Liga\/Desliga e adaptador AC\/DC (bivolt) que, al\u00e9m de ter a fun\u00e7\u00e3o de recarregar o aparador, \u00e9 projetado tamb\u00e9m para armazenar todos os acess\u00f3rios que o acompanha, deixando tudo ao seu alcance de forma pr\u00e1tica e organizada.<\/p>\n<\/div>\n<div class=\"col-md-10 pb-3 order-first order-md-first\">\n<div class=\"row justify-content-center align-items-start text-center pt-3 pb-5\">\n<div class=\"col-md-3 px-5 px-md-3 pt-3\">\n<p><img decoding=\"async\" class=\"img-fluid mx-auto d-block\" src=\"https:\/\/statics-shoptime.b2w.io\/special\/products\/113027331\/img\/seguranca.png\" \/><\/p>\n<p class=\"pt-4\">Suporte<\/p>\n<\/div>\n<div class=\"col-md-3 px-5 px-md-3 pt-3\">\n<p><img decoding=\"async\" class=\"img-fluid mx-auto d-block\" src=\"https:\/\/statics-shoptime.b2w.io\/special\/products\/113027331\/img\/pincel.png\" \/><\/p>\n<p class=\"pt-4\">Pincel para limpeza<\/p>\n<\/div>\n<div class=\"col-md-3 px-5 px-md-3 pt-3\">\n<p><img decoding=\"async\" class=\"img-fluid mx-auto d-block\" src=\"https:\/\/statics-shoptime.b2w.io\/special\/products\/113027331\/img\/pente.png\" \/><\/p>\n<p class=\"pt-4\">Pente<\/p>\n<\/div>\n<\/div>\n<\/div>\n<\/div>\n<div class=\"row justify-content-center align-items-center p-md-4 p-4 bg-2\">\n<div class=\"col-md-5 pb-3 order-md-first order-first\"><img decoding=\"async\" class=\"img-fluid mx-auto d-block pr-md-5\" src=\"https:\/\/statics-shoptime.b2w.io\/special\/products\/113027331\/img\/box-3.png\" \/><\/div>\n<div class=\"col-md-5 order-md-last order-first\">\n<h2 class=\"pt-4 pt-md-0\">F\u00e1cil de usar<\/h2>\n<p class=\"pt-3\">Para usar o Aparador e Cortador Multigroom 7 em 1, basta escolher o acess\u00f3rio a ser utilizado e, ap\u00f3s encaix\u00e1-lo, gir\u00e1-lo no sentido hor\u00e1rio at\u00e9 estar firme e, pronto! Para retirar a pe\u00e7a, \u00e9 s\u00f3 fazer o movimento inverso. Ap\u00f3s o uso, utilize o pincel de limpeza para retirar o excesso de pelos e, caso necess\u00e1rio, os aparadores e pentes do aparelho podem ser lavados em \u00e1gua corrente, mas garanta a secagem total deles antes de guard\u00e1-los.<\/p>\n<\/div>\n<\/div>\n<div class=\"row justify-content-center align-items-center p-md-5 p-4 bg-3 pt-0 pb-0\">\n<div class=\"col-md-10 bg-footer p-md-5 p-4\">\n<h2 class=\"pt-md-0 pb-2 text-center\">Aten\u00e7\u00e3o<\/h2>\n<p class=\"m-md-0 text-center\">Nunca molhar o aparelho e o adaptador sob o risco de choque el\u00e9trico. Utilize um pano umedecido com \u00e1gua para limp\u00e1-los. Nunca submergir o corpo do aparelho e nem a base em \u00e1gua.<\/p>\n<\/div>\n<\/div>\n<div class=\"row justify-content-center align-items-center frase-obrigatoria p-3\">\n<div class=\"col-md-10\">\n<p class=\"m-0\">Todas as informa\u00e7\u00f5es divulgadas s\u00e3o de responsabilidade do fabricante\/fornecedor.<\/p>\n<p class=\"m-0\">Verifique com os fabricantes do produto e de seus componentes eventuais limita\u00e7\u00f5es \u00e0 utiliza\u00e7\u00e3o de todos os recursos e funcionalidades.<\/p>\n<\/div>\n<div class=\"src__DeskWrapper-sc-1m6tc2l-0 iqTsol\">\n<table class=\"src__SpecsCell-sc-1m6tc2l-2 byvoul\">\n<tbody>\n<tr class=\"src__View-sc-1m6tc2l-3 cblkwV\">\n<td class=\"src__Text-sc-1m6tc2l-4 kBDbsy\">Marca<\/td>\n<td class=\"src__Text-sc-1m6tc2l-4 kBDbsy\">Philco<\/td>\n<\/tr>\n<tr class=\"src__View-sc-1m6tc2l-3 cblkwV\">\n<td class=\"src__Text-sc-1m6tc2l-4 kBDbsy\">Fun\u00e7\u00f5es<\/td>\n<td class=\"src__Text-sc-1m6tc2l-4 kBDbsy\">Aparador de pesinhos e costeletas; Adaptador AC-DC; Funcionamento somente sem fio; Base para recarga; Bivolt autom\u00e1tico; Indicador de carregamento de bateria; Porta Acess\u00f3rios; Acompanha Acess\u00f3rio para Corte de Precis\u00e3o; Ajuste da Cabe\u00e7a de Corte de Precis\u00e3o; Acompanha Acess\u00f3rio para Sobrancelhas; Acompanha Acess\u00f3rio para Costeletas; Acompanha Acess\u00f3rio para Pelos do Nariz e Ouvido; Acompanha Acess\u00f3rio para Corte rente a Pele; Pincel para limpeza; Corpo emborrachado<\/td>\n<\/tr>\n<tr class=\"src__View-sc-1m6tc2l-3 cblkwV\">\n<td class=\"src__Text-sc-1m6tc2l-4 kBDbsy\">Alimenta\u00e7\u00e3o<\/td>\n<td class=\"src__Text-sc-1m6tc2l-4 kBDbsy\">Energia El\u00e9trica<\/td>\n<\/tr>\n<tr class=\"src__View-sc-1m6tc2l-3 cblkwV\">\n<td class=\"src__Text-sc-1m6tc2l-4 kBDbsy\">Cor<\/td>\n<td class=\"src__Text-sc-1m6tc2l-4 kBDbsy\">Preto com detalhes prata<\/td>\n<\/tr>\n<tr class=\"src__View-sc-1m6tc2l-3 cblkwV\">\n<td class=\"src__Text-sc-1m6tc2l-4 kBDbsy\">Dimens\u00f5es do Produto (AxLxP)<\/td>\n<td class=\"src__Text-sc-1m6tc2l-4 kBDbsy\">17,2x15x10,4cm<\/td>\n<\/tr>\n<tr class=\"src__View-sc-1m6tc2l-3 cblkwV\">\n<td class=\"src__Text-sc-1m6tc2l-4 kBDbsy\">Peso l\u00edq. aproximado do produto (ml ou kg)<\/td>\n<td class=\"src__Text-sc-1m6tc2l-4 kBDbsy\">353g<\/td>\n<\/tr>\n<tr class=\"src__View-sc-1m6tc2l-3 cblkwV\">\n<td class=\"src__Text-sc-1m6tc2l-4 kBDbsy\">Conte\u00fado da Embalagem<\/td>\n<td class=\"src__Text-sc-1m6tc2l-4 kBDbsy\">Aparador e Cortador de Pelos, Acess\u00f3rio para regulagem de altura para aparador de costeletas, corte de precis\u00e3o, corte rente a pele, Acess\u00f3rio para corte rente a pele, Aparador de pelos do nariz e orelha, costeletas e de precis\u00e3o, escova para limpeza<\/td>\n<\/tr>\n<tr class=\"src__View-sc-1m6tc2l-3 cblkwV\">\n<td class=\"src__Text-sc-1m6tc2l-4 kBDbsy\">Refer\u00eancia do Produto<\/td>\n<td class=\"src__Text-sc-1m6tc2l-4 kBDbsy\">55305002<\/td>\n<\/tr>\n<tr class=\"src__View-sc-1m6tc2l-3 cblkwV\">\n<td class=\"src__Text-sc-1m6tc2l-4 kBDbsy\">Fornecedor<\/td>\n<td class=\"src__Text-sc-1m6tc2l-4 kBDbsy\">55305002<\/td>\n<\/tr>\n<tr class=\"src__View-sc-1m6tc2l-3 cblkwV\">\n<td class=\"src__Text-sc-1m6tc2l-4 kBDbsy\">SAC<\/td>\n<td class=\"src__Text-sc-1m6tc2l-4 kBDbsy\">0800 4176 44<\/td>\n<\/tr>\n<tr class=\"src__View-sc-1m6tc2l-3 cblkwV\">\n<td class=\"src__Text-sc-1m6tc2l-4 kBDbsy\">Voltagem<\/td>\n<td class=\"src__Text-sc-1m6tc2l-4 kBDbsy\">BIVOLT<\/td>\n<\/tr>\n<\/tbody>\n<\/table>\n<\/div>\n<div class=\"report-link__ReportUI-sc-2jruhk-0 IlwqL\"><\/div>\n<\/div>\n","protected":false},"excerpt":{"rendered":"<p>Tenha sempre em m\u00e3os os acess\u00f3rios necess\u00e1rios para manter o visual em dia: conhe\u00e7a o Aparador e Cortador de Pelos Multigroom 7 em 1 da Philco! Ele \u00e9 o modelo mais&#8230;<\/p>\n","protected":false},"featured_media":3206,"comment_status":"open","ping_status":"closed","template":"","meta":[],"product_brand":[],"product_cat":[605,444,419,16,610],"product_tag":[],"class_list":{"0":"post-3205","1":"product","2":"type-product","3":"status-publish","4":"has-post-thumbnail","6":"product_cat-lojas","7":"product_cat-barbeador-aparador-de-pelos","8":"product_cat-barbearia","9":"product_cat-beleza-bem-estar-e-saude","10":"product_cat-shoptime","12":"first","13":"instock","14":"shipping-taxable","15":"product-type-external"},"_links":{"self":[{"href":"https:\/\/barzo.com.br\/shop\/wp-json\/wp\/v2\/product\/3205","targetHints":{"allow":["GET"]}}],"collection":[{"href":"https:\/\/barzo.com.br\/shop\/wp-json\/wp\/v2\/product"}],"about":[{"href":"https:\/\/barzo.com.br\/shop\/wp-json\/wp\/v2\/types\/product"}],"replies":[{"embeddable":true,"href":"https:\/\/barzo.com.br\/shop\/wp-json\/wp\/v2\/comments?post=3205"}],"wp:featuredmedia":[{"embeddable":true,"href":"https:\/\/barzo.com.br\/shop\/wp-json\/wp\/v2\/media\/3206"}],"wp:attachment":[{"href":"https:\/\/barzo.com.br\/shop\/wp-json\/wp\/v2\/media?parent=3205"}],"wp:term":[{"taxonomy":"product_brand","embeddable":true,"href":"https:\/\/barzo.com.br\/shop\/wp-json\/wp\/v2\/product_brand?post=3205"},{"taxonomy":"product_cat","embeddable":true,"href":"https:\/\/barzo.com.br\/shop\/wp-json\/wp\/v2\/product_cat?post=3205"},{"taxonomy":"product_tag","embeddable":true,"href":"https:\/\/barzo.com.br\/shop\/wp-json\/wp\/v2\/product_tag?post=3205"}],"curies":[{"name":"wp","href":"https:\/\/api.w.org\/{rel}","templated":true}]}}