{"id":3202,"date":"2022-11-29T22:20:40","date_gmt":"2022-11-30T01:20:40","guid":{"rendered":"https:\/\/barzo.com.br\/shop\/?post_type=product&#038;p=3202"},"modified":"2022-11-29T22:20:40","modified_gmt":"2022-11-30T01:20:40","slug":"secador-taiff-fox-3-kompress-blue-2200w-110v","status":"publish","type":"product","link":"https:\/\/barzo.com.br\/shop\/produto\/secador-taiff-fox-3-kompress-blue-2200w-110v\/","title":{"rendered":"Secador Taiff Fox 3 Kompress Blue 2200W &#8211; 110v"},"content":{"rendered":"<div class=\"src__Description-sc-5k3cc6-0 bIeDMn\">\n<div class=\"src__ViewUI-sc-1anmcky-0 cEvkKn\">\n<h3><strong>Secador Taiff Fox 3 Kompress: potente, leve, compacto e lindo<\/strong><\/h3>\n<\/div>\n<div class=\"src__ViewUI-sc-1anmcky-0 cEvkKn\">\n<div class=\"src__ViewUI-sc-1anmcky-0 cEvkKn\">\n<p>A Taiff apresenta o secador Fox 3 Kompress. Ele promove muito mais conforto durante o uso, com a mesma pot\u00eancia de 2200W e a cor Soft Blue, que confere a ele um estilo pr\u00f3prio e muita sofistica\u00e7\u00e3o.<\/p>\n<\/div>\n<div class=\"src__ViewUI-sc-1anmcky-0 cEvkKn\">\n<p>A tecnologia que gera \u00edons negativos ajuda a selar as cut\u00edculas dos fios, deixando os cabelos macios e com um brilho incr\u00edvel. E o bot\u00e3o para jato de ar frio fixa a modelagem e diminui o frizz. J\u00e1 sua tampa traseira magn\u00e9tica facilita a limpeza, proporcionando maior durabilidade ao secador.<\/p>\n<\/div>\n<\/div>\n<div class=\"src__ViewUI-sc-1anmcky-0 cEvkKn\">\n<p>O cabo de 1,80 metros de comprimento, em 110v, tem a medida certa para ser usado em espa\u00e7os compactos, e o de 3 metros em 220v, d\u00e1 ao profissional maior mobilidade.<\/p>\n<\/div>\n<div class=\"src__ViewUI-sc-1anmcky-0 cEvkKn\">\n<p>Secador Taiff Fox 3 Kompress Soft Blue: secagem super-r\u00e1pida, mais leve, compacto e bico com trava mais segura para voc\u00ea arrasar nos trabalhos.<\/p>\n<\/div>\n<\/div>\n","protected":false},"excerpt":{"rendered":"<div class=\"src__ViewUI-sc-1anmcky-0 cEvkKn\">\n<p>A Taiff apresenta o secador Fox 3 Kompress. Ele promove muito mais conforto durante o uso, com a mesma pot\u00eancia de 2200W e a cor Soft Blue, que confere a ele um estilo pr\u00f3prio e muita sofistica\u00e7\u00e3o.<\/p>\n<\/div>\n<div class=\"src__ViewUI-sc-1anmcky-0 cEvkKn\">\n<p>A tecnologia que gera \u00edons negativos ajuda a&#8230;<\/p>\n<\/div>\n","protected":false},"featured_media":3203,"comment_status":"open","ping_status":"closed","template":"","meta":[],"product_brand":[],"product_cat":[605,16,420,473,610],"product_tag":[],"class_list":{"0":"post-3202","1":"product","2":"type-product","3":"status-publish","4":"has-post-thumbnail","6":"product_cat-lojas","7":"product_cat-beleza-bem-estar-e-saude","8":"product_cat-salao-de-beleza-e-estetica","9":"product_cat-secadores","10":"product_cat-shoptime","12":"first","13":"instock","14":"shipping-taxable","15":"product-type-external"},"_links":{"self":[{"href":"https:\/\/barzo.com.br\/shop\/wp-json\/wp\/v2\/product\/3202","targetHints":{"allow":["GET"]}}],"collection":[{"href":"https:\/\/barzo.com.br\/shop\/wp-json\/wp\/v2\/product"}],"about":[{"href":"https:\/\/barzo.com.br\/shop\/wp-json\/wp\/v2\/types\/product"}],"replies":[{"embeddable":true,"href":"https:\/\/barzo.com.br\/shop\/wp-json\/wp\/v2\/comments?post=3202"}],"wp:featuredmedia":[{"embeddable":true,"href":"https:\/\/barzo.com.br\/shop\/wp-json\/wp\/v2\/media\/3203"}],"wp:attachment":[{"href":"https:\/\/barzo.com.br\/shop\/wp-json\/wp\/v2\/media?parent=3202"}],"wp:term":[{"taxonomy":"product_brand","embeddable":true,"href":"https:\/\/barzo.com.br\/shop\/wp-json\/wp\/v2\/product_brand?post=3202"},{"taxonomy":"product_cat","embeddable":true,"href":"https:\/\/barzo.com.br\/shop\/wp-json\/wp\/v2\/product_cat?post=3202"},{"taxonomy":"product_tag","embeddable":true,"href":"https:\/\/barzo.com.br\/shop\/wp-json\/wp\/v2\/product_tag?post=3202"}],"curies":[{"name":"wp","href":"https:\/\/api.w.org\/{rel}","templated":true}]}}