{"id":3197,"date":"2022-11-29T19:40:18","date_gmt":"2022-11-29T22:40:18","guid":{"rendered":"https:\/\/barzo.com.br\/shop\/?post_type=product&#038;p=3197"},"modified":"2022-11-29T19:40:19","modified_gmt":"2022-11-29T22:40:19","slug":"liquidificador-cadence-liq415-branco-15-veloc","status":"publish","type":"product","link":"https:\/\/barzo.com.br\/shop\/produto\/liquidificador-cadence-liq415-branco-15-veloc\/","title":{"rendered":"Liquidificador Cadence Liq415-Branco 15 Veloc"},"content":{"rendered":"<div id=\"info-section\" class=\"src__WrapperProductInfo-sc-1c7a3hi-0 iTtoyk\">\n<div class=\"src__Container-sc-1c7a3hi-3 kdfdUW\">\n<div class=\"src__Description-sc-1c7a3hi-2 dChPoq\">Tenha mais praticidade para fazer as suas receitas favoritas!<\/p>\n<p>O\u00a0<b>Liquidificador Cadence LIQ415\u00a0<\/b>\u00e9 a op\u00e7\u00e3o ideal para quem busca um produto com \u00f3tima pot\u00eancia e durabilidade. Com 15 velocidades e l\u00e2minas de inox, esse produto \u00e9 o ideal para o preparo de sucos, vitaminas, bolos e muito mais.<\/p>\n<p>Confeccionado com material de \u00f3tima qualidade, ele possui um design exclusivo ergonomicamente para proporcionar conforto, a pot\u00eancia \u00e9 de 1000w. Al\u00e9m disso, possui bot\u00e3o girat\u00f3rio com a fun\u00e7\u00e3o pulsar.<\/p>\n<p>Com copo com capacidade de 3,3 litros, conta com porta fio, para dar ainda mais seguran\u00e7a no dia a dia. O\u00a0<b>Liquidificador Cadence LIQ415\u00a0<\/b>\u00e9 um excelente produto para uso nas suas receitas. Conte com essa facilidade.<\/p>\n<p><b>Imagens meramente ilustrativas.<\/b><br \/>\n<b>Todas as informa\u00e7\u00f5es divulgadas s\u00e3o de responsabilidade do Fabricante\/Fornecedor.<\/b><\/div>\n<\/div>\n<div>\n<div class=\"src__DeskWrapper-sc-1m6tc2l-0 iqTsol\">\n<table class=\"src__SpecsCell-sc-1m6tc2l-2 byvoul\">\n<tbody>\n<tr class=\"src__View-sc-1m6tc2l-3 cblkwV\">\n<td class=\"src__Text-sc-1m6tc2l-4 kBDbsy\">Fabricante<\/td>\n<td class=\"src__Text-sc-1m6tc2l-4 kBDbsy\">JCS Brasil<\/td>\n<\/tr>\n<tr class=\"src__View-sc-1m6tc2l-3 cblkwV\">\n<td class=\"src__Text-sc-1m6tc2l-4 kBDbsy\">Marca<\/td>\n<td class=\"src__Text-sc-1m6tc2l-4 kBDbsy\">Cadence<\/td>\n<\/tr>\n<tr class=\"src__View-sc-1m6tc2l-3 cblkwV\">\n<td class=\"src__Text-sc-1m6tc2l-4 kBDbsy\">Material\/Composi\u00e7\u00e3o<\/td>\n<td class=\"src__Text-sc-1m6tc2l-4 kBDbsy\">Material do Gabinete: PP Material da Jarra: San Material das L\u00e2minas: A\u00e7o inox<\/td>\n<\/tr>\n<tr class=\"src__View-sc-1m6tc2l-3 cblkwV\">\n<td class=\"src__Text-sc-1m6tc2l-4 kBDbsy\">Alimenta\u00e7\u00e3o<\/td>\n<td class=\"src__Text-sc-1m6tc2l-4 kBDbsy\">Energia el\u00e9trica<\/td>\n<\/tr>\n<tr class=\"src__View-sc-1m6tc2l-3 cblkwV\">\n<td class=\"src__Text-sc-1m6tc2l-4 kBDbsy\">Consumo (KW\/h)<\/td>\n<td class=\"src__Text-sc-1m6tc2l-4 kBDbsy\">1<\/td>\n<\/tr>\n<tr class=\"src__View-sc-1m6tc2l-3 cblkwV\">\n<td class=\"src__Text-sc-1m6tc2l-4 kBDbsy\">Luz Indicadora de Carga<\/td>\n<td class=\"src__Text-sc-1m6tc2l-4 kBDbsy\">N\u00e3o<\/td>\n<\/tr>\n<tr class=\"src__View-sc-1m6tc2l-3 cblkwV\">\n<td class=\"src__Text-sc-1m6tc2l-4 kBDbsy\">Trava de Seguran\u00e7a<\/td>\n<td class=\"src__Text-sc-1m6tc2l-4 kBDbsy\">Sim<\/td>\n<\/tr>\n<tr class=\"src__View-sc-1m6tc2l-3 cblkwV\">\n<td class=\"src__Text-sc-1m6tc2l-4 kBDbsy\">Pot\u00eancia (W)<\/td>\n<td class=\"src__Text-sc-1m6tc2l-4 kBDbsy\">1000<\/td>\n<\/tr>\n<tr class=\"src__View-sc-1m6tc2l-3 cblkwV\">\n<td class=\"src__Text-sc-1m6tc2l-4 kBDbsy\">Port\u00e1til (Sem Fio)<\/td>\n<td class=\"src__Text-sc-1m6tc2l-4 kBDbsy\">N\u00e3o<\/td>\n<\/tr>\n<tr class=\"src__View-sc-1m6tc2l-3 cblkwV\">\n<td class=\"src__Text-sc-1m6tc2l-4 kBDbsy\">Voltagem<\/td>\n<td class=\"src__Text-sc-1m6tc2l-4 kBDbsy\">110V ou 220V (n\u00e3o \u00e9 bivolt)<\/td>\n<\/tr>\n<tr class=\"src__View-sc-1m6tc2l-3 cblkwV\">\n<td class=\"src__Text-sc-1m6tc2l-4 kBDbsy\">Base antiderrapante<\/td>\n<td class=\"src__Text-sc-1m6tc2l-4 kBDbsy\">Sim<\/td>\n<\/tr>\n<tr class=\"src__View-sc-1m6tc2l-3 cblkwV\">\n<td class=\"src__Text-sc-1m6tc2l-4 kBDbsy\">Caracter\u00edsticas dos batedores<\/td>\n<td class=\"src__Text-sc-1m6tc2l-4 kBDbsy\">4 p\u00e1s em a\u00e7o inox<\/td>\n<\/tr>\n<tr class=\"src__View-sc-1m6tc2l-3 cblkwV\">\n<td class=\"src__Text-sc-1m6tc2l-4 kBDbsy\">Caracter\u00edstica do copo\/tigela\/tampa<\/td>\n<td class=\"src__Text-sc-1m6tc2l-4 kBDbsy\">Material da Jarra SAN<\/td>\n<\/tr>\n<tr class=\"src__View-sc-1m6tc2l-3 cblkwV\">\n<td class=\"src__Text-sc-1m6tc2l-4 kBDbsy\">Capacidade da tigela\/copo (em litros)<\/td>\n<td class=\"src__Text-sc-1m6tc2l-4 kBDbsy\">3.3<\/td>\n<\/tr>\n<tr class=\"src__View-sc-1m6tc2l-3 cblkwV\">\n<td class=\"src__Text-sc-1m6tc2l-4 kBDbsy\">Velocidade<\/td>\n<td class=\"src__Text-sc-1m6tc2l-4 kBDbsy\">6 ou Mais<\/td>\n<\/tr>\n<tr class=\"src__View-sc-1m6tc2l-3 cblkwV\">\n<td class=\"src__Text-sc-1m6tc2l-4 kBDbsy\">Cor<\/td>\n<td class=\"src__Text-sc-1m6tc2l-4 kBDbsy\">Branco<\/td>\n<\/tr>\n<tr class=\"src__View-sc-1m6tc2l-3 cblkwV\">\n<td class=\"src__Text-sc-1m6tc2l-4 kBDbsy\">Conte\u00fado da Embalagem<\/td>\n<td class=\"src__Text-sc-1m6tc2l-4 kBDbsy\">01 liquidificador e 01 Manual de Instru\u00e7\u00f5es<\/td>\n<\/tr>\n<tr class=\"src__View-sc-1m6tc2l-3 cblkwV\">\n<td class=\"src__Text-sc-1m6tc2l-4 kBDbsy\">Garantia do Fornecedor<\/td>\n<td class=\"src__Text-sc-1m6tc2l-4 kBDbsy\">Contra Defeitos de Fabrica\u00e7\u00e3o<\/td>\n<\/tr>\n<tr class=\"src__View-sc-1m6tc2l-3 cblkwV\">\n<td class=\"src__Text-sc-1m6tc2l-4 kBDbsy\">Dimens\u00f5es do produto &#8211; cm (AxLxP)<\/td>\n<td class=\"src__Text-sc-1m6tc2l-4 kBDbsy\">41&#215;22,4x22cm<\/td>\n<\/tr>\n<tr class=\"src__View-sc-1m6tc2l-3 cblkwV\">\n<td class=\"src__Text-sc-1m6tc2l-4 kBDbsy\">Peso liq. aproximado do produto (Kg)<\/td>\n<td class=\"src__Text-sc-1m6tc2l-4 kBDbsy\">1.9kg<\/td>\n<\/tr>\n<tr class=\"src__View-sc-1m6tc2l-3 cblkwV\">\n<td class=\"src__Text-sc-1m6tc2l-4 kBDbsy\">Refer\u00eancia do Modelo<\/td>\n<td class=\"src__Text-sc-1m6tc2l-4 kBDbsy\">LIQ415-127<\/td>\n<\/tr>\n<tr class=\"src__View-sc-1m6tc2l-3 cblkwV\">\n<td class=\"src__Text-sc-1m6tc2l-4 kBDbsy\">Modelo<\/td>\n<td class=\"src__Text-sc-1m6tc2l-4 kBDbsy\">LIQ415-127<\/td>\n<\/tr>\n<tr class=\"src__View-sc-1m6tc2l-3 cblkwV\">\n<td class=\"src__Text-sc-1m6tc2l-4 kBDbsy\">SAC<\/td>\n<td class=\"src__Text-sc-1m6tc2l-4 kBDbsy\">Capitais ou regi\u00f5es metropolitanas ligue para: 4020 2905 Interior: 0800 644 644 2<\/td>\n<\/tr>\n<tr class=\"src__View-sc-1m6tc2l-3 cblkwV\">\n<td class=\"src__Text-sc-1m6tc2l-4 kBDbsy\">Fornecedor<\/td>\n<td class=\"src__Text-sc-1m6tc2l-4 kBDbsy\">JCS Brasil<\/td>\n<\/tr>\n<\/tbody>\n<\/table>\n<\/div>\n<div class=\"report-link__ReportUI-sc-2jruhk-0 IlwqL\"><\/div>\n<\/div>\n<\/div>\n","protected":false},"excerpt":{"rendered":"<p class=\"product-description__Description-sc-ytj6zc-1 ecJlZp\">Tenha mais praticidade para fazer as suas receitas favoritas! O Liquidificador Cadence LIQ415 \u00e9 a op\u00e7\u00e3o ideal para quem busca um produto com \u00f3tima pot\u00eancia e durabilidade. Com 15 velocidades e l\u00e2minas de inox, esse produto \u00e9 o i&#8230;<\/p>\n","protected":false},"featured_media":3198,"comment_status":"open","ping_status":"closed","template":"","meta":[],"product_brand":[],"product_cat":[605,21,95,610],"product_tag":[],"class_list":{"0":"post-3197","1":"product","2":"type-product","3":"status-publish","4":"has-post-thumbnail","6":"product_cat-lojas","7":"product_cat-eletroportateis","8":"product_cat-liquidificador","9":"product_cat-shoptime","11":"first","12":"instock","13":"shipping-taxable","14":"product-type-external"},"_links":{"self":[{"href":"https:\/\/barzo.com.br\/shop\/wp-json\/wp\/v2\/product\/3197","targetHints":{"allow":["GET"]}}],"collection":[{"href":"https:\/\/barzo.com.br\/shop\/wp-json\/wp\/v2\/product"}],"about":[{"href":"https:\/\/barzo.com.br\/shop\/wp-json\/wp\/v2\/types\/product"}],"replies":[{"embeddable":true,"href":"https:\/\/barzo.com.br\/shop\/wp-json\/wp\/v2\/comments?post=3197"}],"wp:featuredmedia":[{"embeddable":true,"href":"https:\/\/barzo.com.br\/shop\/wp-json\/wp\/v2\/media\/3198"}],"wp:attachment":[{"href":"https:\/\/barzo.com.br\/shop\/wp-json\/wp\/v2\/media?parent=3197"}],"wp:term":[{"taxonomy":"product_brand","embeddable":true,"href":"https:\/\/barzo.com.br\/shop\/wp-json\/wp\/v2\/product_brand?post=3197"},{"taxonomy":"product_cat","embeddable":true,"href":"https:\/\/barzo.com.br\/shop\/wp-json\/wp\/v2\/product_cat?post=3197"},{"taxonomy":"product_tag","embeddable":true,"href":"https:\/\/barzo.com.br\/shop\/wp-json\/wp\/v2\/product_tag?post=3197"}],"curies":[{"name":"wp","href":"https:\/\/api.w.org\/{rel}","templated":true}]}}