{"id":3193,"date":"2022-11-29T19:31:00","date_gmt":"2022-11-29T22:31:00","guid":{"rendered":"https:\/\/barzo.com.br\/shop\/?post_type=product&#038;p=3193"},"modified":"2022-11-29T19:31:00","modified_gmt":"2022-11-29T22:31:00","slug":"liquidificador-mondial-easy-power-550w-l-550-r","status":"publish","type":"product","link":"https:\/\/barzo.com.br\/shop\/produto\/liquidificador-mondial-easy-power-550w-l-550-r\/","title":{"rendered":"Liquidificador Mondial, Easy Power, 550W &#8211; L-550-R"},"content":{"rendered":"<section id=\"secao1\">\n<div class=\"bg-mobile-1\">\n<div class=\"controle\">\n<p class=\"logo-page\"><img decoding=\"async\" src=\"https:\/\/statics-shoptime.b2w.io\/special\/products\/3761102520\/assets\/images\/logo.svg\" alt=\"\" \/><\/p>\n<p class=\"logo-produto\"><img decoding=\"async\" src=\"https:\/\/statics-shoptime.b2w.io\/special\/products\/3761102520\/assets\/images\/logo-produto.png\" alt=\"\" \/><\/p>\n<div class=\"info-top\">\n<div class=\"title-icone\">\n<h3>Praticidade + durabilidade<\/h3>\n<p class=\"descricao\">com o liquidificador Mondial<br \/>\nno seu dia a dia!<\/p>\n<\/div>\n<\/div>\n<div class=\"info-bottom\">\n<h2>550 WATTS<br \/>\nDE POT\u00caNCIA<\/h2>\n<p>Permite que voc\u00ea misture ou triture<br \/>\nsuas receitas com maior agilidade.<\/p>\n<\/div>\n<\/div>\n<\/div>\n<\/section>\n<section id=\"secaocapacidade\">\n<div class=\"controle\">\n<div class=\"info\">\n<div class=\"item um\">\n<h2>CAPACIDADE TOTAL:<br \/>\n1,9 LITROS*<\/h2>\n<h4>*\u00datil de 1,5 Litros<\/h4>\n<p>Prepare sucos, vitaminas, smoothies,<br \/>\nmolhos e diversas outras receitas com<br \/>\npraticidade. E na por\u00e7\u00e3o ideal que voc\u00ea<br \/>\nprecisa!<\/p>\n<\/div>\n<div class=\"item dois\">\n<h2>COPO RESISTENTE<\/h2>\n<p>A jarra \u00e9 super-resistente a quedas e riscos.<br \/>\nGarantia de mais seguran\u00e7a e durabilidade<br \/>\npara seu liquidificador.<\/p>\n<\/div>\n<\/div>\n<\/div>\n<\/section>\n<section id=\"secao3\">\n<div class=\"controle\">\n<div class=\"info\">\n<h2>L\u00c2MINAS EM INOX<\/h2>\n<p><img decoding=\"async\" src=\"https:\/\/statics-shoptime.b2w.io\/special\/products\/3761102520\/assets\/images\/check.svg\" alt=\"\" \/>\u00a0Trituram com mais precis\u00e3o e rapidez<\/p>\n<p><img decoding=\"async\" src=\"https:\/\/statics-shoptime.b2w.io\/special\/products\/3761102520\/assets\/images\/check.svg\" alt=\"\" \/>\u00a0N\u00e3o enferrujam<\/p>\n<p><img decoding=\"async\" src=\"https:\/\/statics-shoptime.b2w.io\/special\/products\/3761102520\/assets\/images\/check.svg\" alt=\"\" \/>\u00a0Mais dur\u00e1veis<\/p>\n<\/div>\n<\/div>\n<\/section>\n<section id=\"secao5\">\n<div class=\"controle\">\n<div class=\"info\">\n<h2>CRIE NOVAS RECEITAS<br \/>\nCOM O LIQUI!<\/h2>\n<p>Aproveite o liquidificador Mondial<br \/>\npara soltar a criatividade na cozinha!<\/p>\n<p>Crie prepara\u00e7\u00f5es novas e surpreenda<br \/>\nsua fam\u00edlia e amigos com crepes,<br \/>\ncremes, sucos, pudins, antepastos e<br \/>\nmuito mais. M\u00e3os \u00e0 obra!<\/p>\n<\/div>\n<\/div>\n<\/section>\n<section id=\"secao2\">\n<div class=\"controle\">\n<div class=\"item dois right\">\n<h2>JARRA: BPA FREE<br \/>\nE SEM CHEIRO<\/h2>\n<p>O material n\u00e3o cont\u00e9m<br \/>\nBisfenol-A, que \u00e9 nocivo \u00e0<br \/>\nsa\u00fade, e n\u00e3o deixa cheiro.<\/p>\n<\/div>\n<div class=\"item um\">\n<h2>FUN\u00c7\u00c3O<br \/>\nAUTOLIMPEZA<\/h2>\n<p>F\u00e1cil higieniza\u00e7\u00e3o do seu<br \/>\nliquidificador.<\/p>\n<\/div>\n<div class=\"item quatro\">\n<h2>2 VELOCIDADES<br \/>\n+ PULSAR<\/h2>\n<p>Escolha a velocidade ideal para<br \/>\nalcan\u00e7ar a textura perfeita!<\/p>\n<p><b>Dica:<\/b>\u00a0a fun\u00e7\u00e3o Pulsar tritura<br \/>\ningredientes mais consistentes.<\/p>\n<\/div>\n<div class=\"item seis right\">\n<h2>GUARDA-FIO E<br \/>\nPORTA PLUG<\/h2>\n<\/div>\n<\/div>\n<\/section>\n<section id=\"secao7\">\n<div class=\"controle\">\n<div class=\"info\">\n<div class=\"item\">\n<h2>APROVEITE A COZINHA<br \/>\nCOM OS PEQUENOS!<\/h2>\n<p>Imagine que del\u00edcia reunir a crian\u00e7ada na<br \/>\ncozinha para preparar um bolo juntos?<\/p>\n<p>Al\u00e9m do prazer de comer um bolo<br \/>\nquentinho, voc\u00eas ainda v\u00e3o aproveitar a<br \/>\ncompanhia uns dos outros em todas as<br \/>\netapas. Incr\u00edvel, n\u00e9?<\/p>\n<\/div>\n<\/div>\n<\/div>\n<\/section>\n<section id=\"secao8\">\n<div class=\"controle\">\n<div class=\"info\">\n<p class=\"icone\"><img decoding=\"async\" src=\"https:\/\/statics-shoptime.b2w.io\/special\/products\/3761102520\/assets\/images\/icone3.png\" alt=\"\" \/><\/p>\n<h2>UM ANO DE<br \/>\nGARANTIA MONDIAL<\/h2>\n<p>A Mondial \u00e9 a escolha de<br \/>\nmilh\u00f5es de consumidores.<br \/>\nMondial, a escolha inteligente!<\/p>\n<\/div>\n<\/div>\n<\/section>\n<section id=\"footer-produto\">\n<div class=\"controle\">\n<div class=\"row-medidas\">\n<div class=\"item\"><img decoding=\"async\" src=\"https:\/\/statics-shoptime.b2w.io\/special\/products\/3761102520\/assets\/images\/tamanhos.png\" alt=\"\" \/><\/div>\n<div class=\"item meio\">\n<h2>DIMENS\u00d5ES E<br \/>\nINFORMA\u00c7\u00d5ES T\u00c9CNICAS<\/h2>\n<p>Altura:\u00a0<strong>38cm<\/strong><\/p>\n<p>Largura:\u00a0<strong>20cm<\/strong><\/p>\n<p>Profundidade:\u00a0<strong>18cm<\/strong><\/p>\n<p>Peso:\u00a0<strong>1kg<\/strong><\/p>\n<p>Pot\u00eancia:\u00a0<strong>550W<\/strong><\/p>\n<p>Tens\u00e3o\/Voltagem:\u00a0<strong>Dispon\u00edvel em 127V ou 220V<\/strong><\/p>\n<p>Cor (es):\u00a0<strong>Vermelho<\/strong><\/p>\n<p>Dispon\u00edvel tamb\u00e9m nas cores:\u00a0<strong>Branco (L-550-<br \/>\nW) e Preto (L-550-B)<\/strong><\/p>\n<\/div>\n<div class=\"item\">\n<h2>CONTE\u00daDO DA<br \/>\nEMBALAGEM<\/h2>\n<ul>\n<li>1 Liquidificador<\/li>\n<li>Manual de Instru\u00e7\u00f5es<\/li>\n<\/ul>\n<\/div>\n<\/div>\n<\/div>\n<\/section>\n<section id=\"termos\">\n<div class=\"controle\">\n<p>A Mondial \u00e9 marca l\u00edder em v\u00e1rios segmentos de eletrodom\u00e9sticos port\u00e1teis e est\u00e1 presente em grande parte dos lares brasileiros. S\u00e3o mais de 400 produtos em linha. H\u00e1 duas d\u00e9cadas, trabalha com produtos cada vez mais tecnol\u00f3gicos e vers\u00e1teis, oferecendo aos seus consumidores a melhor rela\u00e7\u00e3o custo-benef\u00edcio, j\u00e1 que disp\u00f5e de port\u00e1teis com alta performance para todos os p\u00fablicos, refor\u00e7ando a Escolha Inteligente feita pelo consumidor ao adquirir um produto da marca. (Imagens Meramente Ilustrativas)<\/p>\n<p class=\"logo-bottom\"><img decoding=\"async\" src=\"https:\/\/statics-shoptime.b2w.io\/special\/products\/3761102520\/assets\/images\/logo-bottom.png\" alt=\"\" \/><\/p>\n<\/div>\n<\/section>\n<p>Fabricante: MK Eletrodom\u00e9sticos Mondial S\/A<\/p>\n<p>Marca: Mondial<\/p>\n<p>Material\/Composi\u00e7\u00e3o: PP<\/p>\n<p>Alimenta\u00e7\u00e3o: Energia El\u00e9trica<\/p>\n<p>Consumo (KW\/h): 0,55Kw\/h<\/p>\n<p>Luz Indicadora de Carga: N\u00e3o<\/p>\n<p>Trava de Seguran\u00e7a: Sim<\/p>\n<p>Pot\u00eancia (W): 550W<\/p>\n<p>Port\u00e1til (Sem Fio): N\u00e3o<\/p>\n<p>Voltagem: 110V ou 220V (n\u00e3o \u00e9 bivolt)<\/p>\n<p>Base antiderrapante: Sim<\/p>\n<p>Caracter\u00edsticas dos batedores: L\u00e2minas super afiadas<\/p>\n<p>Velocidade: 2<\/p>\n<p>Cor: Vermelho<\/p>\n<p>Conte\u00fado da Embalagem: 1 Liquidificador,1 Manual de Instru\u00e7\u00f5es<\/p>\n<p>Garantia do Fornecedor: 12 Meses<\/p>\n<p>Dimens\u00f5es do produto &#8211; cm (AxLxP): 40x21x18cm<\/p>\n<p>Peso liq. aproximado do produto (Kg): 1,2kg<\/p>\n<p>Refer\u00eancia do Modelo: 6904-01<\/p>\n<p>ModeloL-550-R<\/p>\n<p>SAC: 0800 55 03 93\/ sac@emondial.com<\/p>\n<p>Caracter\u00edstica do copo\/tigela\/tampa: Copo de1.5L inquebr\u00e1vel<\/p>\n<p>Capacidade da tigela\/copo (em litros): 1.5L<\/p>\n","protected":false},"excerpt":{"rendered":"<p>Praticidade + durabilidade com o liquidificador Mondial no seu dia a dia! 550 WATTS DE POT\u00caNCIA Permite que voc\u00ea misture ou triture suas receitas com maior agilidade. CAPACIDADE TOTAL: 1,9 LITROS* *\u00datil de 1,5 Litros Prepare sucos, vitaminas, smoothies, molhos e diversas outras receitas com praticidade. E na por\u00e7\u00e3o ideal que voc\u00ea precisa! COPO RESISTENTE [&hellip;]<\/p>\n","protected":false},"featured_media":3194,"comment_status":"open","ping_status":"closed","template":"","meta":[],"product_brand":[],"product_cat":[605,610],"product_tag":[],"class_list":{"0":"post-3193","1":"product","2":"type-product","3":"status-publish","4":"has-post-thumbnail","6":"product_cat-lojas","7":"product_cat-shoptime","9":"first","10":"instock","11":"shipping-taxable","12":"product-type-external"},"_links":{"self":[{"href":"https:\/\/barzo.com.br\/shop\/wp-json\/wp\/v2\/product\/3193","targetHints":{"allow":["GET"]}}],"collection":[{"href":"https:\/\/barzo.com.br\/shop\/wp-json\/wp\/v2\/product"}],"about":[{"href":"https:\/\/barzo.com.br\/shop\/wp-json\/wp\/v2\/types\/product"}],"replies":[{"embeddable":true,"href":"https:\/\/barzo.com.br\/shop\/wp-json\/wp\/v2\/comments?post=3193"}],"wp:featuredmedia":[{"embeddable":true,"href":"https:\/\/barzo.com.br\/shop\/wp-json\/wp\/v2\/media\/3194"}],"wp:attachment":[{"href":"https:\/\/barzo.com.br\/shop\/wp-json\/wp\/v2\/media?parent=3193"}],"wp:term":[{"taxonomy":"product_brand","embeddable":true,"href":"https:\/\/barzo.com.br\/shop\/wp-json\/wp\/v2\/product_brand?post=3193"},{"taxonomy":"product_cat","embeddable":true,"href":"https:\/\/barzo.com.br\/shop\/wp-json\/wp\/v2\/product_cat?post=3193"},{"taxonomy":"product_tag","embeddable":true,"href":"https:\/\/barzo.com.br\/shop\/wp-json\/wp\/v2\/product_tag?post=3193"}],"curies":[{"name":"wp","href":"https:\/\/api.w.org\/{rel}","templated":true}]}}