{"id":3191,"date":"2022-11-29T19:20:11","date_gmt":"2022-11-29T22:20:11","guid":{"rendered":"https:\/\/barzo.com.br\/shop\/?post_type=product&#038;p=3191"},"modified":"2022-11-29T19:20:11","modified_gmt":"2022-11-29T22:20:11","slug":"liquidificador-elgin-turbo-mix-16l-2-velocidades-220v","status":"publish","type":"product","link":"https:\/\/barzo.com.br\/shop\/produto\/liquidificador-elgin-turbo-mix-16l-2-velocidades-220v\/","title":{"rendered":"Liquidificador Elgin Turbo Mix 1,6L 2 Velocidades &#8211; 220V"},"content":{"rendered":"<div id=\"info-section\" class=\"src__WrapperProductInfo-sc-1c7a3hi-0 iTtoyk\">\n<h2 class=\"title__Title-sc-qx50lt-0 hPvSnE\">Informa\u00e7\u00f5es do produto<\/h2>\n<div class=\"src__Container-sc-1c7a3hi-3 kdfdUW\">\n<div class=\"src__Description-sc-1c7a3hi-2 dChPoq\">O\u00a0<b>Liquidificador Turbo Mix\u00a0<\/b>da\u00a0<b>Elgin<\/b>\u00a0\u00e9 o item que n\u00e3o pode faltar na sua cozinha!<\/p>\n<p>Ideal para fazer sucos vitaminas, sopas ou cremes, conta com capacidade para 1,6 litros. Seu design \u00e9 clean e vai deixar a sua cozinha ainda mais elegante. Al\u00e9m disso, conta com o copo transparente e leve permite visualizar o conte\u00fado sem o peso e a fragilidade dos copos de vidro.<\/p>\n<p>O conjunto do copo e l\u00e2minas \u00e9 totalmente desmont\u00e1vel que permitem a limpeza das pe\u00e7as de maneira f\u00e1cil e pr\u00e1tica. O motor de 650W com 2 velocidades mais a fun\u00e7\u00e3o pulsar garantem \u00f3timo desempenho e resist\u00eancia.<\/p>\n<p>As l\u00e2minas em a\u00e7o inox de alta performance cortam e trituram os mais variados alimentos em segundos.<\/p>\n<p>Garanta um item f\u00e1cil de usar e com toda a qualidade que a\u00a0<b>Elgin<\/b>\u00a0traz para voc\u00ea.<\/p>\n<p><b>Imagens meramente ilustrativas.<\/b><br \/>\n<b>Todas as informa\u00e7\u00f5es divulgadas s\u00e3o de responsabilidade do Fabricante\/Fornecedor.<\/b><\/div>\n<\/div>\n<\/div>\n<h2 class=\"src__Title-sc-1m6tc2l-1 cuRtbe\">Ficha t\u00e9cnica<\/h2>\n<div class=\"src__DeskWrapper-sc-1m6tc2l-0 iqTsol\">\n<table class=\"src__SpecsCell-sc-1m6tc2l-2 byvoul\">\n<tbody>\n<tr class=\"src__View-sc-1m6tc2l-3 cblkwV\">\n<td class=\"src__Text-sc-1m6tc2l-4 kBDbsy\">Fabricante<\/td>\n<td class=\"src__Text-sc-1m6tc2l-4 kBDbsy\">Elgin<\/td>\n<\/tr>\n<tr class=\"src__View-sc-1m6tc2l-3 cblkwV\">\n<td class=\"src__Text-sc-1m6tc2l-4 kBDbsy\">Marca<\/td>\n<td class=\"src__Text-sc-1m6tc2l-4 kBDbsy\">Elgin<\/td>\n<\/tr>\n<tr class=\"src__View-sc-1m6tc2l-3 cblkwV\">\n<td class=\"src__Text-sc-1m6tc2l-4 kBDbsy\">Material\/Composi\u00e7\u00e3o<\/td>\n<td class=\"src__Text-sc-1m6tc2l-4 kBDbsy\">Pl\u00e1stico<\/td>\n<\/tr>\n<tr class=\"src__View-sc-1m6tc2l-3 cblkwV\">\n<td class=\"src__Text-sc-1m6tc2l-4 kBDbsy\">Outros Recursos<\/td>\n<td class=\"src__Text-sc-1m6tc2l-4 kBDbsy\">Liquidificador Turbo Mix 650w marca Elgin. Aparelho com 2 velocidades mais a fun\u00e7\u00e3o pulsar, copo tamanho fam\u00edlia de 1,6l. Transparente, jarra com efeito reverso que provoca turbilhonamento para misturas mais homog\u00eaneas, l\u00e2minas em a\u00e7o inox.<\/td>\n<\/tr>\n<tr class=\"src__View-sc-1m6tc2l-3 cblkwV\">\n<td class=\"src__Text-sc-1m6tc2l-4 kBDbsy\">Caracter\u00edsticas dos batedores<\/td>\n<td class=\"src__Text-sc-1m6tc2l-4 kBDbsy\">L\u00e2minas em a\u00e7o inox<\/td>\n<\/tr>\n<tr class=\"src__View-sc-1m6tc2l-3 cblkwV\">\n<td class=\"src__Text-sc-1m6tc2l-4 kBDbsy\">Caracter\u00edstica do copo\/tigela\/tampa<\/td>\n<td class=\"src__Text-sc-1m6tc2l-4 kBDbsy\">Copo transparente e leve permite visualizar o conteudo sem o peso e a fragilidade dos copos de vidro. Conjunto do copo e laminas totalmente desmont\u00e1vel que permitem a limpeza das pe\u00e7as de maneira f\u00e1cil e pr\u00e1tica<\/td>\n<\/tr>\n<tr class=\"src__View-sc-1m6tc2l-3 cblkwV\">\n<td class=\"src__Text-sc-1m6tc2l-4 kBDbsy\">Capacidade da tigela\/copo (em litros)<\/td>\n<td class=\"src__Text-sc-1m6tc2l-4 kBDbsy\">1,6<\/td>\n<\/tr>\n<tr class=\"src__View-sc-1m6tc2l-3 cblkwV\">\n<td class=\"src__Text-sc-1m6tc2l-4 kBDbsy\">Consumo (KW\/h)<\/td>\n<td class=\"src__Text-sc-1m6tc2l-4 kBDbsy\">0,65<\/td>\n<\/tr>\n<tr class=\"src__View-sc-1m6tc2l-3 cblkwV\">\n<td class=\"src__Text-sc-1m6tc2l-4 kBDbsy\">Luz Indicadora de Carga<\/td>\n<td class=\"src__Text-sc-1m6tc2l-4 kBDbsy\">N\u00e3o<\/td>\n<\/tr>\n<tr class=\"src__View-sc-1m6tc2l-3 cblkwV\">\n<td class=\"src__Text-sc-1m6tc2l-4 kBDbsy\">Trava de Seguran\u00e7a<\/td>\n<td class=\"src__Text-sc-1m6tc2l-4 kBDbsy\">Sim<\/td>\n<\/tr>\n<tr class=\"src__View-sc-1m6tc2l-3 cblkwV\">\n<td class=\"src__Text-sc-1m6tc2l-4 kBDbsy\">Pot\u00eancia (W)<\/td>\n<td class=\"src__Text-sc-1m6tc2l-4 kBDbsy\">650<\/td>\n<\/tr>\n<tr class=\"src__View-sc-1m6tc2l-3 cblkwV\">\n<td class=\"src__Text-sc-1m6tc2l-4 kBDbsy\">Port\u00e1til (Sem Fio)<\/td>\n<td class=\"src__Text-sc-1m6tc2l-4 kBDbsy\">N\u00e3o<\/td>\n<\/tr>\n<tr class=\"src__View-sc-1m6tc2l-3 cblkwV\">\n<td class=\"src__Text-sc-1m6tc2l-4 kBDbsy\">Base antiderrapante<\/td>\n<td class=\"src__Text-sc-1m6tc2l-4 kBDbsy\">Sim<\/td>\n<\/tr>\n<tr class=\"src__View-sc-1m6tc2l-3 cblkwV\">\n<td class=\"src__Text-sc-1m6tc2l-4 kBDbsy\">Velocidade<\/td>\n<td class=\"src__Text-sc-1m6tc2l-4 kBDbsy\">2<\/td>\n<\/tr>\n<tr class=\"src__View-sc-1m6tc2l-3 cblkwV\">\n<td class=\"src__Text-sc-1m6tc2l-4 kBDbsy\">Conte\u00fado da Embalagem<\/td>\n<td class=\"src__Text-sc-1m6tc2l-4 kBDbsy\">1 Liquidificador e Manual de instru\u00e7\u00f5es.<\/td>\n<\/tr>\n<tr class=\"src__View-sc-1m6tc2l-3 cblkwV\">\n<td class=\"src__Text-sc-1m6tc2l-4 kBDbsy\">Garantia do Fornecedor<\/td>\n<td class=\"src__Text-sc-1m6tc2l-4 kBDbsy\">12 Meses<\/td>\n<\/tr>\n<tr class=\"src__View-sc-1m6tc2l-3 cblkwV\">\n<td class=\"src__Text-sc-1m6tc2l-4 kBDbsy\">SAC<\/td>\n<td class=\"src__Text-sc-1m6tc2l-4 kBDbsy\">0800 70 35446<\/td>\n<\/tr>\n<tr class=\"src__View-sc-1m6tc2l-3 cblkwV\">\n<td class=\"src__Text-sc-1m6tc2l-4 kBDbsy\">Voltagem<\/td>\n<td class=\"src__Text-sc-1m6tc2l-4 kBDbsy\">110V ou 220V (n\u00e3o \u00e9 bivolt)<\/td>\n<\/tr>\n<tr class=\"src__View-sc-1m6tc2l-3 cblkwV\">\n<td class=\"src__Text-sc-1m6tc2l-4 kBDbsy\">Cor<\/td>\n<td class=\"src__Text-sc-1m6tc2l-4 kBDbsy\">Preto<\/td>\n<\/tr>\n<tr class=\"src__View-sc-1m6tc2l-3 cblkwV\">\n<td class=\"src__Text-sc-1m6tc2l-4 kBDbsy\">Dimens\u00f5es do produto &#8211; cm (AxLxP)<\/td>\n<td class=\"src__Text-sc-1m6tc2l-4 kBDbsy\">38x16x18cm<\/td>\n<\/tr>\n<tr class=\"src__View-sc-1m6tc2l-3 cblkwV\">\n<td class=\"src__Text-sc-1m6tc2l-4 kBDbsy\">Peso liq. aproximado do produto (Kg)<\/td>\n<td class=\"src__Text-sc-1m6tc2l-4 kBDbsy\">1,8kg<\/td>\n<\/tr>\n<tr class=\"src__View-sc-1m6tc2l-3 cblkwV\">\n<td class=\"src__Text-sc-1m6tc2l-4 kBDbsy\">Refer\u00eancia do Modelo<\/td>\n<td class=\"src__Text-sc-1m6tc2l-4 kBDbsy\">42LIQ1001000<\/td>\n<\/tr>\n<tr class=\"src__View-sc-1m6tc2l-3 cblkwV\">\n<td class=\"src__Text-sc-1m6tc2l-4 kBDbsy\">Modelo<\/td>\n<td class=\"src__Text-sc-1m6tc2l-4 kBDbsy\">LIQUIDIFICADOR TURBO MIX<\/td>\n<\/tr>\n<\/tbody>\n<\/table>\n<\/div>\n","protected":false},"excerpt":{"rendered":"<h1 class=\"src__Title-sc-79cth1-0 ilzqUG\">Liquidificador Elgin Turbo Mix 1,6L 2 Velocidades &#8211; 220V<\/h1>\n","protected":false},"featured_media":3192,"comment_status":"open","ping_status":"closed","template":"","meta":[],"product_brand":[],"product_cat":[605,21,95,610],"product_tag":[],"class_list":{"0":"post-3191","1":"product","2":"type-product","3":"status-publish","4":"has-post-thumbnail","6":"product_cat-lojas","7":"product_cat-eletroportateis","8":"product_cat-liquidificador","9":"product_cat-shoptime","11":"first","12":"instock","13":"shipping-taxable","14":"product-type-external"},"_links":{"self":[{"href":"https:\/\/barzo.com.br\/shop\/wp-json\/wp\/v2\/product\/3191","targetHints":{"allow":["GET"]}}],"collection":[{"href":"https:\/\/barzo.com.br\/shop\/wp-json\/wp\/v2\/product"}],"about":[{"href":"https:\/\/barzo.com.br\/shop\/wp-json\/wp\/v2\/types\/product"}],"replies":[{"embeddable":true,"href":"https:\/\/barzo.com.br\/shop\/wp-json\/wp\/v2\/comments?post=3191"}],"wp:featuredmedia":[{"embeddable":true,"href":"https:\/\/barzo.com.br\/shop\/wp-json\/wp\/v2\/media\/3192"}],"wp:attachment":[{"href":"https:\/\/barzo.com.br\/shop\/wp-json\/wp\/v2\/media?parent=3191"}],"wp:term":[{"taxonomy":"product_brand","embeddable":true,"href":"https:\/\/barzo.com.br\/shop\/wp-json\/wp\/v2\/product_brand?post=3191"},{"taxonomy":"product_cat","embeddable":true,"href":"https:\/\/barzo.com.br\/shop\/wp-json\/wp\/v2\/product_cat?post=3191"},{"taxonomy":"product_tag","embeddable":true,"href":"https:\/\/barzo.com.br\/shop\/wp-json\/wp\/v2\/product_tag?post=3191"}],"curies":[{"name":"wp","href":"https:\/\/api.w.org\/{rel}","templated":true}]}}