{"id":3176,"date":"2022-11-29T18:48:24","date_gmt":"2022-11-29T21:48:24","guid":{"rendered":"https:\/\/barzo.com.br\/shop\/?post_type=product&#038;p=3176"},"modified":"2022-11-29T18:48:24","modified_gmt":"2022-11-29T21:48:24","slug":"liquidificador-trapeze-liq351-vermelho-cadence","status":"publish","type":"product","link":"https:\/\/barzo.com.br\/shop\/produto\/liquidificador-trapeze-liq351-vermelho-cadence\/","title":{"rendered":"Liquidificador Trap\u00e8ze LIQ351 Vermelho Cadence"},"content":{"rendered":"<p>O\u00a0<b>Liquidificador Cadence Trap\u00e8ze LIQ351\u00a0<\/b>vem com jarra transparente com al\u00e7a ergon\u00f4mica e tampa com trava: produzida em material de alta resist\u00eancia, tem capacidade para 1,5 litros. Maior seguran\u00e7a e durabilidade.<\/p>\n<p>A Jarra do Liquidificador Trap\u00e8ze possui um design inteligente em que todo o alimento \u00e9 impulsionado para a l\u00e2mina, proporcionando maior performance.<br \/>\nPrepare os mais variados sucos, batidas, vitaminas, molhos, cremes e muito mais, com quatro velocidades, fun\u00e7\u00e3o pulsar, 350watts de pot\u00eancia e tenha maior seguran\u00e7a com os p\u00e9s antiderrapantes do seu liquidificador trap\u00e8ze.<\/p>\n<p><b>Benef\u00edcios:<\/b><br \/>\n<b>P\u00e9s antiderrapantes e tampa com trava:<\/b>\u00a0Maior seguran\u00e7a ao utilizar o liquidificador.<br \/>\n<b>Jarra com design inteligente:<\/b>\u00a0O alimento \u00e9 impulsionado para a l\u00e2mina.<br \/>\n<b>4 velocidades e fun\u00e7\u00e3o pulsar:<\/b>\u00a0Regule a velocidade de acordo com o alimento a ser liquidificado.<br \/>\n<b>L\u00e2minas em a\u00e7o inoxid\u00e1vel:<\/b>\u00a0Tritura e mistura com perfei\u00e7\u00e3o, garantindo melhores resultados nas receitas.<\/p>\n<p><b>Verifique com os fabricantes do produto e de seus componentes eventuais limita\u00e7\u00f5es \u00e0 utiliza\u00e7\u00e3o de todos os recursos e funcionalidades.<\/b><\/p>\n<p><b>Todas as informa\u00e7\u00f5es divulgadas s\u00e3o de responsabilidade do Fabricante\/Fornecedor.<\/b><\/p>\n<p><b>Imagem meramente ilustrativa.<\/b><\/p>\n<p>&nbsp;<\/p>\n<div class=\"src__DeskWrapper-sc-1m6tc2l-0 iqTsol\">\n<table class=\"src__SpecsCell-sc-1m6tc2l-2 byvoul\">\n<tbody>\n<tr class=\"src__View-sc-1m6tc2l-3 cblkwV\">\n<td class=\"src__Text-sc-1m6tc2l-4 kBDbsy\">Marca<\/td>\n<td class=\"src__Text-sc-1m6tc2l-4 kBDbsy\">Cadence<\/td>\n<\/tr>\n<tr class=\"src__View-sc-1m6tc2l-3 cblkwV\">\n<td class=\"src__Text-sc-1m6tc2l-4 kBDbsy\">Material\/Composi\u00e7\u00e3o<\/td>\n<td class=\"src__Text-sc-1m6tc2l-4 kBDbsy\">Pl\u00e1stico ABS e l\u00e2minas em a\u00e7o inoxid\u00e1vel<\/td>\n<\/tr>\n<tr class=\"src__View-sc-1m6tc2l-3 cblkwV\">\n<td class=\"src__Text-sc-1m6tc2l-4 kBDbsy\">Velocidade<\/td>\n<td class=\"src__Text-sc-1m6tc2l-4 kBDbsy\">4 velocidades + fun\u00e7\u00e3o de pulsar<\/td>\n<\/tr>\n<tr class=\"src__View-sc-1m6tc2l-3 cblkwV\">\n<td class=\"src__Text-sc-1m6tc2l-4 kBDbsy\">Capacidade da tigela\/copo (em litros)<\/td>\n<td class=\"src__Text-sc-1m6tc2l-4 kBDbsy\">1,5l<\/td>\n<\/tr>\n<tr class=\"src__View-sc-1m6tc2l-3 cblkwV\">\n<td class=\"src__Text-sc-1m6tc2l-4 kBDbsy\">Caracter\u00edstica do copo\/tigela\/tampa<\/td>\n<td class=\"src__Text-sc-1m6tc2l-4 kBDbsy\">Jarra com design inteligente e pl\u00e1stico ABS<\/td>\n<\/tr>\n<tr class=\"src__View-sc-1m6tc2l-3 cblkwV\">\n<td class=\"src__Text-sc-1m6tc2l-4 kBDbsy\">Caracter\u00edsticas dos batedores<\/td>\n<td class=\"src__Text-sc-1m6tc2l-4 kBDbsy\">L\u00e2minas em a\u00e7o inoxid\u00e1vel<\/td>\n<\/tr>\n<tr class=\"src__View-sc-1m6tc2l-3 cblkwV\">\n<td class=\"src__Text-sc-1m6tc2l-4 kBDbsy\">Port\u00e1til (sem fio)<\/td>\n<td class=\"src__Text-sc-1m6tc2l-4 kBDbsy\">N\u00e3o<\/td>\n<\/tr>\n<tr class=\"src__View-sc-1m6tc2l-3 cblkwV\">\n<td class=\"src__Text-sc-1m6tc2l-4 kBDbsy\">Alimenta\u00e7\u00e3o<\/td>\n<td class=\"src__Text-sc-1m6tc2l-4 kBDbsy\">Energia El\u00e9trica<\/td>\n<\/tr>\n<tr class=\"src__View-sc-1m6tc2l-3 cblkwV\">\n<td class=\"src__Text-sc-1m6tc2l-4 kBDbsy\">Voltagem<\/td>\n<td class=\"src__Text-sc-1m6tc2l-4 kBDbsy\">110V ou 220V (n\u00e3o \u00e9 bivolt)<\/td>\n<\/tr>\n<tr class=\"src__View-sc-1m6tc2l-3 cblkwV\">\n<td class=\"src__Text-sc-1m6tc2l-4 kBDbsy\">Pot\u00eancia (w)<\/td>\n<td class=\"src__Text-sc-1m6tc2l-4 kBDbsy\">350w<\/td>\n<\/tr>\n<tr class=\"src__View-sc-1m6tc2l-3 cblkwV\">\n<td class=\"src__Text-sc-1m6tc2l-4 kBDbsy\">Consumo (Kw\/h)<\/td>\n<td class=\"src__Text-sc-1m6tc2l-4 kBDbsy\">0,35kWh<\/td>\n<\/tr>\n<tr class=\"src__View-sc-1m6tc2l-3 cblkwV\">\n<td class=\"src__Text-sc-1m6tc2l-4 kBDbsy\">Cor<\/td>\n<td class=\"src__Text-sc-1m6tc2l-4 kBDbsy\">Vermelho<\/td>\n<\/tr>\n<tr class=\"src__View-sc-1m6tc2l-3 cblkwV\">\n<td class=\"src__Text-sc-1m6tc2l-4 kBDbsy\">Conte\u00fado da embalagem<\/td>\n<td class=\"src__Text-sc-1m6tc2l-4 kBDbsy\">Liquidificador e manual de instru\u00e7\u00f5es.<\/td>\n<\/tr>\n<tr class=\"src__View-sc-1m6tc2l-3 cblkwV\">\n<td class=\"src__Text-sc-1m6tc2l-4 kBDbsy\">Dimens\u00f5es aproximadas do produto &#8211; cm (AxLxP)<\/td>\n<td class=\"src__Text-sc-1m6tc2l-4 kBDbsy\">41,5x23x17,5cm<\/td>\n<\/tr>\n<tr class=\"src__View-sc-1m6tc2l-3 cblkwV\">\n<td class=\"src__Text-sc-1m6tc2l-4 kBDbsy\">Dimens\u00f5es aproximadas da embalagem do produto &#8211; cm (AxLxP)<\/td>\n<td class=\"src__Text-sc-1m6tc2l-4 kBDbsy\">40&#215;19,5&#215;17,5cm<\/td>\n<\/tr>\n<tr class=\"src__View-sc-1m6tc2l-3 cblkwV\">\n<td class=\"src__Text-sc-1m6tc2l-4 kBDbsy\">Peso aproximado do produto &#8211; Kg<\/td>\n<td class=\"src__Text-sc-1m6tc2l-4 kBDbsy\">1,37Kg<\/td>\n<\/tr>\n<tr class=\"src__View-sc-1m6tc2l-3 cblkwV\">\n<td class=\"src__Text-sc-1m6tc2l-4 kBDbsy\">Peso aproximado da embalagem c\/ produto &#8211; Kg<\/td>\n<td class=\"src__Text-sc-1m6tc2l-4 kBDbsy\">1,60Kg<\/td>\n<\/tr>\n<tr class=\"src__View-sc-1m6tc2l-3 cblkwV\">\n<td class=\"src__Text-sc-1m6tc2l-4 kBDbsy\">Garantia do fornecedor<\/td>\n<td class=\"src__Text-sc-1m6tc2l-4 kBDbsy\">12 meses<\/td>\n<\/tr>\n<tr class=\"src__View-sc-1m6tc2l-3 cblkwV\">\n<td class=\"src__Text-sc-1m6tc2l-4 kBDbsy\">Modelo<\/td>\n<td class=\"src__Text-sc-1m6tc2l-4 kBDbsy\">LIQ351-127; LIQ351-220<\/td>\n<\/tr>\n<tr class=\"src__View-sc-1m6tc2l-3 cblkwV\">\n<td class=\"src__Text-sc-1m6tc2l-4 kBDbsy\">Refer\u00eancia do modelo<\/td>\n<td class=\"src__Text-sc-1m6tc2l-4 kBDbsy\">LIQ351-127; LIQ351-220<\/td>\n<\/tr>\n<tr class=\"src__View-sc-1m6tc2l-3 cblkwV\">\n<td class=\"src__Text-sc-1m6tc2l-4 kBDbsy\">Fornecedor<\/td>\n<td class=\"src__Text-sc-1m6tc2l-4 kBDbsy\">Cadence<\/td>\n<\/tr>\n<tr class=\"src__View-sc-1m6tc2l-3 cblkwV\">\n<td class=\"src__Text-sc-1m6tc2l-4 kBDbsy\">SAC<\/td>\n<td class=\"src__Text-sc-1m6tc2l-4 kBDbsy\">(54) 3290-2200<\/td>\n<\/tr>\n<\/tbody>\n<\/table>\n<\/div>\n<div class=\"report-link__ReportUI-sc-2jruhk-0 IlwqL\"><\/div>\n","protected":false},"excerpt":{"rendered":"<p>O Liquidificador Cadence Trap\u00e8ze LIQ351 vem com jarra transparente com al\u00e7a ergon\u00f4mica e tampa com trava: produzida em material de alta resist\u00eancia, tem capacidade para 1,5 litros. Maior seguran\u00e7a e durabilidade. A Jarra do Liq&#8230;<\/p>\n","protected":false},"featured_media":3177,"comment_status":"open","ping_status":"closed","template":"","meta":[],"product_brand":[],"product_cat":[605,21,95,610],"product_tag":[],"class_list":{"0":"post-3176","1":"product","2":"type-product","3":"status-publish","4":"has-post-thumbnail","6":"product_cat-lojas","7":"product_cat-eletroportateis","8":"product_cat-liquidificador","9":"product_cat-shoptime","11":"first","12":"instock","13":"shipping-taxable","14":"product-type-external"},"_links":{"self":[{"href":"https:\/\/barzo.com.br\/shop\/wp-json\/wp\/v2\/product\/3176","targetHints":{"allow":["GET"]}}],"collection":[{"href":"https:\/\/barzo.com.br\/shop\/wp-json\/wp\/v2\/product"}],"about":[{"href":"https:\/\/barzo.com.br\/shop\/wp-json\/wp\/v2\/types\/product"}],"replies":[{"embeddable":true,"href":"https:\/\/barzo.com.br\/shop\/wp-json\/wp\/v2\/comments?post=3176"}],"wp:featuredmedia":[{"embeddable":true,"href":"https:\/\/barzo.com.br\/shop\/wp-json\/wp\/v2\/media\/3177"}],"wp:attachment":[{"href":"https:\/\/barzo.com.br\/shop\/wp-json\/wp\/v2\/media?parent=3176"}],"wp:term":[{"taxonomy":"product_brand","embeddable":true,"href":"https:\/\/barzo.com.br\/shop\/wp-json\/wp\/v2\/product_brand?post=3176"},{"taxonomy":"product_cat","embeddable":true,"href":"https:\/\/barzo.com.br\/shop\/wp-json\/wp\/v2\/product_cat?post=3176"},{"taxonomy":"product_tag","embeddable":true,"href":"https:\/\/barzo.com.br\/shop\/wp-json\/wp\/v2\/product_tag?post=3176"}],"curies":[{"name":"wp","href":"https:\/\/api.w.org\/{rel}","templated":true}]}}