{"id":3133,"date":"2022-11-29T01:21:54","date_gmt":"2022-11-29T04:21:54","guid":{"rendered":"https:\/\/barzo.com.br\/shop\/?post_type=product&#038;p=3133"},"modified":"2022-11-29T01:23:21","modified_gmt":"2022-11-29T04:23:21","slug":"faqueiro-30-pecas-de-aco-inox-wolff-berna-por-apenas-r-26499-6-de-desconto-a-vista-e-frete-gratis-sul-e-sudeste","status":"publish","type":"product","link":"https:\/\/barzo.com.br\/shop\/produto\/faqueiro-30-pecas-de-aco-inox-wolff-berna-por-apenas-r-26499-6-de-desconto-a-vista-e-frete-gratis-sul-e-sudeste\/","title":{"rendered":"Faqueiro 30 Pe\u00e7as de Aco Inox Wolff Berna por apenas R$ 198,02 \u00e0 vista e Frete Gr\u00e1tis Sul e Sudeste"},"content":{"rendered":"<p>Caracteristicas:<br \/>\n&#8211; Marca: Pcyes<br \/>\n&#8211; Modelo: Radeon HD 7750<br \/>\nCaracter\u00edsticas:<br \/>\n&#8211; Marca: Wolff<br \/>\n&#8211; Modelo: Berna 70019<br \/>\nEspecifica\u00e7\u00f5es T\u00e9cnicas:<br \/>\n&#8211; Material A\u00e7o inox<br \/>\n&#8211; Design com cantos delicados<br \/>\n&#8211; Acabamento em alto brilho<br \/>\n&#8211; L\u00e2minas resistentes<br \/>\n&#8211; Lav\u00e1vel em lava-lou\u00e7as<br \/>\n&#8211; Cor Inox<br \/>\nConte\u00fado da Embalagem:<br \/>\n&#8211; 6 Facas de mesa<br \/>\n&#8211; 6 Colheres de mesa<br \/>\n&#8211; 6 Garfos de mesa<br \/>\n&#8211; 6 Garfos de sobremesa<br \/>\n&#8211; 6 Colheres de sobremesa<br \/>\nMedidas aproximadas da embalagem:<br \/>\n&#8211; Altura: 5,4cm<br \/>\n&#8211; Largura: 26,2cm<br \/>\n&#8211; Comprimento: 45,2cm<\/p>\n<p>&#8211; Garantia: 6 meses<br \/>\n&#8211; Peso: 2,2Kg<\/p>\n<p>&nbsp;<\/p>\n<table class=\"src__SpecsCell-sc-70o4ee-5 gYhGqJ\">\n<tbody>\n<tr class=\"spec-drawer__View-sc-jcvy3q-4 eHkstE\">\n<td class=\"spec-drawer__Text-sc-jcvy3q-5 fMwSYd\">Cor<\/td>\n<td class=\"spec-drawer__Text-sc-jcvy3q-5 fMwSYd\">Inox<\/td>\n<\/tr>\n<tr class=\"spec-drawer__View-sc-jcvy3q-4 eHkstE\">\n<td class=\"spec-drawer__Text-sc-jcvy3q-5 fMwSYd\">Cst Origem do Produto<\/td>\n<td class=\"spec-drawer__Text-sc-jcvy3q-5 fMwSYd\">0<\/td>\n<\/tr>\n<tr class=\"spec-drawer__View-sc-jcvy3q-4 eHkstE\">\n<td class=\"spec-drawer__Text-sc-jcvy3q-5 fMwSYd\">Fabricante<\/td>\n<td class=\"spec-drawer__Text-sc-jcvy3q-5 fMwSYd\">Wolff<\/td>\n<\/tr>\n<tr class=\"spec-drawer__View-sc-jcvy3q-4 eHkstE\">\n<td class=\"spec-drawer__Text-sc-jcvy3q-5 fMwSYd\">Garantia<\/td>\n<td class=\"spec-drawer__Text-sc-jcvy3q-5 fMwSYd\">3<\/td>\n<\/tr>\n<tr class=\"spec-drawer__View-sc-jcvy3q-4 eHkstE\">\n<td class=\"spec-drawer__Text-sc-jcvy3q-5 fMwSYd\">Modelo<\/td>\n<td class=\"spec-drawer__Text-sc-jcvy3q-5 fMwSYd\">70019<\/td>\n<\/tr>\n<tr class=\"spec-drawer__View-sc-jcvy3q-4 eHkstE\">\n<td class=\"spec-drawer__Text-sc-jcvy3q-5 fMwSYd\">Profundidade<\/td>\n<td class=\"spec-drawer__Text-sc-jcvy3q-5 fMwSYd\">22<\/td>\n<\/tr>\n<tr class=\"spec-drawer__View-sc-jcvy3q-4 eHkstE\">\n<td class=\"spec-drawer__Text-sc-jcvy3q-5 fMwSYd\">\u00c9 Kit<\/td>\n<td class=\"spec-drawer__Text-sc-jcvy3q-5 fMwSYd\">N\u00e3o<\/td>\n<\/tr>\n<\/tbody>\n<\/table>\n","protected":false},"excerpt":{"rendered":"<p>Caracteristicas: &#8211; Marca: Pcyes &#8211; Modelo: Radeon HD 7750 Caracter\u00edsticas: &#8211; Marca: Wolff &#8211; Modelo: Berna 70019 Especifica\u00e7\u00f5es T\u00e9cnicas: &#8211; Material A\u00e7o inox &#8211; Design com cantos delicados &#8211; Acabamento em alto brilho &#8211; L\u00e2minas resisten&#8230;<\/p>\n","protected":false},"featured_media":3134,"comment_status":"open","ping_status":"closed","template":"","meta":[],"product_brand":[],"product_cat":[607,605,140,147,127],"product_tag":[],"class_list":{"0":"post-3133","1":"product","2":"type-product","3":"status-publish","4":"has-post-thumbnail","6":"product_cat-americanas","7":"product_cat-lojas","8":"product_cat-pratos-e-talheres","9":"product_cat-utensilios-e-acessorios-domesticos","10":"product_cat-utilidades-domesticas","12":"first","13":"instock","14":"shipping-taxable","15":"product-type-external"},"_links":{"self":[{"href":"https:\/\/barzo.com.br\/shop\/wp-json\/wp\/v2\/product\/3133","targetHints":{"allow":["GET"]}}],"collection":[{"href":"https:\/\/barzo.com.br\/shop\/wp-json\/wp\/v2\/product"}],"about":[{"href":"https:\/\/barzo.com.br\/shop\/wp-json\/wp\/v2\/types\/product"}],"replies":[{"embeddable":true,"href":"https:\/\/barzo.com.br\/shop\/wp-json\/wp\/v2\/comments?post=3133"}],"wp:featuredmedia":[{"embeddable":true,"href":"https:\/\/barzo.com.br\/shop\/wp-json\/wp\/v2\/media\/3134"}],"wp:attachment":[{"href":"https:\/\/barzo.com.br\/shop\/wp-json\/wp\/v2\/media?parent=3133"}],"wp:term":[{"taxonomy":"product_brand","embeddable":true,"href":"https:\/\/barzo.com.br\/shop\/wp-json\/wp\/v2\/product_brand?post=3133"},{"taxonomy":"product_cat","embeddable":true,"href":"https:\/\/barzo.com.br\/shop\/wp-json\/wp\/v2\/product_cat?post=3133"},{"taxonomy":"product_tag","embeddable":true,"href":"https:\/\/barzo.com.br\/shop\/wp-json\/wp\/v2\/product_tag?post=3133"}],"curies":[{"name":"wp","href":"https:\/\/api.w.org\/{rel}","templated":true}]}}