{"id":3131,"date":"2022-11-29T01:14:30","date_gmt":"2022-11-29T04:14:30","guid":{"rendered":"https:\/\/barzo.com.br\/shop\/?post_type=product&#038;p=3131"},"modified":"2022-11-29T01:14:31","modified_gmt":"2022-11-29T04:14:31","slug":"jogo-de-panelas-turim-10-pecas-tramontina-antiaderente-preto-por-apenas-r-25999-frete-gratis-sul-e-sudeste","status":"publish","type":"product","link":"https:\/\/barzo.com.br\/shop\/produto\/jogo-de-panelas-turim-10-pecas-tramontina-antiaderente-preto-por-apenas-r-25999-frete-gratis-sul-e-sudeste\/","title":{"rendered":"Jogo De Panelas Turim 10 Pe\u00e7as Tramontina Antiaderente Preto por apenas R$ 259,99 + Frete Gr\u00e1tis Sul e Sudeste"},"content":{"rendered":"<p>A Linha Turim sempre faz sucesso na sua cozinha. Al\u00e9m da praticidade do cozimento uniforme, proporcionado pelo revestimento interno de antiaderente Starflon Max, elas permanecem bonitas por muito mais tempo. Podem ser utilizadas em fog\u00e3o a g\u00e1s e el\u00e9trico e vitrocer\u00e2micos. Revestimento interno de antiaderente Starflon Max que n\u00e3o gruda, mais dur\u00e1vel e n\u00e3o \u00e9 prejudicial \u00e0 sa\u00fade, pois \u00e9 livre de pfoa. O Conjunto de panelas Tramontina acompanha utens\u00edlios de nylon resistentes \u00e0 temperaturas de at\u00e9 180C, sendo 1 Colher para servir, 1 Esp\u00e1tula e 1 Espumadeira.<\/p>\n<p>Recomenda\u00e7\u00f5es de uso: A capacidade volum\u00e9trica m\u00e1xima para cozimento \u00e9 de 3\/4 da capacidade total da pe\u00e7a. Em fog\u00f5es com grade, centralize as pe\u00e7as sobre a chama ou fonte de calor e alinhe os cabos com a grade.<\/p>\n<p>Linha: Turim<br \/>\nCor: Preto<br \/>\nMaterial Corpo: Alum\u00ednio<br \/>\nMaterial das tampas: Vidro Temperado e A\u00e7o Inox<br \/>\nMaterial das al\u00e7as: Baquelite antit\u00e9rmico<br \/>\nMaterial dos Cabos: Baquelite antit\u00e9rmico<br \/>\nRevestimento interno: Antiaderente<br \/>\nTipo de revestimento: Starflon Max<br \/>\nIndica\u00e7\u00e3o de uso: Cozinha<br \/>\nCapacidade do Fervedor: 1,2L<br \/>\nCapacidade da Frigideira 20cm: 0,8L<br \/>\nCapacidade da Frigideira 16cm: 0,4L<br \/>\nCapacidade da Panela 16cm: 1,4L<br \/>\nCapacidade da Panela 18cm: 2L<br \/>\nCapacidade Forma Bolo\/Torta 24cm: 1,4L<br \/>\nCapacidade da Ca\u00e7arola 18cm: 2L<br \/>\nQuantidade de pe\u00e7as: 10<br \/>\nPode ser Levado a Fornos El\u00e9trico ou \u00e0 G\u00e1s: Sim<br \/>\nPode ser Levado a Fog\u00e3o de Indu\u00e7\u00e3o: N\u00e3o<br \/>\nPode ser Levado ao Microondas: N\u00e3o<br \/>\nPode ser Levado a Lava-Lou\u00e7as: N\u00e3o<br \/>\nSelo de Homologa\u00e7\u00e3o: Inmentro<\/p>\n<p>Marca: Tramontina<br \/>\nConte\u00fado da embalagem: 1 Jogo de Panelas<br \/>\nDimens\u00f5es aproximadas do produto: 20 x 29 x 48,2 cm (a x L x p)<br \/>\nDimens\u00f5es aproximadas da embalagem: 21 x 30 x 49 cm (a x L x c)<br \/>\nPeso aproximado do produto: 3,18 Kg<br \/>\nPeso aproximado da embalagem: 3,3 Kg<br \/>\nInforma\u00e7\u00f5es Adicionais: Proporciona cozimento r\u00e1pido e uniforme<\/p>\n<p>Informa\u00e7\u00f5es Importantes:<br \/>\n&#8211; Os objetos que ambientam as imagens, n\u00e3o acompanham o produto.<br \/>\n&#8211; Aten\u00e7\u00e3o: As cores das imagens podem sofrer altera\u00e7\u00f5es devido a luminosidade, configura\u00e7\u00f5es do monitor e at\u00e9 mesmo a percep\u00e7\u00e3o do usu\u00e1rio.<\/p>\n<p>&nbsp;<\/p>\n<table class=\"src__SpecsCell-sc-70o4ee-5 gYhGqJ\">\n<tbody>\n<tr class=\"spec-drawer__View-sc-jcvy3q-4 eHkstE\">\n<td class=\"spec-drawer__Text-sc-jcvy3q-5 fMwSYd\">Cor<\/td>\n<td class=\"spec-drawer__Text-sc-jcvy3q-5 fMwSYd\">Preto<\/td>\n<\/tr>\n<tr class=\"spec-drawer__View-sc-jcvy3q-4 eHkstE\">\n<td class=\"spec-drawer__Text-sc-jcvy3q-5 fMwSYd\">Material mkt<\/td>\n<td class=\"spec-drawer__Text-sc-jcvy3q-5 fMwSYd\">Alum\u00ednio<\/td>\n<\/tr>\n<tr class=\"spec-drawer__View-sc-jcvy3q-4 eHkstE\">\n<td class=\"spec-drawer__Text-sc-jcvy3q-5 fMwSYd\">Modelo produto<\/td>\n<td class=\"spec-drawer__Text-sc-jcvy3q-5 fMwSYd\">27899\/299<\/td>\n<\/tr>\n<tr class=\"spec-drawer__View-sc-jcvy3q-4 eHkstE\">\n<td class=\"spec-drawer__Text-sc-jcvy3q-5 fMwSYd\">Perfil Produto<\/td>\n<td class=\"spec-drawer__Text-sc-jcvy3q-5 fMwSYd\">Leve<\/td>\n<\/tr>\n<tr class=\"spec-drawer__View-sc-jcvy3q-4 eHkstE\">\n<td class=\"spec-drawer__Text-sc-jcvy3q-5 fMwSYd\">Fabricante<\/td>\n<td class=\"spec-drawer__Text-sc-jcvy3q-5 fMwSYd\">Tramontina<\/td>\n<\/tr>\n<tr class=\"spec-drawer__View-sc-jcvy3q-4 eHkstE\">\n<td class=\"spec-drawer__Text-sc-jcvy3q-5 fMwSYd\">Modelo<\/td>\n<td class=\"spec-drawer__Text-sc-jcvy3q-5 fMwSYd\">Antiaderente<\/td>\n<\/tr>\n<tr class=\"spec-drawer__View-sc-jcvy3q-4 eHkstE\">\n<td class=\"spec-drawer__Text-sc-jcvy3q-5 fMwSYd\">Material<\/td>\n<td class=\"spec-drawer__Text-sc-jcvy3q-5 fMwSYd\">Alum\u00ednio<\/td>\n<\/tr>\n<tr class=\"spec-drawer__View-sc-jcvy3q-4 eHkstE\">\n<td class=\"spec-drawer__Text-sc-jcvy3q-5 fMwSYd\">Revestimento<\/td>\n<td class=\"spec-drawer__Text-sc-jcvy3q-5 fMwSYd\">Antiaderente<\/td>\n<\/tr>\n<tr class=\"spec-drawer__View-sc-jcvy3q-4 eHkstE\">\n<td class=\"spec-drawer__Text-sc-jcvy3q-5 fMwSYd\">Marca<\/td>\n<td class=\"spec-drawer__Text-sc-jcvy3q-5 fMwSYd\">Tramontina<\/td>\n<\/tr>\n<tr class=\"spec-drawer__View-sc-jcvy3q-4 eHkstE\">\n<td class=\"spec-drawer__Text-sc-jcvy3q-5 fMwSYd\">Funcionalidade<\/td>\n<td class=\"spec-drawer__Text-sc-jcvy3q-5 fMwSYd\">Antiaderente<\/td>\n<\/tr>\n<\/tbody>\n<\/table>\n","protected":false},"excerpt":{"rendered":"<p>A Linha Turim sempre faz sucesso na sua cozinha. Al\u00e9m da praticidade do cozimento uniforme, proporcionado pelo revestimento interno de antiaderente Starflon Max, elas permanecem bonitas por muito mais tempo. Podem ser utilizadas em &#8230;<\/p>\n","protected":false},"featured_media":3132,"comment_status":"open","ping_status":"closed","template":"","meta":[],"product_brand":[],"product_cat":[605,607,143,141,140,147,127],"product_tag":[],"class_list":{"0":"post-3131","1":"product","2":"type-product","3":"status-publish","4":"has-post-thumbnail","6":"product_cat-lojas","7":"product_cat-americanas","8":"product_cat-bandejas-e-assadeiras","9":"product_cat-panelas","10":"product_cat-pratos-e-talheres","11":"product_cat-utensilios-e-acessorios-domesticos","12":"product_cat-utilidades-domesticas","14":"first","15":"instock","16":"shipping-taxable","17":"product-type-external"},"_links":{"self":[{"href":"https:\/\/barzo.com.br\/shop\/wp-json\/wp\/v2\/product\/3131","targetHints":{"allow":["GET"]}}],"collection":[{"href":"https:\/\/barzo.com.br\/shop\/wp-json\/wp\/v2\/product"}],"about":[{"href":"https:\/\/barzo.com.br\/shop\/wp-json\/wp\/v2\/types\/product"}],"replies":[{"embeddable":true,"href":"https:\/\/barzo.com.br\/shop\/wp-json\/wp\/v2\/comments?post=3131"}],"wp:featuredmedia":[{"embeddable":true,"href":"https:\/\/barzo.com.br\/shop\/wp-json\/wp\/v2\/media\/3132"}],"wp:attachment":[{"href":"https:\/\/barzo.com.br\/shop\/wp-json\/wp\/v2\/media?parent=3131"}],"wp:term":[{"taxonomy":"product_brand","embeddable":true,"href":"https:\/\/barzo.com.br\/shop\/wp-json\/wp\/v2\/product_brand?post=3131"},{"taxonomy":"product_cat","embeddable":true,"href":"https:\/\/barzo.com.br\/shop\/wp-json\/wp\/v2\/product_cat?post=3131"},{"taxonomy":"product_tag","embeddable":true,"href":"https:\/\/barzo.com.br\/shop\/wp-json\/wp\/v2\/product_tag?post=3131"}],"curies":[{"name":"wp","href":"https:\/\/api.w.org\/{rel}","templated":true}]}}