{"id":3111,"date":"2022-11-29T00:18:57","date_gmt":"2022-11-29T03:18:57","guid":{"rendered":"https:\/\/barzo.com.br\/shop\/?post_type=product&#038;p=3111"},"modified":"2022-11-29T00:18:57","modified_gmt":"2022-11-29T03:18:57","slug":"red-label-com-2-copos-e-frete-gratis-brasil","status":"publish","type":"product","link":"https:\/\/barzo.com.br\/shop\/produto\/red-label-com-2-copos-e-frete-gratis-brasil\/","title":{"rendered":"Red label com 2 copos e frete gr\u00e1tis Brasil"},"content":{"rendered":"<div>\n<p class=\"info-disclaimers__Text-sc-1a5zes7-0 iAzzRS\">\u00c9 proibida a venda e consumo de bebidas alco\u00f3licas para menores de 18 anos.<\/p>\n<p class=\"info-disclaimers__Text-sc-1a5zes7-0 iAzzRS\">Beba com modera\u00e7\u00e3o. Se beber n\u00e3o dirija.<\/p>\n<\/div>\n<div class=\"src__Description-sc-13f3i2j-2 bqnMru\">Combo de jw Red Label + acess\u00f3rio, cont\u00e9m: &#8211; 1 unidade do whisky Johnnie Walker Red Label 1l, garrafa em vidro. &#8211; 2 unidades do copo de Highball Johnnie Walker, em vidro, de 400ml<\/div>\n","protected":false},"excerpt":{"rendered":"<p>Combo de jw Red Label + acess\u00f3rio, cont\u00e9m: &#8211; 1 unidade do whisky Johnnie Walker Red Label 1l, garrafa em vidro. &#8211; 2 unidades do copo de Highball Johnnie Walker, em vidro, de 400ml<\/p>\n","protected":false},"featured_media":3113,"comment_status":"open","ping_status":"closed","template":"","meta":[],"product_brand":[],"product_cat":[605,607,17,317],"product_tag":[],"class_list":{"0":"post-3111","1":"product","2":"type-product","3":"status-publish","4":"has-post-thumbnail","6":"product_cat-lojas","7":"product_cat-americanas","8":"product_cat-bebidas","9":"product_cat-kits","11":"first","12":"instock","13":"shipping-taxable","14":"product-type-external"},"_links":{"self":[{"href":"https:\/\/barzo.com.br\/shop\/wp-json\/wp\/v2\/product\/3111","targetHints":{"allow":["GET"]}}],"collection":[{"href":"https:\/\/barzo.com.br\/shop\/wp-json\/wp\/v2\/product"}],"about":[{"href":"https:\/\/barzo.com.br\/shop\/wp-json\/wp\/v2\/types\/product"}],"replies":[{"embeddable":true,"href":"https:\/\/barzo.com.br\/shop\/wp-json\/wp\/v2\/comments?post=3111"}],"wp:featuredmedia":[{"embeddable":true,"href":"https:\/\/barzo.com.br\/shop\/wp-json\/wp\/v2\/media\/3113"}],"wp:attachment":[{"href":"https:\/\/barzo.com.br\/shop\/wp-json\/wp\/v2\/media?parent=3111"}],"wp:term":[{"taxonomy":"product_brand","embeddable":true,"href":"https:\/\/barzo.com.br\/shop\/wp-json\/wp\/v2\/product_brand?post=3111"},{"taxonomy":"product_cat","embeddable":true,"href":"https:\/\/barzo.com.br\/shop\/wp-json\/wp\/v2\/product_cat?post=3111"},{"taxonomy":"product_tag","embeddable":true,"href":"https:\/\/barzo.com.br\/shop\/wp-json\/wp\/v2\/product_tag?post=3111"}],"curies":[{"name":"wp","href":"https:\/\/api.w.org\/{rel}","templated":true}]}}