{"id":3100,"date":"2022-11-28T02:15:07","date_gmt":"2022-11-28T05:15:07","guid":{"rendered":"https:\/\/barzo.com.br\/shop\/?post_type=product&#038;p=3100"},"modified":"2022-11-28T02:26:16","modified_gmt":"2022-11-28T05:26:16","slug":"aparelho-de-jantar-petala-16-pecas-com-tacas-nadir-figueiredo-por-r8999-ate-29-11","status":"publish","type":"product","link":"https:\/\/barzo.com.br\/shop\/produto\/aparelho-de-jantar-petala-16-pecas-com-tacas-nadir-figueiredo-por-r8999-ate-29-11\/","title":{"rendered":"Aparelho de Jantar P\u00e9tala 16 Pe\u00e7as com Ta\u00e7as &#8211; Nadir Figueiredo por R$89,99, at\u00e9 29\/11."},"content":{"rendered":"<p>Sirva seus convidados e familiares com este bel\u00edssimo\u00a0<b>Aparelho de Jantar P\u00e9tala 16 Pe\u00e7as com Ta\u00e7as\u00a0<\/b>da\u00a0<b>Nadir Figueiredo\u00a0<\/b>.<\/p>\n<p>Com design cl\u00e1ssico e rico em detalhes por toda borda, levar\u00e1 para sua mesa sofistica\u00e7\u00e3o e requinte. Produzido em vidro de excelente qualidade, \u00e9 resistente, n\u00e3o absorver cheiro, cor ou sabor dos alimentos.<\/p>\n<p>Uma \u00f3tima escolha para servir e compor a decora\u00e7\u00e3o da mesa no dia a dia ou em ocasi\u00f5es especiais.<\/p>\n<p><b>Imagens meramente ilustrativas.<\/b><br \/>\n<b>Todas as informa\u00e7\u00f5es divulgadas s\u00e3o de responsabilidade do Fabricante\/Fornecedor.<\/b><\/p>\n<p>&nbsp;<\/p>\n<div class=\"title__TitleContainer-sc-1agd3up-0 jyIdpT\">\n<h2 class=\"title__TitleUI-sc-1agd3up-1 iyzRIC\">ficha t\u00e9cnica<\/h2>\n<\/div>\n<div class=\"src__ContentWrapper-sc-1tfa99l-1 jfPPvR\">\n<div class=\"src__Content-sc-1tfa99l-2 jRnOdI\">\n<div class=\"src__TextWrapper-sc-70o4ee-3 eoVIzh\"><\/div>\n<div class=\"src__DeskWrapper-sc-70o4ee-4 kgeEqy\">\n<table class=\"src__SpecsCell-sc-70o4ee-5 gYhGqJ\">\n<tbody>\n<tr class=\"spec-drawer__View-sc-jcvy3q-4 eHkstE\">\n<td class=\"spec-drawer__Text-sc-jcvy3q-5 fMwSYd\">C\u00f3digo<\/td>\n<td class=\"spec-drawer__Text-sc-jcvy3q-5 fMwSYd\">678465952<\/td>\n<\/tr>\n<tr class=\"spec-drawer__View-sc-jcvy3q-4 eHkstE\">\n<td class=\"spec-drawer__Text-sc-jcvy3q-5 fMwSYd\">C\u00f3digo de barras<\/td>\n<td class=\"spec-drawer__Text-sc-jcvy3q-5 fMwSYd\">7891155041627<\/td>\n<\/tr>\n<tr class=\"spec-drawer__View-sc-jcvy3q-4 eHkstE\">\n<td class=\"spec-drawer__Text-sc-jcvy3q-5 fMwSYd\">Composi\u00e7\u00e3o\/Material<\/td>\n<td class=\"spec-drawer__Text-sc-jcvy3q-5 fMwSYd\">Vidro opaline branco e vidro incolor<\/td>\n<\/tr>\n<tr class=\"spec-drawer__View-sc-jcvy3q-4 eHkstE\">\n<td class=\"spec-drawer__Text-sc-jcvy3q-5 fMwSYd\">Dimens\u00f5es aproximadas da embalagem (cm) &#8211; AxLxP<\/td>\n<td class=\"spec-drawer__Text-sc-jcvy3q-5 fMwSYd\">21,2&#215;26,4x30cm<\/td>\n<\/tr>\n<tr class=\"spec-drawer__View-sc-jcvy3q-4 eHkstE\">\n<td class=\"spec-drawer__Text-sc-jcvy3q-5 fMwSYd\">Formato<\/td>\n<td class=\"spec-drawer__Text-sc-jcvy3q-5 fMwSYd\">Circular<\/td>\n<\/tr>\n<tr class=\"spec-drawer__View-sc-jcvy3q-4 eHkstE\">\n<td class=\"spec-drawer__Text-sc-jcvy3q-5 fMwSYd\">Serve At\u00e9<\/td>\n<td class=\"spec-drawer__Text-sc-jcvy3q-5 fMwSYd\">4 pessoas<\/td>\n<\/tr>\n<tr class=\"spec-drawer__View-sc-jcvy3q-4 eHkstE\">\n<td class=\"spec-drawer__Text-sc-jcvy3q-5 fMwSYd\">Descri\u00e7\u00e3o e N\u00famero de Pe\u00e7as<\/td>\n<td class=\"spec-drawer__Text-sc-jcvy3q-5 fMwSYd\">Aparelho de Jantar 16 Pe\u00e7as que serve 4 Pessoas: 4 Pratos Rasos, 4 Pratos Fundos, 4 Pratos de Sobremesa e 4 Ta\u00e7as.<\/td>\n<\/tr>\n<tr class=\"spec-drawer__View-sc-jcvy3q-4 eHkstE\">\n<td class=\"spec-drawer__Text-sc-jcvy3q-5 fMwSYd\">Estampa<\/td>\n<td class=\"spec-drawer__Text-sc-jcvy3q-5 fMwSYd\">Liso<\/td>\n<\/tr>\n<tr class=\"spec-drawer__View-sc-jcvy3q-4 eHkstE\">\n<td class=\"spec-drawer__Text-sc-jcvy3q-5 fMwSYd\">Pode Ser Usado em<\/td>\n<td class=\"spec-drawer__Text-sc-jcvy3q-5 fMwSYd\">Lava-lou\u00e7as<\/td>\n<\/tr>\n<tr class=\"spec-drawer__View-sc-jcvy3q-4 eHkstE\">\n<td class=\"spec-drawer__Text-sc-jcvy3q-5 fMwSYd\">Dimens\u00f5es Aproximadas das Pe\u00e7as (cm) &#8211; AxLxP<\/td>\n<td class=\"spec-drawer__Text-sc-jcvy3q-5 fMwSYd\">Prato Raso 25,5cm, Prato Fundo 23,5cm, Prato de Sobremesa 19,5cm e Ta\u00e7as 220ml<\/td>\n<\/tr>\n<tr class=\"spec-drawer__View-sc-jcvy3q-4 eHkstE\">\n<td class=\"spec-drawer__Text-sc-jcvy3q-5 fMwSYd\">Cor<\/td>\n<td class=\"spec-drawer__Text-sc-jcvy3q-5 fMwSYd\">Bege\/Branco<\/td>\n<\/tr>\n<tr class=\"spec-drawer__View-sc-jcvy3q-4 eHkstE\">\n<td class=\"spec-drawer__Text-sc-jcvy3q-5 fMwSYd\">Garantia do Fornecedor<\/td>\n<td class=\"spec-drawer__Text-sc-jcvy3q-5 fMwSYd\">Contra Defeitos de Fabrica\u00e7\u00e3o<\/td>\n<\/tr>\n<tr class=\"spec-drawer__View-sc-jcvy3q-4 eHkstE\">\n<td class=\"spec-drawer__Text-sc-jcvy3q-5 fMwSYd\">Refer\u00eancia do Modelo<\/td>\n<td class=\"spec-drawer__Text-sc-jcvy3q-5 fMwSYd\">Duralex Opaline<\/td>\n<\/tr>\n<tr class=\"spec-drawer__View-sc-jcvy3q-4 eHkstE\">\n<td class=\"spec-drawer__Text-sc-jcvy3q-5 fMwSYd\">Modelo<\/td>\n<td class=\"spec-drawer__Text-sc-jcvy3q-5 fMwSYd\">P\u00e9tala<\/td>\n<\/tr>\n<tr class=\"spec-drawer__View-sc-jcvy3q-4 eHkstE\">\n<td class=\"spec-drawer__Text-sc-jcvy3q-5 fMwSYd\">SAC<\/td>\n<td class=\"spec-drawer__Text-sc-jcvy3q-5 fMwSYd\">0800 163 646<\/td>\n<\/tr>\n<tr class=\"spec-drawer__View-sc-jcvy3q-4 eHkstE\">\n<td class=\"spec-drawer__Text-sc-jcvy3q-5 fMwSYd\">Fabricante<\/td>\n<td class=\"spec-drawer__Text-sc-jcvy3q-5 fMwSYd\">Nadir Figueiredo<\/td>\n<\/tr>\n<tr class=\"spec-drawer__View-sc-jcvy3q-4 eHkstE\">\n<td class=\"spec-drawer__Text-sc-jcvy3q-5 fMwSYd\">Marca<\/td>\n<td class=\"spec-drawer__Text-sc-jcvy3q-5 fMwSYd\">Nadir Figueiredo<\/td>\n<\/tr>\n<\/tbody>\n<\/table>\n<\/div>\n<\/div>\n<\/div>\n","protected":false},"excerpt":{"rendered":"<p>Sirva seus convidados e familiares com este bel\u00edssimo Aparelho de Jantar P\u00e9tala 16 Pe\u00e7as com Ta\u00e7as da Nadir Figueiredo . Com design cl\u00e1ssico e rico em detalhes por toda borda, levar\u00e1 para sua mesa sofistica\u00e7\u00e3o e requinte. Produzi&#8230;<\/p>\n","protected":false},"featured_media":3101,"comment_status":"open","ping_status":"closed","template":"","meta":[],"product_brand":[],"product_cat":[127,607,139,605,140],"product_tag":[],"class_list":{"0":"post-3100","1":"product","2":"type-product","3":"status-publish","4":"has-post-thumbnail","6":"product_cat-utilidades-domesticas","7":"product_cat-americanas","8":"product_cat-copos-tacas-e-canecas","9":"product_cat-lojas","10":"product_cat-pratos-e-talheres","12":"first","13":"instock","14":"shipping-taxable","15":"product-type-external"},"_links":{"self":[{"href":"https:\/\/barzo.com.br\/shop\/wp-json\/wp\/v2\/product\/3100","targetHints":{"allow":["GET"]}}],"collection":[{"href":"https:\/\/barzo.com.br\/shop\/wp-json\/wp\/v2\/product"}],"about":[{"href":"https:\/\/barzo.com.br\/shop\/wp-json\/wp\/v2\/types\/product"}],"replies":[{"embeddable":true,"href":"https:\/\/barzo.com.br\/shop\/wp-json\/wp\/v2\/comments?post=3100"}],"wp:featuredmedia":[{"embeddable":true,"href":"https:\/\/barzo.com.br\/shop\/wp-json\/wp\/v2\/media\/3101"}],"wp:attachment":[{"href":"https:\/\/barzo.com.br\/shop\/wp-json\/wp\/v2\/media?parent=3100"}],"wp:term":[{"taxonomy":"product_brand","embeddable":true,"href":"https:\/\/barzo.com.br\/shop\/wp-json\/wp\/v2\/product_brand?post=3100"},{"taxonomy":"product_cat","embeddable":true,"href":"https:\/\/barzo.com.br\/shop\/wp-json\/wp\/v2\/product_cat?post=3100"},{"taxonomy":"product_tag","embeddable":true,"href":"https:\/\/barzo.com.br\/shop\/wp-json\/wp\/v2\/product_tag?post=3100"}],"curies":[{"name":"wp","href":"https:\/\/api.w.org\/{rel}","templated":true}]}}