{"id":2811,"date":"2022-11-25T16:35:13","date_gmt":"2022-11-25T19:35:13","guid":{"rendered":"https:\/\/barzo.com.br\/shop\/?post_type=product&#038;p=2811"},"modified":"2022-11-28T02:26:17","modified_gmt":"2022-11-28T05:26:17","slug":"jogo-de-panelas-8-pecas-ceramic-life-smart-plus-vanilla-brinox","status":"publish","type":"product","link":"https:\/\/barzo.com.br\/shop\/produto\/jogo-de-panelas-8-pecas-ceramic-life-smart-plus-vanilla-brinox\/","title":{"rendered":"Jogo de panelas 8 pe\u00e7as ceramic life smart plus vanilla brinox"},"content":{"rendered":"<p>CARACTER\u00cdSTICAS:<br \/>\n&#8211; O conjunto de panelas com 8 pe\u00e7as da linha Smart Plus vai deixar a sua cozinha mais completa! Com a nova gera\u00e7\u00e3o de antiaderente cer\u00e2mico: a Pro Ceramic Premium, est\u00e3o mais resistentes, livres de metais pesados e elementos qu\u00edmicos prejudiciais \u00e0 sa\u00fade, exigem menos \u00f3leo e n\u00e3o deixam os alimentos grudarem.<br \/>\n&#8211; Ao cozinharem os alimentos por igual e por serem de f\u00e1cil limpeza, elas facilitam a rotina na cozinha.<br \/>\n&#8211; Os cabos e al\u00e7as t\u00eam revestimento Soft-Touch, n\u00e3o esquentam e t\u00eam um toque macio, e as tampas s\u00e3o de vidro temperado com sa\u00edda para o vapor.<\/p>\n<p>&#8211; O conjunto \u00e9 composto por oito pe\u00e7as<\/p>\n<p>ESPECIFICA\u00c7\u00d5ES:<br \/>\n&#8211; Marca: Brinox<br \/>\n&#8211; Linha: Ceramic Life Smart Plus<br \/>\n&#8211; Ref.: 4791\/105<br \/>\n&#8211; ean: 7896502880218<br \/>\n&#8211; Espessura: 2.5mm<br \/>\n&#8211; Material: Alum\u00ednio<br \/>\n&#8211; Cor: Vanilla<br \/>\n&#8211; Quantidade: 8 Pe\u00e7as<br \/>\n&#8211; Garantia: 90 dias<\/p>\n<p>itens que acompanham:<br \/>\n&#8211; 01 Panela com Tampa 16 x 8 cm 1,25L<br \/>\n&#8211; 01 Panela com Tampa 18 x 9 cm 1,55L<br \/>\n&#8211; 01 Ca\u00e7arola com Tampa 20 x 9,5 cm 2,55L<br \/>\n&#8211; 01 Ca\u00e7arola com Tampa 24 x 11,5 cm 4,55L<br \/>\n&#8211; 01 Frigideira 14 x 2,5 cm 0,2L<br \/>\n&#8211; 01 Frigideira 20 x 3,5cm 0,6L<br \/>\n&#8211; 01 Grill 24 x 22 x 3 cm 1,35L<br \/>\n&#8211; 01 Fervedor 11 x 12,5 cm 1L<\/p>\n<p>&nbsp;<\/p>\n","protected":false},"excerpt":{"rendered":"<p>O conjunto de panelas com 8 pe\u00e7as da linha Smart Plus vai deixar a sua cozinha mais completa! Com a nova gera\u00e7\u00e3o de antiaderente cer\u00e2mico: a Pro Ceramic Premium, est\u00e3o mais resiste&#8230;<\/p>\n","protected":false},"featured_media":2812,"comment_status":"open","ping_status":"closed","template":"","meta":[],"product_brand":[],"product_cat":[127,607,605,141,147],"product_tag":[],"class_list":{"0":"post-2811","1":"product","2":"type-product","3":"status-publish","4":"has-post-thumbnail","6":"product_cat-utilidades-domesticas","7":"product_cat-americanas","8":"product_cat-lojas","9":"product_cat-panelas","10":"product_cat-utensilios-e-acessorios-domesticos","12":"first","13":"instock","14":"sale","15":"shipping-taxable","16":"product-type-external"},"_links":{"self":[{"href":"https:\/\/barzo.com.br\/shop\/wp-json\/wp\/v2\/product\/2811","targetHints":{"allow":["GET"]}}],"collection":[{"href":"https:\/\/barzo.com.br\/shop\/wp-json\/wp\/v2\/product"}],"about":[{"href":"https:\/\/barzo.com.br\/shop\/wp-json\/wp\/v2\/types\/product"}],"replies":[{"embeddable":true,"href":"https:\/\/barzo.com.br\/shop\/wp-json\/wp\/v2\/comments?post=2811"}],"wp:featuredmedia":[{"embeddable":true,"href":"https:\/\/barzo.com.br\/shop\/wp-json\/wp\/v2\/media\/2812"}],"wp:attachment":[{"href":"https:\/\/barzo.com.br\/shop\/wp-json\/wp\/v2\/media?parent=2811"}],"wp:term":[{"taxonomy":"product_brand","embeddable":true,"href":"https:\/\/barzo.com.br\/shop\/wp-json\/wp\/v2\/product_brand?post=2811"},{"taxonomy":"product_cat","embeddable":true,"href":"https:\/\/barzo.com.br\/shop\/wp-json\/wp\/v2\/product_cat?post=2811"},{"taxonomy":"product_tag","embeddable":true,"href":"https:\/\/barzo.com.br\/shop\/wp-json\/wp\/v2\/product_tag?post=2811"}],"curies":[{"name":"wp","href":"https:\/\/api.w.org\/{rel}","templated":true}]}}