{"id":2457,"date":"2021-12-29T03:40:51","date_gmt":"2021-12-29T03:40:51","guid":{"rendered":"https:\/\/barzo.com.br\/shop\/?post_type=product&#038;p=2457"},"modified":"2021-12-29T03:40:51","modified_gmt":"2021-12-29T03:40:51","slug":"aspirador-de-po-black-e-decker-1600-w-127v-a3-br","status":"publish","type":"product","link":"https:\/\/barzo.com.br\/shop\/produto\/aspirador-de-po-black-e-decker-1600-w-127v-a3-br\/","title":{"rendered":"Aspirador De P\u00f3 Black E Decker 1600 W 127V A3-Br"},"content":{"rendered":"<p>Aspirador De P\u00f3 Black E Decker 1600 W Coletor Permanente E Acess\u00f3rios 127V A3-Br<\/p>\n<p>O aspirador perfeito para realizar a limpeza di\u00e1ria. Acionamento por pedal conta com indicador de coletor de p\u00f3 cheio, recolhimento autom\u00e1tico do cabo el\u00e9trico por pedal, mais facilidade e rapidez para guardar. Ideal para limpezas b\u00e1sicas do dia a dia. Al\u00e7a pr\u00e1tica para transportar o aspirador e coletor de p\u00f3 permanente lav\u00e1vel.<br \/>\nEconomia e sustentabilidade no reaproveitamento do coletor &#8211; Basta remover a canaleta para eliminar os res\u00edduos e utilizar novamente com coletor de p\u00f3 permanente lav\u00e1vel.<\/p>\n<p>Pot\u00eancia: 1600 Watts de pot\u00eancia<br \/>\nCapacidade do coletor: 1,2L<br \/>\nAcess\u00f3rios inclusos: mangueira flex\u00edvel, 2 tubos prolongadores, escova para carpete e piso frio, escova para colch\u00f5es e estofados, bocal 2 em 1 para cantos, frestas, rodap\u00e9s e \u00e1reas de dif\u00edcil acesso<br \/>\nFrequ\u00eancia: 60 Hz<br \/>\nAlimenta\u00e7\u00e3o: 127 V<\/p>\n<p>Medidas aproximadas do produto<br \/>\n&#8211; Comprimento: 29 cm<br \/>\n&#8211; Altura: 29 cm<br \/>\n&#8211; Largura: 39,5 cm<br \/>\n&#8211; Peso: 4520 g<\/p>\n","protected":false},"excerpt":{"rendered":"<p>O aspirador perfeito para realizar a limpeza di\u00e1ria. Acionamento por pedal conta com indicador de coletor de p\u00f3 cheio, recolhimento autom\u00e1tico do cabo el\u00e9trico por pedal, mais facilidade e&#8230;<\/p>\n","protected":false},"featured_media":2456,"comment_status":"open","ping_status":"closed","template":"","meta":[],"product_brand":[],"product_cat":[226,227,91,608,21,605],"product_tag":[],"class_list":{"0":"post-2457","1":"product","2":"type-product","3":"status-publish","4":"has-post-thumbnail","6":"product_cat-automotivo","7":"product_cat-acessorios-automotivos","8":"product_cat-aspirador-de-po","9":"product_cat-casas-bahia","10":"product_cat-eletroportateis","11":"product_cat-lojas","13":"first","14":"instock","15":"shipping-taxable","16":"product-type-external"},"_links":{"self":[{"href":"https:\/\/barzo.com.br\/shop\/wp-json\/wp\/v2\/product\/2457","targetHints":{"allow":["GET"]}}],"collection":[{"href":"https:\/\/barzo.com.br\/shop\/wp-json\/wp\/v2\/product"}],"about":[{"href":"https:\/\/barzo.com.br\/shop\/wp-json\/wp\/v2\/types\/product"}],"replies":[{"embeddable":true,"href":"https:\/\/barzo.com.br\/shop\/wp-json\/wp\/v2\/comments?post=2457"}],"wp:featuredmedia":[{"embeddable":true,"href":"https:\/\/barzo.com.br\/shop\/wp-json\/wp\/v2\/media\/2456"}],"wp:attachment":[{"href":"https:\/\/barzo.com.br\/shop\/wp-json\/wp\/v2\/media?parent=2457"}],"wp:term":[{"taxonomy":"product_brand","embeddable":true,"href":"https:\/\/barzo.com.br\/shop\/wp-json\/wp\/v2\/product_brand?post=2457"},{"taxonomy":"product_cat","embeddable":true,"href":"https:\/\/barzo.com.br\/shop\/wp-json\/wp\/v2\/product_cat?post=2457"},{"taxonomy":"product_tag","embeddable":true,"href":"https:\/\/barzo.com.br\/shop\/wp-json\/wp\/v2\/product_tag?post=2457"}],"curies":[{"name":"wp","href":"https:\/\/api.w.org\/{rel}","templated":true}]}}