{"id":2248,"date":"2021-09-01T02:17:36","date_gmt":"2021-09-01T02:17:36","guid":{"rendered":"https:\/\/barzo.com.br\/shop\/?post_type=product&#038;p=2248"},"modified":"2021-09-01T02:26:51","modified_gmt":"2021-09-01T02:26:51","slug":"mi-tv-stick-android-tv-9-0-smart-hdr-1gb-ram-8gb-rom-bluetooth-4-2-mini-tv-dongle-wifi-google-assistente","status":"publish","type":"product","link":"https:\/\/barzo.com.br\/shop\/produto\/mi-tv-stick-android-tv-9-0-smart-hdr-1gb-ram-8gb-rom-bluetooth-4-2-mini-tv-dongle-wifi-google-assistente\/","title":{"rendered":"Mi TV Stick Android TV 9.0 Smart hdr 1gb ram 8gb rom Bluetooth 4.2 Mini TV dongle wifi Google Assistente"},"content":{"rendered":"<p>Produto: Mi TV Stick-European Version (Padr\u00e3o Europeu)<br \/>\nMarca: Xiaomi<br \/>\nTipo: Dongle de tv<br \/>\ngpu: Mali 450<br \/>\ncpu: Cortex quad-core-A53 2.0ghz<br \/>\nram: 1GB<br \/>\nrom: emmc 8GB (a quantidade real de armazenamento pode ser menor do que isso, porque o sistema operacional ocupa parte do conte\u00fado e outros fatores variam)<br \/>\nSistema operacional: Android TV 9.0<br \/>\nDecodificador de v\u00eddeo: VP8, VP9, VC-1, H263, h. 264, H.265, MPEG1\/2\/4<br \/>\nFormato de v\u00eddeo: Rmov, avi, mkv, ts, mp4<br \/>\nDecodificador de \u00e1udio: dts<br \/>\nFormato de \u00e1udio: Mp3, aac, flac, ogg<br \/>\nFormato da imagem: Jpg, bmp, gif, png, tif<br \/>\nOutros: Suporte 5.1<br \/>\nSa\u00edda de som surround: sim<br \/>\nWiFi: 2.4ghz + wi-fi de banda dupla de 5ghz, 802,11 a\/b\/g\/n\/ac azul<br \/>\nDentes: Bluetooth 4.2<br \/>\nPot\u00eancia: porta USB 2.0 x1<br \/>\nInterface: compat\u00edvel com hdmi, otg, USB3.0<br \/>\nIdioma: v\u00e1rias l\u00ednguas<br \/>\nhdmi -c Ompatible 2.0a<br \/>\nCompat\u00edvel com hdmi com fun\u00e7\u00e3o hdcp<br \/>\nConte\u00fado: Google Play, Netflix, YouTube, v\u00eddeo principal, etc.<br \/>\nControle remoto: controle remoto Bluetooth com assistente de voz do Google<br \/>\nConsumo de energia: 5W<br \/>\nTipo de fonte de alimenta\u00e7\u00e3o: fonte de alimenta\u00e7\u00e3o digital<br \/>\nTens\u00e3o de entrada: 5V<br \/>\nEntrada do adaptador de pot\u00eancia: 100-240v\/50-60hz<br \/>\nPacote inclu\u00eddo:<br \/>\n1 x Mi TV Stick<br \/>\n1 x cabo hdmi<br \/>\n1 x controle remoto de voz<br \/>\n1 x manual em ingl\u00eas<\/p>\n","protected":false},"excerpt":{"rendered":"<p>Produto: Mi TV Stick-European Version (Padr\u00e3o Europeu) Marca: Xiaomi Tipo: Dongle de tv gpu: Mali 450 cpu: Cortex quad-core-A53 2.0ghz ram: 1GB rom: emmc 8GB (a quantidade real de armazenamento pode ser menor do que isso, porque o s&#8230;<\/p>\n","protected":false},"featured_media":2249,"comment_status":"open","ping_status":"closed","template":"","meta":[],"product_brand":[],"product_cat":[22,50],"product_tag":[],"class_list":{"0":"post-2248","1":"product","2":"type-product","3":"status-publish","4":"has-post-thumbnail","6":"product_cat-eletronicos-audio-e-video","7":"product_cat-tvs","9":"first","10":"instock","11":"sale","12":"shipping-taxable","13":"product-type-external"},"_links":{"self":[{"href":"https:\/\/barzo.com.br\/shop\/wp-json\/wp\/v2\/product\/2248","targetHints":{"allow":["GET"]}}],"collection":[{"href":"https:\/\/barzo.com.br\/shop\/wp-json\/wp\/v2\/product"}],"about":[{"href":"https:\/\/barzo.com.br\/shop\/wp-json\/wp\/v2\/types\/product"}],"replies":[{"embeddable":true,"href":"https:\/\/barzo.com.br\/shop\/wp-json\/wp\/v2\/comments?post=2248"}],"wp:featuredmedia":[{"embeddable":true,"href":"https:\/\/barzo.com.br\/shop\/wp-json\/wp\/v2\/media\/2249"}],"wp:attachment":[{"href":"https:\/\/barzo.com.br\/shop\/wp-json\/wp\/v2\/media?parent=2248"}],"wp:term":[{"taxonomy":"product_brand","embeddable":true,"href":"https:\/\/barzo.com.br\/shop\/wp-json\/wp\/v2\/product_brand?post=2248"},{"taxonomy":"product_cat","embeddable":true,"href":"https:\/\/barzo.com.br\/shop\/wp-json\/wp\/v2\/product_cat?post=2248"},{"taxonomy":"product_tag","embeddable":true,"href":"https:\/\/barzo.com.br\/shop\/wp-json\/wp\/v2\/product_tag?post=2248"}],"curies":[{"name":"wp","href":"https:\/\/api.w.org\/{rel}","templated":true}]}}